{"id":1097,"date":"2020-04-02T13:58:20","date_gmt":"2020-04-02T11:58:20","guid":{"rendered":"http:\/\/semmelweis.hu\/asszisztaltreprodukcio\/?page_id=1097"},"modified":"2020-04-22T14:54:21","modified_gmt":"2020-04-22T12:54:21","slug":"petesejtnyeres","status":"publish","type":"page","link":"https:\/\/semmelweis.hu\/asszisztaltreprodukcio\/pacienseknek\/asszisztalt-reprodukcios-eljarasok-2\/in-vitro-fertilizacio-ivf\/petesejtnyeres\/","title":{"rendered":"Petesejtnyer\u00e9s"},"content":{"rendered":"<h4 style=\"text-align: justify\">Petesejtnyer\u00e9s<\/h4>\n<p style=\"text-align: justify\">A petesejtnyer\u00e9s napj\u00e1n betegeink \u00e9hgyomorra \u00e9rkeznek, hiszen a beavatkoz\u00e1st r\u00f6vid intrav\u00e9n\u00e1s altat\u00e1sban v\u00e9gezz\u00fck. \u00a0H\u00fcvelyi felt\u00e1r\u00e1st k\u00f6vet\u0151en alapos \u00f6bl\u00edt\u00e9s k\u00f6vetkezik. A t\u00fcsz\u0151folyad\u00e9k gy\u0171jt\u00e9se a h\u00fcvelyi ultrahangfejre er\u0151s\u00edtett punkci\u00f3s t\u0171 seg\u00edts\u00e9g\u00e9vel t\u00f6rt\u00e9nik. A stimul\u00e1ci\u00f3 sor\u00e1n n\u00f6veked\u00e9snek indult \u00f6sszes \u00e9rett t\u00fcsz\u0151t igyeksz\u00fcnk lesz\u00edvni, hogy min\u00e9l t\u00f6bb petesejtet nyerhess\u00fcnk.<\/p>\n<p style=\"text-align: justify\">A lesz\u00edvott t\u00fcsz\u0151folyad\u00e9k az embriol\u00f3giai laborat\u00f3riumba ker\u00fcl, ahol a petesejtek keres\u00e9se t\u00f6rt\u00e9nik.<\/p>\n<p style=\"text-align: justify\">A petesejtnyer\u00e9s ideje alatt a p\u00e1r f\u00e9rfi tagja oszt\u00e1lyunk mintaad\u00f3 helyis\u00e9g\u00e9ben \u00f6nkiel\u00e9g\u00edt\u00e9s \u00fatj\u00e1n spermamint\u00e1t nyer.<\/p>\n<p style=\"text-align: justify\">A beavatkoz\u00e1st k\u00f6vet\u0151 n\u00e9h\u00e1ny \u00f3r\u00e1s pihen\u00e9s ut\u00e1n a beteget k\u00eds\u00e9r\u0151vel engedj\u00fck haza. Az elk\u00f6vetkez\u0151 1-2 napban pihen\u00e9s, k\u00edm\u00e9l\u0151 \u00e9letm\u00f3d javasolt.<\/p>\n<p style=\"text-align: justify\">A petesejtlesz\u00edv\u00e1s napj\u00e1t\u00f3l progeszteron tartalm\u00fa h\u00fcvelytablett\u00e1val k\u00e9sz\u00edtj\u00fck el\u0151 a m\u00e9h ny\u00e1lkah\u00e1rty\u00e1j\u00e1t az embri\u00f3transzferre.<\/p>\n<p>A t\u00e9ma embriol\u00f3giai vonatkoz\u00e1s\u00e1r\u00f3l<a href=\"https:\/\/semmelweis.hu\/asszisztaltreprodukcio\/embriologia\/petesejtnyeres\/\" target=\"_blank\" rel=\"noopener noreferrer\"> itt olvashatnak.<\/a><\/p>\n<figure id=\"attachment_1648\" aria-describedby=\"caption-attachment-1648\" style=\"width: 692px\" class=\"wp-caption aligncenter\"><img loading=\"lazy\" decoding=\"async\" class=\"wp-image-1648\" src=\"https:\/\/semmelweis.hu\/asszisztaltreprodukcio\/files\/2020\/04\/ps-nyer\u00e9s-400x288.jpg\" alt=\"\" width=\"692\" height=\"498\" srcset=\"https:\/\/semmelweis.hu\/asszisztaltreprodukcio\/files\/2020\/04\/ps-nyer\u00e9s-400x288.jpg 400w, https:\/\/semmelweis.hu\/asszisztaltreprodukcio\/files\/2020\/04\/ps-nyer\u00e9s-1024x737.jpg 1024w, https:\/\/semmelweis.hu\/asszisztaltreprodukcio\/files\/2020\/04\/ps-nyer\u00e9s-768x553.jpg 768w, https:\/\/semmelweis.hu\/asszisztaltreprodukcio\/files\/2020\/04\/ps-nyer\u00e9s-417x300.jpg 417w, https:\/\/semmelweis.hu\/asszisztaltreprodukcio\/files\/2020\/04\/ps-nyer\u00e9s-753x542.jpg 753w, https:\/\/semmelweis.hu\/asszisztaltreprodukcio\/files\/2020\/04\/ps-nyer\u00e9s.jpg 1314w\" sizes=\"auto, (max-width: 692px) 100vw, 692px\" \/><figcaption id=\"caption-attachment-1648\" class=\"wp-caption-text\">Petesejtnyer\u00e9s h\u00fcvelyen kereszt\u00fcli t\u00fcsz\u0151punkci\u00f3 \u00fatj\u00e1n [<span style=\"font-size: 8pt\"><em>Prof. J. Herrero (Barcelona, Spanyolorsz\u00e1g) enged\u00e9ly\u00e9vel]<\/em><\/span><\/figcaption><\/figure>\n","protected":false},"excerpt":{"rendered":"<p>Petesejtnyer\u00e9s A petesejtnyer\u00e9s napj\u00e1n betegeink \u00e9hgyomorra \u00e9rkeznek, hiszen a beavatkoz\u00e1st r\u00f6vid intrav\u00e9n\u00e1s altat\u00e1sban v\u00e9gezz\u00fck. \u00a0H\u00fcvelyi felt\u00e1r\u00e1st k\u00f6vet\u0151en alapos \u00f6bl\u00edt\u00e9s k\u00f6vetkezik. A t\u00fcsz\u0151folyad\u00e9k gy\u0171jt\u00e9se a h\u00fcvelyi ultrahangfejre er\u0151s\u00edtett punkci\u00f3s t\u0171 seg\u00edts\u00e9g\u00e9vel t\u00f6rt\u00e9nik. A stimul\u00e1ci\u00f3 sor\u00e1n n\u00f6veked\u00e9snek indult \u00f6sszes \u00e9rett t\u00fcsz\u0151t igyeksz\u00fcnk lesz\u00edvni, hogy min\u00e9l t\u00f6bb petesejtet nyerhess\u00fcnk. A lesz\u00edvott t\u00fcsz\u0151folyad\u00e9k az embriol\u00f3giai laborat\u00f3riumba ker\u00fcl, ahol a &hellip;<\/p>\n","protected":false},"author":101727,"featured_media":0,"parent":725,"menu_order":2,"comment_status":"closed","ping_status":"closed","template":"","meta":{"_acf_changed":false,"footnotes":""},"categories":[],"tags":[],"class_list":["post-1097","page","type-page","status-publish","hentry"],"acf":[],"_links":{"self":[{"href":"https:\/\/semmelweis.hu\/asszisztaltreprodukcio\/wp-json\/wp\/v2\/pages\/1097","targetHints":{"allow":["GET"]}}],"collection":[{"href":"https:\/\/semmelweis.hu\/asszisztaltreprodukcio\/wp-json\/wp\/v2\/pages"}],"about":[{"href":"https:\/\/semmelweis.hu\/asszisztaltreprodukcio\/wp-json\/wp\/v2\/types\/page"}],"author":[{"embeddable":true,"href":"https:\/\/semmelweis.hu\/asszisztaltreprodukcio\/wp-json\/wp\/v2\/users\/101727"}],"replies":[{"embeddable":true,"href":"https:\/\/semmelweis.hu\/asszisztaltreprodukcio\/wp-json\/wp\/v2\/comments?post=1097"}],"version-history":[{"count":7,"href":"https:\/\/semmelweis.hu\/asszisztaltreprodukcio\/wp-json\/wp\/v2\/pages\/1097\/revisions"}],"predecessor-version":[{"id":1661,"href":"https:\/\/semmelweis.hu\/asszisztaltreprodukcio\/wp-json\/wp\/v2\/pages\/1097\/revisions\/1661"}],"up":[{"embeddable":true,"href":"https:\/\/semmelweis.hu\/asszisztaltreprodukcio\/wp-json\/wp\/v2\/pages\/725"}],"wp:attachment":[{"href":"https:\/\/semmelweis.hu\/asszisztaltreprodukcio\/wp-json\/wp\/v2\/media?parent=1097"}],"wp:term":[{"taxonomy":"category","embeddable":true,"href":"https:\/\/semmelweis.hu\/asszisztaltreprodukcio\/wp-json\/wp\/v2\/categories?post=1097"},{"taxonomy":"post_tag","embeddable":true,"href":"https:\/\/semmelweis.hu\/asszisztaltreprodukcio\/wp-json\/wp\/v2\/tags?post=1097"}],"curies":[{"name":"wp","href":"https:\/\/api.w.org\/{rel}","templated":true}]}}