{"id":1095,"date":"2020-04-02T13:57:36","date_gmt":"2020-04-02T11:57:36","guid":{"rendered":"http:\/\/semmelweis.hu\/asszisztaltreprodukcio\/?page_id=1095"},"modified":"2020-04-22T14:52:56","modified_gmt":"2020-04-22T12:52:56","slug":"stimulacio","status":"publish","type":"page","link":"https:\/\/semmelweis.hu\/asszisztaltreprodukcio\/pacienseknek\/asszisztalt-reprodukcios-eljarasok-2\/in-vitro-fertilizacio-ivf\/stimulacio\/","title":{"rendered":"Stimul\u00e1ci\u00f3"},"content":{"rendered":"<h4 style=\"text-align: justify\">Stimul\u00e1ci\u00f3<\/h4>\n<p style=\"text-align: justify\">A kezel\u00e9s els\u0151 l\u00e9p\u00e9se itt is a petef\u00e9szek stimul\u00e1ci\u00f3ja, melynek k\u00e9t f\u0151 m\u00f3dja lehets\u00e9ges:<\/p>\n<p style=\"text-align: justify\">A \u201e<strong><em>hossz\u00fa protokoll<\/em><\/strong>\u201d k\u00f6r\u00fclbel\u00fcl 4 hetet vesz ig\u00e9nybe. A menstru\u00e1ci\u00f3s ciklus 20. napj\u00e1t\u00f3l legal\u00e1bb 10 napon kereszt\u00fcl alkalmazott injekci\u00f3 k\u00far\u00e1val \u00a0c\u00e9lunk a petef\u00e9szkek nyugalomba helyez\u00e9se. Ennek kialakul\u00e1s\u00e1t v\u00e9rv\u00e9tel ut\u00e1ni hormon meghat\u00e1roz\u00e1ssal ellen\u0151rizz\u00fck. A petef\u00e9szkek kontroll\u00e1lt, szem\u00e9lyre szabott stimul\u00e1ci\u00f3ja csak ezt k\u00f6vet\u0151en kezd\u0151dik. A betegek naponta 2 alkalommal hormoninjekci\u00f3t adnak maguknak b\u0151r\u00fck al\u00e1. A k\u00e9tnaponta v\u00e9gzett v\u00e9rv\u00e9tel \u00e9s ultrahang vizsg\u00e1lat seg\u00edt a kezel\u0151orvosnak a legmegfelel\u0151bb, egy\u00e9nre szabott injekci\u00f3 adagok be\u00e1llt\u00e1s\u00e1ban. Amint a t\u00fcsz\u0151k el\u00e9rik a megfelel\u0151 m\u00e9retet, \u00e9s az \u00f6sztrog\u00e9n szint is ezt igazolja, t\u00fcsz\u0151repeszt\u0151 injekci\u00f3t kap a beteg, mely ut\u00e1n 36 \u00f3r\u00e1val t\u00f6rt\u00e9nik majd a petesejtek nyer\u00e9se. A m\u0171t\u00e9tre val\u00f3 felk\u00e9sz\u00fcl\u00e9s r\u00e9szek\u00e9nt k\u00e9t napos fert\u0151tlen\u00edt\u0151 \u00e9s antibiotikumos h\u00fcvely el\u0151k\u00e9sz\u00edt\u00e9s sz\u00fcks\u00e9ges a fert\u0151z\u00e9ses sz\u00f6v\u0151dm\u00e9nyek elker\u00fcl\u00e9se c\u00e9lj\u00e1b\u00f3l.<\/p>\n<figure id=\"attachment_1642\" aria-describedby=\"caption-attachment-1642\" style=\"width: 655px\" class=\"wp-caption aligncenter\"><img loading=\"lazy\" decoding=\"async\" class=\"wp-image-1642\" src=\"https:\/\/semmelweis.hu\/asszisztaltreprodukcio\/files\/2020\/04\/7.-hossz\u00fa-protokoll-400x275.jpg\" alt=\"\" width=\"655\" height=\"450\" srcset=\"https:\/\/semmelweis.hu\/asszisztaltreprodukcio\/files\/2020\/04\/7.-hossz\u00fa-protokoll-400x275.jpg 400w, https:\/\/semmelweis.hu\/asszisztaltreprodukcio\/files\/2020\/04\/7.-hossz\u00fa-protokoll-1024x704.jpg 1024w, https:\/\/semmelweis.hu\/asszisztaltreprodukcio\/files\/2020\/04\/7.-hossz\u00fa-protokoll-768x528.jpg 768w, https:\/\/semmelweis.hu\/asszisztaltreprodukcio\/files\/2020\/04\/7.-hossz\u00fa-protokoll-436x300.jpg 436w, https:\/\/semmelweis.hu\/asszisztaltreprodukcio\/files\/2020\/04\/7.-hossz\u00fa-protokoll-175x120.jpg 175w, https:\/\/semmelweis.hu\/asszisztaltreprodukcio\/files\/2020\/04\/7.-hossz\u00fa-protokoll-753x518.jpg 753w, https:\/\/semmelweis.hu\/asszisztaltreprodukcio\/files\/2020\/04\/7.-hossz\u00fa-protokoll.jpg 1307w\" sizes=\"auto, (max-width: 655px) 100vw, 655px\" \/><figcaption id=\"caption-attachment-1642\" class=\"wp-caption-text\">IVF kezel\u00e9s &#8222;hossz\u00fa&#8221; protokoll szerinti petef\u00e9szek stimul\u00e1ci\u00f3val [<em><span style=\"font-size: 8pt\">Prof. J. Herrero (Barcelona, Spanyolorsz\u00e1g) enged\u00e9ly\u00e9vel]<\/span><\/em><\/figcaption><\/figure>\n<p style=\"text-align: justify\">A\u00a0<em>\u201e<strong>r\u00f6vid (antagonista) protokoll<\/strong><\/em>\u201d\u00a0 eset\u00e9n az el\u0151kezel\u00e9st elhagyjuk \u00e9s a menstru\u00e1ci\u00f3 2-3.napj\u00e1n, ultrahang ellen\u0151rz\u00e9st k\u00f6vet\u0151en mindj\u00e1rt a stimul\u00e1ci\u00f3val kezd\u00fcnk \u00e9s csak az els\u0151, megfelel\u0151 m\u00e9ret\u0171 t\u00fcsz\u0151k megjelen\u00e9se ut\u00e1n alkalmazunk \u00fajabb injekci\u00f3s k\u00e9sz\u00edtm\u00e9nyt, a t\u00fcsz\u0151k id\u0151 el\u0151tti megreped\u00e9s\u00e9nek elker\u00fcl\u00e9s\u00e9re.<\/p>\n<figure id=\"attachment_1656\" aria-describedby=\"caption-attachment-1656\" style=\"width: 643px\" class=\"wp-caption aligncenter\"><img loading=\"lazy\" decoding=\"async\" class=\"wp-image-1656\" src=\"https:\/\/semmelweis.hu\/asszisztaltreprodukcio\/files\/2020\/04\/antagonista-400x281.jpg\" alt=\"\" width=\"643\" height=\"452\" srcset=\"https:\/\/semmelweis.hu\/asszisztaltreprodukcio\/files\/2020\/04\/antagonista-400x281.jpg 400w, https:\/\/semmelweis.hu\/asszisztaltreprodukcio\/files\/2020\/04\/antagonista-1024x720.jpg 1024w, https:\/\/semmelweis.hu\/asszisztaltreprodukcio\/files\/2020\/04\/antagonista-768x540.jpg 768w, https:\/\/semmelweis.hu\/asszisztaltreprodukcio\/files\/2020\/04\/antagonista-427x300.jpg 427w, https:\/\/semmelweis.hu\/asszisztaltreprodukcio\/files\/2020\/04\/antagonista-753x529.jpg 753w, https:\/\/semmelweis.hu\/asszisztaltreprodukcio\/files\/2020\/04\/antagonista.jpg 1306w\" sizes=\"auto, (max-width: 643px) 100vw, 643px\" \/><figcaption id=\"caption-attachment-1656\" class=\"wp-caption-text\">IVF kezel\u00e9s &#8222;r\u00f6vid (antagonista)&#8221; protokoll szerinti petef\u00e9szek stimul\u00e1ci\u00f3val<em><span style=\"font-size: 8pt\"> [Prof. J. Herrero (Barcelona, Spanyolorsz\u00e1g) enged\u00e9ly\u00e9vel]<\/span><\/em><\/figcaption><\/figure>\n<p>&nbsp;<\/p>\n<h6>Publik\u00e1ci\u00f3ink a t\u00e9m\u00e1ban<\/h6>\n<ul>\n<li class=\"entry-title mb-1\"><a href=\"https:\/\/semmelweis.hu\/asszisztaltreprodukcio\/2017\/04\/05\/assessment-of-the-immunogenicity-of-gonadotrophins-during-controlled-ovarian-stimulation\/\">Assessment of the immunogenicity of gonadotrophins during controlled ovarian stimulation<\/a><\/li>\n<li>\n<p class=\"entry-title mb-1\"><a href=\"https:\/\/semmelweis.hu\/asszisztaltreprodukcio\/2011\/09\/07\/impact-of-highly-purified-versus-recombinant-follicle-stimulating-hormone-on-oocyte-quality-and-embryo-development-in-intracytoplasmic-sperm-injection-cycles\/\">Impact of highly purified versus recombinant follicle stimulating hormone on oocyte quality and embryo development in \u2026<\/a><\/p>\n<\/li>\n<\/ul>\n<p>&nbsp;<\/p>\n","protected":false},"excerpt":{"rendered":"<p>Stimul\u00e1ci\u00f3 A kezel\u00e9s els\u0151 l\u00e9p\u00e9se itt is a petef\u00e9szek stimul\u00e1ci\u00f3ja, melynek k\u00e9t f\u0151 m\u00f3dja lehets\u00e9ges: A \u201ehossz\u00fa protokoll\u201d k\u00f6r\u00fclbel\u00fcl 4 hetet vesz ig\u00e9nybe. A menstru\u00e1ci\u00f3s ciklus 20. napj\u00e1t\u00f3l legal\u00e1bb 10 napon kereszt\u00fcl alkalmazott injekci\u00f3 k\u00far\u00e1val \u00a0c\u00e9lunk a petef\u00e9szkek nyugalomba helyez\u00e9se. Ennek kialakul\u00e1s\u00e1t v\u00e9rv\u00e9tel ut\u00e1ni hormon meghat\u00e1roz\u00e1ssal ellen\u0151rizz\u00fck. A petef\u00e9szkek kontroll\u00e1lt, szem\u00e9lyre szabott stimul\u00e1ci\u00f3ja csak ezt &hellip;<\/p>\n","protected":false},"author":101727,"featured_media":0,"parent":725,"menu_order":1,"comment_status":"closed","ping_status":"closed","template":"","meta":{"_acf_changed":false,"footnotes":""},"categories":[],"tags":[],"class_list":["post-1095","page","type-page","status-publish","hentry"],"acf":[],"_links":{"self":[{"href":"https:\/\/semmelweis.hu\/asszisztaltreprodukcio\/wp-json\/wp\/v2\/pages\/1095","targetHints":{"allow":["GET"]}}],"collection":[{"href":"https:\/\/semmelweis.hu\/asszisztaltreprodukcio\/wp-json\/wp\/v2\/pages"}],"about":[{"href":"https:\/\/semmelweis.hu\/asszisztaltreprodukcio\/wp-json\/wp\/v2\/types\/page"}],"author":[{"embeddable":true,"href":"https:\/\/semmelweis.hu\/asszisztaltreprodukcio\/wp-json\/wp\/v2\/users\/101727"}],"replies":[{"embeddable":true,"href":"https:\/\/semmelweis.hu\/asszisztaltreprodukcio\/wp-json\/wp\/v2\/comments?post=1095"}],"version-history":[{"count":10,"href":"https:\/\/semmelweis.hu\/asszisztaltreprodukcio\/wp-json\/wp\/v2\/pages\/1095\/revisions"}],"predecessor-version":[{"id":1660,"href":"https:\/\/semmelweis.hu\/asszisztaltreprodukcio\/wp-json\/wp\/v2\/pages\/1095\/revisions\/1660"}],"up":[{"embeddable":true,"href":"https:\/\/semmelweis.hu\/asszisztaltreprodukcio\/wp-json\/wp\/v2\/pages\/725"}],"wp:attachment":[{"href":"https:\/\/semmelweis.hu\/asszisztaltreprodukcio\/wp-json\/wp\/v2\/media?parent=1095"}],"wp:term":[{"taxonomy":"category","embeddable":true,"href":"https:\/\/semmelweis.hu\/asszisztaltreprodukcio\/wp-json\/wp\/v2\/categories?post=1095"},{"taxonomy":"post_tag","embeddable":true,"href":"https:\/\/semmelweis.hu\/asszisztaltreprodukcio\/wp-json\/wp\/v2\/tags?post=1095"}],"curies":[{"name":"wp","href":"https:\/\/api.w.org\/{rel}","templated":true}]}}