{"id":1076,"date":"2020-04-02T13:41:34","date_gmt":"2020-04-02T11:41:34","guid":{"rendered":"http:\/\/semmelweis.hu\/asszisztaltreprodukcio\/?page_id=1076"},"modified":"2023-09-12T13:11:35","modified_gmt":"2023-09-12T11:11:35","slug":"oszi-felev-anyagai","status":"publish","type":"page","link":"https:\/\/semmelweis.hu\/asszisztaltreprodukcio\/oktatas\/egyetemi-oktatas\/oszi-felev-anyagai\/","title":{"rendered":"\u0150szi f\u00e9l\u00e9v oktat\u00e1si anyagai"},"content":{"rendered":"<div style=\"text-align: center\">\n<p><span style=\"color: #313b40;font-family: Montserrat, sans-serif;font-size: 26px\">Az Assziszt\u00e1lt reprodukci\u00f3 \u00e9s n\u0151gy\u00f3gy\u00e1szati endokrinol\u00f3gia <em>I. <\/em>kurzus anyagai (2023\/2024 \u0151szi f\u00e9l\u00e9v)<\/span><\/p>\n<h3 style=\"margin: 25px 0\">El\u0151fordulhat, hogy a f\u00e1jlok &#8211; nagy m\u00e9ret\u00fck miatt &#8211; lassan t\u00f6lt\u0151dnek be!<\/h3>\n<div style=\"width: 300px;margin: 0 auto;padding-left: 90px;margin-top: 30px;line-height: 170%\">\n<h3 style=\"margin: 25px 0\">\u00a0<\/h3>\n<div style=\"line-height: 260%\">\n<p><a href=\"https:\/\/1drv.ms\/b\/s!AuJx5dd4qOBvo6k6bDe9djxbiD-GfQ?e=4R8pP5\" target=\"blank\" rel=\"noopener noreferrer\">Prof. Urbancsek J\u00e1nos el\u0151ad\u00e1sai(1)<\/a><\/p>\n<p><a href=\"https:\/\/1drv.ms\/b\/s!AuJx5dd4qOBvo6k4ym9VVavcrXXSxA?e=JbSaMn\" target=\"blank\" rel=\"noopener noreferrer\">Prof. Urbancsek J\u00e1nos el\u0151ad\u00e1sai(2)<\/a><br \/>\n<a href=\"https:\/\/semmelweis.hu\/asszisztaltreprodukcio\/files\/2021\/10\/ANGOL-tantermi-ea-Medd\u0151s\u00e9g-2020.pdf\">Prof. Urbancsek J\u00e1nos angol nyelv\u0171 el\u0151ad\u00e1sa <\/a><\/p>\n<p><a href=\"https:\/\/1drv.ms\/p\/s!AuJx5dd4qOBvo8Qyn1vozgSOocuqaA?e=rSVUVK\">Dr. Fancsovits P\u00e9ter el\u0151ad\u00e1sa<\/a><\/p>\n<p><a href=\"https:\/\/1drv.ms\/b\/s!AuJx5dd4qOBvo6kykUupz9MiGdWTIw?e=rnA2XE\" target=\"blank\" rel=\"noopener noreferrer\">Tank\u00f6nyv<\/a><\/p>\n<\/div>\n<\/div>\n<\/div>\n","protected":false},"excerpt":{"rendered":"<p>Az Assziszt\u00e1lt reprodukci\u00f3 \u00e9s n\u0151gy\u00f3gy\u00e1szati endokrinol\u00f3gia I. kurzus anyagai (2023\/2024 \u0151szi f\u00e9l\u00e9v)<br \/>\nEl\u0151fordulhat, hogy a f\u00e1jlok &#8211; nagy m\u00e9ret\u00fck miatt &#8211; lassan t\u00f6lt\u0151dnek be!<\/p>\n<p>\u00a0<\/p>\n<p><a href=\"https:\/\/1drv.ms\/b\/s!AuJx5dd4qOBvo6k6bDe9djxbiD-GfQ?e=4R8pP5\" target=\"blank\" rel=\"noopener noreferrer\">Prof. Urbancsek J\u00e1nos el\u0151ad\u00e1sai(1)<\/a><br \/>\n<a href=\"https:\/\/1drv.ms\/b\/s!AuJx5dd4qOBvo6k4ym9VVavcrXXSxA?e=JbSaMn\" target=\"blank\" rel=\"noopener noreferrer\">Prof. Urbancsek J\u00e1nos el\u0151ad\u00e1sai(2)<\/a><br \/>\n<a href=\"https:\/\/semmelweis.hu\/asszisztaltreprodukcio\/files\/2021\/10\/ANGOL-tantermi-ea-Medd\u0151s\u00e9g-2020.pdf\">Prof. Urbancsek J\u00e1nos angol nyelv\u0171 el\u0151ad\u00e1sa <\/a><br \/>\n<a href=\"https:\/\/1drv.ms\/p\/s!AuJx5dd4qOBvo8Qyn1vozgSOocuqaA?e=rSVUVK\">Dr. Fancsovits P\u00e9ter el\u0151ad\u00e1sa<\/a><br \/>\n<a href=\"https:\/\/1drv.ms\/b\/s!AuJx5dd4qOBvo6kykUupz9MiGdWTIw?e=rnA2XE\" target=\"blank\" rel=\"noopener noreferrer\">Tank\u00f6nyv<\/a><\/p>\n","protected":false},"author":101727,"featured_media":0,"parent":1068,"menu_order":0,"comment_status":"closed","ping_status":"closed","template":"","meta":{"_acf_changed":false,"footnotes":""},"categories":[],"tags":[],"class_list":["post-1076","page","type-page","status-publish","hentry"],"acf":[],"_links":{"self":[{"href":"https:\/\/semmelweis.hu\/asszisztaltreprodukcio\/wp-json\/wp\/v2\/pages\/1076","targetHints":{"allow":["GET"]}}],"collection":[{"href":"https:\/\/semmelweis.hu\/asszisztaltreprodukcio\/wp-json\/wp\/v2\/pages"}],"about":[{"href":"https:\/\/semmelweis.hu\/asszisztaltreprodukcio\/wp-json\/wp\/v2\/types\/page"}],"author":[{"embeddable":true,"href":"https:\/\/semmelweis.hu\/asszisztaltreprodukcio\/wp-json\/wp\/v2\/users\/101727"}],"replies":[{"embeddable":true,"href":"https:\/\/semmelweis.hu\/asszisztaltreprodukcio\/wp-json\/wp\/v2\/comments?post=1076"}],"version-history":[{"count":10,"href":"https:\/\/semmelweis.hu\/asszisztaltreprodukcio\/wp-json\/wp\/v2\/pages\/1076\/revisions"}],"predecessor-version":[{"id":2386,"href":"https:\/\/semmelweis.hu\/asszisztaltreprodukcio\/wp-json\/wp\/v2\/pages\/1076\/revisions\/2386"}],"up":[{"embeddable":true,"href":"https:\/\/semmelweis.hu\/asszisztaltreprodukcio\/wp-json\/wp\/v2\/pages\/1068"}],"wp:attachment":[{"href":"https:\/\/semmelweis.hu\/asszisztaltreprodukcio\/wp-json\/wp\/v2\/media?parent=1076"}],"wp:term":[{"taxonomy":"category","embeddable":true,"href":"https:\/\/semmelweis.hu\/asszisztaltreprodukcio\/wp-json\/wp\/v2\/categories?post=1076"},{"taxonomy":"post_tag","embeddable":true,"href":"https:\/\/semmelweis.hu\/asszisztaltreprodukcio\/wp-json\/wp\/v2\/tags?post=1076"}],"curies":[{"name":"wp","href":"https:\/\/api.w.org\/{rel}","templated":true}]}}