{"id":1074,"date":"2020-04-02T13:42:28","date_gmt":"2020-04-02T11:42:28","guid":{"rendered":"http:\/\/semmelweis.hu\/asszisztaltreprodukcio\/?page_id=1074"},"modified":"2020-04-07T11:14:18","modified_gmt":"2020-04-07T09:14:18","slug":"tavaszi-felev-oktatasi-anyagai","status":"publish","type":"page","link":"https:\/\/semmelweis.hu\/asszisztaltreprodukcio\/oktatas\/egyetemi-oktatas\/tavaszi-felev-oktatasi-anyagai\/","title":{"rendered":"Tavaszi f\u00e9l\u00e9v oktat\u00e1si anyagai"},"content":{"rendered":"<ul>\n<li style=\"text-align: justify\"><a href=\"https:\/\/semmelweis.hu\/asszisztaltreprodukcio\/oktatas\/egyetemi-oktatas\/tavaszi-felev-oktatasi-anyagai\/asszisztalt-reprodukcio-es-nogyogyaszati-endokrinologia-ii\/\">Assziszt\u00e1lt reprodukci\u00f3 \u00e9s n\u0151gy\u00f3gy\u00e1szati endokrinol\u00f3gia II.<\/a><\/li>\n<li><a href=\"https:\/\/semmelweis.hu\/asszisztaltreprodukcio\/oktatas\/egyetemi-oktatas\/tavaszi-felev-oktatasi-anyagai\/klinikai-embriologia\/\">Klinikai embriol\u00f3gia<\/a><\/li>\n<\/ul>\n<p>&nbsp;<\/p>\n","protected":false},"excerpt":{"rendered":"<p><a href=\"https:\/\/semmelweis.hu\/asszisztaltreprodukcio\/oktatas\/egyetemi-oktatas\/tavaszi-felev-oktatasi-anyagai\/asszisztalt-reprodukcio-es-nogyogyaszati-endokrinologia-ii\/\">Assziszt\u00e1lt reprodukci\u00f3 \u00e9s n\u0151gy\u00f3gy\u00e1szati endokrinol\u00f3gia II.<\/a><br \/>\n<a href=\"https:\/\/semmelweis.hu\/asszisztaltreprodukcio\/oktatas\/egyetemi-oktatas\/tavaszi-felev-oktatasi-anyagai\/klinikai-embriologia\/\">Klinikai embriol\u00f3gia<\/a><\/p>\n<p>&nbsp;<\/p>\n","protected":false},"author":101727,"featured_media":0,"parent":1068,"menu_order":2,"comment_status":"closed","ping_status":"closed","template":"","meta":{"_acf_changed":false,"footnotes":""},"categories":[],"tags":[],"class_list":["post-1074","page","type-page","status-publish","hentry"],"acf":[],"_links":{"self":[{"href":"https:\/\/semmelweis.hu\/asszisztaltreprodukcio\/wp-json\/wp\/v2\/pages\/1074","targetHints":{"allow":["GET"]}}],"collection":[{"href":"https:\/\/semmelweis.hu\/asszisztaltreprodukcio\/wp-json\/wp\/v2\/pages"}],"about":[{"href":"https:\/\/semmelweis.hu\/asszisztaltreprodukcio\/wp-json\/wp\/v2\/types\/page"}],"author":[{"embeddable":true,"href":"https:\/\/semmelweis.hu\/asszisztaltreprodukcio\/wp-json\/wp\/v2\/users\/101727"}],"replies":[{"embeddable":true,"href":"https:\/\/semmelweis.hu\/asszisztaltreprodukcio\/wp-json\/wp\/v2\/comments?post=1074"}],"version-history":[{"count":7,"href":"https:\/\/semmelweis.hu\/asszisztaltreprodukcio\/wp-json\/wp\/v2\/pages\/1074\/revisions"}],"predecessor-version":[{"id":1397,"href":"https:\/\/semmelweis.hu\/asszisztaltreprodukcio\/wp-json\/wp\/v2\/pages\/1074\/revisions\/1397"}],"up":[{"embeddable":true,"href":"https:\/\/semmelweis.hu\/asszisztaltreprodukcio\/wp-json\/wp\/v2\/pages\/1068"}],"wp:attachment":[{"href":"https:\/\/semmelweis.hu\/asszisztaltreprodukcio\/wp-json\/wp\/v2\/media?parent=1074"}],"wp:term":[{"taxonomy":"category","embeddable":true,"href":"https:\/\/semmelweis.hu\/asszisztaltreprodukcio\/wp-json\/wp\/v2\/categories?post=1074"},{"taxonomy":"post_tag","embeddable":true,"href":"https:\/\/semmelweis.hu\/asszisztaltreprodukcio\/wp-json\/wp\/v2\/tags?post=1074"}],"curies":[{"name":"wp","href":"https:\/\/api.w.org\/{rel}","templated":true}]}}