{"id":1068,"date":"2020-04-02T13:29:41","date_gmt":"2020-04-02T11:29:41","guid":{"rendered":"http:\/\/semmelweis.hu\/asszisztaltreprodukcio\/?page_id=1068"},"modified":"2025-09-30T11:56:33","modified_gmt":"2025-09-30T09:56:33","slug":"egyetemi-oktatas","status":"publish","type":"page","link":"https:\/\/semmelweis.hu\/asszisztaltreprodukcio\/oktatas\/egyetemi-oktatas\/","title":{"rendered":"Egyetemi oktat\u00e1s"},"content":{"rendered":"<p><strong>II. \u00e9vfolyamos<\/strong> hallgat\u00f3knak \u201e<em>Bevezet\u00e9s a klinikai orvosl\u00e1sba<\/em>\u201d c\u00edm\u0171 preklinikai tant\u00e1rgy oktat\u00e1s\u00e1ban vesz\u00fcnk r\u00e9szt n\u00e9met nyelven.<\/p>\n<p><strong>III. \u2013 VI. \u00e9vfolyamos<\/strong>\u00a0hallgat\u00f3k r\u00e9sz\u00e9re \u201e<em>Assziszt\u00e1lt Reprodukci\u00f3 \u00e9s N\u0151gy\u00f3gy\u00e1szati Endokrinol\u00f3gia<\/em>\u201d c\u00edmmel k\u00e9t f\u00e9l\u00e9ves k\u00f6telez\u0151en v\u00e1laszthat\u00f3 tant\u00e1rgyat oktatunk magyar, angol, n\u00e9met nyelven.<\/p>\n<p><strong>III. \u2013 VI. \u00e9vfolyamos<\/strong> hallgat\u00f3k r\u00e9sz\u00e9re \u201e<em>Klinikai embriol\u00f3gia<\/em>&#8221; c\u00edmmel egy f\u00e9l\u00e9ves szabadon v\u00e1laszthat\u00f3 tant\u00e1rgyat oktatunk magyar \u00e9s angol nyelven.<\/p>\n<p><strong>V. \u00e9vfolyamos<\/strong> hallgat\u00f3knak a \u201e<em>Sz\u00fcl\u00e9szet n\u0151gy\u00f3gy\u00e1szat<\/em>\u201d c\u00edm\u0171 tant\u00e1rgy keret\u00e9ben tantermi el\u0151ad\u00e1st tartunk angol, n\u00e9met nyelven, valamint az 1 hetes blokkos\u00edtott gyakorlati oktat\u00e1s keret\u00e9ben 2X45 perces gyakorlatot tartunk angol \u00e9s n\u00e9met nyelven.<\/p>\n","protected":false},"excerpt":{"rendered":"<p>II. \u00e9vfolyamos hallgat\u00f3knak \u201eBevezet\u00e9s a klinikai orvosl\u00e1sba\u201d c\u00edm\u0171 preklinikai tant\u00e1rgy oktat\u00e1s\u00e1ban vesz\u00fcnk r\u00e9szt n\u00e9met nyelven. III. \u2013 VI. \u00e9vfolyamos\u00a0hallgat\u00f3k r\u00e9sz\u00e9re \u201eAssziszt\u00e1lt Reprodukci\u00f3 \u00e9s N\u0151gy\u00f3gy\u00e1szati Endokrinol\u00f3gia\u201d c\u00edmmel k\u00e9t f\u00e9l\u00e9ves k\u00f6telez\u0151en v\u00e1laszthat\u00f3 tant\u00e1rgyat oktatunk magyar, angol, n\u00e9met nyelven. III. \u2013 VI. \u00e9vfolyamos hallgat\u00f3k r\u00e9sz\u00e9re \u201eKlinikai embriol\u00f3gia&#8221; c\u00edmmel egy f\u00e9l\u00e9ves szabadon v\u00e1laszthat\u00f3 tant\u00e1rgyat oktatunk magyar \u00e9s angol nyelven. &hellip;<\/p>\n","protected":false},"author":101727,"featured_media":0,"parent":275,"menu_order":1,"comment_status":"closed","ping_status":"closed","template":"","meta":{"_acf_changed":false,"footnotes":""},"categories":[],"tags":[],"class_list":["post-1068","page","type-page","status-publish","hentry"],"acf":[],"_links":{"self":[{"href":"https:\/\/semmelweis.hu\/asszisztaltreprodukcio\/wp-json\/wp\/v2\/pages\/1068","targetHints":{"allow":["GET"]}}],"collection":[{"href":"https:\/\/semmelweis.hu\/asszisztaltreprodukcio\/wp-json\/wp\/v2\/pages"}],"about":[{"href":"https:\/\/semmelweis.hu\/asszisztaltreprodukcio\/wp-json\/wp\/v2\/types\/page"}],"author":[{"embeddable":true,"href":"https:\/\/semmelweis.hu\/asszisztaltreprodukcio\/wp-json\/wp\/v2\/users\/101727"}],"replies":[{"embeddable":true,"href":"https:\/\/semmelweis.hu\/asszisztaltreprodukcio\/wp-json\/wp\/v2\/comments?post=1068"}],"version-history":[{"count":5,"href":"https:\/\/semmelweis.hu\/asszisztaltreprodukcio\/wp-json\/wp\/v2\/pages\/1068\/revisions"}],"predecessor-version":[{"id":2714,"href":"https:\/\/semmelweis.hu\/asszisztaltreprodukcio\/wp-json\/wp\/v2\/pages\/1068\/revisions\/2714"}],"up":[{"embeddable":true,"href":"https:\/\/semmelweis.hu\/asszisztaltreprodukcio\/wp-json\/wp\/v2\/pages\/275"}],"wp:attachment":[{"href":"https:\/\/semmelweis.hu\/asszisztaltreprodukcio\/wp-json\/wp\/v2\/media?parent=1068"}],"wp:term":[{"taxonomy":"category","embeddable":true,"href":"https:\/\/semmelweis.hu\/asszisztaltreprodukcio\/wp-json\/wp\/v2\/categories?post=1068"},{"taxonomy":"post_tag","embeddable":true,"href":"https:\/\/semmelweis.hu\/asszisztaltreprodukcio\/wp-json\/wp\/v2\/tags?post=1068"}],"curies":[{"name":"wp","href":"https:\/\/api.w.org\/{rel}","templated":true}]}}