{"id":902,"date":"2019-10-07T13:05:52","date_gmt":"2019-10-07T11:05:52","guid":{"rendered":"http:\/\/semmelweis.hu\/arc\/?page_id=902"},"modified":"2021-10-20T12:24:34","modified_gmt":"2021-10-20T10:24:34","slug":"szakpszichologus","status":"publish","type":"page","link":"https:\/\/semmelweis.hu\/arc\/ellatas\/lelki-segitseg\/szakpszichologus\/","title":{"rendered":"Szakpszichol\u00f3gus"},"content":{"rendered":"<p>Minden term\u00e9kenys\u00e9gi probl\u00e9m\u00e1val jelentkez\u0151 p\u00e1ciensnek t\u00e9r\u00edt\u00e9s mentesen felaj\u00e1nljuk a pszichol\u00f3giai el\u0151sz\u0171r\u00e9s lehet\u0151s\u00e9g\u00e9t \u00e9s amennyiben sz\u00fcks\u00e9ges a szint\u00e9n ingyenes r\u00e9szv\u00e9tel lehet\u0151s\u00e9g\u00e9t a Magyarorsz\u00e1gon most bevezetett, egyed\u00fcl\u00e1ll\u00f3 amerikai term\u00e9kenys\u00e9g-t\u00e1mogat\u00f3 programba, mely tudom\u00e1nyos vizsg\u00e1latokkal igazoltan jelent\u0151sen jav\u00edt a r\u00e9szvev\u0151k \u00e9rzelmi \u00e1llapot\u00e1n, \u00e9s a teherbees\u00e9s es\u00e9ly\u00e9t is n\u00f6velheti.<\/p>\n<blockquote>\n<p>Soksz\u00edn\u0171 az a lelki \u00e1llapot, ami a v\u00e1gyott terhess\u00e9g elmarad\u00e1sa miatt kialakul.<\/p>\n<\/blockquote>\n<p>Fokoz\u00f3dik a stressz, romlik a mindennapok fesz\u00fclts\u00e9ge miatti stressz t\u0171r\u00e9s, mely r\u00e1nyomja a b\u00e9lyeg\u00e9t a munk\u00e1ra, az emberi kapcsolatokra, ak\u00e1r a p\u00e1rkapcsolatra is.\u00a0El\u0151fordul, hogy az \u00e9nk\u00e9ppel nehezen \u00f6sszeegyeztethet\u0151 \u00e9rzelmek is megjelennek, mint az irigys\u00e9g, a harag, vagy sz\u00e9gyen.<\/p>\n<p>Nem jav\u00edt a helyzeten az sem, hogy az \u00e9rintetteknek sokszor m\u00e9g azt is hallgatniuk kell, hogy t\u00fals\u00e1gosan \u201er\u00e1g\u00f6rcs\u00f6ltek a t\u00e9m\u00e1ra\u201d. Csak azt nem mondja el senki, m\u00e9gis hogyan lehet nem foglalkozni azzal, ami percr\u0151l percre foglalkoztatja \u0151ket\u2026<\/p>\n<p>A hozz\u00e1nk fordul\u00f3knak most lehet\u0151s\u00e9g\u00fck ny\u00edlik r\u00e9szt venni, egy a t\u00e9m\u00e1ban j\u00e1rtas szakember \u00e1ltal vezetett csoportfoglalkoz\u00e1son, mely seg\u00edt az ilyenkor tipikus probl\u00e9m\u00e1k \u00e9s \u00e9rzelmek kezel\u00e9s\u00e9ben.<\/p>\n<p>N\u0151i p\u00e1cienseinket arra k\u00e9rj\u00fck, t\u00f6ltsenek ki egy kb. 30 perces k\u00e9rd\u0151\u00edvet, melyb\u0151l k\u00e9pet kaphatnak arr\u00f3l, mennyire terheli meg \u0151ket a medd\u0151s\u00e9gi \u00e9lethelyzet. Az\u00e9rt els\u0151sorban a n\u0151ket, mert a kutat\u00e1sok szerint a gyermekv\u00e1llal\u00e1si neh\u00e9zs\u00e9g \u0151ket viseli meg jobban, \u00e9s az \u0151 test\u00fckben zajlik a beavatkoz\u00e1sok z\u00f6me.<\/p>\n<p>Ha a pszich\u00e9s terhel\u00e9s m\u00e9rt szintje az \u00e1tlagost meghaladja, m\u00e9rt\u00e9k\u00e9t\u0151l f\u00fcgg\u0151en felaj\u00e1nljuk vagy er\u0151sen javasoljuk a programban val\u00f3 r\u00e9szv\u00e9telt. Mind a k\u00e9rd\u0151\u00edv-kit\u00f6lt\u00e9s, mind a csoport-r\u00e9szv\u00e9tel <strong>ingyenes, \u00f6nk\u00e9ntes, nem j\u00e1r eg\u00e9szs\u00e9g\u00fcgyi kock\u00e1zattal, \u00e9s nem befoly\u00e1solja az orvosi kezel\u00e9s norm\u00e1l menet\u00e9t<\/strong>.<\/p>\n<p>Term\u00e9kenys\u00e9g-seg\u00edt\u0151 pszichol\u00f3giai programunk egy <strong>tudom\u00e1nyosan igazolt hat\u00e9konys\u00e1g\u00fa csoportfoglalkoz\u00e1s<\/strong>, mely bizony\u00edtottan cs\u00f6kkenti a medd\u0151s\u00e9ggel j\u00e1r\u00f3 stresszt, \u00e9s emelheti az assziszt\u00e1lt reprodukci\u00f3s siker es\u00e9ly\u00e9t.<\/p>\n<p><strong>Javasoljuk, hogy \u00e9ljen a lehet\u0151s\u00e9ggel, hogy hat\u00e9konyabban seg\u00edthess\u00fcnk!<\/strong><\/p>\n<p>Centrumunk nem csup\u00e1n IVF k\u00f6zpont, hanem a sikertelen gyermekv\u00e1llal\u00e1s minden testi \u00e9s lelki t\u00e9nyez\u0151j\u00e9re figyelmet ford\u00edt\u00f3, komplex l\u00e1t\u00e1sm\u00f3d\u00fa int\u00e9zet. Mindenkinek szem\u00e9lyre szabott seg\u00edts\u00e9get igyeksz\u00fcnk ny\u00fajtani, melynek r\u00e9v\u00e9n a legr\u00f6videbb id\u0151 alatt \u00e9s a legkevesebb beavatkoz\u00e1ssal \u00e9rhet\u00fcnk el k\u00f6z\u00f6s sikert.\u00a0<\/p>\n<p>Ehhez n\u00e9ha csak egy j\u00f3 sz\u00f3 kell&#8230;<\/p>\n","protected":false},"excerpt":{"rendered":"<p>Minden term\u00e9kenys\u00e9gi probl\u00e9m\u00e1val jelentkez\u0151 p\u00e1ciensnek t\u00e9r\u00edt\u00e9s mentesen felaj\u00e1nljuk a pszichol\u00f3giai el\u0151sz\u0171r\u00e9s lehet\u0151s\u00e9g\u00e9t \u00e9s amennyiben sz\u00fcks\u00e9ges a szint\u00e9n ingyenes r\u00e9szv\u00e9tel lehet\u0151s\u00e9g\u00e9t a Magyarorsz\u00e1gon most bevezetett, egyed\u00fcl\u00e1ll\u00f3 amerikai term\u00e9kenys\u00e9g-t\u00e1mogat\u00f3 programba, mely tudom\u00e1nyos vizsg\u00e1latokkal igazoltan jelent\u0151sen jav\u00edt a r\u00e9szvev\u0151k \u00e9rzelmi \u00e1llapot\u00e1n, \u00e9s a teherbees\u00e9s es\u00e9ly\u00e9t is n\u00f6velheti. Soksz\u00edn\u0171 az a lelki \u00e1llapot, ami a v\u00e1gyott terhess\u00e9g elmarad\u00e1sa miatt &hellip;<\/p>\n","protected":false},"author":101648,"featured_media":0,"parent":1192,"menu_order":3,"comment_status":"closed","ping_status":"closed","template":"","meta":{"_acf_changed":false,"footnotes":""},"categories":[],"tags":[],"class_list":["post-902","page","type-page","status-publish","hentry"],"acf":[],"_links":{"self":[{"href":"https:\/\/semmelweis.hu\/arc\/wp-json\/wp\/v2\/pages\/902","targetHints":{"allow":["GET"]}}],"collection":[{"href":"https:\/\/semmelweis.hu\/arc\/wp-json\/wp\/v2\/pages"}],"about":[{"href":"https:\/\/semmelweis.hu\/arc\/wp-json\/wp\/v2\/types\/page"}],"author":[{"embeddable":true,"href":"https:\/\/semmelweis.hu\/arc\/wp-json\/wp\/v2\/users\/101648"}],"replies":[{"embeddable":true,"href":"https:\/\/semmelweis.hu\/arc\/wp-json\/wp\/v2\/comments?post=902"}],"version-history":[{"count":10,"href":"https:\/\/semmelweis.hu\/arc\/wp-json\/wp\/v2\/pages\/902\/revisions"}],"predecessor-version":[{"id":1195,"href":"https:\/\/semmelweis.hu\/arc\/wp-json\/wp\/v2\/pages\/902\/revisions\/1195"}],"up":[{"embeddable":true,"href":"https:\/\/semmelweis.hu\/arc\/wp-json\/wp\/v2\/pages\/1192"}],"wp:attachment":[{"href":"https:\/\/semmelweis.hu\/arc\/wp-json\/wp\/v2\/media?parent=902"}],"wp:term":[{"taxonomy":"category","embeddable":true,"href":"https:\/\/semmelweis.hu\/arc\/wp-json\/wp\/v2\/categories?post=902"},{"taxonomy":"post_tag","embeddable":true,"href":"https:\/\/semmelweis.hu\/arc\/wp-json\/wp\/v2\/tags?post=902"}],"curies":[{"name":"wp","href":"https:\/\/api.w.org\/{rel}","templated":true}]}}