{"id":900,"date":"2019-10-07T13:05:52","date_gmt":"2019-10-07T11:05:52","guid":{"rendered":"http:\/\/semmelweis.hu\/arc\/?page_id=900"},"modified":"2021-10-20T12:19:01","modified_gmt":"2021-10-20T10:19:01","slug":"meddoseg","status":"publish","type":"page","link":"https:\/\/semmelweis.hu\/arc\/ellatas\/meddoseg\/","title":{"rendered":"Medd\u0151s\u00e9g"},"content":{"rendered":"<p>Sajnos nem minden p\u00e1r olyan szerencs\u00e9s, hogy k\u00f6nnyen, a tervezett id\u0151ben, term\u00e9szetes \u00faton siker\u00fcl a v\u00e1gyott gyermek megfogan\u00e1sa.<a href=\"https:\/\/semmelweis.hu\/arc\/files\/2019\/10\/nemsikerul_600.jpg\"><img loading=\"lazy\" decoding=\"async\" class=\"alignright  wp-image-995\" src=\"https:\/\/semmelweis.hu\/arc\/files\/2019\/10\/nemsikerul_600-400x267.jpg\" alt=\"\" width=\"400\" height=\"267\" srcset=\"https:\/\/semmelweis.hu\/arc\/files\/2019\/10\/nemsikerul_600-400x267.jpg 400w, https:\/\/semmelweis.hu\/arc\/files\/2019\/10\/nemsikerul_600-203x135.jpg 203w, https:\/\/semmelweis.hu\/arc\/files\/2019\/10\/nemsikerul_600.jpg 600w\" sizes=\"auto, (max-width: 400px) 100vw, 400px\" \/><\/a><\/p>\n<p style=\"text-align: justify;\"><strong><em><span style=\"color: #993300;\"><span style=\"color: #800000;\">Ha egy \u00e9v alatt rendszeres, v\u00e9dekez\u00e9s n\u00e9lk\u00fcli h\u00e1zas\u00e9let sem vezet terhess\u00e9ghez, mindenk\u00e9ppen javasolt egy medd\u0151s\u00e9gi szakember, int\u00e9zet felkeres\u00e9se<\/span>,<\/span><\/em><span style=\"color: #800000;\"><em> ahol c\u00e9lzott kivizsg\u00e1l\u00e1sok sor\u00e1n f\u00e9ny der\u00fclhet a medd\u0151s\u00e9g ok\u00e1ra.<\/em> <\/span><\/strong><\/p>\n<p style=\"text-align: justify;\">N\u00e9ha egyszer\u0171 \u00e9letm\u00f3dv\u00e1lt\u00e1s, vagy p\u00e1r hormon\u00e9rt\u00e9k gy\u00f3gyszeres be\u00e1ll\u00edt\u00e1sa megoldja a probl\u00e9m\u00e1t, ha azonban m\u00e9gsem, speci\u00e1lis elj\u00e1r\u00e1sokkal lehet seg\u00edteni a gyermek megfogan\u00e1s\u00e1t.<\/p>\n<p>A medd\u0151s\u00e9g okai sokf\u00e9l\u00e9k lehetnek, \u00e9s \u00e9rinthetik a p\u00e1r mindk\u00e9t tagj\u00e1t. R\u00e1ad\u00e1sul n\u00e9ha l\u00e1tsz\u00f3lag minden eredm\u00e9ny rendben van, ilyenkor is sokat seg\u00edthet egy a t\u00e9m\u00e1ban j\u00e1ratos szakpszichol\u00f3gus.<\/p>\n<h2>A medd\u0151s\u00e9g okai<\/h2>\n<p><span style=\"color: #993366;\"><strong>A n\u0151i medd\u0151s\u00e9g okai lehetnek:<\/strong><\/span><\/p>\n<ul>\n<li>Petevezet\u00e9k elz\u00e1r\u00f3d\u00e1s<\/li>\n<li>Endometri\u00f3zis<\/li>\n<li>Hormonrendszer zavarai<\/li>\n<li>Immunol\u00f3giai probl\u00e9m\u00e1k<\/li>\n<li>Genetikai rendelleness\u00e9g<\/li>\n<\/ul>\n<p>R\u00e9szletesebb inform\u00e1ci\u00f3\u00e9rt kattintson <a href=\"https:\/\/semmelweis.hu\/arc\/meddoseg\/meddoseg-okai\/noi_meddoseg\/\"><span style=\"color: #993366;\"><strong>ide<\/strong><\/span>.<\/a><\/p>\n<p><span style=\"color: #993366;\"><strong>A f\u00e9rfi medd\u0151s\u00e9g okai t\u00f6bbek k\u00f6z\u00f6tt:<\/strong><\/span><\/p>\n<ul>\n<li>El\u00e9gtelen min\u0151s\u00e9g\u0171 spermium: sz\u00e1muk, alakjuk vagy mozg\u00e1suk nem megfelel\u0151<\/li>\n<li>DNS fragment\u00e1ci\u00f3<\/li>\n<li>Spermium k\u00e9pz\u00e9s hormon\u00e1lis zavara<\/li>\n<li>Ond\u00f3vezet\u00e9k elz\u00e1r\u00f3d\u00e1s<\/li>\n<li>Ejakul\u00e1ci\u00f3val kapcsolatos probl\u00e9m\u00e1k<\/li>\n<li>Genetikai rendelleness\u00e9gek<\/li>\n<\/ul>\n<p>R\u00e9szletesebb inform\u00e1ci\u00f3\u00e9rt kattintson <a href=\"https:\/\/semmelweis.hu\/arc\/meddoseg\/meddoseg-okai\/ferfi_meddoseg\/\"><span style=\"color: #993366;\"><strong>ide<\/strong><\/span>.<\/a><\/p>\n","protected":false},"excerpt":{"rendered":"<p>Sajnos nem minden p\u00e1r olyan szerencs\u00e9s, hogy k\u00f6nnyen, a tervezett id\u0151ben, term\u00e9szetes \u00faton siker\u00fcl a v\u00e1gyott gyermek megfogan\u00e1sa. <a href=\"https:\/\/semmelweis.hu\/arc\/files\/2019\/10\/nemsikerul_600.jpg\"><\/a> Ha egy \u00e9v alatt rendszeres, v\u00e9dekez\u00e9s n\u00e9lk\u00fcli h\u00e1zas\u00e9let sem vezet terhess\u00e9ghez, mindenk\u00e9ppen javasolt egy medd\u0151s\u00e9gi szakember, int\u00e9zet felkeres\u00e9se, ahol c\u00e9lzott kivizsg\u00e1l\u00e1sok sor\u00e1n f\u00e9ny der\u00fclhet a medd\u0151s\u00e9g ok\u00e1ra. N\u00e9ha egyszer\u0171 \u00e9letm\u00f3dv\u00e1lt\u00e1s, vagy p\u00e1r hormon\u00e9rt\u00e9k gy\u00f3gyszeres be\u00e1ll\u00edt\u00e1sa megoldja a &hellip;<\/p>\n","protected":false},"author":101648,"featured_media":0,"parent":901,"menu_order":0,"comment_status":"closed","ping_status":"closed","template":"","meta":{"_acf_changed":false,"footnotes":""},"categories":[],"tags":[],"class_list":["post-900","page","type-page","status-publish","hentry"],"acf":[],"_links":{"self":[{"href":"https:\/\/semmelweis.hu\/arc\/wp-json\/wp\/v2\/pages\/900","targetHints":{"allow":["GET"]}}],"collection":[{"href":"https:\/\/semmelweis.hu\/arc\/wp-json\/wp\/v2\/pages"}],"about":[{"href":"https:\/\/semmelweis.hu\/arc\/wp-json\/wp\/v2\/types\/page"}],"author":[{"embeddable":true,"href":"https:\/\/semmelweis.hu\/arc\/wp-json\/wp\/v2\/users\/101648"}],"replies":[{"embeddable":true,"href":"https:\/\/semmelweis.hu\/arc\/wp-json\/wp\/v2\/comments?post=900"}],"version-history":[{"count":10,"href":"https:\/\/semmelweis.hu\/arc\/wp-json\/wp\/v2\/pages\/900\/revisions"}],"predecessor-version":[{"id":1437,"href":"https:\/\/semmelweis.hu\/arc\/wp-json\/wp\/v2\/pages\/900\/revisions\/1437"}],"up":[{"embeddable":true,"href":"https:\/\/semmelweis.hu\/arc\/wp-json\/wp\/v2\/pages\/901"}],"wp:attachment":[{"href":"https:\/\/semmelweis.hu\/arc\/wp-json\/wp\/v2\/media?parent=900"}],"wp:term":[{"taxonomy":"category","embeddable":true,"href":"https:\/\/semmelweis.hu\/arc\/wp-json\/wp\/v2\/categories?post=900"},{"taxonomy":"post_tag","embeddable":true,"href":"https:\/\/semmelweis.hu\/arc\/wp-json\/wp\/v2\/tags?post=900"}],"curies":[{"name":"wp","href":"https:\/\/api.w.org\/{rel}","templated":true}]}}