{"id":895,"date":"2019-10-07T12:07:38","date_gmt":"2019-10-07T10:07:38","guid":{"rendered":"http:\/\/semmelweis.hu\/arc\/?page_id=895"},"modified":"2026-03-01T11:13:45","modified_gmt":"2026-03-01T10:13:45","slug":"munkatarsaink","status":"publish","type":"page","link":"https:\/\/semmelweis.hu\/arc\/munkatarsaink\/","title":{"rendered":"Munkat\u00e1rsaink"},"content":{"rendered":"<div>\n<div class=\"keretes w-100\">\n<h5>Igazgat\u00f3: Dr. Sipos Mikl\u00f3s PhD egyetemi docens\u00a0<\/h5>\n<h5>Klinikai igazgat\u00f3helyettes: Dr. Sajg\u00f3 Attila klinikai f\u0151orvos\u00a0<\/h5>\n<\/div>\n<\/div>\n<h5>Orvos munkat\u00e1rsak f\u0151\u00e1ll\u00e1sban:<\/h5>\n<ul>\n<li>Dr. Lajtai Krisztina &#8211; sz\u00fcl\u00e9sz-n\u0151gy\u00f3gy\u00e1sz szakorvos &#8211; assziszt\u00e1lt reprodukci\u00f3, sz\u00fcl\u00e9szet-n\u0151gy\u00f3gy\u00e1szat<\/li>\n<li>Dr. Martonos Attila &#8211;\u00a0sz\u00fcl\u00e9sz-n\u0151gy\u00f3gy\u00e1sz szakorvos &#8211; assziszt\u00e1lt reprodukci\u00f3, sz\u00fcl\u00e9szet-n\u0151gy\u00f3gy\u00e1szat<\/li>\n<li>Dr. Mizs\u00e1k \u00c1ron &#8211; sz\u00fcl\u00e9sz-n\u0151gy\u00f3gy\u00e1sz szakorvos &#8211; assziszt\u00e1lt reprodukci\u00f3, sz\u00fcl\u00e9szet-n\u0151gy\u00f3gy\u00e1szat<\/li>\n<li>Dr. Sajg\u00f3 Attila klinikai f\u0151orvos &#8211; sz\u00fcl\u00e9sz-n\u0151gy\u00f3gy\u00e1sz \u00e9s reprodukt\u00edv medicina szakorvos &#8211; assziszt\u00e1lt reprodukci\u00f3, sz\u00fcl\u00e9szet-n\u0151gy\u00f3gy\u00e1szat<\/li>\n<li>Dr. Sipos Mikl\u00f3s PhD egyetemi docens &#8211; sz\u00fcl\u00e9sz-n\u0151gy\u00f3gy\u00e1sz \u00e9s reprodukt\u00edv medicina szakorvos &#8211; assziszt\u00e1lt reprodukci\u00f3, sz\u00fcl\u00e9szet-n\u0151gy\u00f3gy\u00e1szat<\/li>\n<li>Dr. Tak\u00e1cs Tam\u00e1s \u2013 urol\u00f3gus, androl\u00f3gus szakorvos &#8211; urol\u00f3gia, androl\u00f3gia<\/li>\n<\/ul>\n<h5>Orvos munkat\u00e1rsak r\u00e9sz\u00e1ll\u00e1sban:<\/h5>\n<ul>\n<li>Dr. Hal\u00e1sz L\u00e1szl\u00f3 \u2013 sz\u00fcl\u00e9sz-n\u0151gy\u00f3gy\u00e1sz, endokrinol\u00f3gus szakorvos &#8211; endokrinol\u00f3gia<\/li>\n<li>Dr. Sup\u00e1k Dorina PhD egyetemi tan\u00e1rseg\u00e9d &#8211; sz\u00fcl\u00e9sz-n\u0151gy\u00f3gy\u00e1sz szakorvos &#8211; assziszt\u00e1lt reprodukci\u00f3, sz\u00fcl\u00e9szet-n\u0151gy\u00f3gy\u00e1szat, reprodukt\u00edv seb\u00e9szet<\/li>\n<li>Dr. Szab\u00f3 Bal\u00e1zs &#8211; urol\u00f3gus, androl\u00f3gus szakorvos &#8211; urol\u00f3gia, androl\u00f3gia<\/li>\n<li>Dr. V\u00e1rhegyi Vera &#8211; klinikai genetikus szakorvos &#8211; klinikai genetika<\/li>\n<\/ul>\n<h5>Orvos munkat\u00e1rsak konzulensk\u00e9nt:<span style=\"color: #993366\"><strong><br \/>\n<\/strong><\/span><\/h5>\n<ul>\n<li>Dr. Gerszi D\u00f3ra PhD- sz\u00fcl\u00e9sz-n\u0151gy\u00f3gy\u00e1sz szakorvos &#8211; NaPro technol\u00f3gia<\/li>\n<li>Dr. Kopa Zsolt, PhD egyetemi docens \u2013 urol\u00f3gus, androl\u00f3gus szakorvos &#8211; urol\u00f3gia, androl\u00f3gia<\/li>\n<li>Dr. T\u00f6r\u00f6k Marianna, PhD egyetemi tan\u00e1rseg\u00e9d &#8211; NaPro technol\u00f3gia<\/li>\n<\/ul>\n<h5>Embriol\u00f3gusok, embriol\u00f3gus asszisztensek, biol\u00f3gusok:<\/h5>\n<ul>\n<li>Dr. Buzder T\u00edmea PhD \u2013 laborvezet\u0151 klinikai embriol\u00f3gus<\/li>\n<li>Bog\u00e1r \u00c9va Bogl\u00e1rka &#8211; klinikai embriol\u00f3gus<\/li>\n<li>Dr. G\u00e1l Zs\u00f3fia PhD &#8211; klinikai embriol\u00f3gus<\/li>\n<li>Meixner-Cs\u00e1ti Zs\u00f3fia &#8211; klinikai embriol\u00f3gus<\/li>\n<li>Nagy Edina &#8211; embriol\u00f3gus<\/li>\n<li>Porok Klaudia &#8211; klinikai embriol\u00f3gus<\/li>\n<li>G\u00f6b\u00f6l\u00f6s-Pint\u00e9r D\u00f3ra &#8211; embriol\u00f3gus asszisztens<\/li>\n<li>Zombory \u00c9va &#8211; embriol\u00f3gus asszisztens<\/li>\n<li>Heged\u00fcs Edina &#8211; biol\u00f3gus<\/li>\n<li>Schuster-Vizsy N\u00f3ra &#8211; biol\u00f3gus (androl\u00f3giai laborat\u00f3rium)<\/li>\n<li>V\u00e9gh G\u00e9za &#8211; biol\u00f3gus (androl\u00f3giai laborat\u00f3rium)<\/li>\n<li>Fazekas-Bany\u00f3 Luca &#8211; biol\u00f3gus (androl\u00f3giai laborat\u00f3rium)<\/li>\n<li>F\u00fcr\u00e9sz Katinka &#8211; biol\u00f3gus (tart\u00f3san t\u00e1vol)<\/li>\n<\/ul>\n<h5>Pszichol\u00f3gus:\u00a0<\/h5>\n<ul>\n<li><span style=\"color: #993366\"><span style=\"color: #000000\">P\u00e1sztor Katalin &#8211; pszichol\u00f3gus\u00a0<\/span><\/span><\/li>\n<li>Solt\u00e9sz Krisztina &#8211; <span style=\"color: #993366\"><span style=\"color: #000000\">klinikai szakpszichol\u00f3gus<\/span><\/span>, PhD hallgat\u00f3<\/li>\n<li><span style=\"color: #993366\"><span style=\"color: #000000\">Dr. S<\/span><\/span><span style=\"color: #000000\">zigeti<\/span> F. Judit PhD &#8211; klinikai szakpszichol\u00f3gus\u00a0<\/li>\n<\/ul>\n<h5>K\u00f3rh\u00e1z lelk\u00e9sz:\u00a0<\/h5>\n<ul>\n<li>Dr. Latakos Enik\u0151 PhD, reform\u00e1tus lelkip\u00e1sztor<\/li>\n<\/ul>\n<h5>Dietetikus: \u00a0<\/h5>\n<p><span style=\"color: #993366\"><span style=\"color: #000000\">Kar\u00e1csonyn\u00e9 Szil\u00e1gyi Rita<\/span><\/span>\u00a0<\/p>\n<p><strong>Centrumvezet\u0151 f\u0151n\u0151v\u00e9r: <\/strong><\/p>\n<p>Nagy Zsuzsanna<\/p>\n<h5>IVF szakasszisztensek:<\/h5>\n<ul>\n<li>Balogh Nikolett &#8211; androl\u00f3gia<\/li>\n<li>Berki Krisztina<\/li>\n<li>De\u00e1k Anna<\/li>\n<li>Sahin-T\u00f3th Cintia<\/li>\n<li>Fazekas R\u00e9ka<\/li>\n<li>Gimesn\u00e9 Varr\u00f3 Andrea<\/li>\n<li>Gy\u00f6ngy\u00f6si Veronika<\/li>\n<li>Hajd\u00fa Szilvia<\/li>\n<li>H\u00e1zi-Mihalik Judit<\/li>\n<li>Ibr\u00e1nyi Szilvia &#8211; androl\u00f3gia<\/li>\n<li>J\u00e1ger-Kov\u00e1cs \u00c1gnes Katalin<\/li>\n<li>Kozicsn\u00e9 Szab\u00f3 Anita &#8211; \u00a0szonogr\u00e1fus (tart\u00f3san t\u00e1vol)<\/li>\n<li>Leskovics Zs\u00f3ka MSc (tart\u00f3san t\u00e1vol)<\/li>\n<li>Nagy Orsolya<\/li>\n<li>Nagyszeghi Nikoletta<\/li>\n<li>Pint\u00e9r Krisztina<\/li>\n<li>Sztruh\u00e1r Anna MSc<\/li>\n<\/ul>\n<h5>M\u0171t\u0151sn\u0151:<\/h5>\n<ul>\n<li>Nagy Zsuzsanna<\/li>\n<li>Nagy Emese<\/li>\n<\/ul>\n<h5>M\u0171t\u0151sfi\u00fa, betegsz\u00e1ll\u00edt\u00f3:<\/h5>\n<ul>\n<li>Tonka \u00c1d\u00e1m<\/li>\n<\/ul>\n<h5>Recepci\u00f3s:<\/h5>\n<ul>\n<li>Haluska Gabriella<\/li>\n<li>Lampert Katalin<\/li>\n<li>Merkei Zolt\u00e1n<\/li>\n<\/ul>\n","protected":false},"excerpt":{"rendered":"<p>Igazgat\u00f3: Dr. Sipos Mikl\u00f3s PhD egyetemi docens\u00a0 Klinikai igazgat\u00f3helyettes: Dr. Sajg\u00f3 Attila klinikai f\u0151orvos\u00a0 Orvos munkat\u00e1rsak f\u0151\u00e1ll\u00e1sban: Dr. Lajtai Krisztina &#8211; sz\u00fcl\u00e9sz-n\u0151gy\u00f3gy\u00e1sz szakorvos &#8211; assziszt\u00e1lt reprodukci\u00f3, sz\u00fcl\u00e9szet-n\u0151gy\u00f3gy\u00e1szat Dr. Martonos Attila &#8211;\u00a0sz\u00fcl\u00e9sz-n\u0151gy\u00f3gy\u00e1sz szakorvos &#8211; assziszt\u00e1lt reprodukci\u00f3, sz\u00fcl\u00e9szet-n\u0151gy\u00f3gy\u00e1szat Dr. Mizs\u00e1k \u00c1ron &#8211; sz\u00fcl\u00e9sz-n\u0151gy\u00f3gy\u00e1sz szakorvos &#8211; assziszt\u00e1lt reprodukci\u00f3, sz\u00fcl\u00e9szet-n\u0151gy\u00f3gy\u00e1szat Dr. Sajg\u00f3 Attila klinikai f\u0151orvos &#8211; sz\u00fcl\u00e9sz-n\u0151gy\u00f3gy\u00e1sz \u00e9s reprodukt\u00edv &hellip;<\/p>\n","protected":false},"author":101648,"featured_media":0,"parent":0,"menu_order":1,"comment_status":"closed","ping_status":"closed","template":"","meta":{"_acf_changed":false,"footnotes":""},"categories":[],"tags":[],"class_list":["post-895","page","type-page","status-publish","hentry"],"acf":[],"_links":{"self":[{"href":"https:\/\/semmelweis.hu\/arc\/wp-json\/wp\/v2\/pages\/895","targetHints":{"allow":["GET"]}}],"collection":[{"href":"https:\/\/semmelweis.hu\/arc\/wp-json\/wp\/v2\/pages"}],"about":[{"href":"https:\/\/semmelweis.hu\/arc\/wp-json\/wp\/v2\/types\/page"}],"author":[{"embeddable":true,"href":"https:\/\/semmelweis.hu\/arc\/wp-json\/wp\/v2\/users\/101648"}],"replies":[{"embeddable":true,"href":"https:\/\/semmelweis.hu\/arc\/wp-json\/wp\/v2\/comments?post=895"}],"version-history":[{"count":11,"href":"https:\/\/semmelweis.hu\/arc\/wp-json\/wp\/v2\/pages\/895\/revisions"}],"predecessor-version":[{"id":1595,"href":"https:\/\/semmelweis.hu\/arc\/wp-json\/wp\/v2\/pages\/895\/revisions\/1595"}],"wp:attachment":[{"href":"https:\/\/semmelweis.hu\/arc\/wp-json\/wp\/v2\/media?parent=895"}],"wp:term":[{"taxonomy":"category","embeddable":true,"href":"https:\/\/semmelweis.hu\/arc\/wp-json\/wp\/v2\/categories?post=895"},{"taxonomy":"post_tag","embeddable":true,"href":"https:\/\/semmelweis.hu\/arc\/wp-json\/wp\/v2\/tags?post=895"}],"curies":[{"name":"wp","href":"https:\/\/api.w.org\/{rel}","templated":true}]}}