{"id":875,"date":"2019-09-30T13:35:12","date_gmt":"2019-09-30T11:35:12","guid":{"rendered":"http:\/\/semmelweis.hu\/arc\/?page_id=875"},"modified":"2025-03-04T16:09:43","modified_gmt":"2025-03-04T15:09:43","slug":"elerhetoseg","status":"publish","type":"page","link":"https:\/\/semmelweis.hu\/arc\/elerhetoseg\/","title":{"rendered":"El\u00e9rhet\u0151s\u00e9g"},"content":{"rendered":"<p style=\"text-align: center\"><em>Semmelweis Egyetem, Sz\u00fcl\u00e9szeti \u00e9s N\u0151gy\u00f3gy\u00e1szati Klinika\u00a0<\/em><br \/>\n<span style=\"font-size: 18pt\"><strong>Assziszt\u00e1lt Reprodukci\u00f3s Centrum<\/strong><\/span><\/p>\n<p style=\"text-align: center\">C\u00edm-ambul\u00e1ns r\u00e9szleg (Mer\u00e9nyi T\u00f6mb): 1097 Budapest, Gy\u00e1li \u00fat 17-19. 30. \u00e9p\u00fclet. II. emelet<\/p>\n<p style=\"text-align: center\">C\u00edm-fekv\u0151 r\u00e9szleg (Kor\u00e1nyi T\u00f6mb): 1083 Budapest, \u00dcll\u0151i \u00fat 78\/B<\/p>\n<p style=\"text-align: center\">\n<strong>Centrumunk el\u00e9rhet\u0151s\u00e9gei<\/strong><\/p>\n<p style=\"text-align: center\"><strong>Telefon:<\/strong><\/p>\n<p style=\"text-align: center\"><strong>munkanapokon 7:00-15:00 \u00f3ra k\u00f6z\u00f6tt\u00a0<\/strong><\/p>\n<p style=\"text-align: center\"><strong>Recepci\u00f3<\/strong> (adminisztrat\u00edv k\u00e9rd\u00e9sekben):\u00a0 +36308770679 | +36308770719<\/p>\n<p style=\"text-align: center\"><strong>E-mail: <a href=\"mailto:info.arc@semmelweis.hu\">info.arc@semmelweis.hu<\/a><\/strong><\/p>\n<p>&nbsp;<\/p>\n<p style=\"text-align: center\"><strong>Megk\u00f6zel\u00edt\u00e9s:<\/strong><\/p>\n<p>Centrumunk ambul\u00e1ns r\u00e9szlege 2023. okt\u00f3ber 2-\u00e1t\u00f3l a Mer\u00e9nyi Guszt\u00e1v Klinikai T\u00f6mb 30-as sz\u00e1m\u00fa \u00e9p\u00fclet\u00e9nek II. emelet\u00e9n m\u0171k\u00f6dik, mely a Gy\u00e1li \u00fat \u00e9s a F\u00fcleki utca sark\u00e1n tal\u00e1lhat\u00f3 feh\u00e9r m\u00e9szk\u0151 bor\u00edt\u00e1s\u00fa h\u00e1rom szintes \u00e9p\u00fclet.\u00a0<\/p>\n<p><img loading=\"lazy\" decoding=\"async\" class=\"alignnone  wp-image-1501\" src=\"https:\/\/semmelweis.hu\/arc\/files\/2024\/04\/Kepernyokep-2024-04-27-120552.png-400x133.jpg\" alt=\"\" width=\"811\" height=\"270\" srcset=\"https:\/\/semmelweis.hu\/arc\/files\/2024\/04\/Kepernyokep-2024-04-27-120552.png-400x133.jpg 400w, https:\/\/semmelweis.hu\/arc\/files\/2024\/04\/Kepernyokep-2024-04-27-120552.png-1024x340.jpg 1024w, https:\/\/semmelweis.hu\/arc\/files\/2024\/04\/Kepernyokep-2024-04-27-120552.png-768x255.jpg 768w, https:\/\/semmelweis.hu\/arc\/files\/2024\/04\/Kepernyokep-2024-04-27-120552.png-1536x510.jpg 1536w, https:\/\/semmelweis.hu\/arc\/files\/2024\/04\/Kepernyokep-2024-04-27-120552.png-2048x679.jpg 2048w, https:\/\/semmelweis.hu\/arc\/files\/2024\/04\/Kepernyokep-2024-04-27-120552.png-753x250.jpg 753w\" sizes=\"auto, (max-width: 811px) 100vw, 811px\" \/><img loading=\"lazy\" decoding=\"async\" class=\"alignnone  wp-image-1502\" src=\"https:\/\/semmelweis.hu\/arc\/files\/2024\/04\/Kepernyokep-2024-04-27-121003-400x315.jpg\" alt=\"\" width=\"730\" height=\"575\" srcset=\"https:\/\/semmelweis.hu\/arc\/files\/2024\/04\/Kepernyokep-2024-04-27-121003-400x315.jpg 400w, https:\/\/semmelweis.hu\/arc\/files\/2024\/04\/Kepernyokep-2024-04-27-121003-768x604.jpg 768w, https:\/\/semmelweis.hu\/arc\/files\/2024\/04\/Kepernyokep-2024-04-27-121003-753x592.jpg 753w, https:\/\/semmelweis.hu\/arc\/files\/2024\/04\/Kepernyokep-2024-04-27-121003.jpg 971w\" sizes=\"auto, (max-width: 730px) 100vw, 730px\" \/><\/p>\n<p style=\"text-align: justify\">Centrumunk a Kor\u00e1nyi T\u00f6mbben m\u0171k\u00f6d\u0151 fekv\u0151beteg, m\u0171t\u0151i \u00e9s embriol\u00f3giai laborat\u00f3riumi r\u00e9szleg\u00e9t az \u00dcll\u0151i \u00fatr\u00f3l, a N\u0151gy\u00f3gy\u00e1szati Klinika fel\u0151l tudj\u00e1k megk\u00f6zel\u00edteni. A t\u00e9rk\u00e9pen a <span style=\"color: #ff0000\"><strong>piros<\/strong> <strong>p\u00f6tty\u00f6k<\/strong><\/span> jelzik az \u00fatvonalat.<\/p>\n<p style=\"text-align: justify\">Ha a f\u0151bej\u00e1raton bej\u00f6nnek, r\u00f6gt\u00f6n az \u00fcvegliftek mellett menjenek le a -1. szintre \u00e9s forduljanak balra a PET-CT ki\u00edr\u00e1s fel\u00e9. Haladjanak kereszt\u00fcl a k\u00e9t dupla sz\u00e1rnyas \u00fcvegajt\u00f3n (a m\u00e1sodik, tej\u00fcveggel fedett ajt\u00f3n is!), \u00e9s az ut\u00f3bbi ut\u00e1n k\u00f6zvetlen\u00fcl jobbra tal\u00e1lj\u00e1k a Radiol\u00f3giai Klinika barna liftjeinek -1 szinten l\u00e9v\u0151 ajtajait, illetve a sz\u00fcrke liftet. A barna liftekkel a 3., a sz\u00fcrke gyorslifttel a 2. emeletig j\u00f6jjenek fel. T\u00e1j\u00e9koztat\u00f3 t\u00e1bl\u00e1kkal seg\u00edtj\u00fck, hogy megtal\u00e1ljanak minket.<\/p>\n<p style=\"text-align: justify\">Az els\u0151 recepci\u00f3s pultn\u00e1l a petesejt lesz\u00edv\u00e1sra \u00e9s embri\u00f3 be\u00fcltet\u00e9sre \u00e9rkez\u0151 h\u00f6lgyeket, illetve az IVF kezel\u00e9s kapcs\u00e1n a megterm\u00e9keny\u00edt\u00e9shez sz\u00fcks\u00e9ges spermium minta ad\u00e1s\u00e1ra \u00e9rkez\u0151 urakat v\u00e1rj\u00e1k munkat\u00e1rsaink.<\/p>\n<p style=\"text-align: justify\"><a href=\"https:\/\/semmelweis.hu\/arc\/files\/2020\/03\/Ombliologia_v3.jpg\"><img loading=\"lazy\" decoding=\"async\" class=\"wp-image-1217  alignleft\" src=\"https:\/\/semmelweis.hu\/arc\/files\/2020\/03\/Ombliologia_v3.jpg\" alt=\"\" width=\"812\" height=\"522\" srcset=\"https:\/\/semmelweis.hu\/arc\/files\/2020\/03\/Ombliologia_v3.jpg 1494w, https:\/\/semmelweis.hu\/arc\/files\/2020\/03\/Ombliologia_v3-400x257.jpg 400w, https:\/\/semmelweis.hu\/arc\/files\/2020\/03\/Ombliologia_v3-1024x659.jpg 1024w, https:\/\/semmelweis.hu\/arc\/files\/2020\/03\/Ombliologia_v3-768x494.jpg 768w, https:\/\/semmelweis.hu\/arc\/files\/2020\/03\/Ombliologia_v3-753x484.jpg 753w\" sizes=\"auto, (max-width: 812px) 100vw, 812px\" \/><\/a><\/p>\n<p style=\"text-align: justify\">\u00a0<\/p>\n<p>&nbsp;<\/p>\n<p>&nbsp;<\/p>\n<p>&nbsp;<\/p>\n<p>&nbsp;<\/p>\n<p>&nbsp;<\/p>\n","protected":false},"excerpt":{"rendered":"<p>Semmelweis Egyetem, Sz\u00fcl\u00e9szeti \u00e9s N\u0151gy\u00f3gy\u00e1szati Klinika\u00a0 Assziszt\u00e1lt Reprodukci\u00f3s Centrum C\u00edm-ambul\u00e1ns r\u00e9szleg (Mer\u00e9nyi T\u00f6mb): 1097 Budapest, Gy\u00e1li \u00fat 17-19. 30. \u00e9p\u00fclet. II. emelet C\u00edm-fekv\u0151 r\u00e9szleg (Kor\u00e1nyi T\u00f6mb): 1083 Budapest, \u00dcll\u0151i \u00fat 78\/B Centrumunk el\u00e9rhet\u0151s\u00e9gei Telefon: munkanapokon 7:00-15:00 \u00f3ra k\u00f6z\u00f6tt\u00a0 Recepci\u00f3 (adminisztrat\u00edv k\u00e9rd\u00e9sekben):\u00a0 +36308770679 | +36308770719 E-mail: <a href=\"mailto:info.arc@semmelweis.hu\">info.arc@semmelweis.hu<\/a> &nbsp; Megk\u00f6zel\u00edt\u00e9s: Centrumunk ambul\u00e1ns r\u00e9szlege 2023. okt\u00f3ber 2-\u00e1t\u00f3l a Mer\u00e9nyi &hellip;<\/p>\n","protected":false},"author":12,"featured_media":0,"parent":0,"menu_order":1,"comment_status":"closed","ping_status":"closed","template":"template-fullwidth.php","meta":{"_acf_changed":false,"footnotes":""},"categories":[],"tags":[],"class_list":["post-875","page","type-page","status-publish","hentry"],"acf":[],"_links":{"self":[{"href":"https:\/\/semmelweis.hu\/arc\/wp-json\/wp\/v2\/pages\/875","targetHints":{"allow":["GET"]}}],"collection":[{"href":"https:\/\/semmelweis.hu\/arc\/wp-json\/wp\/v2\/pages"}],"about":[{"href":"https:\/\/semmelweis.hu\/arc\/wp-json\/wp\/v2\/types\/page"}],"author":[{"embeddable":true,"href":"https:\/\/semmelweis.hu\/arc\/wp-json\/wp\/v2\/users\/12"}],"replies":[{"embeddable":true,"href":"https:\/\/semmelweis.hu\/arc\/wp-json\/wp\/v2\/comments?post=875"}],"version-history":[{"count":12,"href":"https:\/\/semmelweis.hu\/arc\/wp-json\/wp\/v2\/pages\/875\/revisions"}],"predecessor-version":[{"id":910,"href":"https:\/\/semmelweis.hu\/arc\/wp-json\/wp\/v2\/pages\/875\/revisions\/910"}],"wp:attachment":[{"href":"https:\/\/semmelweis.hu\/arc\/wp-json\/wp\/v2\/media?parent=875"}],"wp:term":[{"taxonomy":"category","embeddable":true,"href":"https:\/\/semmelweis.hu\/arc\/wp-json\/wp\/v2\/categories?post=875"},{"taxonomy":"post_tag","embeddable":true,"href":"https:\/\/semmelweis.hu\/arc\/wp-json\/wp\/v2\/tags?post=875"}],"curies":[{"name":"wp","href":"https:\/\/api.w.org\/{rel}","templated":true}]}}