{"id":873,"date":"2019-09-30T13:34:01","date_gmt":"2019-09-30T11:34:01","guid":{"rendered":"http:\/\/semmelweis.hu\/arc\/?page_id=873"},"modified":"2025-03-04T15:54:18","modified_gmt":"2025-03-04T14:54:18","slug":"asszisztalt-reprodukcios-centrum","status":"publish","type":"page","link":"https:\/\/semmelweis.hu\/arc\/asszisztalt-reprodukcios-centrum\/","title":{"rendered":"Assziszt\u00e1lt Reprodukci\u00f3s Centrumunkr\u00f3l"},"content":{"rendered":"<p>Kedves P\u00e1cienseink!<\/p>\n<p>V\u00e9gre el\u00e9rkezett az oly r\u00e9g\u00f3ta v\u00e1gyott pillanat, amikor t\u00f6bb \u00e9ves tervez\u00e9s, t\u00f6bb h\u00f3napos kivitelez\u00e9s ut\u00e1n megnyithattuk a Semmelweis Egyetem Sz\u00fcl\u00e9szeti \u00e9s N\u0151gy\u00f3gy\u00e1szati Klinik\u00e1j\u00e1nak \u00faj Assziszt\u00e1lt Reprodukci\u00f3s Centrum\u00e1t. 2019. okt\u00f3ber 11-\u00e9n hivatalosan is felavatt\u00e1k a Centrum ambulanci\u00e1j\u00e1t, ahol megkezd\u0151d\u00f6tt a medd\u0151 p\u00e1rok komplex kivizsg\u00e1l\u00e1sa \u00e9s ell\u00e1t\u00e1sa. Centrumunk teljes kapacit\u00e1ssal \u00e9s szakmai spektrummal 2020. febru\u00e1r 17-t\u0151l fogadja p\u00e1cienseit.<\/p>\n<p>Hissz\u00fck, hogy a k\u00f6r\u00fcltekint\u0151, alapos \u00e9s szem\u00e9lyre szabott kivizsg\u00e1l\u00e1ssal mindenkinek a legmegfelel\u0151bb kezel\u00e9st ny\u00fajthatjuk, melynek r\u00e9v\u00e9n gyorsabban \u00e9rhet\u00fcnk el eredm\u00e9nyt, terhess\u00e9get, a v\u00e1gyott gyermek\u00e1ld\u00e1st.<\/p>\n<p>Centrumunk egyik legfontosabb ism\u00e9rve az, hogy itt EGY HELYEN vagyunk k\u00e9pesek a medd\u0151 p\u00e1rok kivizsg\u00e1l\u00e1s\u00e1nak csaknem teljes spektrum\u00e1t ny\u00fajtani, mindennem\u0171 hosszas ut\u00e1naj\u00e1r\u00e1s n\u00e9lk\u00fcl.<\/p>\n<p style=\"font-weight: 400;\">Ambulanci\u00e1inkon helyben rendelnek a szakma elismert szak\u00e9rt\u0151i, biztos\u00edtva a medd\u0151 p\u00e1r mindk\u00e9t tagj\u00e1nak kivizsg\u00e1l\u00e1s\u00e1t.<\/p>\n<p style=\"font-weight: 400;\">Az ambulanci\u00e1nkon rendel\u0151 szakemberek a medd\u0151s\u00e9g k\u00f3roki t\u00e9nyez\u0151inek teljes vertikum\u00e1t lefedik. Biztos\u00edtunk n\u0151gy\u00f3gy\u00e1szati, endocrinol\u00f3giai, immunol\u00f3giai, pszichol\u00f3giai, de ak\u00e1r term\u00e9szetes csal\u00e1dtervez\u00e9si konzult\u00e1ci\u00f3s lehet\u0151s\u00e9get is.<\/p>\n<p>Tekintettel arra, hogy m\u00e1ra a medd\u0151s\u00e9ghez vezet\u0151 k\u00f3rokok fel\u00e9t a f\u00e9rfi ok\u00fa t\u00e9nyez\u0151k teszik ki \u00e9s ezek assziszt\u00e1lt reprodukci\u00f3s kezel\u00e9s el\u0151tti rendez\u00e9se jelent\u0151s m\u00e9rt\u00e9kben n\u00f6veli a kezel\u00e9sek hat\u00e9konys\u00e1g\u00e1t centrumunkban f\u0151\u00e1ll\u00e1s\u00fa androl\u00f3gus biztos\u00edtja a f\u00e9rfi p\u00e1ciensek sz\u00ednvonalas ell\u00e1t\u00e1s\u00e1t.<\/p>\n<p style=\"font-weight: 400;\">Ambulanci\u00e1nkon a legkorszer\u0171bb 3-4D k\u00e9palkot\u00e1sra alkalmas ultrahang k\u00e9sz\u00fcl\u00e9keinkkel noninvaz\u00edv m\u00f3don diagnosztiz\u00e1lhatunk sz\u00e1mos n\u0151i medd\u0151s\u00e9ghez vezet\u0151, illetve az assziszt\u00e1lt reprodukci\u00f3s kezel\u00e9s siker\u00e9t cs\u00f6kkent\u0151 elv\u00e1ltoz\u00e1st.<\/p>\n<p>Int\u00e9zet\u00fcnkben a t\u00e1rsadalombiztos\u00edt\u00e1si jogosults\u00e1ggal rendelkez\u0151 betegek ell\u00e1t\u00e1sa t\u00e9r\u00edt\u00e9smentes. Ebben benne foglaltatik a komplex, szem\u00e9lyre szabott kivizsg\u00e1l\u00e1s, laborat\u00f3riumi vizsg\u00e1latok, konzult\u00e1ci\u00f3k, k\u00e9palkot\u00f3 vizsg\u00e1latok, inszemin\u00e1ci\u00f3k \u00e9s ak\u00e1r az IVF kezel\u00e9s is.<\/p>\n<p>Int\u00e9zet\u00fcnk h\u00e1lap\u00e9nz mentesen m\u0171k\u00f6dik.\u00a0<\/p>\n<p>V\u00e1rjuk \u00d6n\u00f6ket szeretettel!<\/p>\n<p>Dr. Sipos Mikl\u00f3s PhD, igazgat\u00f3<\/p>\n\r\n        [slb_exclude]\r\n        <div class=\"row galeria-wrapper mx-0 h-auto\">\r\n            <div class=\"col-9 pl-0 pr-2\">\r\n            <span class=\"gallery-item frame\">\r\n\t\t\t\t<div class=\"galeria-left-img\"><a href=\"https:\/\/semmelweis.hu\/arc\/files\/2019\/10\/EE1C7859-793A-4BDA-857D-D4A7018D5A36_1_105_c.jpeg\"><img src=https:\/\/semmelweis.hu\/arc\/files\/2019\/10\/EE1C7859-793A-4BDA-857D-D4A7018D5A36_1_105_c.jpeg  \r\n                            alt=\"Betegv\u00e1r\u00f3\" \r\n                            class=\"attachment-sote-gallery-big size-sote-gallery-big\" \r\n                            srcset=\"https:\/\/semmelweis.hu\/arc\/files\/2019\/10\/EE1C7859-793A-4BDA-857D-D4A7018D5A36_1_105_c-400x300.jpeg 400w, https:\/\/semmelweis.hu\/arc\/files\/2019\/10\/EE1C7859-793A-4BDA-857D-D4A7018D5A36_1_105_c-768x576.jpeg 768w, https:\/\/semmelweis.hu\/arc\/files\/2019\/10\/EE1C7859-793A-4BDA-857D-D4A7018D5A36_1_105_c.jpeg 1024w, https:\/\/semmelweis.hu\/arc\/files\/2019\/10\/EE1C7859-793A-4BDA-857D-D4A7018D5A36_1_105_c-753x565.jpeg 753w\" ><\/a><\/div>\r\n            <\/span>\r\n\r\n            <\/div>\r\n\r\n\t\t\t<div class=\"col-3 pl-0 pr-0\">\r\n\t\t\t\t<div class=\"galeria-right-img d-flex justify-content-between flex-column h-100 w-100 px-0 mx-0 \">\r\n                <div class=\"galeria-box\">\r\n\t\t\t\t\t<h3 class=\"galeria-title\">Gal\u00e9ria<\/h3>\r\n\t\t\t\t\t<div class=\"galeria-subtitle\">\r\n\r\n\t\t\t\t\t\t<div class=\"galeria-page-counter\"><span>5<\/span>k\u00e9p<\/div>\r\n                    <\/div> <\/div>\r\n                    <span class=\"gallery-item frame d-none d-md-flex\">\r\n\t\t\t\t\t<div class=\"galeria-small-img mt-0\"><a href=\"https:\/\/semmelweis.hu\/arc\/files\/2019\/10\/C53B381B-0BD8-4B4A-9D09-228640CFD078_1_105_c.jpeg\"><img src=https:\/\/semmelweis.hu\/arc\/files\/2019\/10\/C53B381B-0BD8-4B4A-9D09-228640CFD078_1_105_c.jpeg \r\n                                alt=\"V\u00e9rv\u00e9teli helys\u00e9g\"  \r\n                                class=\"attachment-sote-gallery-small size-sote-gallery-small\" \r\n                                srcset=\"https:\/\/semmelweis.hu\/arc\/files\/2019\/10\/C53B381B-0BD8-4B4A-9D09-228640CFD078_1_105_c-400x300.jpeg 400w, https:\/\/semmelweis.hu\/arc\/files\/2019\/10\/C53B381B-0BD8-4B4A-9D09-228640CFD078_1_105_c-768x576.jpeg 768w, https:\/\/semmelweis.hu\/arc\/files\/2019\/10\/C53B381B-0BD8-4B4A-9D09-228640CFD078_1_105_c.jpeg 1024w, https:\/\/semmelweis.hu\/arc\/files\/2019\/10\/C53B381B-0BD8-4B4A-9D09-228640CFD078_1_105_c-753x565.jpeg 753w\" ><\/a><\/div>\r\n                    <\/span>\r\n                    <span class=\"gallery-item frame d-none d-md-flex\">\r\n\t\t\t\t\t<div class=\"galeria-small-img mt-0\"><a href=\"https:\/\/semmelweis.hu\/arc\/files\/2019\/10\/AA6C9811-AA02-4B72-9C08-2522AF76BDA1_1_105_c.jpeg\"><img src=https:\/\/semmelweis.hu\/arc\/files\/2019\/10\/AA6C9811-AA02-4B72-9C08-2522AF76BDA1_1_105_c.jpeg \r\n                                alt=\"Vizsg\u00e1l\u00f3\" \r\n                                class=\"attachment-sote-gallery-small size-sote-gallery-small\" \r\n                                srcset=\"https:\/\/semmelweis.hu\/arc\/files\/2019\/10\/AA6C9811-AA02-4B72-9C08-2522AF76BDA1_1_105_c-400x300.jpeg 400w, https:\/\/semmelweis.hu\/arc\/files\/2019\/10\/AA6C9811-AA02-4B72-9C08-2522AF76BDA1_1_105_c-768x576.jpeg 768w, https:\/\/semmelweis.hu\/arc\/files\/2019\/10\/AA6C9811-AA02-4B72-9C08-2522AF76BDA1_1_105_c.jpeg 1024w, https:\/\/semmelweis.hu\/arc\/files\/2019\/10\/AA6C9811-AA02-4B72-9C08-2522AF76BDA1_1_105_c-753x565.jpeg 753w\" ><\/a><\/div>\r\n                    <\/span>\r\n\r\n                <\/div>\r\n\r\n            <\/div>\r\n\r\n            <span class=\"gallery-item\"><div class=\"hidden\"><a href=\"https:\/\/semmelweis.hu\/arc\/files\/2019\/10\/09D7E1C7-7D7B-42D2-A3FC-99383BEFA758_1_105_c.jpeg\">\r\n        <img src=https:\/\/semmelweis.hu\/arc\/files\/2019\/10\/09D7E1C7-7D7B-42D2-A3FC-99383BEFA758_1_105_c.jpeg alt=\"Vizsg\u00e1l\u00f3\" class=\"attachment-sote-gallery-big size-sote-gallery-big\" srcset=\"https:\/\/semmelweis.hu\/arc\/files\/2019\/10\/09D7E1C7-7D7B-42D2-A3FC-99383BEFA758_1_105_c-300x400.jpeg 300w, https:\/\/semmelweis.hu\/arc\/files\/2019\/10\/09D7E1C7-7D7B-42D2-A3FC-99383BEFA758_1_105_c.jpeg 768w, https:\/\/semmelweis.hu\/arc\/files\/2019\/10\/09D7E1C7-7D7B-42D2-A3FC-99383BEFA758_1_105_c-753x1004.jpeg 753w\" >\r\n        <\/a><\/div><\/span><span class=\"gallery-item\"><div class=\"hidden\"><a href=\"https:\/\/semmelweis.hu\/arc\/files\/2019\/10\/3DE66D3A-9862-4282-92BF-B489033249CD_1_105_c.jpeg\">\r\n        <img src=https:\/\/semmelweis.hu\/arc\/files\/2019\/10\/3DE66D3A-9862-4282-92BF-B489033249CD_1_105_c.jpeg alt=\"Androl\u00f3giai laborat\u00f3rium\" class=\"attachment-sote-gallery-big size-sote-gallery-big\" srcset=\"https:\/\/semmelweis.hu\/arc\/files\/2019\/10\/3DE66D3A-9862-4282-92BF-B489033249CD_1_105_c-400x300.jpeg 400w, https:\/\/semmelweis.hu\/arc\/files\/2019\/10\/3DE66D3A-9862-4282-92BF-B489033249CD_1_105_c-768x576.jpeg 768w, https:\/\/semmelweis.hu\/arc\/files\/2019\/10\/3DE66D3A-9862-4282-92BF-B489033249CD_1_105_c.jpeg 1024w, https:\/\/semmelweis.hu\/arc\/files\/2019\/10\/3DE66D3A-9862-4282-92BF-B489033249CD_1_105_c-753x565.jpeg 753w\" >\r\n        <\/a><\/div><\/span>\r\n            <\/div>\r\n\r\n            [\/slb_exclude]\r\n\t\n","protected":false},"excerpt":{"rendered":"<p>Hissz\u00fck, hogy az alapos kivizsg\u00e1l\u00e1s r\u00e9v\u00e9n mindenkin\u00e9l a leggyorsabban eredm\u00e9nyre vezet\u0151, leghat\u00e9konyabb \u00e9s egyben legkev\u00e9sb\u00e9 invaz\u00edv m\u00f3don tudunk seg\u00edteni a v\u00e1gyott gyermek\u00e1ld\u00e1s el\u00e9r\u00e9s\u00e9ben.<\/p>\n<p>Centrumunk egyik legfontosabb ism\u00e9rve az, hogy itt EGY HELYEN vagyunk k\u00e9pesek a medd\u0151 p\u00e1rok kivizsg\u00e1l\u00e1s\u00e1nak csaknem teljes spektrum\u00e1t ny\u00fajtani, mindennem\u0171 hosszas ut\u00e1naj\u00e1r\u00e1s n\u00e9lk\u00fcl. Helyben t\u00f6rt\u00e9nnek a konzult\u00e1ci\u00f3k, \u00e1ll rendelkez\u00e9sre androl\u00f3gus, endokrinol\u00f3gus, haemato-immunol\u00f3gus \u00e9s a pszichol\u00f3gus is. Int\u00e9zet\u00fcnkben a t\u00e1rsadalombiztos\u00edt\u00e1si jogosults\u00e1ggal rendelkez\u0151 betegek ell\u00e1t\u00e1sa t\u00e9r\u00edt\u00e9smentes.<\/p>\n","protected":false},"author":12,"featured_media":880,"parent":0,"menu_order":0,"comment_status":"closed","ping_status":"closed","template":"","meta":{"_acf_changed":false,"footnotes":""},"categories":[],"tags":[],"class_list":["post-873","page","type-page","status-publish","has-post-thumbnail","hentry"],"acf":[],"_links":{"self":[{"href":"https:\/\/semmelweis.hu\/arc\/wp-json\/wp\/v2\/pages\/873","targetHints":{"allow":["GET"]}}],"collection":[{"href":"https:\/\/semmelweis.hu\/arc\/wp-json\/wp\/v2\/pages"}],"about":[{"href":"https:\/\/semmelweis.hu\/arc\/wp-json\/wp\/v2\/types\/page"}],"author":[{"embeddable":true,"href":"https:\/\/semmelweis.hu\/arc\/wp-json\/wp\/v2\/users\/12"}],"replies":[{"embeddable":true,"href":"https:\/\/semmelweis.hu\/arc\/wp-json\/wp\/v2\/comments?post=873"}],"version-history":[{"count":10,"href":"https:\/\/semmelweis.hu\/arc\/wp-json\/wp\/v2\/pages\/873\/revisions"}],"predecessor-version":[{"id":1531,"href":"https:\/\/semmelweis.hu\/arc\/wp-json\/wp\/v2\/pages\/873\/revisions\/1531"}],"wp:featuredmedia":[{"embeddable":true,"href":"https:\/\/semmelweis.hu\/arc\/wp-json\/wp\/v2\/media\/880"}],"wp:attachment":[{"href":"https:\/\/semmelweis.hu\/arc\/wp-json\/wp\/v2\/media?parent=873"}],"wp:term":[{"taxonomy":"category","embeddable":true,"href":"https:\/\/semmelweis.hu\/arc\/wp-json\/wp\/v2\/categories?post=873"},{"taxonomy":"post_tag","embeddable":true,"href":"https:\/\/semmelweis.hu\/arc\/wp-json\/wp\/v2\/tags?post=873"}],"curies":[{"name":"wp","href":"https:\/\/api.w.org\/{rel}","templated":true}]}}