{"id":1518,"date":"2025-03-04T16:13:26","date_gmt":"2025-03-04T15:13:26","guid":{"rendered":"https:\/\/semmelweis.hu\/arc\/?page_id=1518"},"modified":"2025-11-19T08:41:14","modified_gmt":"2025-11-19T07:41:14","slug":"letoltheto-dokumentumok","status":"publish","type":"page","link":"https:\/\/semmelweis.hu\/arc\/letoltheto-dokumentumok\/","title":{"rendered":"Let\u00f6lthet\u0151 dokumentumok"},"content":{"rendered":"<p><a href=\"https:\/\/semmelweis.hu\/arc\/2023\/09\/19\/koltozik-az-arc\/\">Adatkezel\u00e9si t\u00e1j\u00e9koztat\u00f3<\/a><\/p>\n<p><a href=\"https:\/\/semmelweis.hu\/arc\/files\/2025\/11\/Regisztracios-adatlap.pdf\">Regisztr\u00e1ci\u00f3s adatlap \u00faj p\u00e1cienseink r\u00e9sz\u00e9re<\/a><\/p>\n","protected":false},"excerpt":{"rendered":"<p><a href=\"https:\/\/semmelweis.hu\/arc\/2023\/09\/19\/koltozik-az-arc\/\">Adatkezel\u00e9si t\u00e1j\u00e9koztat\u00f3<\/a><br \/>\n<a href=\"https:\/\/semmelweis.hu\/arc\/files\/2025\/11\/Regisztracios-adatlap.pdf\">Regisztr\u00e1ci\u00f3s adatlap \u00faj p\u00e1cienseink r\u00e9sz\u00e9re<\/a><\/p>\n","protected":false},"author":101648,"featured_media":0,"parent":0,"menu_order":8,"comment_status":"closed","ping_status":"closed","template":"","meta":{"_acf_changed":false,"footnotes":""},"categories":[],"tags":[],"class_list":["post-1518","page","type-page","status-publish","hentry"],"acf":[],"_links":{"self":[{"href":"https:\/\/semmelweis.hu\/arc\/wp-json\/wp\/v2\/pages\/1518","targetHints":{"allow":["GET"]}}],"collection":[{"href":"https:\/\/semmelweis.hu\/arc\/wp-json\/wp\/v2\/pages"}],"about":[{"href":"https:\/\/semmelweis.hu\/arc\/wp-json\/wp\/v2\/types\/page"}],"author":[{"embeddable":true,"href":"https:\/\/semmelweis.hu\/arc\/wp-json\/wp\/v2\/users\/101648"}],"replies":[{"embeddable":true,"href":"https:\/\/semmelweis.hu\/arc\/wp-json\/wp\/v2\/comments?post=1518"}],"version-history":[{"count":10,"href":"https:\/\/semmelweis.hu\/arc\/wp-json\/wp\/v2\/pages\/1518\/revisions"}],"predecessor-version":[{"id":1587,"href":"https:\/\/semmelweis.hu\/arc\/wp-json\/wp\/v2\/pages\/1518\/revisions\/1587"}],"wp:attachment":[{"href":"https:\/\/semmelweis.hu\/arc\/wp-json\/wp\/v2\/media?parent=1518"}],"wp:term":[{"taxonomy":"category","embeddable":true,"href":"https:\/\/semmelweis.hu\/arc\/wp-json\/wp\/v2\/categories?post=1518"},{"taxonomy":"post_tag","embeddable":true,"href":"https:\/\/semmelweis.hu\/arc\/wp-json\/wp\/v2\/tags?post=1518"}],"curies":[{"name":"wp","href":"https:\/\/api.w.org\/{rel}","templated":true}]}}