{"id":1516,"date":"2025-03-04T15:50:27","date_gmt":"2025-03-04T14:50:27","guid":{"rendered":"https:\/\/semmelweis.hu\/arc\/?page_id=1516"},"modified":"2026-01-27T12:07:03","modified_gmt":"2026-01-27T11:07:03","slug":"regisztracio-uj-paciensek-szamara","status":"publish","type":"page","link":"https:\/\/semmelweis.hu\/arc\/regisztracio-uj-paciensek-szamara\/","title":{"rendered":"Regisztr\u00e1ci\u00f3 \u00faj p\u00e1ciensek sz\u00e1m\u00e1ra"},"content":{"rendered":"<p>\u00daj p\u00e1cienseink az al\u00e1bbi &#8222;Regisztr\u00e1lok&#8221; nyom\u00f3gombra kattintva megny\u00edl\u00f3 \u0171rlap seg\u00edts\u00e9g\u00e9vel tudnak Centrumunkba bejelentkezni.<\/p>\n<p>A regisztr\u00e1ci\u00f3val kapcsolatos k\u00e9rd\u00e9sekkel koll\u00e9g\u00e1inkat a <a href=\"mailto:regisztracio.arc@semmelweis.hu\">regisztracio.arc@semmelweis.hu<\/a> e-mail c\u00edmen \u00e9rhetik el.<\/p>\n<p>Tekintettel a regisztr\u00e1ci\u00f3s fel\u00fclet megnyit\u00e1sa \u00f3ta be\u00e9rkezett t\u00f6bb sz\u00e1z id\u0151pontk\u00e9r\u00e9sre, a hozz\u00e1nk jelentkez\u0151k sz\u00e1m\u00e1ra az \u00e9v els\u0151 fel\u00e9re tudunk regisztr\u00e1ci\u00f3s id\u0151pontot biztos\u00edtani. K\u00e9rj\u00fck csak ennek figyelembe v\u00e9tel\u00e9vel jelentkezzen regisztr\u00e1ci\u00f3ra!<\/p>\n<p>Kiv\u00e9telt k\u00e9peznek ez al\u00f3l a term\u00e9kenys\u00e9g meg\u0151rz\u00e9s (fertilit\u00e1s prezerv\u00e1ci\u00f3) ok\u00e1b\u00f3l hozz\u00e1nk fordul\u00f3 onkol\u00f3giai p\u00e1ciensek, akik sz\u00e1m\u00e1ra tov\u00e1bbra is v\u00e1rakoz\u00e1s n\u00e9lk\u00fcl biztos\u00edtjuk a reprodukci\u00f3s ell\u00e1t\u00e1st.<\/p>\n<p>K\u00e9rj\u00fck el\u0151tte ismerj\u00e9k meg az adatkezel\u00e9si t\u00e1j\u00e9koztat\u00f3nkat!<\/p>\n<p><a href=\"https:\/\/semmelweis.hu\/arc\/files\/2025\/03\/Adatkezelesi-tajekoztato_egeszsegugyi-ellatas-1-1.pdf\" target=\"_blank\" rel=\"noopener\">Adatkezel\u00e9si t\u00e1j\u00e9koztat\u00f3<\/a><\/p>\n<p style=\"text-align: center\"><a class=\"btn btn-secondary\" href=\"https:\/\/forms.office.com\/pages\/responsepage.aspx?id=uJCuuvE5TUOrpmTr1YljVzIXBzDPH7VMqS7Cqnd0Zj5URjNaRVhXS1Y3S0FGSVFUUUZUN1hQQldOWS4u&amp;origin=lprLink&amp;route=shorturl\" target=\"_blank\" rel=\"noopener\">Regisztr\u00e1lok<\/a><\/p>\n<div class=\"keretes w-100\">\n<p>Int\u00e9zet\u00fcnk munkat\u00e1rsai ell\u00e1t\u00e1suk sor\u00e1n minden szakmai \u00e9s technol\u00f3giai seg\u00edts\u00e9get igyekeznek<br \/>\nmegadni a hozz\u00e1nk fordul\u00f3 p\u00e1roknak, azonban p\u00e1cienseink is sokat tehetnek a kezel\u00e9s\u00fck siker\u00e9\u00e9rt.<br \/>\n<strong>A tervezett els\u0151 szem\u00e9lyes tal\u00e1lkoz\u00e1sig is k\u00e9rj\u00fck \u00e9s javasoljuk az al\u00e1bbi \u00e9letm\u00f3di v\u00e1ltoztat\u00e1sokat:<\/strong><\/p>\n<p>\uf0b7 doh\u00e1nyz\u00e1s elhagy\u00e1sa<br \/>\n\uf0b7 nagym\u00e9rt\u00e9k\u0171 alkoholfogyaszt\u00e1s elhagy\u00e1sa<br \/>\n\uf0b7 \u00e9lvezeti szerek elhagy\u00e1sa<br \/>\n\uf0b7 eg\u00e9szs\u00e9ges, kiegyens\u00falyozott t\u00e1pl\u00e1lkoz\u00e1s<br \/>\n\uf0b7 optim\u00e1lis tests\u00faly (BMI: 18-25) el\u00e9r\u00e9se, fenntart\u00e1sa<br \/>\n\uf0b7 rendszeres testmozg\u00e1s<br \/>\n\uf0b7 lehet\u0151s\u00e9g szerint stressz ker\u00fcl\u00e9se<br \/>\n\uf0b7 alapbetegs\u00e9gek (pl. magas v\u00e9rnyom\u00e1s, cukorbetegs\u00e9g, epilepszia) kezel\u00e9s\u00e9re haszn\u00e1lt<br \/>\ngy\u00f3gyszerek \u00e1t\u00e1ll\u00edt\u00e1sa olyan k\u00e9sz\u00edtm\u00e9nyekre, melyek mellett terhess\u00e9g v\u00e1llalhat\u00f3<\/p>\n<p>K\u00e9rj\u00fck, hogy az <strong>els\u0151 megjelen\u00e9sre (regisztr\u00e1ci\u00f3ra) hozz\u00e1k magukkal<\/strong> az al\u00e1bbi dokumentumokat:<br \/>\n\uf0b7 honlapunk \u201eDokumentumok\u201d men\u00fc pontja alatt tal\u00e1lhat\u00f3 \u201eRegisztr\u00e1ci\u00f3s adatlap \u00faj p\u00e1ciensek<br \/>\nsz\u00e1m\u00e1ra\u201d c\u00edm\u0171 adatlapot kit\u00f6ltve.<br \/>\n\uf0b7 a h\u00e1zass\u00e1gban \u00e9l\u0151 p\u00e1ciensek eset\u00e9n h\u00e1zass\u00e1gi anyak\u00f6nyvi kivonat m\u00e1solat\u00e1t, az \u00e9lett\u00e1rsi<br \/>\nkapcsolatban \u00e9l\u0151kt\u0151l k\u00f6zjegyz\u0151i nyilatkozat eredeti p\u00e9ld\u00e1ny\u00e1t (melyben a p\u00e1r tagjai arr\u00f3l<br \/>\nnyilatkoznak, hogy \u00e9lett\u00e1rsi kapcsolatban vannak \u00e9s a p\u00e1r f\u00e9rfi tagja arr\u00f3l is nyilatkozatot<br \/>\ntesz, hogy a Semmelweis Egyetem Sz\u00fcl\u00e9szeti \u00e9s N\u0151gy\u00f3gy\u00e1szati Klinika Assziszt\u00e1lt<br \/>\nReprodukci\u00f3s Centrum\u00e1ban fogant gyermeket saj\u00e1tj\u00e1nak ismeri el)<br \/>\n\uf0b7 amennyiben kor\u00e1bban m\u00e1s magyarorsz\u00e1gi reprodukci\u00f3s int\u00e9zetben t\u00f6rt\u00e9nt m\u00e1r IVF kezel\u00e9se<br \/>\na hozz\u00e1nk jelentkez\u0151 p\u00e1rnak, akkor igazol\u00e1st k\u00e9r\u00fcnk arr\u00f3l, hogy nem maradt fenn fagyasztva<br \/>\nt\u00e1rolt embri\u00f3juk<br \/>\n\uf0b7 rendszeresen szedett gy\u00f3gyszerekkel be\u00e1ll\u00edtott alapbetegs\u00e9gek eset\u00e9n szakorvosi v\u00e9lem\u00e9nyt<br \/>\nk\u00e9r\u00fcnk arr\u00f3l, hogy az alapbetegs\u00e9g, illetve a be\u00e1ll\u00edtott kezel\u00e9s mellett hormonkezel\u00e9s<br \/>\nind\u00edthat\u00f3 \u00e9s terhess\u00e9g v\u00e1llalhat\u00f3.<\/p>\n<\/div>\n","protected":false},"excerpt":{"rendered":"<p>\u00daj p\u00e1cienseink az al\u00e1bbi &#8222;Regisztr\u00e1lok&#8221; nyom\u00f3gombra kattintva megny\u00edl\u00f3 \u0171rlap seg\u00edts\u00e9g\u00e9vel tudnak Centrumunkba bejelentkezni. A regisztr\u00e1ci\u00f3val kapcsolatos k\u00e9rd\u00e9sekkel koll\u00e9g\u00e1inkat a <a href=\"mailto:regisztracio.arc@semmelweis.hu\">regisztracio.arc@semmelweis.hu<\/a> e-mail c\u00edmen \u00e9rhetik el. Tekintettel a regisztr\u00e1ci\u00f3s fel\u00fclet megnyit\u00e1sa \u00f3ta be\u00e9rkezett t\u00f6bb sz\u00e1z id\u0151pontk\u00e9r\u00e9sre, a hozz\u00e1nk jelentkez\u0151k sz\u00e1m\u00e1ra az \u00e9v els\u0151 fel\u00e9re tudunk regisztr\u00e1ci\u00f3s id\u0151pontot biztos\u00edtani. K\u00e9rj\u00fck csak ennek figyelembe v\u00e9tel\u00e9vel jelentkezzen regisztr\u00e1ci\u00f3ra! Kiv\u00e9telt k\u00e9peznek ez &hellip;<\/p>\n","protected":false},"author":101648,"featured_media":0,"parent":0,"menu_order":2,"comment_status":"closed","ping_status":"closed","template":"","meta":{"_acf_changed":false,"footnotes":""},"categories":[],"tags":[],"class_list":["post-1516","page","type-page","status-publish","hentry"],"acf":[],"_links":{"self":[{"href":"https:\/\/semmelweis.hu\/arc\/wp-json\/wp\/v2\/pages\/1516","targetHints":{"allow":["GET"]}}],"collection":[{"href":"https:\/\/semmelweis.hu\/arc\/wp-json\/wp\/v2\/pages"}],"about":[{"href":"https:\/\/semmelweis.hu\/arc\/wp-json\/wp\/v2\/types\/page"}],"author":[{"embeddable":true,"href":"https:\/\/semmelweis.hu\/arc\/wp-json\/wp\/v2\/users\/101648"}],"replies":[{"embeddable":true,"href":"https:\/\/semmelweis.hu\/arc\/wp-json\/wp\/v2\/comments?post=1516"}],"version-history":[{"count":11,"href":"https:\/\/semmelweis.hu\/arc\/wp-json\/wp\/v2\/pages\/1516\/revisions"}],"predecessor-version":[{"id":1591,"href":"https:\/\/semmelweis.hu\/arc\/wp-json\/wp\/v2\/pages\/1516\/revisions\/1591"}],"wp:attachment":[{"href":"https:\/\/semmelweis.hu\/arc\/wp-json\/wp\/v2\/media?parent=1516"}],"wp:term":[{"taxonomy":"category","embeddable":true,"href":"https:\/\/semmelweis.hu\/arc\/wp-json\/wp\/v2\/categories?post=1516"},{"taxonomy":"post_tag","embeddable":true,"href":"https:\/\/semmelweis.hu\/arc\/wp-json\/wp\/v2\/tags?post=1516"}],"curies":[{"name":"wp","href":"https:\/\/api.w.org\/{rel}","templated":true}]}}