{"id":1461,"date":"2022-06-26T13:43:35","date_gmt":"2022-06-26T11:43:35","guid":{"rendered":"https:\/\/semmelweis.hu\/arc\/?page_id=1461"},"modified":"2022-06-26T13:47:51","modified_gmt":"2022-06-26T11:47:51","slug":"rekonstruktiv-reproduktiv-medicina","status":"publish","type":"page","link":"https:\/\/semmelweis.hu\/arc\/ellatas\/rekonstruktiv-reproduktiv-medicina\/","title":{"rendered":"Rekonstrukt\u00edv Reprodukt\u00edv Medicina"},"content":{"rendered":"<p style=\"text-align: justify\">Rekonstrukt\u00edv Reprodukt\u00edv Medicina Centrumunk c\u00e9lja, hogy seg\u00edts\u00e9get ny\u00fajtson azoknak a p\u00e1roknak, akik a v\u00e1rand\u00f3ss\u00e1got term\u00e9szetes m\u00f3don, az assziszt\u00e1lt reprodukci\u00f3s elj\u00e1r\u00e1sok n\u00e9lk\u00fcl szeretn\u00e9k el\u00e9rni.\u00a0<\/p>\n<p style=\"text-align: justify\">M\u0171k\u00f6d\u00e9s\u00fcnk alapj\u00e1t a\u00a0Reprodukt\u00edv Helyre\u00e1ll\u00edt\u00f3 Orvosl\u00e1s (angolul <strong>R<\/strong>eproductive <strong>R<\/strong>estorative <strong>M<\/strong>edicine) k\u00e9pezi, amely\u00a0a term\u00e9kenys\u00e9get az eg\u00e9szs\u00e9g egyik jel\u00e9nek tekinti.\u00a0<\/p>\n<p style=\"text-align: justify\">Ha a\u00a0ciklust\u00e1bl\u00e1zat alapj\u00e1n a term\u00e9keny napokra id\u0151z\u00edtett, rendszeres h\u00e1zas\u00e9let mellett f\u00e9l \u00e9ven bel\u00fcl nem k\u00f6vetkezik be a k\u00edv\u00e1nt v\u00e1rand\u00f3ss\u00e1g, annak h\u00e1tter\u00e9ben, az esetek legnagyobb t\u00f6bbs\u00e9g\u00e9ben, valamilyen rendelleness\u00e9g \u00e1ll.\u00a0<\/p>\n<p style=\"text-align: justify\">\u00a0A term\u00e9kenys\u00e9gi kezel\u00e9ssel kapcsolatos c\u00e9lunk &#8211; ebb\u0151l ad\u00f3d\u00f3an &#8211; a h\u00e1tt\u00e9rben \u00e1ll\u00f3 okokat a legkorszer\u0171bb diagnosztikai m\u00f3dszerek seg\u00edts\u00e9g\u00e9vel felt\u00e1rni, kezelni, \u00e9s a reprodukt\u00edv eg\u00e9szs\u00e9g helyre\u00e1ll\u00edt\u00e1s\u00e1val az optim\u00e1lis felt\u00e9teleket megteremteni a spont\u00e1n v\u00e1rand\u00f3ss\u00e1gra illetve esetleges tov\u00e1bbi v\u00e1rand\u00f3ss\u00e1gokra.<\/p>\n<p style=\"text-align: justify\">Az RRM Centrumban dolgoz\u00f3 orvosok NaProTechnol\u00f3gia, FEMM Health, NeoFertility k\u00e9pz\u00e9s\u00e9t a Katolikus Szeretetszolg\u00e1lat t\u00e1mogatta \u00e9s nem vesznek r\u00e9szt assziszt\u00e1lt reprodukci\u00f3s ell\u00e1t\u00e1sban.<\/p>\n<p style=\"text-align: justify\"><strong>Az RRM\u00a0 kezel\u00e9s l\u00e9p\u00e9sei:<\/strong><\/p>\n<ol style=\"text-align: justify\">\n<li><strong>A diagn\u00f3zis fel\u00e1ll\u00edt\u00e1sa<\/strong><\/li>\n<\/ol>\n<p style=\"text-align: justify\">A kezel\u00e9s els\u0151 l\u00e9p\u00e9se, hogy meg\u00e1llap\u00edtjuk a term\u00e9ketlens\u00e9g illetve a vet\u00e9l\u00e9sek ok\u00e1t \/ okait. A diagn\u00f3zis fel\u00e1ll\u00edt\u00e1s\u00e1hoz elengedhetetlen\u00fcl sz\u00fcks\u00e9ges a n\u0151 ciklus\u00e1nak alapos megismer\u00e9se. Erre a szakk\u00e9pzett ciklusk\u00f6vet\u00e9s oktat\u00f3val val\u00f3 egyeztet\u00e9s ny\u00fajt lehet\u0151s\u00e9get, a <a href=\"http:\/\/www.cikluskovetes.hu\">www.cikluskovetes.hu<\/a> oldalon felsorolt oktat\u00f3k egyik\u00e9vel. A helyre\u00e1ll\u00edt\u00f3 orvosl\u00e1s szeml\u00e9let\u00e9t k\u00e9pvisel\u0151 orvos sz\u00e1m\u00e1ra a pontosan vezetett ciklust\u00e1bl\u00e1zat az els\u0151dleges diagnosztikai eszk\u00f6z. Ebb\u0151l m\u00e1r k\u00f6vetkeztetni tud k\u00fcl\u00f6nf\u00e9le, a term\u00e9kenys\u00e9get akad\u00e1lyoz\u00f3, illetve nehez\u00edt\u0151 rendelleness\u00e9gekre, betegs\u00e9gekre. Centrumunkban elfogadjuk a Creighton, FEMM Health, Billings, illetve Sensiplan m\u00f3dszerrel vezetett ciklust\u00e1bl\u00e1zatokat. Az els\u0151 orvosi konzult\u00e1ci\u00f3hoz elengedhetetlen egy erre k\u00e9pzett oktat\u00f3 fel\u00fcgyelete alatt v\u00e9gzett minimum k\u00e9t ciklusnyi, j\u00f3l vezetett feljegyz\u00e9s. A kivizsg\u00e1l\u00e1si folyamat sor\u00e1n a ciklust\u00e1bl\u00e1zat seg\u00edts\u00e9g\u00e9vel a vizsg\u00e1latokat a ciklushoz igaz\u00edtjuk. A k\u00e9s\u0151bbiekben pedig hasznos eszk\u00f6ze annak, hogy monitorozzuk az alkalmazott gy\u00f3gyszerek, ter\u00e1pi\u00e1k hat\u00e1s\u00e1t a ciklusra, term\u00e9kenys\u00e9gi folyamatra. A diagn\u00f3zis fel\u00e1ll\u00edt\u00e1s\u00e1hoz a legmodernebb eszk\u00f6z\u00f6ket alkalmazzuk, a kivizsg\u00e1l\u00e1s r\u00e9szek\u00e9nt\u00a0n\u0151gy\u00f3gy\u00e1szati, androl\u00f3giai, endokrinol\u00f3giai, hematol\u00f3giai, immunol\u00f3giai, pszichol\u00f3giai, seb\u00e9szeti okokat vizsg\u00e1lunk.\u00a0<\/p>\n<p style=\"text-align: justify\">\u00a0<\/p>\n<ol style=\"text-align: justify\">\n<li><strong>A probl\u00e9m\u00e1k orvosl\u00e1sa<\/strong><\/li>\n<\/ol>\n<p style=\"text-align: justify\">A fel\u00e1ll\u00edtott diagn\u00f3zis alapj\u00e1n megkezd\u0151dik a gy\u00f3gy\u00edt\u00e1s, amely esetenk\u00e9nt hosszabb folyamat is lehet. (pl. a megfelel\u0151 hormon\u00e9rt\u00e9kek be\u00e1ll\u00edt\u00e1sa t\u00f6bb h\u00f3napot is ig\u00e9nybe vehet, a sz\u00fcks\u00e9ges m\u0171t\u00e9tek elv\u00e9gz\u00e9se \u00e9s az azokb\u00f3l val\u00f3 teljes fel\u00e9p\u00fcl\u00e9s ideje, illetve a reprodukci\u00f3s potenci\u00e1l helyre\u00e1ll\u00e1sa is t\u00f6bb h\u00f3nap lehet)\u00a0<\/p>\n<p style=\"text-align: justify\">\u00a0<\/p>\n<ol style=\"text-align: justify\" start=\"3\">\n<li><strong>Term\u00e9szetes fogantat\u00e1s<br \/>\n<\/strong>Ha a medd\u0151s\u00e9get kiv\u00e1lt\u00f3 okokat felt\u00e1rjuk \u00e9s c\u00e9lzottan meggy\u00f3gy\u00edtjuk, akkor a fogan\u00e1s <strong>spont\u00e1n, term\u00e9szetes \u00faton is l\u00e9trej\u00f6het.<\/strong><\/li>\n<\/ol>\n<p style=\"text-align: justify\">\u00a0<\/p>\n<p style=\"text-align: justify\">Az ambulanci\u00e1n a t\u00e1rsadalombiztos\u00edt\u00e1si jogosults\u00e1ggal rendelkez\u0151 betegek ell\u00e1t\u00e1sa t\u00e9r\u00edt\u00e9smentes. Ebben benne foglaltatik a komplex, szem\u00e9lyre szabott kivizsg\u00e1l\u00e1s, laborat\u00f3riumi vizsg\u00e1latok, konzult\u00e1ci\u00f3k, k\u00e9palkot\u00f3 vizsg\u00e1latok, illetve sz\u00fcks\u00e9g eset\u00e9n a helyre\u00e1ll\u00edt\u00f3 m\u0171t\u00e9tek.<\/p>\n<p style=\"text-align: justify\">A hat\u00e1lyos jogszab\u00e1lyok alapj\u00e1n kiemelt gy\u00f3gyszer t\u00e1mogat\u00e1s csak a NEAK-n\u00e1l regisztr\u00e1lt assziszt\u00e1lt reprodukci\u00f3s programban r\u00e9szt vev\u0151 betegeknek adhat\u00f3 inszemin\u00e1ci\u00f3s \u00e9s IVF kezel\u00e9s kapcs\u00e1n. Id\u0151z\u00edtett egy\u00fcttl\u00e9t stimul\u00e1ci\u00f3j\u00e1ra haszn\u00e1lt gy\u00f3gyszerek csak \u00e1ltal\u00e1nos t\u00e1mogat\u00e1ssal rendelhet\u0151ek.<\/p>\n<p style=\"text-align: justify\">\u00a0<\/p>\n<p><strong>Centrumunkban a<\/strong>zokat a 20-37 \u00e9v k\u00f6z\u00f6tti h\u00e1zasp\u00e1rokat fogadjuk, akik:<\/p>\n<p>\u2013 m\u00e1shol nem \u00e1llnak medd\u0151s\u00e9gi gondoz\u00e1sban,<\/p>\n<p>\u2013 kivizsg\u00e1l\u00e1suk m\u00e9g nem t\u00f6rt\u00e9nt meg,<\/p>\n<p>\u2013 rendszeres egy\u00fcttl\u00e9tek mellett f\u00e9l-egy \u00e9v alatt nem k\u00f6vetkezett be v\u00e1rand\u00f3ss\u00e1g<\/p>\n<p>\u2013 most d\u00f6nt\u00f6ttek a gyermekv\u00e1llal\u00e1s mellett, de olyan betegs\u00e9g\u00fck van, ami a fogantat\u00e1st megel\u0151z\u0151 gy\u00f3gyszeres be\u00e1ll\u00edt\u00e1st illetve m\u0171t\u00e9ti kezel\u00e9st ig\u00e9nyel,<\/p>\n<p>\u2013 legal\u00e1bb k\u00e9t ciklus \u00f3ta alkalmazz\u00e1k valamelyik ciklusk\u00f6vet\u00e9si m\u00f3dszert.<\/p>\n","protected":false},"excerpt":{"rendered":"<p>Rekonstrukt\u00edv Reprodukt\u00edv Medicina Centrumunk c\u00e9lja, hogy seg\u00edts\u00e9get ny\u00fajtson azoknak a p\u00e1roknak, akik a v\u00e1rand\u00f3ss\u00e1got term\u00e9szetes m\u00f3don, az assziszt\u00e1lt reprodukci\u00f3s elj\u00e1r\u00e1sok n\u00e9lk\u00fcl szeretn\u00e9k el\u00e9rni.\u00a0 M\u0171k\u00f6d\u00e9s\u00fcnk alapj\u00e1t a\u00a0Reprodukt\u00edv Helyre\u00e1ll\u00edt\u00f3 Orvosl\u00e1s (angolul Reproductive Restorative Medicine) k\u00e9pezi, amely\u00a0a term\u00e9kenys\u00e9get az eg\u00e9szs\u00e9g egyik jel\u00e9nek tekinti.\u00a0 Ha a\u00a0ciklust\u00e1bl\u00e1zat alapj\u00e1n a term\u00e9keny napokra id\u0151z\u00edtett, rendszeres h\u00e1zas\u00e9let mellett f\u00e9l \u00e9ven bel\u00fcl nem k\u00f6vetkezik &hellip;<\/p>\n","protected":false},"author":101648,"featured_media":0,"parent":901,"menu_order":4,"comment_status":"closed","ping_status":"closed","template":"","meta":{"_acf_changed":false,"footnotes":""},"categories":[],"tags":[],"class_list":["post-1461","page","type-page","status-publish","hentry"],"acf":[],"_links":{"self":[{"href":"https:\/\/semmelweis.hu\/arc\/wp-json\/wp\/v2\/pages\/1461","targetHints":{"allow":["GET"]}}],"collection":[{"href":"https:\/\/semmelweis.hu\/arc\/wp-json\/wp\/v2\/pages"}],"about":[{"href":"https:\/\/semmelweis.hu\/arc\/wp-json\/wp\/v2\/types\/page"}],"author":[{"embeddable":true,"href":"https:\/\/semmelweis.hu\/arc\/wp-json\/wp\/v2\/users\/101648"}],"replies":[{"embeddable":true,"href":"https:\/\/semmelweis.hu\/arc\/wp-json\/wp\/v2\/comments?post=1461"}],"version-history":[{"count":1,"href":"https:\/\/semmelweis.hu\/arc\/wp-json\/wp\/v2\/pages\/1461\/revisions"}],"predecessor-version":[{"id":1462,"href":"https:\/\/semmelweis.hu\/arc\/wp-json\/wp\/v2\/pages\/1461\/revisions\/1462"}],"up":[{"embeddable":true,"href":"https:\/\/semmelweis.hu\/arc\/wp-json\/wp\/v2\/pages\/901"}],"wp:attachment":[{"href":"https:\/\/semmelweis.hu\/arc\/wp-json\/wp\/v2\/media?parent=1461"}],"wp:term":[{"taxonomy":"category","embeddable":true,"href":"https:\/\/semmelweis.hu\/arc\/wp-json\/wp\/v2\/categories?post=1461"},{"taxonomy":"post_tag","embeddable":true,"href":"https:\/\/semmelweis.hu\/arc\/wp-json\/wp\/v2\/tags?post=1461"}],"curies":[{"name":"wp","href":"https:\/\/api.w.org\/{rel}","templated":true}]}}