{"id":1382,"date":"2021-10-19T18:31:46","date_gmt":"2021-10-19T16:31:46","guid":{"rendered":"https:\/\/semmelweis.hu\/arc\/?page_id=1382"},"modified":"2024-02-08T19:35:49","modified_gmt":"2024-02-08T18:35:49","slug":"alapitvany","status":"publish","type":"page","link":"https:\/\/semmelweis.hu\/arc\/alapitvany\/","title":{"rendered":"Alap\u00edtv\u00e1ny"},"content":{"rendered":"<h1 style=\"text-align: center\"><span style=\"font-size: 18pt\"><strong><img loading=\"lazy\" decoding=\"async\" class=\"alignleft wp-image-1386 \" src=\"https:\/\/semmelweis.hu\/arc\/files\/2021\/10\/G\u00f3lyav\u00e1r\u00f3-logo-178x400.jpg\" alt=\"\" width=\"127\" height=\"285\" srcset=\"https:\/\/semmelweis.hu\/arc\/files\/2021\/10\/G\u00f3lyav\u00e1r\u00f3-logo-178x400.jpg 178w, https:\/\/semmelweis.hu\/arc\/files\/2021\/10\/G\u00f3lyav\u00e1r\u00f3-logo.jpg 285w\" sizes=\"auto, (max-width: 127px) 100vw, 127px\" \/><\/strong><\/span>G\u00f3lyav\u00e1r\u00f3 Alap\u00edtv\u00e1ny a v\u00e1gyott gyermekek\u00e9rt<\/h1>\n<p>Semmelweis Egyetem Assziszt\u00e1lt Reprodukci\u00f3s Centrum\u00e1ban mindannyian az\u00e9rt dolgozunk, hogy a gyermek\u00e1ld\u00e1sra v\u00e1r\u00f3 p\u00e1rokat, \u00d6n\u00f6ket szakszer\u0171, lelkes munk\u00e1val, a legkorszer\u0171bb szeml\u00e9lettel \u00e9s eszk\u00f6z\u00f6kkel miel\u0151bb a v\u00e1gyott gyermekekhez seg\u00edts\u00fck.<\/p>\n<p>Ehhez eddig is igyekezt\u00fcnk \u2013 \u00e9s a j\u00f6v\u0151ben is szeretn\u00e9nk \u2013 mindent itt, egy helyen megteremteni, de az eg\u00e9szs\u00e9g\u00fcgy eme rohamosan fejl\u0151d\u0151 szakter\u00fclet\u00e9n mindig van lehet\u0151s\u00e9g szakmai \u00e9s technol\u00f3giai meg\u00fajul\u00e1sra. Ennek t\u00e1mogat\u00e1s\u00e1ra hoztuk l\u00e9tre a G\u00f3lyav\u00e1r\u00f3 Alap\u00edtv\u00e1nyt, melyet ez\u00faton is szeretn\u00e9nk bemutatni \u00d6n\u00f6knek.<\/p>\n<h4>AZ ALAP\u00cdTV\u00c1NY LEGFONTOSABB C\u00c9LJAI, T\u00c1MOGAT\u00c1SI TER\u00dcLETEI:<\/h4>\n<ul>\n<li>A Centrum eg\u00e9szs\u00e9g\u00fcgyi g\u00e9p- \u00e9s m\u0171szerbeszerz\u00e9seinek t\u00e1mogat\u00e1sa, m\u0171szerezetts\u00e9g\u00e9nek fejleszt\u00e9se<\/li>\n<li>Orvosaink, biol\u00f3gusaink \u00e9s asszisztenseink szakmai tov\u00e1bbk\u00e9pz\u00e9se<\/li>\n<li>A medd\u0151s\u00e9ggel, assziszt\u00e1lt reprodukci\u00f3val kapcsolatos projektek, rendezv\u00e9nyek, dokumentumok t\u00e1mogat\u00e1sa<\/li>\n<li>A tudom\u00e1nyos tev\u00e9kenys\u00e9g \u00e9s kutat\u00e1sok el\u0151seg\u00edt\u00e9se<\/li>\n<\/ul>\n<p>Amennyiben el\u00e9gedettek munk\u00e1nkkal, egyet\u00e9rtenek Alap\u00edtv\u00e1nyunk c\u00e9ljaival \u00e9s m\u00f3djukban \u00e1ll, \u00fagy k\u00e9rj\u00fck, t\u00e1mogass\u00e1k a G\u00f3lyav\u00e1r\u00f3 Alap\u00edtv\u00e1nyt a v\u00e1gyott gyermekek\u00e9rt!<br \/>\nAz alap\u00edtv\u00e1ny t\u00e1mogat\u00e1sa \u00f6nk\u00e9ntes. T\u00e1mogat\u00f3ink nem \u00e9lveznek el\u0151nyt az ell\u00e1t\u00e1shoz val\u00f3 hozz\u00e1f\u00e9r\u00e9sben, a kezel\u00e9s min\u0151s\u00e9g\u00e9ben.<\/p>\n<p>Felaj\u00e1nl\u00e1saikat az ERSTE bankn\u00e1l vezetett <strong>11600006-00000000-94326927<\/strong> sz\u00e1m\u00fa banksz\u00e1ml\u00e1nkra k\u00fcldhetik.<br \/>\n<strong>Alap\u00edtv\u00e1nyunk 2023. szeptember 15-t\u0151l megkapta a k\u00f6zhaszn\u00fa alap\u00edtv\u00e1ny min\u0151s\u00edt\u00e9st \u00e9s a 2024. \u00e9vben m\u00e1r fogadhatja a szem\u00e9lyi j\u00f6vedelemad\u00f3 1%-\u00e1t is!<\/strong><\/p>\n<p><strong>Az Alap\u00edtv\u00e1ny ad\u00f3sz\u00e1ma: 19294739-1-42<\/strong><\/p>\n<p>\nK\u00f6sz\u00f6nettel, az ARC csapata<\/p>\n","protected":false},"excerpt":{"rendered":"<p>G\u00f3lyav\u00e1r\u00f3 Alap\u00edtv\u00e1ny a v\u00e1gyott gyermekek\u00e9rt Semmelweis Egyetem Assziszt\u00e1lt Reprodukci\u00f3s Centrum\u00e1ban mindannyian az\u00e9rt dolgozunk, hogy a gyermek\u00e1ld\u00e1sra v\u00e1r\u00f3 p\u00e1rokat, \u00d6n\u00f6ket szakszer\u0171, lelkes munk\u00e1val, a legkorszer\u0171bb szeml\u00e9lettel \u00e9s eszk\u00f6z\u00f6kkel miel\u0151bb a v\u00e1gyott gyermekekhez seg\u00edts\u00fck. Ehhez eddig is igyekezt\u00fcnk \u2013 \u00e9s a j\u00f6v\u0151ben is szeretn\u00e9nk \u2013 mindent itt, egy helyen megteremteni, de az eg\u00e9szs\u00e9g\u00fcgy eme rohamosan fejl\u0151d\u0151 szakter\u00fclet\u00e9n &hellip;<\/p>\n","protected":false},"author":101648,"featured_media":0,"parent":0,"menu_order":9,"comment_status":"closed","ping_status":"closed","template":"","meta":{"_acf_changed":false,"footnotes":""},"categories":[],"tags":[],"class_list":["post-1382","page","type-page","status-publish","hentry"],"acf":[],"_links":{"self":[{"href":"https:\/\/semmelweis.hu\/arc\/wp-json\/wp\/v2\/pages\/1382","targetHints":{"allow":["GET"]}}],"collection":[{"href":"https:\/\/semmelweis.hu\/arc\/wp-json\/wp\/v2\/pages"}],"about":[{"href":"https:\/\/semmelweis.hu\/arc\/wp-json\/wp\/v2\/types\/page"}],"author":[{"embeddable":true,"href":"https:\/\/semmelweis.hu\/arc\/wp-json\/wp\/v2\/users\/101648"}],"replies":[{"embeddable":true,"href":"https:\/\/semmelweis.hu\/arc\/wp-json\/wp\/v2\/comments?post=1382"}],"version-history":[{"count":10,"href":"https:\/\/semmelweis.hu\/arc\/wp-json\/wp\/v2\/pages\/1382\/revisions"}],"predecessor-version":[{"id":1498,"href":"https:\/\/semmelweis.hu\/arc\/wp-json\/wp\/v2\/pages\/1382\/revisions\/1498"}],"wp:attachment":[{"href":"https:\/\/semmelweis.hu\/arc\/wp-json\/wp\/v2\/media?parent=1382"}],"wp:term":[{"taxonomy":"category","embeddable":true,"href":"https:\/\/semmelweis.hu\/arc\/wp-json\/wp\/v2\/categories?post=1382"},{"taxonomy":"post_tag","embeddable":true,"href":"https:\/\/semmelweis.hu\/arc\/wp-json\/wp\/v2\/tags?post=1382"}],"curies":[{"name":"wp","href":"https:\/\/api.w.org\/{rel}","templated":true}]}}