{"id":1121,"date":"2020-01-20T12:36:14","date_gmt":"2020-01-20T11:36:14","guid":{"rendered":"http:\/\/semmelweis.hu\/arc\/?page_id=1121"},"modified":"2021-10-20T12:19:25","modified_gmt":"2021-10-20T10:19:25","slug":"ferfi_meddoseg","status":"publish","type":"page","link":"https:\/\/semmelweis.hu\/arc\/ellatas\/meddoseg\/ferfi_meddoseg\/","title":{"rendered":"F\u00e9rfi medd\u0151s\u00e9g okai"},"content":{"rendered":"<p>A f\u00e9rfiak megterm\u00e9keny\u00edt\u0151 k\u00e9pess\u00e9ge a sperma min\u0151s\u00e9g\u00e9n, mennyis\u00e9g\u00e9n m\u00falik. A sperm\u00e1t az ond\u00f3folyad\u00e9k \u00e9s a spermiumok alkotj\u00e1k. Az ond\u00f3folyad\u00e9kot a prosztata \u00e9s az ond\u00f3h\u00f3lyag termeli \u00e9s az ond\u00f3vezet\u00e9ken \u00e1t, a h\u00fagycs\u00f6v\u00f6n kereszt\u00fcl t\u00e1vozik ejakul\u00e1ci\u00f3kor. A spermiumok a her\u00e9k csatorn\u00e1iban (kb. 88 napos ciklusban) termel\u0151dnek majd a mell\u00e9kher\u00e9kben \u00e9rnek \u00e9s innen ker\u00fclnek az ond\u00f3vezet\u00e9kbe ejakul\u00e1ci\u00f3kor. A h\u00edmivarsejt termel\u00e9st a k\u00f6ztiagy, az agyalapi mirigy \u00e9s a here hormon\u00e1lis termel\u00e9se szab\u00e1lyozza. Ez szab\u00e1lyozza a f\u00e9rfiak szexu\u00e1lis m\u0171k\u00f6d\u00e9s\u00e9t is (erekci\u00f3).<\/p>\n<p>Ezen szervek, szervrendszerek megbeteged\u00e9sei, s\u00e9r\u00fcl\u00e9sei v\u00e9geredm\u00e9nyben a spermiumok min\u0151s\u00e9g\u00e9t, mennyis\u00e9g\u00e9t, mozg\u00e9konys\u00e1g\u00e1t cs\u00f6kkenthetik, az ond\u00f3 \u00f6sszet\u00e9tel\u00e9t, mennyis\u00e9g\u00e9t befoly\u00e1solhatj\u00e1k negat\u00edv ir\u00e1nyba, ami a term\u00e9keny\u00edt\u0151k\u00e9pess\u00e9get cs\u00f6kkenti.<\/p>\n<p><strong>A cs\u00f6kkent fertilit\u00e1s okai lehetnek:<\/strong><\/p>\n<p>&#8211;\u00a0\u00a0\u00a0\u00a0\u00a0\u00a0\u00a0\u00a0\u00a0\u00a0eg\u00e9szs\u00e9gi \u00e1llapotok: kor\u00e1bbi s\u00e9r\u00fcl\u00e9sek, m\u0171t\u00e9t, daganatos megbeteged\u00e9sek, fert\u0151z\u00e9sek, gyullad\u00e1sok, nem kezelt g\u00f3cpontok, egyes kr\u00f3nikus betegs\u00e9gek (m\u00e1j, vese), vazekt\u00f3mia<\/p>\n<p>&#8211;\u00a0\u00a0\u00a0\u00a0\u00a0\u00a0\u00a0\u00a0\u00a0\u00a0hormonegyens\u00faly zavarai: p\u00e9ld\u00e1ul a hipogonadizmus (alulfejlett her\u00e9k) vezethet tesztoszteron-szint cs\u00f6kken\u00e9s\u00e9hez, h\u00edmivarsejtek \u00e9r\u00e9si g\u00e1tl\u00e1sa<\/p>\n<p>&#8211;\u00a0\u00a0\u00a0\u00a0\u00a0\u00a0\u00a0\u00a0\u00a0\u00a0t\u00falhev\u00edtett her\u00e9k: herelesz\u00e1ll\u00e1si zavarok, here vissz\u00e9rt\u00e1gulat (varikocele), t\u00fal szoros ruh\u00e1zat, gyakori szauna-haszn\u00e1lat \u00e9s\/vagy melegvizes f\u00fcrd\u0151z\u00e9s, t\u00fal meleg munkahelyi k\u00f6r\u00fclm\u00e9nyek okozhatj\u00e1k a her\u00e9k t\u00falmeleged\u00e9s\u00e9t<\/p>\n<p>&#8211;\u00a0\u00a0\u00a0\u00a0\u00a0\u00a0\u00a0\u00a0\u00a0\u00a0\u00a0fejl\u0151d\u00e9si rendelleness\u00e9gek, \u00f6r\u00f6kl\u0151d\u0151 genetikai betegs\u00e9gek, immunol\u00f3giai okok<\/p>\n<p>&#8211;\u00a0\u00a0\u00a0\u00a0\u00a0\u00a0\u00a0\u00a0\u00a0\u00a0\u00e9letm\u00f3dbeli t\u00e9nyez\u0151k: extr\u00e9m elh\u00edz\u00e1s, dopping, szteroidok, t\u00falzott alkohol-fogyazst\u00e1s (napi egy alkoholos italelfogyaszt\u00e1sa elfogadhat\u00f3), doh\u00e1nyz\u00e1s, k\u00e1b\u00edt\u00f3szer-haszn\u00e1lat, a rendszeres testmozg\u00e1s hi\u00e1nya<\/p>\n<p>&#8211;\u00a0\u00a0\u00a0\u00a0\u00a0\u00a0\u00a0\u00a0\u00a0\u00a0Stressz: a szervezet naponta ki van t\u00e9ve a k\u00f6rnyezet\u00fcnkb\u0151l \u00e9rkez\u0151, k\u00fcls\u0151 stressznek (munkahelyi, csal\u00e1di probl\u00e9m\u00e1k, p\u00e9nz\u00fcgyi gondok stb.) \u00e9s a szervezetben keletkez\u0151 bels\u0151 stressznek (betegs\u00e9gek, , akut \u00e9s\/vagy kr\u00f3nikus gyullad\u00e1sok, g\u00f3cpontok, v\u00e9rcukorszint-ingadoz\u00e1s, v\u00e9rnyom\u00e1s-ingadoz\u00e1s, stb.)<\/p>\n<p>&#8211;\u00a0\u00a0\u00a0\u00a0\u00a0\u00a0\u00a0\u00a0\u00a0\u00a0lelki, pszich\u00e9s terhel\u00e9s: a megterm\u00e9keny\u00edt\u0151-k\u00e9pess\u00e9get lelki folyamatok is g\u00e1tolhatj\u00e1k, a sz\u00fcl\u0151v\u00e9 (ap\u00e1v\u00e1) v\u00e1l\u00e1s egy komoly lelki folyamat. \u00c9rdemes szakemberhez (pszichol\u00f3gus, egy\u00e9b ter\u00e1pi\u00e1s szakemberek) fordulni, ha a fogamz\u00e1s elmarad\u00e1s\u00e1nak semmilyen ok\u00e1t nem tal\u00e1lj\u00e1k<\/p>\n<p>&#8211;\u00a0\u00a0\u00a0\u00a0\u00a0\u00a0\u00a0\u00a0\u00a0\u00a0szexu\u00e1lis zavarok: potencia zavarok, impotencia, mereved\u00e9si zavarok, ejakul\u00e1ci\u00f3s zavarok \u00a0fordulhatnak el\u0151 az \u00f6reged\u00e9ssel \u00e9s bizonyos betegs\u00e9gek, \u00e1llapotok, gy\u00f3gyszerszed\u00e9s k\u00f6vetkezm\u00e9nyek\u00e9nt is<\/p>\n<p>&#8211;\u00a0\u00a0\u00a0\u00a0\u00a0\u00a0\u00a0\u00a0\u00a0\u00a0egy\u00e9b ismeretlen eredet\u0171 medd\u0151s\u00e9g: ilyen esetekben nincs konkr\u00e9t felder\u00edthet\u0151 oka a probl\u00e9m\u00e1nak. Ilyenkor el\u0151fordulhat, hogy sok, eg\u00e9szen kism\u00e9rt\u00e9k\u0171 elt\u00e9r\u00e9s ad\u00f3dik \u00f6ssze \u00e9s okoz gondot<\/p>\n<p style=\"font-weight: 400\">&#8211;\u00a0\u00a0\u00a0\u00a0\u00a0\u00a0\u00a0\u00a0\u00a0\u00a0DNS fragment\u00e1ci\u00f3: az \u00f6r\u00f6k\u00edt\u0151anyag (DNS) s\u00e9r\u00fcl\u00e9se a spermiumban. A feljebb felsorolt okok mind el\u0151d\u00e9zhetik a DNS s\u00e9r\u00fcl\u00e9s\u00e9t a folyamatosan termel\u0151d\u0151 speriumokban<\/p>\n<p><strong>Megel\u0151z\u00e9s:<\/strong><\/p>\n<p style=\"font-weight: 400\">Norm\u00e1lis tests\u00faly megtart\u00e1sa\/el\u00e9r\u00e9se, doh\u00e1nyz\u00e1s abbahagy\u00e1sa, az alkohol-fogyaszt\u00e1s kontroll\u00e1l\u00e1sa, t\u00e1pl\u00e1lkoz\u00e1s rendez\u00e9se, rendszeres testmozg\u00e1s bevezet\u00e9se, laz\u00e1bb als\u00f3ruh\u00e1zat, her\u00e9k rendszeres t\u00falmeleged\u00e9s\u00e9nek elker\u00fcl\u00e9se, stresszcs\u00f6kkent\u00e9s \u00e9s\/vagy stresszkezel\u00e9s, lelki\/pszich\u00e9s h\u00e1tt\u00e9r felt\u00e9rk\u00e9pez\u00e9se szakember seg\u00edts\u00e9g\u00e9vel.<\/p>\n","protected":false},"excerpt":{"rendered":"<p>A f\u00e9rfiak megterm\u00e9keny\u00edt\u0151 k\u00e9pess\u00e9ge a sperma min\u0151s\u00e9g\u00e9n, mennyis\u00e9g\u00e9n m\u00falik. A sperm\u00e1t az ond\u00f3folyad\u00e9k \u00e9s a spermiumok alkotj\u00e1k. Az ond\u00f3folyad\u00e9kot a prosztata \u00e9s az ond\u00f3h\u00f3lyag termeli \u00e9s az ond\u00f3vezet\u00e9ken \u00e1t, a h\u00fagycs\u00f6v\u00f6n kereszt\u00fcl t\u00e1vozik ejakul\u00e1ci\u00f3kor. A spermiumok a her\u00e9k csatorn\u00e1iban (kb. 88 napos ciklusban) termel\u0151dnek majd a mell\u00e9kher\u00e9kben \u00e9rnek \u00e9s innen ker\u00fclnek az ond\u00f3vezet\u00e9kbe ejakul\u00e1ci\u00f3kor. A &hellip;<\/p>\n","protected":false},"author":101648,"featured_media":0,"parent":900,"menu_order":1,"comment_status":"closed","ping_status":"closed","template":"","meta":{"_acf_changed":false,"footnotes":""},"categories":[],"tags":[],"class_list":["post-1121","page","type-page","status-publish","hentry"],"acf":[],"_links":{"self":[{"href":"https:\/\/semmelweis.hu\/arc\/wp-json\/wp\/v2\/pages\/1121","targetHints":{"allow":["GET"]}}],"collection":[{"href":"https:\/\/semmelweis.hu\/arc\/wp-json\/wp\/v2\/pages"}],"about":[{"href":"https:\/\/semmelweis.hu\/arc\/wp-json\/wp\/v2\/types\/page"}],"author":[{"embeddable":true,"href":"https:\/\/semmelweis.hu\/arc\/wp-json\/wp\/v2\/users\/101648"}],"replies":[{"embeddable":true,"href":"https:\/\/semmelweis.hu\/arc\/wp-json\/wp\/v2\/comments?post=1121"}],"version-history":[{"count":2,"href":"https:\/\/semmelweis.hu\/arc\/wp-json\/wp\/v2\/pages\/1121\/revisions"}],"predecessor-version":[{"id":1123,"href":"https:\/\/semmelweis.hu\/arc\/wp-json\/wp\/v2\/pages\/1121\/revisions\/1123"}],"up":[{"embeddable":true,"href":"https:\/\/semmelweis.hu\/arc\/wp-json\/wp\/v2\/pages\/900"}],"wp:attachment":[{"href":"https:\/\/semmelweis.hu\/arc\/wp-json\/wp\/v2\/media?parent=1121"}],"wp:term":[{"taxonomy":"category","embeddable":true,"href":"https:\/\/semmelweis.hu\/arc\/wp-json\/wp\/v2\/categories?post=1121"},{"taxonomy":"post_tag","embeddable":true,"href":"https:\/\/semmelweis.hu\/arc\/wp-json\/wp\/v2\/tags?post=1121"}],"curies":[{"name":"wp","href":"https:\/\/api.w.org\/{rel}","templated":true}]}}