{"id":1013,"date":"2019-10-14T21:09:48","date_gmt":"2019-10-14T19:09:48","guid":{"rendered":"http:\/\/semmelweis.hu\/arc\/?page_id=1013"},"modified":"2021-10-20T12:24:15","modified_gmt":"2021-10-20T10:24:15","slug":"inszeminacio","status":"publish","type":"page","link":"https:\/\/semmelweis.hu\/arc\/ellatas\/inszeminacio\/","title":{"rendered":"Inszemin\u00e1ci\u00f3"},"content":{"rendered":"<p><span style=\"font-weight: 400\">Az assziszt\u00e1lt reprodukci\u00f3s technik\u00e1k egyik egyszer\u0171bb form\u00e1ja, amikor azzal seg\u00edtj\u00fck a terhess\u00e9g l\u00e9trej\u00f6tt\u00e9t, hogy a t\u00fcsz\u0151\u00e9r\u00e9st monitorozva a megfelel\u0151 id\u0151ben egy kat\u00e9ter seg\u00edts\u00e9g\u00e9vel a m\u00e9h \u00fcreg\u00e9be helyezz\u00fck az el\u0151kezelt spermiumokat.<\/span><\/p>\n<p><em>1. T\u00fcsz\u0151\u00e9r\u00e9s k\u00f6vet\u00e9se (ciklusmonitoriz\u00e1l\u00e1s) vagy a t\u00fcsz\u0151\u00e9r\u00e9s gy\u00f3gyszeres el\u0151seg\u00edt\u00e9se (ovul\u00e1ci\u00f3 indukci\u00f3)<\/em><\/p>\n<p>Az inszemin\u00e1ci\u00f3t a t\u00fcsz\u0151reped\u00e9s ideje k\u00f6r\u00fcl kell elv\u00e9gezni. Ennek \u00e9rdek\u00e9ben sz\u00fcks\u00e9ges a t\u00fcsz\u0151\u00e9r\u00e9s folyamat\u00e1nak ultrahang vizsg\u00e1lattal vagy m\u00e1s, a kezel\u0151orvos \u00e1ltal el\u0151\u00edrt m\u00f3don t\u00f6rt\u00e9n\u0151 k\u00f6vet\u00e9se \u00e9s a t\u00fcsz\u0151reped\u00e9s idej\u00e9nek meghat\u00e1roz\u00e1sa. Bizonyos esetekben a t\u00fcsz\u0151\u00e9r\u00e9s el\u0151id\u00e9z\u00e9s\u00e9re vagy az elj\u00e1r\u00e1s sikeress\u00e9g\u00e9nek n\u00f6vel\u00e9se \u00e9rdek\u00e9ben a pete\u00e9r\u00e9st serkent\u0151 gy\u00f3gyszerek\/injekci\u00f3k, a t\u00fcsz\u0151reped\u00e9st el\u0151id\u00e9z\u0151 injekci\u00f3, illetve a megterm\u00e9keny\u00fclt petesejt sikeres be\u00e1gyaz\u00f3d\u00e1s\u00e1t seg\u00edt\u0151 gy\u00f3gyszerek\/injekci\u00f3k ad\u00e1s\u00e1ra van sz\u00fcks\u00e9g a kezel\u0151orvos \u00e1ltal el\u0151\u00edrt m\u00f3don (ovul\u00e1ci\u00f3 indukci\u00f3).<\/p>\n<p><em>2. Spermaminta ad\u00e1sa \u00e9s annak laborat\u00f3riumi feldolgoz\u00e1sa<\/em><\/p>\n<p>\u00a0A kezel\u00e9s napj\u00e1n a h\u00e1zas(\u00e9let)t\u00e1rsnak ond\u00f3mint\u00e1t kell adnia. A mintaad\u00e1s t\u00f6rt\u00e9nhet a helysz\u00ednen, illetve a megfelel\u0151 el\u0151\u00edr\u00e1sok betart\u00e1sa mellett lehet otthonr\u00f3l hozott. A mint\u00e1t a laborat\u00f3rium feldolgozza (prepar\u00e1lja), melynek sor\u00e1n az akt\u00edv, j\u00f3l mozg\u00f3 spermiumok elv\u00e1laszt\u00e1sra ker\u00fclnek a nem mozg\u00f3 spermiumokt\u00f3l \u00e9s az ond\u00f3folyad\u00e9k egy\u00e9b alkot\u00f3elemeit\u0151l, az akt\u00edv spermiumok kigy\u0171jt\u00e9sre ker\u00fclnek, \u00e9s a minta \u00e9rt\u00e9kel\u00e9sre ker\u00fcl.<\/p>\n<p><em>3. A feldolgozott spermaminta felhelyez\u00e9se<\/em><\/p>\n<p>\u00a0A laborat\u00f3riumi feldolgoz\u00e1st k\u00f6vet\u0151en n\u0151gy\u00f3gy\u00e1szati vizsg\u00e1latnak megfelel\u0151 helyzetben h\u00fcvelyt\u00fck\u00f6r seg\u00edts\u00e9g\u00e9vel l\u00e1t\u00f3t\u00e9rbe hozzuk a m\u00e9hnyakat, majd v\u00e9kony kat\u00e9tert vezet\u00fcnk a m\u00e9hnyakcsatorn\u00e1n kereszt\u00fcl a m\u00e9h\u00fcregbe, \u00e9s a feldolgozott spermamint\u00e1t a m\u00e9h\u00fcregbe fecskendezz\u00fck. R\u00f6vid pihen\u0151t k\u00f6vet\u0151en a p\u00e1ciens t\u00e1vozhat a Centrumb\u00f3l \u00e9s norm\u00e1l \u00e9letvitelt \u00e9lhet.<\/p>\n","protected":false},"excerpt":{"rendered":"<p>Az assziszt\u00e1lt reprodukci\u00f3s technik\u00e1k egyik egyszer\u0171bb form\u00e1ja, amikor azzal seg\u00edtj\u00fck a terhess\u00e9g l\u00e9trej\u00f6tt\u00e9t, hogy a t\u00fcsz\u0151\u00e9r\u00e9st monitorozva a megfelel\u0151 id\u0151ben egy kat\u00e9ter seg\u00edts\u00e9g\u00e9vel a m\u00e9h \u00fcreg\u00e9be helyezz\u00fck az el\u0151kezelt spermiumokat. 1. T\u00fcsz\u0151\u00e9r\u00e9s k\u00f6vet\u00e9se (ciklusmonitoriz\u00e1l\u00e1s) vagy a t\u00fcsz\u0151\u00e9r\u00e9s gy\u00f3gyszeres el\u0151seg\u00edt\u00e9se (ovul\u00e1ci\u00f3 indukci\u00f3) Az inszemin\u00e1ci\u00f3t a t\u00fcsz\u0151reped\u00e9s ideje k\u00f6r\u00fcl kell elv\u00e9gezni. Ennek \u00e9rdek\u00e9ben sz\u00fcks\u00e9ges a t\u00fcsz\u0151\u00e9r\u00e9s folyamat\u00e1nak &hellip;<\/p>\n","protected":false},"author":101648,"featured_media":0,"parent":901,"menu_order":1,"comment_status":"closed","ping_status":"closed","template":"","meta":{"_acf_changed":false,"footnotes":""},"categories":[],"tags":[],"class_list":["post-1013","page","type-page","status-publish","hentry"],"acf":[],"_links":{"self":[{"href":"https:\/\/semmelweis.hu\/arc\/wp-json\/wp\/v2\/pages\/1013","targetHints":{"allow":["GET"]}}],"collection":[{"href":"https:\/\/semmelweis.hu\/arc\/wp-json\/wp\/v2\/pages"}],"about":[{"href":"https:\/\/semmelweis.hu\/arc\/wp-json\/wp\/v2\/types\/page"}],"author":[{"embeddable":true,"href":"https:\/\/semmelweis.hu\/arc\/wp-json\/wp\/v2\/users\/101648"}],"replies":[{"embeddable":true,"href":"https:\/\/semmelweis.hu\/arc\/wp-json\/wp\/v2\/comments?post=1013"}],"version-history":[{"count":5,"href":"https:\/\/semmelweis.hu\/arc\/wp-json\/wp\/v2\/pages\/1013\/revisions"}],"predecessor-version":[{"id":1086,"href":"https:\/\/semmelweis.hu\/arc\/wp-json\/wp\/v2\/pages\/1013\/revisions\/1086"}],"up":[{"embeddable":true,"href":"https:\/\/semmelweis.hu\/arc\/wp-json\/wp\/v2\/pages\/901"}],"wp:attachment":[{"href":"https:\/\/semmelweis.hu\/arc\/wp-json\/wp\/v2\/media?parent=1013"}],"wp:term":[{"taxonomy":"category","embeddable":true,"href":"https:\/\/semmelweis.hu\/arc\/wp-json\/wp\/v2\/categories?post=1013"},{"taxonomy":"post_tag","embeddable":true,"href":"https:\/\/semmelweis.hu\/arc\/wp-json\/wp\/v2\/tags?post=1013"}],"curies":[{"name":"wp","href":"https:\/\/api.w.org\/{rel}","templated":true}]}}