{"id":5,"date":"2012-06-01T10:44:00","date_gmt":"2012-06-01T08:44:00","guid":{"rendered":"http:\/\/semmelweis-egyetem.hu\/apolasvezetes\/?page_id=5"},"modified":"2025-06-04T15:17:18","modified_gmt":"2025-06-04T13:17:18","slug":"rolunk","status":"publish","type":"page","link":"https:\/\/semmelweis.hu\/apolasvezetes\/rolunk\/","title":{"rendered":"Az \u00c1pol\u00e1svezet\u00e9si \u00e9s Szakdolgoz\u00f3i Oktat\u00e1si Igazgat\u00f3s\u00e1gr\u00f3l"},"content":{"rendered":"<p><strong>Az Igazgat\u00f3s\u00e1g feladatai:<\/strong><\/p>\n<p><strong>\u00c1pol\u00e1svezet\u00e9si tev\u00e9kenys\u00e9gek:<\/strong><\/p>\n<ul>\n<li>A Klinikai K\u00f6zpontban foly\u00f3 eg\u00e9szs\u00e9g\u00fcgyi szakdolgoz\u00f3i tev\u00e9kenys\u00e9g rendj\u00e9nek \u00e9s sz\u00ednvonal\u00e1nak fel\u00fcgyelete, \u00f6sszehangol\u00e1sa a fekv\u0151- \u00e9s j\u00e1r\u00f3beteg ell\u00e1t\u00e1sban egyar\u00e1nt.<\/li>\n<li>A szakdolgoz\u00f3i munkaer\u0151helyzet k\u00f6zponti szint\u0171 felm\u00e9r\u00e9se \u2013Nemzeti N\u00e9peg\u00e9szs\u00e9g\u00fcgyi \u00e9s Gy\u00f3gyszer\u00e9szeti K\u00f6zpont (NNGYK) \u00e1pol\u00e1s szakfel\u00fcgyeleti c\u00e9lvizsg\u00e1latainak el\u0151k\u00e9sz\u00edt\u00e9se, koordin\u00e1l\u00e1sa.<\/li>\n<li>Min\u0151s\u00e9gbiztos\u00edt\u00e1si tev\u00e9kenys\u00e9g koordin\u00e1ci\u00f3ja, a beteg\u00e1pol\u00e1si tev\u00e9kenys\u00e9g vonatkoz\u00e1s\u00e1ban, valamint a tudom\u00e1nyos tev\u00e9kenys\u00e9g seg\u00edt\u00e9se.<\/li>\n<li>Tan\u00e1csad\u00e1s \u00e1pol\u00e1sszakmai k\u00e9rd\u00e9sekben.<\/li>\n<\/ul>\n<p><strong>Oktat\u00e1si tev\u00e9kenys\u00e9gek<\/strong><\/p>\n<ul>\n<li>Szakmai k\u00e9pz\u00e9s, \u00e9s a szakmai oktat\u00e1son bel\u00fcl feln\u0151ttoktat\u00e1s szervez\u00e9se, k\u00f6telez\u0151 szakmacsoportos k\u00e9pz\u00e9sek, akkredit\u00e1lt tov\u00e1bbk\u00e9pz\u00e9sek szervez\u00e9se k\u00f6lcs\u00f6n\u00f6s egy\u00fcttm\u0171k\u00f6d\u00e9s mellett az ETK-val, \u00e9s az egyetem egy\u00e9b szervezeti egys\u00e9geivel.<\/li>\n<li>Keretszerz\u0151d\u00e9s szerint a f\u0151iskolai hallgat\u00f3k klinikai gyakorlati k\u00e9pz\u00e9s\u00e9nek koordin\u00e1l\u00e1sa.<\/li>\n<li>Egy\u00fcttm\u0171k\u00f6d\u00e9si meg\u00e1llapod\u00e1s szerint az eg\u00e9szs\u00e9g\u00fcgyi szakk\u00e9pz\u00e9st folytat\u00f3 int\u00e9zm\u00e9nyek hallgat\u00f3i gyakorlati k\u00e9pz\u00e9s\u00e9nek koordin\u00e1l\u00e1sa.<\/li>\n<li>Orvos- \u00e9s fogorvostan hallgat\u00f3k \u00f6sszef\u00fcgg\u0151 \u00e1pol\u00e1si gyakorlat\u00e1nak szervez\u00e9se, koordin\u00e1l\u00e1sa.<\/li>\n<li>Az egyetem klinik\u00e1in \u00e9s az elm\u00e9leti int\u00e9zetekben a szakdolgoz\u00f3k szakk\u00e9pz\u00e9s\u00e9nek \u00e9s tov\u00e1bbk\u00e9pz\u00e9s\u00e9nek koordin\u00e1l\u00e1sa,<\/li>\n<li>Rendezv\u00e9nyek, tudom\u00e1nyos \u00fcl\u00e9sek szervez\u00e9se.<\/li>\n<li>Nyelvtanfolyamok szervez\u00e9se szakdolgoz\u00f3k r\u00e9sz\u00e9re, a szakdolgoz\u00f3i tev\u00e9kenys\u00e9ghez k\u00f6t\u0151d\u0151 oktat\u00e1si, tov\u00e1bbk\u00e9pz\u00e9si \u00e9s egy\u00e9b p\u00e1ly\u00e1zatok elk\u00e9sz\u00edt\u00e9se.<\/li>\n<li>Ell\u00e1tja a szakk\u00e9pz\u0151 int\u00e9zm\u00e9nyekben tanul\u00f3k szakir\u00e1ny\u00fa oktat\u00e1s\u00e1nak du\u00e1lis k\u00e9pz\u0151helyi feladatait, melynek sor\u00e1n a k\u00e9pz\u00e9s gazdas\u00e1gi feladatainak ell\u00e1t\u00e1s\u00e1ban egy\u00fcttm\u0171k\u00f6dik az Oktat\u00e1si H\u00e1l\u00f3zatir\u00e1ny\u00edt\u00e1si Igazgat\u00f3s\u00e1ggal.<\/li>\n<li>M\u00f3dszertani k\u00e9rd\u00e9seivel kapcsolatban egy\u00fcttm\u0171k\u00f6dik a Szakk\u00e9pz\u0151 Int\u00e9zm\u00e9nyek Igazgat\u00f3s\u00e1g\u00e1val \u00e9s a szakk\u00e9pz\u0151 int\u00e9zm\u00e9nyekkel.<\/li>\n<li>Gyakorlati oktat\u00f3i h\u00e1l\u00f3zatot m\u0171k\u00f6dtet \u00e9s fel\u00fcgyel, mely feladatk\u00f6r\u00e9ben ell\u00e1tja k\u00fcl\u00f6n\u00f6sen a du\u00e1lis k\u00e9pz\u0151helyen t\u00f6rt\u00e9n\u0151 szakir\u00e1ny\u00fa oktat\u00e1ssal kapcsolatos, oktat\u00e1sszervez\u00e9si, nyomonk\u00f6vet\u00e9si, adminisztr\u00e1ci\u00f3s, napi munkaszervez\u00e9si, ellen\u0151rz\u00e9si teend\u0151ket, \u00e9s ennek keret\u00e9ben egy\u00fcttm\u0171k\u00f6dik a Szakk\u00e9pz\u0151 Int\u00e9zm\u00e9nyek Igazgat\u00f3s\u00e1g\u00e1val, annak a sz\u00f3rv\u00e1ny oktat\u00f3ival \u00e9s a szakk\u00e9pz\u0151 int\u00e9zm\u00e9nyek gyakorlati oktat\u00e1svezet\u0151ivel.<\/li>\n<\/ul>\n","protected":false},"excerpt":{"rendered":"<p>Az \u00c1pol\u00e1svezet\u00e9si \u00e9s Szakdolgoz\u00f3i Oktat\u00e1si Igazgat\u00f3s\u00e1g k\u00f6zrem\u0171k\u00f6dik az eg\u00e9szs\u00e9g\u00fcgyi szolg\u00e1ltat\u00e1s keret\u00e9ben v\u00e9gzett \u00e1pol\u00e1si tev\u00e9kenys\u00e9g magas sz\u00ednvonal\u00fa ell\u00e1t\u00e1s\u00e1ban \u00e9s szervez\u00e9s\u00e9ben, valamint a szakdolgoz\u00f3i oktat\u00e1s szervez\u00e9s\u00e9ben az Orvosszakmai F\u0151igazgat\u00f3s\u00e1g szervezeti egys\u00e9gek\u00e9nt.<\/p>\n","protected":false},"author":8,"featured_media":1311,"parent":0,"menu_order":0,"comment_status":"closed","ping_status":"closed","template":"","meta":{"_acf_changed":false,"footnotes":""},"categories":[],"tags":[],"class_list":["post-5","page","type-page","status-publish","has-post-thumbnail","hentry"],"acf":[],"_links":{"self":[{"href":"https:\/\/semmelweis.hu\/apolasvezetes\/wp-json\/wp\/v2\/pages\/5","targetHints":{"allow":["GET"]}}],"collection":[{"href":"https:\/\/semmelweis.hu\/apolasvezetes\/wp-json\/wp\/v2\/pages"}],"about":[{"href":"https:\/\/semmelweis.hu\/apolasvezetes\/wp-json\/wp\/v2\/types\/page"}],"author":[{"embeddable":true,"href":"https:\/\/semmelweis.hu\/apolasvezetes\/wp-json\/wp\/v2\/users\/8"}],"replies":[{"embeddable":true,"href":"https:\/\/semmelweis.hu\/apolasvezetes\/wp-json\/wp\/v2\/comments?post=5"}],"version-history":[{"count":12,"href":"https:\/\/semmelweis.hu\/apolasvezetes\/wp-json\/wp\/v2\/pages\/5\/revisions"}],"predecessor-version":[{"id":2060,"href":"https:\/\/semmelweis.hu\/apolasvezetes\/wp-json\/wp\/v2\/pages\/5\/revisions\/2060"}],"wp:featuredmedia":[{"embeddable":true,"href":"https:\/\/semmelweis.hu\/apolasvezetes\/wp-json\/wp\/v2\/media\/1311"}],"wp:attachment":[{"href":"https:\/\/semmelweis.hu\/apolasvezetes\/wp-json\/wp\/v2\/media?parent=5"}],"wp:term":[{"taxonomy":"category","embeddable":true,"href":"https:\/\/semmelweis.hu\/apolasvezetes\/wp-json\/wp\/v2\/categories?post=5"},{"taxonomy":"post_tag","embeddable":true,"href":"https:\/\/semmelweis.hu\/apolasvezetes\/wp-json\/wp\/v2\/tags?post=5"}],"curies":[{"name":"wp","href":"https:\/\/api.w.org\/{rel}","templated":true}]}}