{"id":1987,"date":"2025-05-16T11:29:11","date_gmt":"2025-05-16T09:29:11","guid":{"rendered":"https:\/\/semmelweis.hu\/apolasvezetes\/?page_id=1987"},"modified":"2025-05-16T13:37:41","modified_gmt":"2025-05-16T11:37:41","slug":"egeszsegugyi-gyakorlatvezeto","status":"publish","type":"page","link":"https:\/\/semmelweis.hu\/apolasvezetes\/okj-kepzesek\/okj-s-kepzesek\/egeszsegugyi-gyakorlatvezeto\/","title":{"rendered":"Eg\u00e9szs\u00e9g\u00fcgyi gyakorlatvezet\u0151"},"content":{"rendered":"<p><a href=\"https:\/\/semmelweis.hu\/apolasvezetes\/files\/2025\/05\/Egeszsegugyi-gyakorlatvezeto-2024.03.28.-v1-Programkovetelmeny.pdf\">Programk\u00f6vetelm\u00e9ny<\/a><\/p>\n<p><a href=\"https:\/\/semmelweis.hu\/apolasvezetes\/files\/2025\/05\/Kepzesi-program.pdf\">K\u00e9pz\u00e9si program<\/a><\/p>\n","protected":false},"excerpt":{"rendered":"<p><a href=\"https:\/\/semmelweis.hu\/apolasvezetes\/files\/2025\/05\/Egeszsegugyi-gyakorlatvezeto-2024.03.28.-v1-Programkovetelmeny.pdf\">Programk\u00f6vetelm\u00e9ny<\/a><br \/>\n<a href=\"https:\/\/semmelweis.hu\/apolasvezetes\/files\/2025\/05\/Kepzesi-program.pdf\">K\u00e9pz\u00e9si program<\/a><\/p>\n","protected":false},"author":102304,"featured_media":0,"parent":1281,"menu_order":0,"comment_status":"closed","ping_status":"closed","template":"","meta":{"_acf_changed":false,"footnotes":""},"categories":[],"tags":[],"class_list":["post-1987","page","type-page","status-publish","hentry"],"acf":[],"_links":{"self":[{"href":"https:\/\/semmelweis.hu\/apolasvezetes\/wp-json\/wp\/v2\/pages\/1987","targetHints":{"allow":["GET"]}}],"collection":[{"href":"https:\/\/semmelweis.hu\/apolasvezetes\/wp-json\/wp\/v2\/pages"}],"about":[{"href":"https:\/\/semmelweis.hu\/apolasvezetes\/wp-json\/wp\/v2\/types\/page"}],"author":[{"embeddable":true,"href":"https:\/\/semmelweis.hu\/apolasvezetes\/wp-json\/wp\/v2\/users\/102304"}],"replies":[{"embeddable":true,"href":"https:\/\/semmelweis.hu\/apolasvezetes\/wp-json\/wp\/v2\/comments?post=1987"}],"version-history":[{"count":3,"href":"https:\/\/semmelweis.hu\/apolasvezetes\/wp-json\/wp\/v2\/pages\/1987\/revisions"}],"predecessor-version":[{"id":1998,"href":"https:\/\/semmelweis.hu\/apolasvezetes\/wp-json\/wp\/v2\/pages\/1987\/revisions\/1998"}],"up":[{"embeddable":true,"href":"https:\/\/semmelweis.hu\/apolasvezetes\/wp-json\/wp\/v2\/pages\/1281"}],"wp:attachment":[{"href":"https:\/\/semmelweis.hu\/apolasvezetes\/wp-json\/wp\/v2\/media?parent=1987"}],"wp:term":[{"taxonomy":"category","embeddable":true,"href":"https:\/\/semmelweis.hu\/apolasvezetes\/wp-json\/wp\/v2\/categories?post=1987"},{"taxonomy":"post_tag","embeddable":true,"href":"https:\/\/semmelweis.hu\/apolasvezetes\/wp-json\/wp\/v2\/tags?post=1987"}],"curies":[{"name":"wp","href":"https:\/\/api.w.org\/{rel}","templated":true}]}}