{"id":1735,"date":"2022-05-10T11:49:13","date_gmt":"2022-05-10T09:49:13","guid":{"rendered":"https:\/\/semmelweis.hu\/apolasvezetes\/?page_id=1735"},"modified":"2026-03-26T09:57:24","modified_gmt":"2026-03-26T08:57:24","slug":"felnott-intenziv-szakapolo","status":"publish","type":"page","link":"https:\/\/semmelweis.hu\/apolasvezetes\/okj-kepzesek\/okj-s-kepzesek\/felnott-intenziv-szakapolo\/","title":{"rendered":"Feln\u0151tt intenz\u00edv szak\u00e1pol\u00f3"},"content":{"rendered":"<p><span style=\"font-size: 14pt\"><strong>09135003 sz\u00e1m\u00fa Feln\u0151tt intenz\u00edv szak\u00e1pol\u00f3 k\u00e9pz\u00e9s\u00a0<\/strong><\/span><\/p>\n<h1>F e l h \u00ed v \u00e1 s<\/h1>\n<h3>A Semmelweis Egyetem Intenz\u00edv Ter\u00e1pi\u00e1s Klinika<\/h3>\n<p><strong>\u00e9s az<\/strong><\/p>\n<p><strong>\u00c1pol\u00e1svezet\u00e9si \u00e9s Szakdolgoz\u00f3i Oktat\u00e1si Igazgat\u00f3s\u00e1g<\/strong><\/p>\n<p><strong><em>Feln\u0151tt intenz\u00edv szak\u00e1pol\u00f3 <\/em><\/strong><\/p>\n<p>(programk\u00f6vetelm\u00e9ny azonos\u00edt\u00f3 sz\u00e1ma: 09135003)<\/p>\n<p><strong><em>\u00a0<\/em><\/strong>k\u00e9pz\u00e9st ind\u00edt.<\/p>\n<p><strong>\u00a0<\/strong><strong>Feln\u0151ttk\u00e9pz\u0151 megnevez\u00e9se \u00e9s enged\u00e9lysz\u00e1ma<\/strong>: Semmelweis Egyetem, E\/2020\/000214<\/p>\n<p><strong><u>Jelentkez\u00e9si hat\u00e1rid\u0151<\/u><\/strong><strong>: 2025. okt\u00f3ber 20.\u00a0 <span style=\"color: #ff0000\">A JELENTKEZ\u00c9S LEZ\u00c1RULT<\/span><\/strong><\/p>\n<p><span style=\"color: #000000\"><strong><u>K\u00e9pz\u00e9s indul\u00e1sa<\/u><\/strong><strong>: 2025. november 5.\u00a0<\/strong><\/span><\/p>\n<p><strong>\u00a0<\/strong>Szakmai vezet\u0151: <strong>Prof. Dr. <\/strong>\u00a0<strong>Moln\u00e1r Zsolt<\/strong> klinikaigazgat\u00f3<\/p>\n<p>\u00c9vfolyamvezet\u0151: <strong>F\u00e1nyin\u00e9 Babodi Anita <\/strong>\u00a0klinikai vezet\u0151 \u00e1pol\u00f3<\/p>\n<p><strong>A k\u00e9pz\u00e9s \u00f3rasz\u00e1ma:<\/strong> 600 \u00f3ra<em> (240 \u00f3ra elm\u00e9let, 360 \u00f3ra gyakorlat); <\/em><\/p>\n<p><em>\u00a0<\/em><strong>Elm\u00e9leti oktat\u00e1s helysz\u00edne:<\/strong> Semmelweis Egyetem K\u00f6zponti Betegell\u00e1t\u00f3 \u00c9p\u00fclet, 1083 Budapest, \u00dcll\u0151i \u00fat 78.\u00a0<\/p>\n<p>\u00a0\u00a0\u00a0\u00a0\u00a0\u00a0\u00a0\u00a0\u00a0\u00a0\u00a0 \u00a0\u00a0\u00a0\u00a0\u00a0\u00a0\u00a0\u00a0\u00a0\u00a0\u00a0\u00a0Az elm\u00e9leti oktat\u00e1s heti egy alkalommal, tervezetten szerdai napokon*, 9.00 \u00f3rai kezd\u00e9ssel val\u00f3sul meg.\u00a0<\/p>\n<p><em>*Az elm\u00e9leti oktat\u00e1si napok id\u0151pontj\u00e1nak megv\u00e1ltoztat\u00e1si jog\u00e1t a szervez\u0151 fenntartja. <\/em><\/p>\n<p><em>\u00a0<\/em><strong>Gyakorlati oktat\u00e1s:<\/strong> a k\u00e9pz\u00e9si program r\u00e9sz\u00e9t k\u00e9pezi<\/p>\n<p><em>\u00a0<\/em><strong>K\u00e9pz\u00e9si d\u00edj:<\/strong> 230.000 Ft\/f\u0151<\/p>\n<p><em>\u00a0<\/em><u>A k\u00e9pz\u00e9s megkezd\u00e9s\u00e9nek felt\u00e9tele<\/u><u>:<\/u><\/p>\n<ul>\n<li><strong>Iskolai el\u0151k\u00e9pzetts\u00e9g<\/strong>: \u00e9retts\u00e9gi v\u00e9gzetts\u00e9g<\/li>\n<li><strong>Szakmai el\u0151k\u00e9pzetts\u00e9g: <\/strong>\u00e9retts\u00e9gi v\u00e9gzetts\u00e9get k\u00f6vet\u0151 minimum h\u00e1rom\u00e9ves \u00e9s legal\u00e1bb MKKR 5 besorol\u00e1s\u00fa \u00e1pol\u00f3i v\u00e9gzetts\u00e9g<\/li>\n<li><strong>El\u0151\u00edrt gyakorlat: <\/strong>1 \u00e9v intenz\u00edv betegell\u00e1t\u00f3 oszt\u00e1lyon, \u00e1pol\u00f3 munkak\u00f6rben t\u00f6lt\u00f6tt szakmai gyakorlat<\/li>\n<li><strong>Eg\u00e9szs\u00e9g\u00fcgyi alkalmass\u00e1gi k\u00f6vetelm\u00e9ny<\/strong>: eg\u00e9szs\u00e9g\u00fcgyi alkalmass\u00e1gi igazol\u00e1s<\/li>\n<\/ul>\n<p><strong>A k\u00e9pz\u00e9s sikeres elv\u00e9gz\u00e9s\u00e9t k\u00f6vet\u0151en a K\u00e9pz\u0151 tan\u00fas\u00edtv\u00e1nyt \u00e1ll\u00edt ki, amely a k\u00e9pes\u00edt\u0151 vizsg\u00e1ra t\u00f6rt\u00e9n\u0151 jelentkez\u00e9s el\u0151felt\u00e9tele.<\/strong><strong><em>\u00a0 <\/em><\/strong><\/p>\n<p><strong>A k\u00e9pes\u00edt\u0151 vizsg\u00e1t nem\u00a0 a K\u00e9pz\u0151 szervezi \u00e9s bonyol\u00edtja. <\/strong>A szakmai k\u00e9pz\u00e9shez kapcsol\u00f3d\u00f3an megszerezhet\u0151 szakk\u00e9pes\u00edt\u00e9s megszerz\u00e9s\u00e9re ir\u00e1nyul\u00f3 k\u00e9pes\u00edt\u0151 vizsg\u00e1t a nemzeti akkredit\u00e1l\u00e1sr\u00f3l sz\u00f3l\u00f3 t\u00f6rv\u00e9ny szerinti akkredit\u00e1l\u00f3 szerv \u00e1ltal szem\u00e9lytan\u00fas\u00edt\u00f3 szervezetk\u00e9nt <strong>akkredit\u00e1lt vizsgak\u00f6zpont szervezhet.<\/strong><strong><em>\u00a0 \u00a0 \u00a0 \u00a0 \u00a0 \u00a0 \u00a0 \u00a0 \u00a0 \u00a0 \u00a0 \u00a0<\/em><\/strong><strong><em>\u00a0 \u00a0 \u00a0 \u00a0 \u00a0 \u00a0\u00a0<\/em><\/strong><\/p>\n<p><em><u>Felvil\u00e1gos\u00edt\u00e1s szervez\u00e9si k\u00e9rd\u00e9sekben<\/u><\/em><em>: <\/em><\/p>\n<p>L\u00f3csi Anna M\u00e1ria oktat\u00e1sszervez\u0151<\/p>\n<p>Semmelweis Egyetem \u00c1pol\u00e1svezet\u00e9si \u00e9s Szakdolgoz\u00f3i Oktat\u00e1si Igazgat\u00f3s\u00e1g<\/p>\n<p>email: locsi.anna.maria@semmelweis.hu<\/p>\n<p>\u00a0Telefon: 06 20\u00a0825 97 98<\/p>\n<p><em><u>Felvil\u00e1gos\u00edt\u00e1s szakmai k\u00e9rd\u00e9sekben<\/u><\/em><em>:<\/em><\/p>\n<p>F\u00e1nyin\u00e9 Babodi Anita klinikai vezet\u0151 \u00e1pol\u00f3<\/p>\n<p>Semmelweis Egyetem Intenz\u00edv Ter\u00e1pi\u00e1s Klinika<\/p>\n<p>email: fanyine.babodi.anita.erzsebet@semmelweis.hu<\/p>\n<p>Telefon: 06 30\u00a0877 14 67<\/p>\n<p><strong><a href=\"https:\/\/semmelweis.hu\/apolasvezetes\/files\/2022\/05\/Programkovetelmeny_Felnott-intenziv-szakapolo.pdf\">Programk\u00f6vetelm\u00e9ny<\/a><\/strong><\/p>\n<p><strong><a href=\"https:\/\/semmelweis.hu\/apolasvezetes\/files\/2022\/05\/Kepzesi-program_Felnott-intenziv-szakapolo.pdf\">K\u00e9pz\u00e9si program<\/a><\/strong><\/p>\n<p><a href=\"https:\/\/semmelweis.hu\/apolasvezetes\/files\/2025\/07\/Jelentkezesi-lap_Felnott-intenziv-szakapolo.doc\">Jelentkez\u00e9si lap_Feln\u0151tt intenz\u00edv szak\u00e1pol\u00f3<\/a><\/p>\n","protected":false},"excerpt":{"rendered":"<p>09135003 sz\u00e1m\u00fa Feln\u0151tt intenz\u00edv szak\u00e1pol\u00f3 k\u00e9pz\u00e9s\u00a0 F e l h \u00ed v \u00e1 s A Semmelweis Egyetem Intenz\u00edv Ter\u00e1pi\u00e1s Klinika \u00e9s az \u00c1pol\u00e1svezet\u00e9si \u00e9s Szakdolgoz\u00f3i Oktat\u00e1si Igazgat\u00f3s\u00e1g Feln\u0151tt intenz\u00edv szak\u00e1pol\u00f3 (programk\u00f6vetelm\u00e9ny azonos\u00edt\u00f3 sz\u00e1ma: 09135003) \u00a0k\u00e9pz\u00e9st ind\u00edt. \u00a0Feln\u0151ttk\u00e9pz\u0151 megnevez\u00e9se \u00e9s enged\u00e9lysz\u00e1ma: Semmelweis Egyetem, E\/2020\/000214 Jelentkez\u00e9si hat\u00e1rid\u0151: 2025. okt\u00f3ber 20.\u00a0 A JELENTKEZ\u00c9S LEZ\u00c1RULT K\u00e9pz\u00e9s indul\u00e1sa: 2025. november &hellip;<\/p>\n","protected":false},"author":101665,"featured_media":0,"parent":1281,"menu_order":0,"comment_status":"closed","ping_status":"closed","template":"","meta":{"_acf_changed":false,"footnotes":""},"categories":[],"tags":[],"class_list":["post-1735","page","type-page","status-publish","hentry"],"acf":[],"_links":{"self":[{"href":"https:\/\/semmelweis.hu\/apolasvezetes\/wp-json\/wp\/v2\/pages\/1735","targetHints":{"allow":["GET"]}}],"collection":[{"href":"https:\/\/semmelweis.hu\/apolasvezetes\/wp-json\/wp\/v2\/pages"}],"about":[{"href":"https:\/\/semmelweis.hu\/apolasvezetes\/wp-json\/wp\/v2\/types\/page"}],"author":[{"embeddable":true,"href":"https:\/\/semmelweis.hu\/apolasvezetes\/wp-json\/wp\/v2\/users\/101665"}],"replies":[{"embeddable":true,"href":"https:\/\/semmelweis.hu\/apolasvezetes\/wp-json\/wp\/v2\/comments?post=1735"}],"version-history":[{"count":10,"href":"https:\/\/semmelweis.hu\/apolasvezetes\/wp-json\/wp\/v2\/pages\/1735\/revisions"}],"predecessor-version":[{"id":2275,"href":"https:\/\/semmelweis.hu\/apolasvezetes\/wp-json\/wp\/v2\/pages\/1735\/revisions\/2275"}],"up":[{"embeddable":true,"href":"https:\/\/semmelweis.hu\/apolasvezetes\/wp-json\/wp\/v2\/pages\/1281"}],"wp:attachment":[{"href":"https:\/\/semmelweis.hu\/apolasvezetes\/wp-json\/wp\/v2\/media?parent=1735"}],"wp:term":[{"taxonomy":"category","embeddable":true,"href":"https:\/\/semmelweis.hu\/apolasvezetes\/wp-json\/wp\/v2\/categories?post=1735"},{"taxonomy":"post_tag","embeddable":true,"href":"https:\/\/semmelweis.hu\/apolasvezetes\/wp-json\/wp\/v2\/tags?post=1735"}],"curies":[{"name":"wp","href":"https:\/\/api.w.org\/{rel}","templated":true}]}}