{"id":1330,"date":"2018-11-08T09:39:52","date_gmt":"2018-11-08T08:39:52","guid":{"rendered":"http:\/\/semmelweis.hu\/apolasvezetes\/?page_id=1330"},"modified":"2018-11-08T09:39:52","modified_gmt":"2018-11-08T08:39:52","slug":"szakdolgozok-tovabbkepzese","status":"publish","type":"page","link":"https:\/\/semmelweis.hu\/apolasvezetes\/okj-kepzesek\/szakdolgozok-tovabbkepzese\/","title":{"rendered":"Szakdolgoz\u00f3k tov\u00e1bbk\u00e9pz\u00e9se"},"content":{"rendered":"<p>Az eg\u00e9szs\u00e9g\u00fcgyi szakdolgoz\u00f3k tov\u00e1bbk\u00e9pz\u00e9s\u00e9nek a szab\u00e1lyait az <b><i>Eg\u00e9szs\u00e9g\u00fcgyr\u0151l sz\u00f3l\u00f3 1997. \u00e9vi <\/i><\/b><b><i>CLIV<\/i><\/b><b><i>. t\u00f6rv\u00e9ny 116\/B. \u00a7<\/i><\/b><b><i>-a<\/i><\/b>, tov\u00e1bb\u00e1 a 2012. janu\u00e1r 1-j\u00e9t\u0151l hat\u00e1lyba l\u00e9pett \u00faj jogszab\u00e1ly: <b><i>Az eg\u00e9szs\u00e9g\u00fcgyi szakdolgoz\u00f3k tov\u00e1bbk\u00e9pz\u00e9s\u00e9nek szab\u00e1lyair\u00f3l sz\u00f3l\u00f3 63\/2011. (<\/i><\/b><b><i>XI<\/i><\/b><b><i>. 29.) <\/i><\/b><b><i>NEFMI<\/i><\/b><b><i> rendelet<\/i><\/b> szab\u00e1lyozza.\u00a0<\/p>\n<p>A tov\u00e1bbk\u00e9pz\u00e9s tov\u00e1bbk\u00e9pz\u00e9si id\u0151szakokban t\u00f6rt\u00e9nik. A tov\u00e1bbk\u00e9pz\u00e9si id\u0151szak tartama 5 \u00e9v. A tov\u00e1bbk\u00e9pz\u00e9si id\u0151szak tartama 5 \u00e9v.\u00a0Tov\u00e1bbk\u00e9pz\u00e9sre <b><i>m\u0171k\u00f6d\u00e9si nyilv\u00e1ntart\u00e1si sz\u00e1mmal<\/i><\/b>, ennek <b><i>hi\u00e1ny\u00e1ban alap nyilv\u00e1ntart\u00e1si sz\u00e1mmal <\/i><\/b>lehet bejelentkezni.\u00a0<\/p>\n<p>Az eg\u00e9szs\u00e9g\u00fcgyi szakdolgoz\u00f3nak a tov\u00e1bbk\u00e9pz\u00e9si id\u0151szak alatt a szakk\u00e9pes\u00edt\u00e9s\u00e9nek (szakk\u00e9pes\u00edt\u00e9seinek) megfelel\u0151 szakmacsoportonk\u00e9nt \u00f6sszesen <b><i>150 pontot <\/i><\/b>kell teljes\u00edtenie.<\/p>\n<p>A szakmacsoportokat a 63\/2011. (XI. 29.) NEFMI rendelet 1. sz\u00e1m\u00fa mell\u00e9klete tartalmazza. A tov\u00e1bbk\u00e9pz\u00e9si id\u0151szak teljes\u00edt\u00e9s\u00e9hez az eg\u00e9szs\u00e9g\u00fcgyi szakdolgoz\u00f3nak:<\/p>\n<ul>\n<li><a href=\"https:\/\/semmelweis.hu\/apolasvezetes\/okj-kepzesek\/kotelezo-szakmacsoportos-tovabbkepzesek\/\">k\u00f6telez\u0151 szakmacsoportos tov\u00e1bbk\u00e9pz\u00e9sek<\/a><\/li>\n<li><a href=\"https:\/\/semmelweis.hu\/apolasvezetes\/okj-kepzesek\/szabadon-valaszthato-tovabbkepzesek\/\">szabadon v\u00e1laszthat\u00f3 tov\u00e1bbk\u00e9pz\u00e9sek <\/a><\/li>\n<\/ul>\n","protected":false},"excerpt":{"rendered":"<p>Az eg\u00e9szs\u00e9g\u00fcgyi szakdolgoz\u00f3k tov\u00e1bbk\u00e9pz\u00e9s\u00e9nek a szab\u00e1lyait az Eg\u00e9szs\u00e9g\u00fcgyr\u0151l sz\u00f3l\u00f3 1997. \u00e9vi CLIV. t\u00f6rv\u00e9ny 116\/B. \u00a7-a, tov\u00e1bb\u00e1 a 2012. janu\u00e1r 1-j\u00e9t\u0151l hat\u00e1lyba l\u00e9pett \u00faj jogszab\u00e1ly: Az eg\u00e9szs\u00e9g\u00fcgyi szakdolgoz\u00f3k tov\u00e1bbk\u00e9pz\u00e9s\u00e9nek szab\u00e1lyair\u00f3l sz\u00f3l\u00f3 63\/2011. (XI. 29.) NEFMI rendelet szab\u00e1lyozza.\u00a0 A tov\u00e1bbk\u00e9pz\u00e9s tov\u00e1bbk\u00e9pz\u00e9si id\u0151szakokban t\u00f6rt\u00e9nik. A tov\u00e1bbk\u00e9pz\u00e9si id\u0151szak tartama 5 \u00e9v. A tov\u00e1bbk\u00e9pz\u00e9si id\u0151szak tartama 5 \u00e9v.\u00a0Tov\u00e1bbk\u00e9pz\u00e9sre m\u0171k\u00f6d\u00e9si nyilv\u00e1ntart\u00e1si &hellip;<\/p>\n","protected":false},"author":12,"featured_media":0,"parent":8,"menu_order":1,"comment_status":"closed","ping_status":"closed","template":"","meta":{"_acf_changed":false,"footnotes":""},"categories":[],"tags":[],"class_list":["post-1330","page","type-page","status-publish","hentry"],"acf":[],"_links":{"self":[{"href":"https:\/\/semmelweis.hu\/apolasvezetes\/wp-json\/wp\/v2\/pages\/1330","targetHints":{"allow":["GET"]}}],"collection":[{"href":"https:\/\/semmelweis.hu\/apolasvezetes\/wp-json\/wp\/v2\/pages"}],"about":[{"href":"https:\/\/semmelweis.hu\/apolasvezetes\/wp-json\/wp\/v2\/types\/page"}],"author":[{"embeddable":true,"href":"https:\/\/semmelweis.hu\/apolasvezetes\/wp-json\/wp\/v2\/users\/12"}],"replies":[{"embeddable":true,"href":"https:\/\/semmelweis.hu\/apolasvezetes\/wp-json\/wp\/v2\/comments?post=1330"}],"version-history":[{"count":1,"href":"https:\/\/semmelweis.hu\/apolasvezetes\/wp-json\/wp\/v2\/pages\/1330\/revisions"}],"predecessor-version":[{"id":1331,"href":"https:\/\/semmelweis.hu\/apolasvezetes\/wp-json\/wp\/v2\/pages\/1330\/revisions\/1331"}],"up":[{"embeddable":true,"href":"https:\/\/semmelweis.hu\/apolasvezetes\/wp-json\/wp\/v2\/pages\/8"}],"wp:attachment":[{"href":"https:\/\/semmelweis.hu\/apolasvezetes\/wp-json\/wp\/v2\/media?parent=1330"}],"wp:term":[{"taxonomy":"category","embeddable":true,"href":"https:\/\/semmelweis.hu\/apolasvezetes\/wp-json\/wp\/v2\/categories?post=1330"},{"taxonomy":"post_tag","embeddable":true,"href":"https:\/\/semmelweis.hu\/apolasvezetes\/wp-json\/wp\/v2\/tags?post=1330"}],"curies":[{"name":"wp","href":"https:\/\/api.w.org\/{rel}","templated":true}]}}