{"id":1279,"date":"2016-08-04T16:02:55","date_gmt":"2016-08-04T14:02:55","guid":{"rendered":"http:\/\/semmelweis.hu\/apolasvezetes\/?page_id=1279"},"modified":"2026-03-26T09:54:27","modified_gmt":"2026-03-26T08:54:27","slug":"kotelezo-szakmacsoportos-tovabbkepzesek","status":"publish","type":"page","link":"https:\/\/semmelweis.hu\/apolasvezetes\/okj-kepzesek\/szakdolgozok-tovabbkepzese\/kotelezo-szakmacsoportos-tovabbkepzesek\/","title":{"rendered":"K\u00f6telez\u0151 szakmacsoportos tov\u00e1bbk\u00e9pz\u00e9sek"},"content":{"rendered":"<p><span style=\"font-size: 18pt;color: #000000\"><b>Igazgat\u00f3s\u00e1gunk \u00e1ltal szervezett k\u00f6telez\u0151 szakmacsoportos tov\u00e1bbk\u00e9pz\u00e9sek<\/b><\/span><\/p>\n<p><span style=\"font-size: 14pt;color: #0000ff\"><strong>K\u00f6telez\u0151 szakmacsoportos tov\u00e1bbk\u00e9pz\u00e9sre kiz\u00e1r\u00f3lag a <a href=\"https:\/\/szaftex.aeek.hu\/\">SZAFTEX<\/a> rendszeren kereszt\u00fcl lehet jelentkezni.<\/strong><\/span><\/p>\n<p><span style=\"font-size: 14pt\">A SZAFTEX rendszer az eg\u00e9szs\u00e9g\u00fcgyi szakdolgoz\u00f3k k\u00f6telez\u0151en teljes\u00edtend\u0151 tov\u00e1bbk\u00e9pz\u00e9seit nyilv\u00e1ntart\u00f3 informatikai rendszer.<\/span><\/p>\n<p>_________________________________________________________________________________________<\/p>\n<hr \/>\n<p style=\"text-align: center\"><strong>Modern kezel\u00e9si lehet\u0151s\u00e9gek a fog\u00e1szatban\u00a0<\/strong><\/p>\n<p style=\"text-align: center\"><strong>Nyilv\u00e1ntart\u00e1si sz\u00e1m: KTK-2000934\/2026\/26\/21825004<\/strong><\/p>\n<p>A Semmelweis Egyetem Fogorvostudom\u00e1nyi Kar Oktat\u00e1si Centrum szakmai vezet\u00e9s\u00e9vel az \u00c1pol\u00e1svezet\u00e9si \u00e9s Szakdolgoz\u00f3i Oktat\u00e1si Igazgat\u00f3s\u00e1g k\u00f6telez\u0151 szakmacsoportos tov\u00e1bbk\u00e9pz\u00e9si tanfolyamot szervez eg\u00e9szs\u00e9g\u00fcgyi szakdolgoz\u00f3k r\u00e9sz\u00e9re.<\/p>\n<table>\n<tbody>\n<tr>\n<td width=\"325\">\n<p><strong>A tov\u00e1bbk\u00e9pz\u00e9s form\u00e1ja<\/strong><\/p>\n<\/td>\n<td width=\"325\">\n<p>Elm\u00e9leti \u00e9s gyakorlati jelenl\u00e9ti oktat\u00e1s<\/p>\n<\/td>\n<\/tr>\n<tr>\n<td width=\"325\">\n<p><strong>Helysz\u00edn<\/strong><\/p>\n<\/td>\n<td width=\"325\">\n<p>Semmelweis Egyetem Fogorvostudom\u00e1nyi Kar Oktat\u00e1si Centrum, \u00c1rk\u00f6vy J\u00f3zsef El\u0151ad\u00f3terem, f\u00f6ldszint, (1088 Budapest, Szentkir\u00e1lyi u. 47.)<\/p>\n<\/td>\n<\/tr>\n<tr>\n<td width=\"325\">\n<p><strong>Id\u0151pont<\/strong><\/p>\n<\/td>\n<td width=\"325\">\n<p>2026. m\u00e1jus 29-30.<\/p>\n<\/td>\n<\/tr>\n<tr>\n<td width=\"325\">\n<p><strong>Pont\u00e9rt\u00e9k<\/strong><\/p>\n<\/td>\n<td width=\"325\">\n<p>30 pont<\/p>\n<\/td>\n<\/tr>\n<tr>\n<td width=\"325\">\n<p><strong>Jelentkez\u00e9si hat\u00e1rid\u0151<\/strong><\/p>\n<\/td>\n<td width=\"325\">\n<p>2026. m\u00e1jus 21.<\/p>\n<\/td>\n<\/tr>\n<tr>\n<td width=\"325\">\n<p><strong>Jelentkez\u00e9s<\/strong><\/p>\n<\/td>\n<td width=\"325\">\n<p>https:\/\/szaftex.aeek.hu\/<\/p>\n<\/td>\n<\/tr>\n<\/tbody>\n<\/table>\n<p><strong>A tov\u00e1bbk\u00e9pz\u00e9s c\u00e9lcsoportjai\/szakmacsoportok: <\/strong><\/p>\n<table style=\"width: 47.313%;height: 71px\">\n<tbody>\n<tr style=\"height: 103px\">\n<td style=\"height: 103px;width: 52.1291%\" width=\"300\">\n<p>\u00a07. Fog\u00e1szati ell\u00e1t\u00e1s szakmacsoport<\/p>\n<\/td>\n<td style=\"height: 103px;width: 55.0375%\" width=\"304\">\n<p>&nbsp;<\/p>\n<\/td>\n<\/tr>\n<\/tbody>\n<\/table>\n<p><strong>A tov\u00e1bbk\u00e9pz\u00e9s szakmai tartalma:<\/strong><\/p>\n<ul>\n<li>Digit\u00e1lis technol\u00f3gi\u00e1k a fog\u00e1szat vil\u00e1g\u00e1ban<\/li>\n<li>CBCT felhaszn\u00e1l\u00e1si ter\u00fcletei a fog\u00e1szatban<\/li>\n<li>L\u00e9zerek fog\u00e1szati, sz\u00e1jseb\u00e9szeti \u00e9s implantol\u00f3giai alkalmaz\u00e1sa<\/li>\n<li>\u00daj koncepci\u00f3k, eszk\u00f6z\u00f6k, anyagok az endodonti\u00e1ban<\/li>\n<li>Modern g\u00e9pi esk\u00f6z\u00f6k a gy\u00f6kercsatorna megmunk\u00e1l\u00e1s\u00e1ra<\/li>\n<li>Mikroszk\u00f3ppal v\u00e9gzett kezel\u00e9sek sor\u00e1n elv\u00e1rt asszisztensi feladatok<\/li>\n<li>Gyermek fog\u00e1szatban, napjainkban haszn\u00e1lt modern technik\u00e1k eszk\u00f6z\u00f6k, anyagok<\/li>\n<li>Nehezen kezelhet\u0151 gyermekekkel t\u00f6rt\u00e9n\u0151 kommunik\u00e1ci\u00f3<\/li>\n<li>Aszeptikus technik\u00e1k kivitelez\u00e9se modern eszk\u00f6z\u00f6kkel a sz\u00e1jseb\u00e9szeti, implant\u00e1ci\u00f3s \u00e9s paradontol\u00f3giai m\u0171t\u00e9tek sor\u00e1n<\/li>\n<li>Hipokl\u00f3ros savval (HOCL) t\u00f6rt\u00e9n\u0151 fert\u0151tlen\u00edt\u00e9s a fog\u00e1szaton<\/li>\n<\/ul>\n<p><strong>K\u00f6telez\u0151 elem:<\/strong><\/p>\n<p>Reanim\u00e1ci\u00f3 (BLS) az aktu\u00e1lis nemzetk\u00f6zi aj\u00e1nl\u00e1sok szerint<\/p>\n<p>Eg\u00e9szs\u00e9g\u00fcgyi jogi ismeretek<\/p>\n<p><strong>R\u00e9szv\u00e9teli d\u00edj: <\/strong><\/p>\n<p>T\u00e1mogatott form\u00e1ban: 0 Ft (\u00e1llamilag finansz\u00edrozott, 5 \u00e9vente 1 alkalommal)<\/p>\n<p>T\u00e9r\u00edt\u00e9sk\u00f6teles \/ szabadon v\u00e1laszthat\u00f3 form\u00e1ban: 10.000 Ft<\/p>\n<p><strong>\u00a0<\/strong><strong>A tov\u00e1bbk\u00e9pz\u00e9s teljes\u00edt\u00e9s\u00e9nek felt\u00e9tele:<\/strong><\/p>\n<p>17 \u00f3r\u00e1s jelenl\u00e9ti k\u00e9pz\u00e9s (12 + 5 \u00f3ra k\u00f6telez\u0151 elem)<\/p>\n<p>Elm\u00e9leti \u00edr\u00e1sbeli tud\u00e1sszintm\u00e9r\u00e9s \u00e9s gyakorlati \/reanim\u00e1ci\u00f3\/<\/p>\n<p><strong>A tov\u00e1bbk\u00e9pz\u00e9s szervez\u0151je \u00e9s el\u00e9rhet\u0151s\u00e9ge: <\/strong><\/p>\n<p><strong>\u00a0<\/strong>Semmelweis Egyetem \u00c1pol\u00e1svezet\u00e9si \u00e9s Szakdolgoz\u00f3i Oktat\u00e1si Igazgat\u00f3s\u00e1g\u00a0\u00a0\u00a0\u00a0\u00a0\u00a0\u00a0\u00a0\u00a0\u00a0\u00a0\u00a0\u00a0\u00a0<\/p>\n<p>e-mail: titkarsag.apig@semmelweis.hu<\/p>\n<p style=\"text-align: center\"><strong>CT \u00e9s MR protokollok standardiz\u00e1l\u00e1sa \u00e9s optimaliz\u00e1l\u00e1sa<\/strong>\u00a0<\/p>\n<p style=\"text-align: center\"><strong>Nyilv\u00e1ntart\u00e1si sz\u00e1m: KTK-2000934\/2026\/26\/21800493<\/strong><\/p>\n<p>A Semmelweis Egyetem Orvosi K\u00e9palkot\u00f3 Klinika szakmai vezet\u00e9s\u00e9vel az \u00c1pol\u00e1svezet\u00e9si \u00e9s Szakdolgoz\u00f3i Oktat\u00e1si Igazgat\u00f3s\u00e1g k\u00f6telez\u0151 szakmacsoportos tov\u00e1bbk\u00e9pz\u00e9si tanfolyamot szervez eg\u00e9szs\u00e9g\u00fcgyi szakdolgoz\u00f3k r\u00e9sz\u00e9re.<\/p>\n<table>\n<tbody>\n<tr>\n<td width=\"325\">\n<p><strong>A tov\u00e1bbk\u00e9pz\u00e9s form\u00e1ja<\/strong><\/p>\n<\/td>\n<td width=\"325\">\n<p>Elm\u00e9leti \u00e9s gyakorlati jelenl\u00e9ti oktat\u00e1s<\/p>\n<\/td>\n<\/tr>\n<tr>\n<td width=\"325\">\n<p><strong>Helysz\u00edn<\/strong><\/p>\n<\/td>\n<td width=\"325\">\n<p><strong>Semmelweis Egyetem Nagyv\u00e1rad t\u00e9ri Elm\u00e9leti T\u00f6mb,<\/strong> 1089 Budapest, Nagyv\u00e1rad t\u00e9r 4., I. emelet, Z\u00f6ld el\u0151ad\u00f3terem<\/p>\n<\/td>\n<\/tr>\n<tr>\n<td width=\"325\">\n<p><strong>Id\u0151pont<\/strong><\/p>\n<\/td>\n<td width=\"325\">\n<p>2026. szeptember 3-4.<\/p>\n<\/td>\n<\/tr>\n<tr>\n<td width=\"325\">\n<p><strong>Pont\u00e9rt\u00e9k<\/strong><\/p>\n<\/td>\n<td width=\"325\">\n<p>30 pont<\/p>\n<\/td>\n<\/tr>\n<tr>\n<td width=\"325\">\n<p><strong>Jelentkez\u00e9si hat\u00e1rid\u0151<\/strong><\/p>\n<\/td>\n<td width=\"325\">\n<p>2026. augusztus 27.<\/p>\n<\/td>\n<\/tr>\n<tr>\n<td width=\"325\">\n<p><strong>Jelentkez\u00e9s<\/strong><\/p>\n<\/td>\n<td width=\"325\">\n<p>https:\/\/szaftex.aeek.hu\/<\/p>\n<\/td>\n<\/tr>\n<\/tbody>\n<\/table>\n<p><strong>A tov\u00e1bbk\u00e9pz\u00e9s c\u00e9lcsoportjai\/szakmacsoportok: <\/strong><\/p>\n<table style=\"width: 47.813%\">\n<tbody>\n<tr>\n<td style=\"width: 49.6678%\" width=\"300\">\n<p>5. K\u00e9pi diagnosztikai szakmacsoport<\/p>\n<p>&nbsp;<\/p>\n<\/td>\n<td style=\"width: 59.1753%\" width=\"304\">\n<p>&nbsp;<\/p>\n<\/td>\n<\/tr>\n<\/tbody>\n<\/table>\n<p><strong>A tov\u00e1bbk\u00e9pz\u00e9s szakmai tartalma:<\/strong><\/p>\n<p>CT d\u00f3ziscs\u00f6kkent\u0151 elj\u00e1r\u00e1sok; d\u00f3zis monitoriz\u00e1l\u00f3 \u00e9s elemz\u0151 szoftverek<\/p>\n<p>D\u00f3ziscs\u00f6kkent\u00e9s a gyakorlatban &#8211; CT protokollok standardiz\u00e1l\u00e1sa \u00e9s optimaliz\u00e1l\u00e1sa<\/p>\n<p>MR m\u00e9r\u00e9si id\u0151t cs\u00f6kkent\u0151 elj\u00e1r\u00e1sok \u00e9s opci\u00f3k a gyakorlatban<\/p>\n<p>MR protokollok standardiz\u00e1l\u00e1sa es optimaliz\u00e1l\u00e1s (munkafolyamatok, betegel\u0151k\u00e9sz\u00edt\u00e9s, pozicion\u00e1l\u00e1s, vizsg\u00e1lati technik\u00e1k)<\/p>\n<p>MR Safety ismeretek aktualiz\u00e1l\u00e1sa<\/p>\n<p>Radiogr\u00e1fusok szerepe a nemzetk\u00f6zi guideline-ok kidolgoz\u00e1s\u00e1ban<\/p>\n<p><strong>K\u00f6telez\u0151 elem:<\/strong><\/p>\n<p>Reanim\u00e1ci\u00f3 (BLS) az aktu\u00e1lis nemzetk\u00f6zi aj\u00e1nl\u00e1sok szerint<\/p>\n<p>Eg\u00e9szs\u00e9g\u00fcgyi jogi ismeretek<\/p>\n<p><strong>R\u00e9szv\u00e9teli d\u00edj: <\/strong><\/p>\n<p>T\u00e1mogatott form\u00e1ban: 0 Ft (\u00e1llamilag finansz\u00edrozott, 5 \u00e9vente 1 alkalommal)<\/p>\n<p>T\u00e9r\u00edt\u00e9sk\u00f6teles \/ szabadon v\u00e1laszthat\u00f3 form\u00e1ban: 10.000 Ft<\/p>\n<p><strong>\u00a0<\/strong><strong>A tov\u00e1bbk\u00e9pz\u00e9s teljes\u00edt\u00e9s\u00e9nek felt\u00e9tele:<\/strong><\/p>\n<p>16 \u00f3r\u00e1s jelenl\u00e9ti k\u00e9pz\u00e9s (11 + 5 \u00f3ra k\u00f6telez\u0151 elem)<\/p>\n<p>Elm\u00e9leti \u00edr\u00e1sbeli tud\u00e1sszintm\u00e9r\u00e9s \u00e9s gyakorlati \/reanim\u00e1ci\u00f3\/<\/p>\n<p><strong>A tov\u00e1bbk\u00e9pz\u00e9s szervez\u0151je \u00e9s el\u00e9rhet\u0151s\u00e9ge: <\/strong><\/p>\n<p><strong>\u00a0<\/strong>Semmelweis Egyetem \u00c1pol\u00e1svezet\u00e9si \u00e9s Szakdolgoz\u00f3i Oktat\u00e1si Igazgat\u00f3s\u00e1g\u00a0\u00a0\u00a0\u00a0\u00a0\u00a0\u00a0\u00a0\u00a0\u00a0\u00a0\u00a0\u00a0\u00a0<\/p>\n<p>e-mail: titkarsag.apig@semmelweis.hu<\/p>\n<p>&nbsp;<\/p>\n<p>&nbsp;<\/p>\n<p>&nbsp;<\/p>\n","protected":false},"excerpt":{"rendered":"<p>Igazgat\u00f3s\u00e1gunk \u00e1ltal szervezett k\u00f6telez\u0151 szakmacsoportos tov\u00e1bbk\u00e9pz\u00e9sek K\u00f6telez\u0151 szakmacsoportos tov\u00e1bbk\u00e9pz\u00e9sre kiz\u00e1r\u00f3lag a <a href=\"https:\/\/szaftex.aeek.hu\/\">SZAFTEX<\/a> rendszeren kereszt\u00fcl lehet jelentkezni. A SZAFTEX rendszer az eg\u00e9szs\u00e9g\u00fcgyi szakdolgoz\u00f3k k\u00f6telez\u0151en teljes\u00edtend\u0151 tov\u00e1bbk\u00e9pz\u00e9seit nyilv\u00e1ntart\u00f3 informatikai rendszer. _________________________________________________________________________________________ Modern kezel\u00e9si lehet\u0151s\u00e9gek a fog\u00e1szatban\u00a0 Nyilv\u00e1ntart\u00e1si sz\u00e1m: KTK-2000934\/2026\/26\/21825004 A Semmelweis Egyetem Fogorvostudom\u00e1nyi Kar Oktat\u00e1si Centrum szakmai vezet\u00e9s\u00e9vel az \u00c1pol\u00e1svezet\u00e9si \u00e9s Szakdolgoz\u00f3i Oktat\u00e1si Igazgat\u00f3s\u00e1g k\u00f6telez\u0151 szakmacsoportos tov\u00e1bbk\u00e9pz\u00e9si tanfolyamot &hellip;<\/p>\n","protected":false},"author":101520,"featured_media":0,"parent":1330,"menu_order":1,"comment_status":"closed","ping_status":"closed","template":"","meta":{"_acf_changed":false,"footnotes":""},"categories":[],"tags":[],"class_list":["post-1279","page","type-page","status-publish","hentry"],"acf":[],"_links":{"self":[{"href":"https:\/\/semmelweis.hu\/apolasvezetes\/wp-json\/wp\/v2\/pages\/1279","targetHints":{"allow":["GET"]}}],"collection":[{"href":"https:\/\/semmelweis.hu\/apolasvezetes\/wp-json\/wp\/v2\/pages"}],"about":[{"href":"https:\/\/semmelweis.hu\/apolasvezetes\/wp-json\/wp\/v2\/types\/page"}],"author":[{"embeddable":true,"href":"https:\/\/semmelweis.hu\/apolasvezetes\/wp-json\/wp\/v2\/users\/101520"}],"replies":[{"embeddable":true,"href":"https:\/\/semmelweis.hu\/apolasvezetes\/wp-json\/wp\/v2\/comments?post=1279"}],"version-history":[{"count":12,"href":"https:\/\/semmelweis.hu\/apolasvezetes\/wp-json\/wp\/v2\/pages\/1279\/revisions"}],"predecessor-version":[{"id":2274,"href":"https:\/\/semmelweis.hu\/apolasvezetes\/wp-json\/wp\/v2\/pages\/1279\/revisions\/2274"}],"up":[{"embeddable":true,"href":"https:\/\/semmelweis.hu\/apolasvezetes\/wp-json\/wp\/v2\/pages\/1330"}],"wp:attachment":[{"href":"https:\/\/semmelweis.hu\/apolasvezetes\/wp-json\/wp\/v2\/media?parent=1279"}],"wp:term":[{"taxonomy":"category","embeddable":true,"href":"https:\/\/semmelweis.hu\/apolasvezetes\/wp-json\/wp\/v2\/categories?post=1279"},{"taxonomy":"post_tag","embeddable":true,"href":"https:\/\/semmelweis.hu\/apolasvezetes\/wp-json\/wp\/v2\/tags?post=1279"}],"curies":[{"name":"wp","href":"https:\/\/api.w.org\/{rel}","templated":true}]}}