{"id":1245,"date":"2016-08-04T15:53:52","date_gmt":"2016-08-04T13:53:52","guid":{"rendered":"http:\/\/semmelweis.hu\/apolasvezetes\/?page_id=1245"},"modified":"2024-01-18T14:25:33","modified_gmt":"2024-01-18T13:25:33","slug":"kozponti-dietetika","status":"publish","type":"page","link":"https:\/\/semmelweis.hu\/apolasvezetes\/kozponti-dietetika\/","title":{"rendered":"K\u00f6zponti Dietetika"},"content":{"rendered":"<p><strong>Az \u00c1pol\u00e1svezet\u00e9si \u00e9s Szakdolgoz\u00f3i Oktat\u00e1si Igazgat\u00f3s\u00e1g K\u00f6zponti Dietetikai Oszt\u00e1ly\u00e1n dolgoz\u00f3 dietetikusok feladata a Klinik\u00e1kon:<\/strong><\/p>\n<ul>\n<li>P\u00e1ciensek t\u00e1pl\u00e1lts\u00e1gi \u00e1llapot\u00e1nak\u00a0felm\u00e9r\u00e9se\u00a0 (antropometria, test\u00f6sszet\u00e9tel anal\u00edzis InBody-val, MUST, NRS-2002 ), annak k\u00f6vet\u00e9se, dokument\u00e1l\u00e1sa<\/li>\n<li>T\u00e1pl\u00e1lkoz\u00e1si anamn\u00e9zis felv\u00e9tele, t\u00e1pl\u00e1l\u00e1si terv ( or\u00e1lis, enter\u00e1lis ) meghat\u00e1roz\u00e1sa, dokument\u00e1l\u00e1sa<\/li>\n<li>Szem\u00e9lyre szabott di\u00e9t\u00e1s \u00a0\u00e9trend oktat\u00e1sa fekv\u0151beteg oszt\u00e1lyokon \u00e9s ambulanci\u00e1kon, egy\u00e9ni, csoportos vagy online form\u00e1ban, eduk\u00e1ci\u00f3t k\u00f6vet\u0151en az Egyetemi informatikai rendszerben dokument\u00e1lva<\/li>\n<li>P\u00e1ciensek ut\u00e1nk\u00f6vet\u00e9se<\/li>\n<li>T\u00e1pl\u00e1l\u00e1si munkacsoportok kialak\u00edt\u00e1sa<\/li>\n<li>Di\u00e9t\u00e1s \u00e9trendi javaslatokr\u00f3l \u00edr\u00e1sos betegt\u00e1j\u00e9koztat\u00f3 kiadv\u00e1nyok szerkeszt\u00e9se<\/li>\n<li>Az Egyetem \u00e1ltal szervezett ismeretterjeszt\u0151, prevenci\u00f3s vagy tudom\u00e1nyos rendezv\u00e9nyeken val\u00f3 akt\u00edv szerepv\u00e1llal\u00e1s<\/li>\n<li>Tudom\u00e1nyos adatgy\u0171jt\u00e9sben, felm\u00e9r\u00e9sben, kutat\u00e1sban val\u00f3 r\u00e9szv\u00e9tel, publik\u00e1ci\u00f3k \u00edr\u00e1sa<\/li>\n<li>Dietetikus \u00a0hallgat\u00f3k oktat\u00e1sa, gyakorlatvezet\u00e9se, vizsg\u00e1ztat\u00e1sa<\/li>\n<li>Gy\u00f3gy\u00e1szati c\u00e9lra sz\u00e1nt speci\u00e1lis \u00e9lelmiszerek javaslata<\/li>\n<li>Egy\u00fcttm\u0171k\u00f6d\u00e9s a speci\u00e1lis \u00e9lelmiszerek forgalmaz\u00f3ival<\/li>\n<li>\u00c9lelmez\u00e9si szolg\u00e1ltat\u00e1s ellen\u0151rz\u00e9se a fekv\u0151beteg oszt\u00e1lyokon, kapcsolattart\u00e1s az \u00c9lelmez\u00e9si Szolg\u00e1ltat\u00f3 \u00e9s a Klinik\u00e1k k\u00f6z\u00f6tt<\/li>\n<\/ul>\n<p>&nbsp;<\/p>\n","protected":false},"excerpt":{"rendered":"<p>Az \u00c1pol\u00e1svezet\u00e9si \u00e9s Szakdolgoz\u00f3i Oktat\u00e1si Igazgat\u00f3s\u00e1g K\u00f6zponti Dietetikai Oszt\u00e1ly\u00e1n dolgoz\u00f3 dietetikusok feladata a Klinik\u00e1kon: P\u00e1ciensek t\u00e1pl\u00e1lts\u00e1gi \u00e1llapot\u00e1nak\u00a0felm\u00e9r\u00e9se\u00a0 (antropometria, test\u00f6sszet\u00e9tel anal\u00edzis InBody-val, MUST, NRS-2002 ), annak k\u00f6vet\u00e9se, dokument\u00e1l\u00e1sa T\u00e1pl\u00e1lkoz\u00e1si anamn\u00e9zis felv\u00e9tele, t\u00e1pl\u00e1l\u00e1si terv ( or\u00e1lis, enter\u00e1lis ) meghat\u00e1roz\u00e1sa, dokument\u00e1l\u00e1sa Szem\u00e9lyre szabott di\u00e9t\u00e1s \u00a0\u00e9trend oktat\u00e1sa fekv\u0151beteg oszt\u00e1lyokon \u00e9s ambulanci\u00e1kon, egy\u00e9ni, csoportos vagy online form\u00e1ban, eduk\u00e1ci\u00f3t k\u00f6vet\u0151en az &hellip;<\/p>\n","protected":false},"author":101133,"featured_media":0,"parent":0,"menu_order":4,"comment_status":"closed","ping_status":"closed","template":"","meta":{"_acf_changed":false,"footnotes":""},"categories":[],"tags":[],"class_list":["post-1245","page","type-page","status-publish","hentry"],"acf":[],"_links":{"self":[{"href":"https:\/\/semmelweis.hu\/apolasvezetes\/wp-json\/wp\/v2\/pages\/1245","targetHints":{"allow":["GET"]}}],"collection":[{"href":"https:\/\/semmelweis.hu\/apolasvezetes\/wp-json\/wp\/v2\/pages"}],"about":[{"href":"https:\/\/semmelweis.hu\/apolasvezetes\/wp-json\/wp\/v2\/types\/page"}],"author":[{"embeddable":true,"href":"https:\/\/semmelweis.hu\/apolasvezetes\/wp-json\/wp\/v2\/users\/101133"}],"replies":[{"embeddable":true,"href":"https:\/\/semmelweis.hu\/apolasvezetes\/wp-json\/wp\/v2\/comments?post=1245"}],"version-history":[{"count":6,"href":"https:\/\/semmelweis.hu\/apolasvezetes\/wp-json\/wp\/v2\/pages\/1245\/revisions"}],"predecessor-version":[{"id":1800,"href":"https:\/\/semmelweis.hu\/apolasvezetes\/wp-json\/wp\/v2\/pages\/1245\/revisions\/1800"}],"wp:attachment":[{"href":"https:\/\/semmelweis.hu\/apolasvezetes\/wp-json\/wp\/v2\/media?parent=1245"}],"wp:term":[{"taxonomy":"category","embeddable":true,"href":"https:\/\/semmelweis.hu\/apolasvezetes\/wp-json\/wp\/v2\/categories?post=1245"},{"taxonomy":"post_tag","embeddable":true,"href":"https:\/\/semmelweis.hu\/apolasvezetes\/wp-json\/wp\/v2\/tags?post=1245"}],"curies":[{"name":"wp","href":"https:\/\/api.w.org\/{rel}","templated":true}]}}