{"id":1195,"date":"2015-06-29T14:38:40","date_gmt":"2015-06-29T12:38:40","guid":{"rendered":"http:\/\/semmelweis.hu\/apolasvezetes\/?page_id=1195"},"modified":"2025-09-29T14:17:10","modified_gmt":"2025-09-29T12:17:10","slug":"tovabbkepzesek","status":"publish","type":"page","link":"https:\/\/semmelweis.hu\/apolasvezetes\/tovabbkepzesek\/","title":{"rendered":"\u00c1pol\u00e1sfejleszt\u00e9s a Semmelweis Egyetemen"},"content":{"rendered":"<p>Az eg\u00e9szs\u00e9g\u00fcgyi ell\u00e1t\u00f3rendszer v\u00e1ltoz\u00e1sa, valamint a fejl\u0151d\u00e9ssel val\u00f3 l\u00e9p\u00e9start\u00e1s sz\u00e1mos lehet\u0151s\u00e9get, ezzel egy\u00fctt kih\u00edv\u00e1st is hordoz az eg\u00e9szs\u00e9g\u00fcgyi szakemberek sz\u00e1m\u00e1ra.<\/p>\n<p>Az egyik ilyen kih\u00edv\u00e1s a re\u00e1lis sz\u00fcks\u00e9gleteken alapul\u00f3, eg\u00e9szs\u00e9gmeg\u0151rz\u0151, vissza\u00e1ll\u00edt\u00f3, illetve \u00e1llapotroml\u00e1st megakad\u00e1lyoz\u00f3, megfelel\u0151 min\u0151s\u00e9g\u0171 eg\u00e9szs\u00e9g\u00fcgyi szolg\u00e1ltat\u00e1sok el\u00e9rhet\u0151s\u00e9g\u00e9nek megteremt\u00e9se.<\/p>\n<p>A Semmelweis Egyetem \u00c1pol\u00e1svezet\u00e9si \u00e9s Szakdolgoz\u00f3i Oktat\u00e1si Igazgat\u00f3s\u00e1g \u00e1pol\u00e1sfejleszt\u00e9si tev\u00e9kenys\u00e9ge nem csak az \u00e1pol\u00e1si ter\u00fcletek innovat\u00edv szeml\u00e9let\u0171 monitoroz\u00e1s\u00e1t jelenti, hanem a holisztikus szeml\u00e9let\u0171 gy\u00f3gy\u00edt\u00f3 tev\u00e9kenys\u00e9g mindazon szegmenseit is, melyek az \u00e1pol\u00e1st \u00f6n\u00e1ll\u00f3 tudom\u00e1ny\u00e1gg\u00e1 form\u00e1lt\u00e1k, s form\u00e1lj\u00e1k egy \u00faj gener\u00e1ci\u00f3s eg\u00e9szs\u00e9g\u00fcgyi rendszerhez.<\/p>\n<p>&nbsp;<\/p>\n","protected":false},"excerpt":{"rendered":"<p>Az eg\u00e9szs\u00e9g\u00fcgyi ell\u00e1t\u00f3rendszer v\u00e1ltoz\u00e1sa, valamint a fejl\u0151d\u00e9ssel val\u00f3 l\u00e9p\u00e9start\u00e1s sz\u00e1mos lehet\u0151s\u00e9get, ezzel egy\u00fctt kih\u00edv\u00e1st is hordoz az eg\u00e9szs\u00e9g\u00fcgyi szakemberek sz\u00e1m\u00e1ra. Az egyik ilyen kih\u00edv\u00e1s a re\u00e1lis sz\u00fcks\u00e9gleteken alapul\u00f3, eg\u00e9szs\u00e9gmeg\u0151rz\u0151, vissza\u00e1ll\u00edt\u00f3, illetve \u00e1llapotroml\u00e1st megakad\u00e1lyoz\u00f3, megfelel\u0151 min\u0151s\u00e9g\u0171 eg\u00e9szs\u00e9g\u00fcgyi szolg\u00e1ltat\u00e1sok el\u00e9rhet\u0151s\u00e9g\u00e9nek megteremt\u00e9se. A Semmelweis Egyetem \u00c1pol\u00e1svezet\u00e9si \u00e9s Szakdolgoz\u00f3i Oktat\u00e1si Igazgat\u00f3s\u00e1g \u00e1pol\u00e1sfejleszt\u00e9si tev\u00e9kenys\u00e9ge nem csak az \u00e1pol\u00e1si ter\u00fcletek innovat\u00edv &hellip;<\/p>\n","protected":false},"author":12,"featured_media":0,"parent":0,"menu_order":1,"comment_status":"open","ping_status":"open","template":"","meta":{"_acf_changed":false,"footnotes":""},"categories":[],"tags":[],"class_list":["post-1195","page","type-page","status-publish","hentry"],"acf":[],"_links":{"self":[{"href":"https:\/\/semmelweis.hu\/apolasvezetes\/wp-json\/wp\/v2\/pages\/1195","targetHints":{"allow":["GET"]}}],"collection":[{"href":"https:\/\/semmelweis.hu\/apolasvezetes\/wp-json\/wp\/v2\/pages"}],"about":[{"href":"https:\/\/semmelweis.hu\/apolasvezetes\/wp-json\/wp\/v2\/types\/page"}],"author":[{"embeddable":true,"href":"https:\/\/semmelweis.hu\/apolasvezetes\/wp-json\/wp\/v2\/users\/12"}],"replies":[{"embeddable":true,"href":"https:\/\/semmelweis.hu\/apolasvezetes\/wp-json\/wp\/v2\/comments?post=1195"}],"version-history":[{"count":10,"href":"https:\/\/semmelweis.hu\/apolasvezetes\/wp-json\/wp\/v2\/pages\/1195\/revisions"}],"predecessor-version":[{"id":2182,"href":"https:\/\/semmelweis.hu\/apolasvezetes\/wp-json\/wp\/v2\/pages\/1195\/revisions\/2182"}],"wp:attachment":[{"href":"https:\/\/semmelweis.hu\/apolasvezetes\/wp-json\/wp\/v2\/media?parent=1195"}],"wp:term":[{"taxonomy":"category","embeddable":true,"href":"https:\/\/semmelweis.hu\/apolasvezetes\/wp-json\/wp\/v2\/categories?post=1195"},{"taxonomy":"post_tag","embeddable":true,"href":"https:\/\/semmelweis.hu\/apolasvezetes\/wp-json\/wp\/v2\/tags?post=1195"}],"curies":[{"name":"wp","href":"https:\/\/api.w.org\/{rel}","templated":true}]}}