{"id":9189,"date":"2014-07-31T13:09:34","date_gmt":"2014-07-31T11:09:34","guid":{"rendered":"http:\/\/semmelweis.hu\/aok\/?page_id=9189"},"modified":"2023-09-04T09:09:55","modified_gmt":"2023-09-04T07:09:55","slug":"hallgatoi-elet","status":"publish","type":"page","link":"https:\/\/semmelweis.hu\/aok\/felveteli\/hallgatoi-elet\/","title":{"rendered":"Hallgat\u00f3i \u00e9let"},"content":{"rendered":"<h4><strong>Rendezv\u00e9nyek<\/strong><\/h4>\n<p><a href=\"https:\/\/semmelweis.hu\/aok\/files\/2014\/07\/RS3341_20130308-IMG_9919-semmelweis-carnival-scr.jpg\"><img loading=\"lazy\" decoding=\"async\" class=\"alignright  wp-image-9238\" src=\"https:\/\/semmelweis.hu\/aok\/files\/2014\/07\/RS3341_20130308-IMG_9919-semmelweis-carnival-scr.jpg\" alt=\"\" width=\"369\" height=\"246\" srcset=\"https:\/\/semmelweis.hu\/aok\/files\/2014\/07\/RS3341_20130308-IMG_9919-semmelweis-carnival-scr.jpg 950w, https:\/\/semmelweis.hu\/aok\/files\/2014\/07\/RS3341_20130308-IMG_9919-semmelweis-carnival-scr-300x199.jpg 300w, https:\/\/semmelweis.hu\/aok\/files\/2014\/07\/RS3341_20130308-IMG_9919-semmelweis-carnival-scr-450x300.jpg 450w\" sizes=\"auto, (max-width: 369px) 100vw, 369px\" \/><\/a>Gazdag \u00e9s szerte\u00e1gaz\u00f3 lehet\u0151s\u00e9gek v\u00e1rj\u00e1k a \u00c1ltal\u00e1nos Orvostudom\u00e1nyi Kar hallgat\u00f3it az egyetem falain bel\u00fcl \u00e9s k\u00edv\u00fcl egyar\u00e1nt. Els\u0151 \u00e9vt\u0151l kezdve sz\u00e1mos hallgat\u00f3i rendezv\u00e9ny teszi m\u00e9g sz\u00ednesebb\u00e9 az am\u00fagy is tartalmas h\u00e9tk\u00f6znapokat. A teljess\u00e9g ig\u00e9nye n\u00e9lk\u00fcl, \u00edme n\u00e9h\u00e1ny a rendezv\u00e9nyek k\u00f6z\u00fcl: G\u00f3lyat\u00e1bor, G\u00f3lyahaj\u00f3, G\u00f3lyab\u00e1l, Sportnap, Kultur\u00e1lis Napok, J\u00e9gfarsang, stb.<\/p>\n<p><a href=\"https:\/\/semmelweis.hu\/egyetemi-hallgatoknak\/hallgatoi-rendezvenyek\/\" target=\"_blank\" rel=\"noopener\">B\u0151vebben \u2192<\/a><\/p>\n<hr \/>\n<h4><strong>Sport<\/strong><\/h4>\n<p><a href=\"https:\/\/semmelweis.hu\/aok\/files\/2023\/07\/RS147857_3P1A3767-scr.jpg\"><img loading=\"lazy\" decoding=\"async\" class=\"alignright  wp-image-29562\" src=\"https:\/\/semmelweis.hu\/aok\/files\/2023\/07\/RS147857_3P1A3767-scr-400x267.jpg\" alt=\"\" width=\"369\" height=\"246\" srcset=\"https:\/\/semmelweis.hu\/aok\/files\/2023\/07\/RS147857_3P1A3767-scr-400x267.jpg 400w, https:\/\/semmelweis.hu\/aok\/files\/2023\/07\/RS147857_3P1A3767-scr-1024x683.jpg 1024w, https:\/\/semmelweis.hu\/aok\/files\/2023\/07\/RS147857_3P1A3767-scr-768x512.jpg 768w, https:\/\/semmelweis.hu\/aok\/files\/2023\/07\/RS147857_3P1A3767-scr-753x502.jpg 753w, https:\/\/semmelweis.hu\/aok\/files\/2023\/07\/RS147857_3P1A3767-scr-203x135.jpg 203w, https:\/\/semmelweis.hu\/aok\/files\/2023\/07\/RS147857_3P1A3767-scr.jpg 1200w\" sizes=\"auto, (max-width: 369px) 100vw, 369px\" \/><\/a>A k\u00f6telez\u0151 testnevel\u00e9s \u00f3r\u00e1k mellett a szabadid\u0151s sport ter\u00e9n is nagy a v\u00e1laszt\u00e9k az egyetemen: labdar\u00fag\u00e1s, k\u00e9zilabda, kos\u00e1rlabda, r\u00f6plabda, floorball, \u00fasz\u00e1s, tenisz \u00e9s egy sor egy\u00e9b szabadid\u0151sport.<\/p>\n<p><strong> Tov\u00e1bbi inform\u00e1ci\u00f3k:<\/strong><\/p>\n<ul>\n<li><a href=\"https:\/\/semmelweis.hu\/sportkozpont\/\" target=\"_blank\" rel=\"noopener noreferrer\">Testnevel\u00e9si \u00e9s Sportk\u00f6zpont<\/a>\u00a0<\/li>\n<li><a href=\"https:\/\/semmelweis.hu\/sportklub\/\" target=\"_blank\" rel=\"noopener\">Semmelweis Egyetem Sport Klub<\/a><\/li>\n<li><a href=\"https:\/\/semmelweis.hu\/csaladbarat\/kedvezmenyek\/?logical=AND&amp;parent_cat=kedvezmenyezett&amp;tag1%5B%5D=sport\" target=\"_blank\" rel=\"noopener\">Az egyetem polg\u00e1rai sz\u00e1m\u00e1ra kedvezm\u00e9nyt biztos\u00edt\u00f3 helyek\u00a0<\/a><\/li>\n<\/ul>\n<hr \/>\n<h4><strong>Hallgat\u00f3i szervezetek<\/strong><\/h4>\n<p><a href=\"https:\/\/semmelweis.hu\/aok\/files\/2023\/07\/RS99738_ka-20190904-IMG_4197-scr-753x502-1.jpg\"><img loading=\"lazy\" decoding=\"async\" class=\"alignright  wp-image-29563\" src=\"https:\/\/semmelweis.hu\/aok\/files\/2023\/07\/RS99738_ka-20190904-IMG_4197-scr-753x502-1-400x267.jpg\" alt=\"\" width=\"369\" height=\"246\" srcset=\"https:\/\/semmelweis.hu\/aok\/files\/2023\/07\/RS99738_ka-20190904-IMG_4197-scr-753x502-1-400x267.jpg 400w, https:\/\/semmelweis.hu\/aok\/files\/2023\/07\/RS99738_ka-20190904-IMG_4197-scr-753x502-1-203x135.jpg 203w, https:\/\/semmelweis.hu\/aok\/files\/2023\/07\/RS99738_ka-20190904-IMG_4197-scr-753x502-1.jpg 753w\" sizes=\"auto, (max-width: 369px) 100vw, 369px\" \/><\/a>A hallgat\u00f3k sz\u00e1mos szervezethez csatlakozhatnak nemzetis\u00e9g\u00fck, \u00e9rdekl\u0151d\u00e9si k\u00f6r\u00fck, ig\u00e9nyeik szerint. Ilyen szervezet p\u00e9ld\u00e1ul<\/p>\n<ul>\n<li>a\u00a0<a href=\"https:\/\/semmelweis.hu\/hok\/\" target=\"_blank\" rel=\"noopener noreferrer\">Hallgat\u00f3i \u00d6nkorm\u00e1nyzat<\/a>,<\/li>\n<li>az <a href=\"http:\/\/iocs.hu\/\" target=\"_blank\" rel=\"noopener noreferrer\">Instruktor \u00d6ntev\u00e9keny Csoport<\/a>, a<\/li>\n<li><a href=\"https:\/\/semmelweis.hu\/boe\/\" target=\"_blank\" rel=\"noopener noreferrer\">Magyar Orvostanhallgat\u00f3k Egyes\u00fclete\u00a0budapesti bizotts\u00e1ga<\/a><\/li>\n<\/ul>\n<p><a href=\"https:\/\/semmelweis.hu\/hok\/atlathatosag\/ontevekeny-csoportok\/\" target=\"_blank\" rel=\"noopener\">Tov\u00e1bbi szervezetek \u2192<\/a><\/p>\n<hr \/>\n<h4><strong>Tehets\u00e9ggondoz\u00e1s<\/strong><\/h4>\n<p><a href=\"https:\/\/semmelweis.hu\/aok\/files\/2023\/07\/RS80649_IMG_4471-scr.jpg\"><img loading=\"lazy\" decoding=\"async\" class=\"alignright  wp-image-29564\" src=\"https:\/\/semmelweis.hu\/aok\/files\/2023\/07\/RS80649_IMG_4471-scr-400x267.jpg\" alt=\"\" width=\"369\" height=\"246\" srcset=\"https:\/\/semmelweis.hu\/aok\/files\/2023\/07\/RS80649_IMG_4471-scr-400x267.jpg 400w, https:\/\/semmelweis.hu\/aok\/files\/2023\/07\/RS80649_IMG_4471-scr-768x512.jpg 768w, https:\/\/semmelweis.hu\/aok\/files\/2023\/07\/RS80649_IMG_4471-scr-753x502.jpg 753w, https:\/\/semmelweis.hu\/aok\/files\/2023\/07\/RS80649_IMG_4471-scr-203x135.jpg 203w, https:\/\/semmelweis.hu\/aok\/files\/2023\/07\/RS80649_IMG_4471-scr.jpg 950w\" sizes=\"auto, (max-width: 369px) 100vw, 369px\" \/><\/a>A hallgat\u00f3knak lehet\u0151s\u00e9ge van elm\u00e9ly\u00fclni az \u00e9rdekl\u0151d\u00e9s\u00fcknek megfelel\u0151 szakmai t\u00e1rgyakban ak\u00e1r TDK munka keret\u00e9ben, ak\u00e1r a klinik\u00e1kon foly\u00f3 tudom\u00e1nyos kutat\u00f3munk\u00e1ba t\u00f6rt\u00e9n\u0151 bekapcsol\u00f3d\u00e1ssal. Sok <a href=\"https:\/\/semmelweis.hu\/tdk\" target=\"_blank\" rel=\"noopener noreferrer\"><strong>Tudom\u00e1nyos Di\u00e1kk\u00f6r\u00f6s<\/strong><\/a> hallgat\u00f3 dolgozik egy\u00fctt vel\u00fcnk a laborat\u00f3riumokban, sz\u00e1mtalan elismer\u0151 d\u00edjjal f\u00e9mjelezve az itt zajl\u00f3 kutat\u00e1sokat \u00e9s term\u00e9szetesen a saj\u00e1t munk\u00e1jukat is.<\/p>\n<p>Az oktat\u00e1s sor\u00e1n igyeksz\u00fcnk hallgat\u00f3ink k\u00e9szs\u00e9geit \u00e9s felk\u00e9sz\u00fclts\u00e9g\u00e9t fejleszteni az\u00e1ltal, hogy \u00f6szt\u00f6n\u00f6zz\u00fck \u0151ket a hazai \u00e9s nemzetk\u00f6zi szakirodalom tanulm\u00e1nyoz\u00e1s\u00e1ra, ezek seg\u00edts\u00e9g\u00e9vel \u00f6n\u00e1ll\u00f3 tudom\u00e1nyos dolgozatok elk\u00e9sz\u00edt\u00e9s\u00e9re.\u00a0<\/p>\n<p>&nbsp;<\/p>\n","protected":false},"excerpt":{"rendered":"<p>Rendezv\u00e9nyek <a href=\"https:\/\/semmelweis.hu\/aok\/files\/2014\/07\/RS3341_20130308-IMG_9919-semmelweis-carnival-scr.jpg\"><\/a> Gazdag \u00e9s szerte\u00e1gaz\u00f3 lehet\u0151s\u00e9gek v\u00e1rj\u00e1k a \u00c1ltal\u00e1nos Orvostudom\u00e1nyi Kar hallgat\u00f3it az egyetem falain bel\u00fcl \u00e9s k\u00edv\u00fcl egyar\u00e1nt. Els\u0151 \u00e9vt\u0151l kezdve sz\u00e1mos hallgat\u00f3i rendezv\u00e9ny teszi m\u00e9g sz\u00ednesebb\u00e9 az am\u00fagy is tartalmas h\u00e9tk\u00f6znapokat. A teljess\u00e9g ig\u00e9nye n\u00e9lk\u00fcl, \u00edme n\u00e9h\u00e1ny a rendezv\u00e9nyek k\u00f6z\u00fcl: G\u00f3lyat\u00e1bor, G\u00f3lyahaj\u00f3, G\u00f3lyab\u00e1l, Sportnap, Kultur\u00e1lis Napok, J\u00e9gfarsang, stb. <a href=\"https:\/\/semmelweis.hu\/egyetemi-hallgatoknak\/hallgatoi-rendezvenyek\/\" target=\"_blank\" rel=\"noopener\">B\u0151vebben \u2192<\/a> Sport <a href=\"https:\/\/semmelweis.hu\/aok\/files\/2023\/07\/RS147857_3P1A3767-scr.jpg\"><\/a> A k\u00f6telez\u0151 testnevel\u00e9s \u00f3r\u00e1k mellett &hellip;<\/p>\n","protected":false},"author":12,"featured_media":0,"parent":9192,"menu_order":5,"comment_status":"closed","ping_status":"closed","template":"template-fullwidth.php","meta":{"_acf_changed":false,"footnotes":""},"categories":[],"tags":[],"class_list":["post-9189","page","type-page","status-publish","hentry"],"acf":[],"publishpress_future_action":{"enabled":false,"date":"1970-01-01 01:00:00","action":"","terms":[],"taxonomy":"","browser_timezone_offset":0},"_links":{"self":[{"href":"https:\/\/semmelweis.hu\/aok\/wp-json\/wp\/v2\/pages\/9189","targetHints":{"allow":["GET"]}}],"collection":[{"href":"https:\/\/semmelweis.hu\/aok\/wp-json\/wp\/v2\/pages"}],"about":[{"href":"https:\/\/semmelweis.hu\/aok\/wp-json\/wp\/v2\/types\/page"}],"author":[{"embeddable":true,"href":"https:\/\/semmelweis.hu\/aok\/wp-json\/wp\/v2\/users\/12"}],"replies":[{"embeddable":true,"href":"https:\/\/semmelweis.hu\/aok\/wp-json\/wp\/v2\/comments?post=9189"}],"version-history":[{"count":10,"href":"https:\/\/semmelweis.hu\/aok\/wp-json\/wp\/v2\/pages\/9189\/revisions"}],"predecessor-version":[{"id":29566,"href":"https:\/\/semmelweis.hu\/aok\/wp-json\/wp\/v2\/pages\/9189\/revisions\/29566"}],"up":[{"embeddable":true,"href":"https:\/\/semmelweis.hu\/aok\/wp-json\/wp\/v2\/pages\/9192"}],"wp:attachment":[{"href":"https:\/\/semmelweis.hu\/aok\/wp-json\/wp\/v2\/media?parent=9189"}],"wp:term":[{"taxonomy":"category","embeddable":true,"href":"https:\/\/semmelweis.hu\/aok\/wp-json\/wp\/v2\/categories?post=9189"},{"taxonomy":"post_tag","embeddable":true,"href":"https:\/\/semmelweis.hu\/aok\/wp-json\/wp\/v2\/tags?post=9189"}],"curies":[{"name":"wp","href":"https:\/\/api.w.org\/{rel}","templated":true}]}}