{"id":9087,"date":"2014-07-30T14:47:43","date_gmt":"2014-07-30T12:47:43","guid":{"rendered":"http:\/\/semmelweis.hu\/aok\/?page_id=9087"},"modified":"2026-01-21T11:49:20","modified_gmt":"2026-01-21T10:49:20","slug":"kari-tanacs","status":"publish","type":"page","link":"https:\/\/semmelweis.hu\/aok\/a-karrol\/kari-tanacs\/","title":{"rendered":"Kari tan\u00e1cs"},"content":{"rendered":"<div class=\"keretes w-100\">\n<p style=\"text-align: justify\">Az <strong>\u00c1ltal\u00e1nos Orvostudom\u00e1nyi Kar vezet\u0151 test\u00fclete a Kari Tan\u00e1cs<\/strong>, amely a karhoz tartoz\u00f3 int\u00e9zetek-, klinik\u00e1k-, tansz\u00e9kek-, kutat\u00e1si \u00e9s egy\u00e9b szervezeti egys\u00e9gek vezet\u0151inek, hallgat\u00f3inak, valamint a Kari Tan\u00e1cs m\u00e1s tagjainak k\u00f6z\u00f6s \u00f6nkorm\u00e1nyzati test\u00fclete.<\/p>\n<p style=\"text-align: justify\">A <strong>Kari Tan\u00e1cs eln\u00f6ke a d\u00e9k\u00e1n<\/strong>, akad\u00e1lyoztat\u00e1sa eset\u00e9n az \u00e1ltala kijel\u00f6lt d\u00e9k\u00e1nhelyettes. A test\u00fclet fel\u00e9p\u00edt\u00e9s\u00e9t \u00e9s l\u00e9tsz\u00e1m\u00e1t, valamint a tagok megv\u00e1laszt\u00e1s\u00e1nak rendj\u00e9t a fels\u0151oktat\u00e1si t\u00f6rv\u00e9nyben \u00e9s a Szervezeti \u00e9s M\u0171k\u00f6d\u00e9si Szab\u00e1lyzatban foglaltakra figyelemmel a <strong>Kar m\u0171k\u00f6d\u00e9si rendje<\/strong> \u00e1llap\u00edtja meg.<\/p>\n<\/div>\n<h4><strong>A Kari Tan\u00e1cs tagjai<\/strong><\/h4>\n<ul>\n<li style=\"text-align: justify\">Dr. \u00c1cs N\u00e1ndor egyetemi tan\u00e1r, igazgat\u00f3, Sz\u00fcl\u00e9szeti \u00e9s N\u0151gy\u00f3gy\u00e1szati Klinika<\/li>\n<li style=\"text-align: justify\">Dr. Alp\u00e1r Al\u00e1n egyetemi tan\u00e1r, igazgat\u00f3, Anat\u00f3miai, Sz\u00f6vet- \u00e9s Fejl\u0151d\u00e9stani Int\u00e9zet<\/li>\n<li style=\"text-align: justify\">Dr. Banczerowski P\u00e9ter egyetemi tan\u00e1r, tansz\u00e9kvezet\u0151, Idegseb\u00e9szeti Tansz\u00e9k<\/li>\n<li style=\"text-align: justify\">Dr. Beny\u00f3 Zolt\u00e1n egyetemi tan\u00e1r, igazgat\u00f3, Transzl\u00e1ci\u00f3s Medicina Int\u00e9zet<\/li>\n<li style=\"text-align: justify\">Dr. Bereczki D\u00e1niel egyetemi tan\u00e1r, igazgat\u00f3, Neurol\u00f3giai Klinika<\/li>\n<li>Dr. Bodzai Tam\u00e1s J\u00e1nos egyetemi docens, Traumatol\u00f3giai Tansz\u00e9k<\/li>\n<li style=\"text-align: justify\">Dr. Buz\u00e1s Edit egyetemi tan\u00e1r, igazgat\u00f3, Genetikai, Sejt- \u00e9s Immunbiol\u00f3giai Int\u00e9zet<\/li>\n<li style=\"text-align: justify\">Dr. Csala Mikl\u00f3s egyetemi tan\u00e1r, tansz\u00e9kvezet\u0151, Molekul\u00e1ris Biol\u00f3giai Tansz\u00e9k<\/li>\n<li style=\"text-align: justify\">Dr. Csan\u00e1dy L\u00e1szl\u00f3 egyetemi tan\u00e1r, igazgat\u00f3, Biok\u00e9mia \u00e9s Molekul\u00e1ris Biol\u00f3gia Int\u00e9zet; Biok\u00e9miai Tansz\u00e9k<\/li>\n<li>Dr. Cserh\u00e1ti P\u00e9ter egyetemi docens, igazgat\u00f3, Rehabilit\u00e1ci\u00f3s Klinika<\/li>\n<li>Dr. Dank Magdolna egyetemi tan\u00e1r, tansz\u00e9kvezet\u0151, Klinikai Onkol\u00f3giai Tansz\u00e9k<\/li>\n<li style=\"text-align: justify\">Dr. D\u00e9nes Zolt\u00e1n egyetemi docens, tansz\u00e9kvezet\u0151, Rehabilit\u00e1ci\u00f3s Medicina Tansz\u00e9k<\/li>\n<li>Dr. D\u00f3sa Edit egyetemi docens, tansz\u00e9kvezet\u0151, Neurointervenci\u00f3 Tansz\u00e9k<\/li>\n<li>Dr. Er\u0151ss Lor\u00e1nd egyetemi tan\u00e1r, igazgat\u00f3, Idegseb\u00e9szeti \u00e9s Neurointervenci\u00f3s Klinika<\/li>\n<li>Dr. Fenyves B\u00e1nk G\u00e1bor egyetemi docens, igazgat\u00f3, S\u00fcrg\u0151ss\u00e9gi Orvostani Klinika<\/li>\n<li style=\"text-align: justify\">Dr. Ferdinandy P\u00e9ter \u00a0egyetemi tan\u00e1r, tudom\u00e1nyos rektorhelyettes, igazgat\u00f3, Farmakol\u00f3giai \u00e9s Farmakoter\u00e1pi\u00e1s Int\u00e9zet<\/li>\n<li>Dr. Gonda X\u00e9nia egyetemi docens, tansz\u00e9kvezet\u0151, Klinikai Pszichol\u00f3giai Tansz\u00e9k<\/li>\n<li>Dr. Hegyi P\u00e9ter egyetemi tan\u00e1r, Pankre\u00e1sz Betegs\u00e9gek Int\u00e9zete<\/li>\n<li style=\"text-align: justify\">Dr. Holl\u00f3 P\u00e9ter egyetemi tan\u00e1r, igazgat\u00f3, B\u0151r-, Nemik\u00f3rtani \u00e9s B\u0151ronkol\u00f3giai Klinika<\/li>\n<li>Dr. Hritz Istv\u00e1n egyetemi docens, tansz\u00e9kvezet\u0151, Intervenci\u00f3s Gasztroenterol\u00f3giai Tansz\u00e9k<\/li>\n<li style=\"text-align: justify\">Dr. Igaz P\u00e9ter egyetemi tan\u00e1r, tansz\u00e9kvezet\u0151, Endokrinol\u00f3giai Tansz\u00e9k<\/li>\n<li style=\"text-align: justify\">Dr. Kellermayer Mikl\u00f3s egyetemi tan\u00e1r, igazgat\u00f3, Biofizikai \u00e9s Sug\u00e1rbiol\u00f3giai Int\u00e9zet<\/li>\n<li>Dr. Kl\u00e1rik Zolt\u00e1n egyetemi docens, tansz\u00e9kvezet\u0151, Plasztikai \u00e9s Rekonstrukt\u00edv Seb\u00e9szeti Tansz\u00e9k<\/li>\n<li style=\"text-align: justify\">Dr. Kiss Andr\u00e1s egyetemi tan\u00e1r,<strong>\u00a0<\/strong> igazgat\u00f3, Patol\u00f3giai, Igazs\u00e1g\u00fcgyi \u00e9s Biztos\u00edt\u00e1si Orvostani Int\u00e9zet<\/li>\n<li>Dr. Kov\u00e1cs G\u00e1bor egyetemi tan\u00e1r, tansz\u00e9kvezet\u0151, Gyermekgy\u00f3gy\u00e1szati Hemato-onkol\u00f3giai Tansz\u00e9k<\/li>\n<li style=\"text-align: justify\">Dr. Masszi Tam\u00e1s egyetemi tan\u00e1r, igazgat\u00f3, Belgy\u00f3gy\u00e1szati \u00e9s Hematol\u00f3giai Klinika<\/li>\n<li style=\"text-align: justify\">Dr. Matolcsy Andr\u00e1s egyetemi tan\u00e1r, igazgat\u00f3, Patol\u00f3giai \u00e9s K\u00eds\u00e9rleti R\u00e1kkutat\u00f3 Int\u00e9zet<\/li>\n<li style=\"text-align: justify\">Dr. Maurovich Horvat P\u00e1l egyetemi tan\u00e1r, igazgat\u00f3, Orvosi K\u00e9palkot\u00f3 Klinika; tansz\u00e9kvezet\u0151, Radiol\u00f3giai Tansz\u00e9k, Neuroradiol\u00f3giai Tansz\u00e9k<\/li>\n<li style=\"text-align: justify\"><strong>Dr. Merkely B\u00e9la egyetemi tan\u00e1r,\u00a0 rektor, igazgat\u00f3, V\u00e1rosmajori Sz\u00edv- \u00e9s \u00c9rgy\u00f3gy\u00e1szati Klinika; tansz\u00e9kvezet\u0151 Kardiol\u00f3giai Tansz\u00e9k-Kardiol\u00f3giai K\u00f6zpont, Rep\u00fcl\u0151- \u00e9s \u0170rorvostani Tansz\u00e9k<\/strong><\/li>\n<li style=\"text-align: justify\"><strong>Dr. M\u00f3csai Attila egyetemi tan\u00e1r, d\u00e9k\u00e1nhelyettes, igazgat\u00f3, \u00c9lettani Int\u00e9zet<\/strong><\/li>\n<li>Dr. Moln\u00e1r Lajos Zsolt egyetemi tan\u00e1r, Aneszteziol\u00f3giai \u00e9s Intenz\u00edv Ter\u00e1pi\u00e1s Tansz\u00e9k<\/li>\n<li style=\"text-align: justify\">Dr. Moln\u00e1r M\u00e1ria Judit egyetemi tan\u00e1r, igazgat\u00f3, Genomikai Medicina \u00e9s Ritka Betegs\u00e9gek\u00a0 Int\u00e9zete<\/li>\n<li style=\"text-align: justify\"><strong>Dr. M\u00fcller Veronika egyetemi tan\u00e1r, d\u00e9k\u00e1nhelyettes, igazgat\u00f3, Pulmonol\u00f3giai Klinika<\/strong><\/li>\n<li style=\"text-align: justify\">Dr. Nagy Gy\u00f6rgy egyetemi tan\u00e1r, igazgat\u00f3, Reumatol\u00f3giai \u00e9s Immunol\u00f3giai Klinika<\/li>\n<li style=\"text-align: justify\">Dr. Nagy Zolt\u00e1n Zsolt egyetemi tan\u00e1r, igazgat\u00f3, Szem\u00e9szeti Klinika<\/li>\n<li>Dr. Nardai S\u00e1ndor egyetemi docens, tansz\u00e9kvezet\u0151, Neurointervenci\u00f3 Tansz\u00e9k<\/li>\n<li style=\"text-align: justify\">Dr. N\u00e9meth Zsolt egyetemi tan\u00e1r, igazgat\u00f3, Arc-\u00c1llcsont-Sz\u00e1jseb\u00e9szeti \u00e9s Fog\u00e1szati Klinika<\/li>\n<li style=\"text-align: justify\"><strong>Dr. Nyir\u00e1dy P\u00e9ter egyetemi tan\u00e1r, d\u00e9k\u00e1n, igazgat\u00f3, Urol\u00f3giai Klinika<\/strong><\/li>\n<li>Dr. Polg\u00e1r Csaba egyetemi tan\u00e1r, tansz\u00e9kvezet\u0151, Sug\u00e1rter\u00e1pi\u00e1s Tansz\u00e9k<\/li>\n<li style=\"text-align: justify\"><strong>Dr. Purebl Gy\u00f6rgy egyetemi tan\u00e1r, d\u00e9k\u00e1nhelyettes, igazgat\u00f3, Magatart\u00e1studom\u00e1nyi Int\u00e9zet<\/strong><\/li>\n<li>Dr. Radovits Tam\u00e1s egyetemi tan\u00e1r, tansz\u00e9kvezet\u0151, K\u00eds\u00e9rletes Kardiol\u00f3giai \u00e9s Seb\u00e9szeti M\u0171t\u00e9ttani Tansz\u00e9k<\/li>\n<li style=\"text-align: justify\">Dr. R\u00e9nyi-V\u00e1mos Ferenc egyetemi tan\u00e1r, igazgat\u00f3, Mellkasseb\u00e9szeti Klinika<\/li>\n<li style=\"text-align: justify\">Dr. R\u00e9thelyi J\u00e1nos egyetemi tan\u00e1r, igazgat\u00f3, Pszichi\u00e1triai \u00e9s Pszichoter\u00e1pi\u00e1s Klinika<\/li>\n<li style=\"text-align: justify\">Dr. S\u00f3tonyi P\u00e9ter egyetemi tan\u00e1r, tansz\u00e9kvezet\u0151, \u00c9rseb\u00e9szeti \u00e9s Endovaszkul\u00e1ris Tansz\u00e9k<\/li>\n<li style=\"text-align: justify\">Dr. Szab\u00f3 Attila egyetemi tan\u00e1r, klinikai rektorhelyettes, igazgat\u00f3, Gyermekgy\u00f3gy\u00e1szati Klinika<\/li>\n<li style=\"text-align: justify\">Dr. Szab\u00f3 D\u00f3ra egyetemi tan\u00e1r, igazgat\u00f3, Orvosi Mikrobiol\u00f3giai Int\u00e9zet<\/li>\n<li>Dr. Szab\u00f3 Mikl\u00f3s egyetemi tan\u00e1r, Neonatol\u00f3gia Tansz\u00e9k<\/li>\n<li style=\"text-align: justify\">Dr. Szij\u00e1rt\u00f3 Attila egyetemi tan\u00e1r, igazgat\u00f3, Seb\u00e9szeti, Traszplant\u00e1ci\u00f3s \u00e9s Gasztroenterol\u00f3giai Klinika<\/li>\n<li style=\"text-align: justify\">Dr. Sz\u0151ke Gy\u00f6rgy egyetemi tan\u00e1r, igazgat\u00f3, Ortop\u00e9diai Klinika<\/li>\n<li style=\"text-align: justify\">Dr. Tak\u00e1cs Istv\u00e1n egyetemi tan\u00e1r, igazgat\u00f3, Belgy\u00f3gy\u00e1szati \u00e9s Onkol\u00f3giai Klinika<\/li>\n<li style=\"text-align: justify\">Dr. Tam\u00e1s L\u00e1szl\u00f3 egyetemi tan\u00e1r, igazgat\u00f3, F\u00fcl-Orr-G\u00e9g\u00e9szeti \u00e9s Fej-Nyakseb\u00e9szeti Klinika<\/li>\n<li>Dr. T\u00e1rnoki D\u00e1vid L\u00e1szl\u00f3 egyetemi docens, tansz\u00e9kvezet\u0151, Nukle\u00e1ris Medicina Tansz\u00e9k\u00a0<\/li>\n<li style=\"text-align: justify\">Dr. Tordai Attila egyetemi tan\u00e1r, tansz\u00e9kvezet\u0151, Transzf\u00faziol\u00f3giai Tansz\u00e9k<\/li>\n<li style=\"text-align: justify\">Dr. Torzsa P\u00e9ter egyetemi tan\u00e1r, tansz\u00e9kvezet\u0151, Csal\u00e1dorvosi Tansz\u00e9k<\/li>\n<li style=\"text-align: justify\">Dr. Ungv\u00e1ri Zolt\u00e1n kutat\u00f3professzor, igazgat\u00f3, Megel\u0151z\u0151 Orvostani \u00e9s N\u00e9peg\u00e9szs\u00e9gtani Int\u00e9zet<\/li>\n<li>Dr. V\u00e1g\u00f3 Hajnalka egyetemi docens, tansz\u00e9kvezet\u0151, Sportorvostan Tansz\u00e9k<\/li>\n<li style=\"text-align: justify\">Dr. V\u00e1s\u00e1rhelyi Barna egyetemi tan\u00e1r, igazgat\u00f3, Laborat\u00f3riumi Medicina Int\u00e9zet\u00a0<\/li>\n<\/ul>\n<h5 style=\"text-align: justify\">\u00c1lland\u00f3 megh\u00edvottak<\/h5>\n<ul style=\"text-align: justify\">\n<li>Dr. Pavlik L\u00edvia kancell\u00e1r<\/li>\n<li>\u00c1d\u00e1m \u00c9va f\u0151igazgat\u00f3, <span class=\"tel-value\">P\u00e9nz\u00fcgyi \u00e9s Vagyongazd\u00e1lkod\u00e1si <\/span> F\u0151igazgat\u00f3s\u00e1g<\/li>\n<li>Adonicsn\u00e9 P\u00fcski Kata f\u0151igazgat\u00f3, <span class=\"tel-value\">Strat\u00e9giai Szervezetfejleszt\u00e9si F\u0151igazgat\u00f3s\u00e1g<\/span><\/li>\n<li>Kiss Gergely <span class=\"tel-value\">f\u0151igazgat\u00f3<\/span>, <span class=\"tel-value\">K\u00f6lts\u00e9gvet\u00e9si \u00e9s Kontrolling F\u0151igazgat\u00f3s\u00e1g<\/span><\/li>\n<li>Dr. Reichert P\u00e9ter f\u0151igazgat\u00f3, Emberier\u0151forr\u00e1s-gazd\u00e1lkod\u00e1si F\u0151igazgat\u00f3s\u00e1g<\/li>\n<li>Czinderi G\u00e1bor f\u0151igazgat\u00f3, Informatikai F\u0151igazgat\u00f3s\u00e1g<\/li>\n<li>Szepesi D\u00f3ra f\u0151igazgat\u00f3, Marketing \u00e9s Kommunik\u00e1ci\u00f3s F\u0151igazgat\u00f3s\u00e1g<\/li>\n<li>Dr. M\u00e9sz\u00e1ros Istv\u00e1n m\u0171szaki f\u0151igazgat\u00f3, M\u0171szaki F\u0151igazgat\u00f3s\u00e1g<\/li>\n<li>P\u00e1sztrai Ilona kari gazdas\u00e1gi igazgat\u00f3<\/li>\n<li>Orosz-Kecsk\u00e9s M\u00e1ria igazgat\u00f3, Ellen\u0151rz\u00e9si Igazgat\u00f3s\u00e1g<\/li>\n<li>Dr. Fogarasi Katalin igazgat\u00f3, Szaknyelvi Int\u00e9zet<\/li>\n<li>Dr. T\u00fari Ibolya igazgat\u00f3, Oktat\u00e1sfejleszt\u00e9si, -m\u00f3dszertani \u00e9s -szervez\u00e9si K\u00f6zpont<\/li>\n<li>Dr. Heged\u00fcs Tam\u00e1s igazgat\u00f3, Nemzetk\u00f6zi Kapcsolatok \u00e9s Alumni Igazgat\u00f3s\u00e1g<\/li>\n<li>V\u00e1rszegi Korn\u00e9lia igazgat\u00f3, Testnevel\u00e9si \u00e9s Sportk\u00f6zpont<\/li>\n<li>Dr. G\u00e1l J\u00e1nos egyetemi tan\u00e1r<\/li>\n<li>Baranyi Anik\u00f3 Anna \u00c1OK d\u00e9k\u00e1ni hivatalvezet\u0151<\/li>\n<li>Dr. Ant\u00f3ny Zsolt szen\u00e1tusi f\u0151titk\u00e1r<\/li>\n<li>Dr. Becker D\u00e1vid egyetemi tan\u00e1r<\/li>\n<li>Dr. Lotz G\u00e1bor AT aleln\u00f6k<\/li>\n<li>Dr. Hor\u00e1nyi J\u00e1nos egyetemi docens, a S\u00c9SZ k\u00e9pviselet\u00e9ben<\/li>\n<\/ul>\n<h5 style=\"text-align: justify\">Hallgat\u00f3i \u00d6nkorm\u00e1nyzat k\u00e9pvisel\u0151i\u00a0 \u00a0 \u00a0 \u00a0 \u00a0 \u00a0 \u00a0 \u00a0 \u00a0 \u00a0 \u00a0 \u00a0 \u00a0 \u00a0 \u00a0 \u00a0 \u00a0 \u00a0 \u00a0 \u00a0 \u00a0 \u00a0 \u00a0 \u00a0 \u00a0 \u00a0 \u00a0 \u00a0 \u00a0 \u00a0 \u00a0 \u00a0 \u00a0 \u00a0 \u00a0 \u00a0 \u00a0 \u00a0 \u00a0 \u00a0 \u00a0 \u00a0 \u00a0 \u00a0 \u00a0 \u00a0 \u00a0 \u00a0 \u00a0 \u00a0 \u00a0<\/h5>\n<ul style=\"text-align: justify\">\n<li>Bartha Lilla Zs\u00f3fia<\/li>\n<li>Farkas Enz\u00f3 Brendon<\/li>\n<li>Gy\u0151ri L\u00e1szl\u00f3<\/li>\n<li>Ill\u00e9s Eszter<\/li>\n<li>J\u00e1vor Soma L\u00e1szl\u00f3<\/li>\n<li>Kalas No\u00e9mi Zita<\/li>\n<li>Szab\u00f3 G\u00e1bor<\/li>\n<li>Sz\u0151ke M\u00edra<\/li>\n<li>Tim\u00e1r Petra<\/li>\n<li>Urb\u00e1n Zs\u00f3fia<\/li>\n<li>Varga S\u00e1ra<\/li>\n<\/ul>\n<h5 style=\"text-align: justify\">N\u00e9met Hallgat\u00f3i \u00d6nkorm\u00e1nyzat k\u00e9pvisel\u0151<\/h5>\n<ul style=\"text-align: justify\">\n<li>Feurstein Raphael David<\/li>\n<li>Frank Lucia Marlene<\/li>\n<li>Hirschberger Lea Sophie<\/li>\n<li>Rakick\u00fd Laura Lucia<\/li>\n<\/ul>\n<h5 style=\"text-align: justify\">Angol Hallgat\u00f3i \u00d6nkorm\u00e1nyzat k\u00e9pvisel\u0151 \u00a0<\/h5>\n<ul style=\"text-align: justify\">\n<li>Momen Sameh Elsayed Fadel Elkheshen<\/li>\n<li>Muskan Awasthi<\/li>\n<li>Nikol Marieta Argyrou<\/li>\n<li>Gabriel Polster<\/li>\n<\/ul>\n<h5 style=\"text-align: justify\">Doktorandusz \u00d6nkorm\u00e1nyzat \u00e1ltal deleg\u00e1lt k\u00e9pvisel\u0151<\/h5>\n<ul style=\"text-align: justify\">\n<li>Dr. V\u00e1mosi P\u00e9ter<\/li>\n<\/ul>\n<h5 style=\"text-align: justify\">Szakszervezet \u00e1ltal deleg\u00e1lt k\u00e9pvisel\u0151<\/h5>\n<ul style=\"text-align: justify\">\n<li>Dr. Kiss S\u00e1ndor egyetemi adjunktus<\/li>\n<\/ul>\n<h5 style=\"text-align: justify\">V\u00e1lasztott k\u00e9pvisel\u0151k<\/h5>\n<ul>\n<li style=\"text-align: justify\">Dr. Cseh \u00c1ron egyetemi adjunktus<\/li>\n<li style=\"text-align: justify\">Dr. T\u00f6r\u0151csik Be\u00e1ta egyetemi docens<\/li>\n<\/ul>\n<h4><strong>Adatv\u00e9delem<\/strong><\/h4>\n<ul>\n<li style=\"text-align: justify\"><strong><a href=\"https:\/\/semmelweis.hu\/aok\/files\/2021\/10\/1_2021_Adatv_t\u00e1j_ktules.pdf\" target=\"_blank\" rel=\"noopener noreferrer\">Adatv\u00e9delmi t\u00e1j\u00e9koztat\u00f3<\/a> a Semmelweis Egyetem \u00c1ltal\u00e1nos Orvostudom\u00e1nyi Kar szem\u00e9lyes jelenl\u00e9ttel megtartott<br \/>\nKari Tan\u00e1cs\u00fcl\u00e9sen k\u00e9sz\u00fclt hangfelv\u00e9tel t\u00e1rgy\u00e1ban\u00a0(english version)<\/strong><\/li>\n<li style=\"text-align: justify\"><strong><a href=\"https:\/\/semmelweis.hu\/aok\/files\/2021\/10\/2_2021_Adatv_t\u00e1j.pdf\" target=\"_blank\" rel=\"noopener noreferrer\">Adatv\u00e9delmi t\u00e1j\u00e9koztat\u00f3<\/a> a Semmelweis Egyetem \u00c1ltal\u00e1nos Orvostudom\u00e1nyi Kar Kari Tan\u00e1cs\u00fcl\u00e9sen haszn\u00e1lt online szavaz\u00f3rendszer t\u00e1rgy\u00e1ban (english version)<\/strong><\/li>\n<\/ul>\n","protected":false},"excerpt":{"rendered":"<p>Az \u00c1ltal\u00e1nos Orvostudom\u00e1nyi Kar vezet\u0151 test\u00fclete a Kari Tan\u00e1cs, amely a karhoz tartoz\u00f3 int\u00e9zetek-, klinik\u00e1k-, tansz\u00e9kek-, kutat\u00e1si \u00e9s egy\u00e9b szervezeti egys\u00e9gek vezet\u0151inek, hallgat\u00f3inak, valamint a Kari Tan\u00e1cs m\u00e1s tagjainak k\u00f6z\u00f6s \u00f6nkorm\u00e1nyzati test\u00fclete. A Kari Tan\u00e1cs eln\u00f6ke a d\u00e9k\u00e1n, akad\u00e1lyoztat\u00e1sa eset\u00e9n az \u00e1ltala kijel\u00f6lt d\u00e9k\u00e1nhelyettes. A test\u00fclet fel\u00e9p\u00edt\u00e9s\u00e9t \u00e9s l\u00e9tsz\u00e1m\u00e1t, valamint a tagok megv\u00e1laszt\u00e1s\u00e1nak rendj\u00e9t a &hellip;<\/p>\n","protected":false},"author":12,"featured_media":0,"parent":9067,"menu_order":4,"comment_status":"closed","ping_status":"closed","template":"","meta":{"_acf_changed":false,"footnotes":""},"categories":[],"tags":[],"class_list":["post-9087","page","type-page","status-publish","hentry"],"acf":[],"publishpress_future_action":{"enabled":false,"date":"1970-01-01 01:00:00","action":"","terms":[],"taxonomy":"","browser_timezone_offset":0},"_links":{"self":[{"href":"https:\/\/semmelweis.hu\/aok\/wp-json\/wp\/v2\/pages\/9087","targetHints":{"allow":["GET"]}}],"collection":[{"href":"https:\/\/semmelweis.hu\/aok\/wp-json\/wp\/v2\/pages"}],"about":[{"href":"https:\/\/semmelweis.hu\/aok\/wp-json\/wp\/v2\/types\/page"}],"author":[{"embeddable":true,"href":"https:\/\/semmelweis.hu\/aok\/wp-json\/wp\/v2\/users\/12"}],"replies":[{"embeddable":true,"href":"https:\/\/semmelweis.hu\/aok\/wp-json\/wp\/v2\/comments?post=9087"}],"version-history":[{"count":13,"href":"https:\/\/semmelweis.hu\/aok\/wp-json\/wp\/v2\/pages\/9087\/revisions"}],"predecessor-version":[{"id":34119,"href":"https:\/\/semmelweis.hu\/aok\/wp-json\/wp\/v2\/pages\/9087\/revisions\/34119"}],"up":[{"embeddable":true,"href":"https:\/\/semmelweis.hu\/aok\/wp-json\/wp\/v2\/pages\/9067"}],"wp:attachment":[{"href":"https:\/\/semmelweis.hu\/aok\/wp-json\/wp\/v2\/media?parent=9087"}],"wp:term":[{"taxonomy":"category","embeddable":true,"href":"https:\/\/semmelweis.hu\/aok\/wp-json\/wp\/v2\/categories?post=9087"},{"taxonomy":"post_tag","embeddable":true,"href":"https:\/\/semmelweis.hu\/aok\/wp-json\/wp\/v2\/tags?post=9087"}],"curies":[{"name":"wp","href":"https:\/\/api.w.org\/{rel}","templated":true}]}}