{"id":9073,"date":"2014-07-30T14:23:15","date_gmt":"2014-07-30T12:23:15","guid":{"rendered":"http:\/\/semmelweis.hu\/aok\/?page_id=9073"},"modified":"2026-02-04T11:39:37","modified_gmt":"2026-02-04T10:39:37","slug":"bizottsagok","status":"publish","type":"page","link":"https:\/\/semmelweis.hu\/aok\/a-karrol\/bizottsagok\/","title":{"rendered":"Bizotts\u00e1gok"},"content":{"rendered":"<p style=\"text-align: justify\">A Szen\u00e1tus v\u00e9lem\u00e9nyez\u0151, javaslattev\u0151, d\u00f6nt\u00e9s-el\u0151k\u00e9sz\u00edt\u0151 \u00e9s ellen\u0151rz\u0151 feladatok ell\u00e1t\u00e1s\u00e1ra meghat\u00e1rozott id\u0151re vagy alkalmilag m\u0171k\u00f6d\u0151 bizotts\u00e1gokat hozhat l\u00e9tre, meghat\u00e1rozva a bizotts\u00e1g feladatait.<\/p>\n<p style=\"text-align: justify\">A Kari Tan\u00e1cs, k\u00fcl\u00f6n\u00f6sen oktat\u00e1si, tudom\u00e1nyos kutat\u00e1si k\u00e9rd\u00e9sek megold\u00e1s\u00e1nak kidolgoz\u00e1s\u00e1ra, d\u00f6nt\u00e9sek el\u0151k\u00e9sz\u00edt\u00e9s\u00e9re, a d\u00e9k\u00e1n munk\u00e1j\u00e1nak seg\u00edt\u00e9s\u00e9re \u00e1lland\u00f3 bizotts\u00e1gokat\u00a0hozhat l\u00e9tre.<\/p>\n<div class=\"responsive-tabs\">\n<h2 class=\"tabtitle\">Szen\u00e1tus \u00e1ltal l\u00e9trehozott bizotts\u00e1gok<\/h2>\n<div class=\"tabcontent\">\n\n<div class=\"keretes w-100\">\n<h2><span style=\"color: #000000\">A szen\u00e1tus \u00e1ltal l\u00e9trehozott \u00e9s a karon m\u0171k\u00f6d\u0151 \u00e1lland\u00f3 bizotts\u00e1gok <\/span><\/h2>\n<h5><span style=\"color: #000000\">30\/2025. (2025. j\u00fanius 12-i) sz\u00e1m\u00fa kari tan\u00e1csi hat\u00e1rozat alapj\u00e1n<\/span><\/h5>\n<\/div>\n<h4><span style=\"color: #000000\"><strong>Tanulm\u00e1nyi \u00e9s Vizsgabizotts\u00e1g<\/strong><\/span><\/h4>\n<p style=\"padding-left: 40px\"><strong>Eln\u00f6k<br \/>\n<\/strong>Dr. Buz\u00e1s Edit egyetemi tan\u00e1r<strong style=\"font-size: 1rem\"><br \/>\n<\/strong>Telefon: +36 (1) 210-2929; +36 (1) 459-1500 \/ 56231\u00a0<\/p>\n<p style=\"padding-left: 40px\"><strong>Tagok<br \/>\n<\/strong>Dr. F\u00fcl\u00f6p Andr\u00e1s egyetemi docens<br \/>\nDr. Kiss Andr\u00e1s egyetemi tan\u00e1r <br \/>\nDr. Riesz P\u00e9ter egyetemi docens<br \/>\nKalas No\u00e9mi Zita hallgat\u00f3<br \/>\nSzab\u00f3 G\u00e1bor hallgat\u00f3<br \/>\nTim\u00e1r Petra hallgat\u00f3<\/p>\n<p style=\"padding-left: 40px\"><a href=\"https:\/\/semmelweis.hu\/aok\/files\/2026\/02\/Tanulmanyi_es_Vizsgabizottsag_ugyrend.pdf\" target=\"_blank\" rel=\"noopener\">Tanulm\u00e1nyi \u00e9s Vizsgabizotts\u00e1g \u00fcgyrendje<\/a><\/p>\n<h4 style=\"text-align: left\"><span style=\"color: #000000\"><strong>Etikai \u00e9s Fegyelmi Bizotts\u00e1g<\/strong><\/span><\/h4>\n<p style=\"padding-left: 40px\"><strong>Eln\u00f6k<br \/>\n<\/strong>Dr. R\u00e9thelyi J\u00e1nos egyetemi tan\u00e1r<br \/>\nTelefon: +36 (1) 210-0336; +36 (1) 459-1500 \/ 51100<\/p>\n<p style=\"padding-left: 40px\"><strong>Tagok<br \/>\n<\/strong>Dr. Kov\u00e1cs J\u00f3zsef egyetemi tan\u00e1r<br \/>\nDr. T\u00f6r\u0151 Kl\u00e1ra egyetemi tan\u00e1r<br \/>\nGy\u0151ri L\u00e1szl\u00f3 hallgat\u00f3<br \/>\nTim\u00e1r Petra hallgat\u00f3<\/p>\n<p style=\"padding-left: 40px\"><a href=\"https:\/\/semmelweis.hu\/aok\/files\/2026\/02\/Etikai_es_Fegyelmi_Bizottsag_ugyrend.pdf\" target=\"_blank\" rel=\"noopener\">Etikai \u00e9s Fegyelmi Bizotts\u00e1g \u00fcgyrendje<\/a><\/p>\n<h4 style=\"text-align: left\">\u00a0<span style=\"color: #000000\"><strong>Kredit\u00e1tviteli Bizotts\u00e1g<\/strong><\/span><\/h4>\n<p style=\"padding-left: 40px\"><strong>Eln\u00f6k<\/strong>\u00a0<br \/>\nDr. Tak\u00e1cs Istv\u00e1n egyetemi tan\u00e1r<br \/>\nTelefon: +36 (1) 210-0278; +36 (1) 459-1500 \/ 51526<\/p>\n<p style=\"padding-left: 40px\"><strong>Tagok<br \/>\n<\/strong>Dr. Alp\u00e1r Al\u00e1n egyetemi tan\u00e1r<br \/>\nDr. Kolev Kraszimir egyetemi tan\u00e1r<br \/>\nDr. Riba P\u00e1l egyetemi docens<br \/>\nJ\u00e1vor Soma L\u00e1szl\u00f3 hallgat\u00f3<\/p>\n<p style=\"padding-left: 40px\"><a href=\"https:\/\/semmelweis.hu\/aok\/files\/2026\/02\/Kreditatviteli_Bizottsag_ugyrend.pdf\" target=\"_blank\" rel=\"noopener\">Kredit\u00e1tviteli Bizotts\u00e1g \u00fcgyrendje<\/a><\/p>\n\n<\/div><h2 class=\"tabtitle\">Kar \u00e1ltal l\u00e9trehozott bizotts\u00e1gok<\/h2>\n<div class=\"tabcontent\">\n\n<div class=\"keretes w-100\">\n<h2 style=\"text-align: left\"><span style=\"color: #000000\">A kar \u00e1ltal l\u00e9trehozott \u00e9s a karon m\u0171k\u00f6d\u0151 \u00e1lland\u00f3 bizotts\u00e1gok<\/span><\/h2>\n<h5 style=\"text-align: left\"><span style=\"color: #000000\">30\/2025. (2025. j\u00fanius 12-i) sz\u00e1m\u00fa<\/span><span style=\"color: #000000\"> kari tan\u00e1cs hat\u00e1rozat, valamint az 50<\/span><span style=\"color: #000000\">\/2025. (2025. december 1-i) sz\u00e1m\u00fa kari tan\u00e1csi hat\u00e1rozat alapj\u00e1n<\/span><\/h5>\n<\/div>\n<p style=\"text-align: justify\"><strong>\u00a0 \u00a0 \u00a0OKTAT\u00c1SI BIZOTTS\u00c1G <\/strong><\/p>\n<p style=\"text-align: justify\"><strong>\u00a0 \u00a0 \u00a0 \u00a0 Eln\u00f6k<br \/>\n\u00a0 \u00a0 \u00a0 \u00a0 Dr. Becker D\u00e1vid egyetemi tan\u00e1r<\/strong><\/p>\n<p style=\"text-align: justify;padding-left: 40px\"><strong>Tagok<br \/>\n<\/strong>Dr. P\u00f3nyai Gy\u00f6rgyi egyetemi docens<br \/>\nDr. T\u00f6r\u0151csik Be\u00e1ta egyetemi docens<br \/>\nSzab\u00f3 G\u00e1bor hallgat\u00f3<\/p>\n<p style=\"padding-left: 40px\"><strong>P\u00f3ttagok<br \/>\n<\/strong>Dr. Kiss Levente egyetemi docens<br \/>\nIll\u00e9s Eszter hallgat\u00f3<\/p>\n<p style=\"padding-left: 40px;text-align: justify\"><strong>A bizotts\u00e1g feladatai<br \/>\n<\/strong>A kari tan\u00e1cs, illetve a kar d\u00e9k\u00e1nja \u00e1ltal t\u00f6rt\u00e9n\u0151 felk\u00e9r\u00e9s alapj\u00e1n a kar kreditrendszer\u0171 oktat\u00e1si rendszer\u00e9nek fejleszt\u00e9s\u00e9re, a kari kurrikulum korszer\u0171s\u00edt\u00e9s\u00e9re, az orvosk\u00e9pz\u00e9s meg\u00faj\u00edt\u00e1s\u00e1ra, a tananyagok korszer\u0171s\u00edt\u00e9s\u00e9re, a kart \u00e9rint\u0151 kiemelked\u0151en fontos oktat\u00e1si nevel\u00e9si k\u00e9rd\u00e9sekre vonatkoz\u00f3an javaslatt\u00e9tel, v\u00e9lem\u00e9nyez\u00e9s, d\u00f6nt\u00e9s el\u0151k\u00e9sz\u00edt\u00e9s.<br \/>\nKurrikul\u00e1ris fejleszt\u00e9si, oktat\u00e1si k\u00e9rd\u00e9sekben szak\u00e9rt\u0151i tan\u00e1csokat \u00e9s elemz\u00e9seket ad a d\u00e9k\u00e1ni vezet\u00e9snek, bele\u00e9rtve a kinevez\u00e9sek sor\u00e1n a jel\u00f6ltek oktat\u00e1si teljes\u00edtm\u00e9ny\u00e9nek \u00e9rt\u00e9kel\u00e9s\u00e9t is.<\/p>\n<p style=\"padding-left: 40px\"><a href=\"https:\/\/semmelweis.hu\/aok\/files\/2023\/03\/Oktatasi_Bizottsag_ugyrend_vegleges.pdf\" target=\"_blank\" rel=\"noopener\">Oktat\u00e1si Bizotts\u00e1g \u00fcgyrendje<\/a><\/p>\n<p style=\"padding-left: 40px\"><a href=\"https:\/\/semmelweis.hu\/aok\/files\/2025\/07\/OB_beszamolo_2025.pdf\" target=\"_blank\" rel=\"noopener\">2024\/2025. tan\u00e9vi bizotts\u00e1gi besz\u00e1mol\u00f3<\/a><br \/>\n<a href=\"https:\/\/semmelweis.hu\/aok\/files\/2023\/03\/Oktatasi-Bizottsag-beszamoloja-2022.pdf\" target=\"_blank\" rel=\"noopener\">2021\/2022. tan\u00e9vi bizotts\u00e1gi besz\u00e1mol\u00f3<\/a><br \/>\n<a href=\"https:\/\/semmelweis.hu\/aok\/files\/2021\/06\/besz\u00e1mol\u00f3-Oktat\u00e1si-Bizotts\u00e1g.pdf\" target=\"_blank\" rel=\"noopener noreferrer\">2020\/2021. tan\u00e9vi bizotts\u00e1gi besz\u00e1mol\u00f3<\/a><br \/>\n<a href=\"https:\/\/semmelweis.hu\/aok\/files\/2020\/06\/Oktat\u00e1si_Bizotts\u00e1g_eln\u00f6ki_besz\u00e1mol\u00f3.pdf\" target=\"_blank\" rel=\"noopener noreferrer\">2019\/2020. tan\u00e9v II. f\u00e9l\u00e9vi bizotts\u00e1gi besz\u00e1mol\u00f3<\/a><\/p>\n<p><span style=\"color: #000000\"><strong>OMHV BIZOTTS\u00c1G <br \/>\n<\/strong>Oktat\u00f3i Munka Hallgat\u00f3i V\u00e9lem\u00e9nyez\u00e9se<\/span><\/p>\n<p style=\"padding-left: 40px\"><strong>Eln\u00f6k<br \/>\n<\/strong>Dr. Szab\u00f3 D\u00f3ra egyetemi tan\u00e1r<\/p>\n<p style=\"padding-left: 40px\"><strong>Tagok<br \/>\n<\/strong>Dr. Magyar L\u00f3r\u00e1nt egyetemi docens<br \/>\nDr. Majoros Attila egyetemi docens<br \/>\nFarkas Enz\u00f3 Brendon hallgat\u00f3<\/p>\n<p style=\"padding-left: 40px\"><strong>P\u00f3ttagok<br \/>\n<\/strong>Dr. Ag\u00f3cs Gergely egyetemi adjunktus<br \/>\nVarga S\u00e1ra hallgat\u00f3<\/p>\n<p style=\"padding-left: 40px;text-align: justify\"><strong>A bizotts\u00e1g feladatai<br \/>\n<\/strong>A karon foly\u00f3 oktat\u00f3i munka hallgat\u00f3i v\u00e9lem\u00e9nyez\u00e9ssel kapcsolatos feladatok ell\u00e1t\u00e1sa, ir\u00e1ny\u00edt\u00e1sa, a d\u00e9k\u00e1n ir\u00e1nymutat\u00e1sa alapj\u00e1n annak m\u0171k\u00f6dtet\u00e9se, illetve a hallgat\u00f3i v\u00e9lem\u00e9nyez\u00e9s szakmai tartalm\u00e1val kapcsolatban szak\u00e9rt\u0151i tan\u00e1csokat adni a d\u00e9k\u00e1nnak. Az OMHV r\u00e9sze a min\u0151s\u00e9gfejleszt\u00e9si munk\u00e1nak. C\u00e9lja, hogy a kar az OMHV eredm\u00e9nyeit a kurzusok fejleszt\u00e9s\u00e9n\u00e9l\u00a0 \u00e9s az oktat\u00f3i munka \u00e9rt\u00e9kel\u00e9s\u00e9n\u00e9l\u00a0 hasznos\u00edtsa, az oktat\u00f3k min\u0151s\u00edt\u00e9sn\u00e9l felhaszn\u00e1lja, megk\u00f6nny\u00edtse a vezet\u0151i d\u00f6nt\u00e9sek meghozatal\u00e1t.<\/p>\n<p style=\"padding-left: 40px\"><a href=\"https:\/\/semmelweis.hu\/aok\/files\/2023\/03\/OMHV_Bizottsag_ugyrend_vegleges.pdf\" target=\"_blank\" rel=\"noopener\">OMHV Bizotts\u00e1g \u00fcgyrendje<\/a><\/p>\n<p style=\"padding-left: 40px\"><a href=\"https:\/\/semmelweis.hu\/aok\/files\/2025\/07\/OMHVB_beszamolo_2025.pdf\" target=\"_blank\" rel=\"noopener\">2024\/2025. tan\u00e9vi bizotts\u00e1gi besz\u00e1mol\u00f3<\/a><br \/>\n<a href=\"https:\/\/semmelweis.hu\/aok\/files\/2023\/03\/OMHV_Beszamolo_2022.pdf\" target=\"_blank\" rel=\"noopener\">2021\/2022. tan\u00e9vi bizotts\u00e1gi besz\u00e1mol\u00f3<\/a><br \/>\n<a href=\"https:\/\/semmelweis.hu\/aok\/files\/2021\/06\/besz\u00e1mol\u00f3-OMHV-Bizotts\u00e1g.pdf\" target=\"_blank\" rel=\"noopener noreferrer\">2020\/2021. tan\u00e9vi bizotts\u00e1gi besz\u00e1mol\u00f3<\/a><br \/>\n<a href=\"https:\/\/semmelweis.hu\/aok\/files\/2020\/06\/OMHV_Bizotts\u00e1g_eln\u00f6ki_besz\u00e1mol\u00f3.pdf\" target=\"_blank\" rel=\"noopener noreferrer\">2019\/2020. tan\u00e9v II. f\u00e9l\u00e9vi bizotts\u00e1gi besz\u00e1mol\u00f3<\/a><\/p>\n<h4 style=\"text-align: left\"><span style=\"color: #000000\"><strong>Tudom\u00e1nyos Bizotts\u00e1g <\/strong><\/span><\/h4>\n<p style=\"padding-left: 40px\"><strong>Eln\u00f6k<br \/>\n<\/strong>Dr. Ungv\u00e1ri Zolt\u00e1n kutat\u00f3professzor<\/p>\n<p style=\"padding-left: 40px\"><strong>Tagok<br \/>\n<\/strong>Dr. Geiszt Mikl\u00f3s egyetemi tan\u00e1r<br \/>\nDr. Tory K\u00e1lm\u00e1n egyetemi tan\u00e1r<br \/>\nSz\u0151ke M\u00edra Hanna hallgat\u00f3<\/p>\n<p style=\"padding-left: 40px\"><strong>P\u00f3ttagok<br \/>\n<\/strong>Dr. Sz\u0151ke Gy\u00f6rgy egyetemi tan\u00e1r<br \/>\nGy\u0151ri L\u00e1szl\u00f3 hallgat\u00f3<\/p>\n<p style=\"padding-left: 40px;text-align: justify\"><strong>A bizotts\u00e1g feladatai<br \/>\n<\/strong>A kari tan\u00e1cs, illetve a kar d\u00e9k\u00e1nja \u00e1ltal t\u00f6rt\u00e9n\u0151 felk\u00e9r\u00e9s alapj\u00e1n a kart \u00e9rint\u0151 tudom\u00e1nyos, szakmai \u00e9s kutat\u00e1si k\u00e9rd\u00e9sekben, p\u00e1ly\u00e1zatok elb\u00edr\u00e1l\u00e1s\u00e1ban val\u00f3 k\u00f6zrem\u0171k\u00f6d\u0151, szakmai tan\u00e1csad\u00f3, v\u00e9lem\u00e9nyez\u0151, &#8211; javaslattev\u0151, d\u00f6nt\u00e9s el\u0151k\u00e9sz\u00edt\u0151 test\u00fclet.<\/p>\n<p style=\"padding-left: 40px\"><a href=\"https:\/\/semmelweis.hu\/aok\/files\/2023\/03\/Tudomanyos_Bizottsag_ugyrend_vegleges.pdf\">Tudom\u00e1nyos Bizotts\u00e1g \u00fcgyrendje<\/a><\/p>\n<p style=\"padding-left: 40px\"><a href=\"https:\/\/semmelweis.hu\/aok\/files\/2025\/07\/TB_beszamolo_2025.pdf\" target=\"_blank\" rel=\"noopener\">2024\/2025. tan\u00e9vi bizotts\u00e1gi besz\u00e1mol\u00f3<\/a><br \/>\n<a href=\"https:\/\/semmelweis.hu\/aok\/files\/2023\/03\/Tudomanyos-Bizottsag-beszamolo_2022.pdf\" target=\"_blank\" rel=\"noopener\">2021\/2022. tan\u00e9vi bizotts\u00e1gi besz\u00e1mol\u00f3<\/a><br \/>\n<a href=\"https:\/\/semmelweis.hu\/aok\/files\/2021\/06\/besz\u00e1mol\u00f3-Tudom\u00e1nyos-Bizotts\u00e1g.pdf\" target=\"_blank\" rel=\"noopener noreferrer\">2020\/2021. tan\u00e9vi bizotts\u00e1gi besz\u00e1mol\u00f3<\/a><br \/>\n<a href=\"https:\/\/semmelweis.hu\/aok\/files\/2020\/06\/Tudom\u00e1nyos_Bizotts\u00e1g_eln\u00f6ki_besz\u00e1mol\u00f3.pdf\" target=\"_blank\" rel=\"noopener noreferrer\">2019\/2020. tan\u00e9v II. f\u00e9l\u00e9vi bizotts\u00e1gi besz\u00e1mol\u00f3<\/a><\/p>\n<h4 style=\"text-align: left\"><span style=\"color: #000000\"><strong>Akkredit\u00e1ci\u00f3s Bizotts\u00e1g<\/strong><\/span><\/h4>\n<p style=\"padding-left: 40px\"><strong>Eln\u00f6k<br \/>\n<\/strong>Dr. Csala Mikl\u00f3s egyetemi tan\u00e1r<\/p>\n<p style=\"padding-left: 40px\"><strong>Tagok<br \/>\n<\/strong>Dr. Bod\u00f3 Imre egyetemi docens<br \/>\nDr. Valent S\u00e1ndor egyetemi docens<br \/>\nIll\u00e9s Eszter hallgat\u00f3<\/p>\n<p style=\"padding-left: 40px\"><strong>P\u00f3ttagok<br \/>\n<\/strong>Dr. Moln\u00e1r Mikl\u00f3s egyetemi docens<br \/>\nMegyaszai \u00c1bel Domonkos hallgat\u00f3<\/p>\n<p style=\"padding-left: 40px;text-align: justify\"><strong>A bizotts\u00e1g feladatai<br \/>\n<\/strong>A kari tan\u00e1cs, illetve a kar d\u00e9k\u00e1nja \u00e1ltal t\u00f6rt\u00e9n\u0151 felk\u00e9r\u00e9s alapj\u00e1n a kar min\u0151s\u00e9gbiztos\u00edt\u00e1si rendszer\u00e9nek kidolgoz\u00e1sa \u00e9s a d\u00e9k\u00e1n ir\u00e1nymutat\u00e1sa alapj\u00e1n annak m\u0171k\u00f6dtet\u00e9se, MAB \u00e9s sz\u00fcks\u00e9g eset\u00e9n egy\u00e9b (k\u00fcl\u00f6n\u00f6s tekintettel a WFME akkredit\u00e1ci\u00f3) akkredit\u00e1ci\u00f3s elj\u00e1r\u00e1sban val\u00f3 k\u00f6zrem\u0171k\u00f6d\u00e9s, a kar hazai \u00e9s nemzetk\u00f6zi akkredit\u00e1ci\u00f3s helyzet\u00e9nek fejleszt\u00e9se.<\/p>\n<p style=\"padding-left: 40px\"><a href=\"https:\/\/semmelweis.hu\/aok\/files\/2023\/03\/Akkreditacios_Bizottsag_ugyrend_vegleges.pdf\" target=\"_blank\" rel=\"noopener\">Akkredit\u00e1ci\u00f3s Bizotts\u00e1g \u00fcgyrendje<\/a><\/p>\n<p style=\"padding-left: 40px\"><a href=\"https:\/\/semmelweis.hu\/aok\/files\/2025\/07\/AB_beszamolo_2025.pdf\" target=\"_blank\" rel=\"noopener\">2024\/2025. tan\u00e9vi bizotts\u00e1gi besz\u00e1mol\u00f3<\/a><br \/>\n<a href=\"https:\/\/semmelweis.hu\/aok\/files\/2023\/03\/Akkreditacios-Bizottsag-beszamolo_2022.pdf\" target=\"_blank\" rel=\"noopener\">2021\/2022. tan\u00e9vi bizotts\u00e1gi besz\u00e1mol\u00f3<\/a><br \/>\n<a href=\"https:\/\/semmelweis.hu\/aok\/files\/2021\/06\/besz\u00e1mol\u00f3-Akkreditaci\u00f3s-Bizotts\u00e1g.pdf\" target=\"_blank\" rel=\"noopener noreferrer\">2020\/2021. tan\u00e9vi bizotts\u00e1gi besz\u00e1mol\u00f3<\/a><br \/>\n<a href=\"https:\/\/semmelweis.hu\/aok\/files\/2020\/06\/Akkreditacios_Bizottsag_eln\u00f6ki_besz\u00e1mol\u00f3.pdf\" target=\"_blank\" rel=\"noopener noreferrer\">2019\/2020. tan\u00e9v II. f\u00e9l\u00e9vi bizotts\u00e1gi besz\u00e1mol\u00f3\u00a0<\/a><\/p>\n<\/div><\/div>\n<p>&nbsp;<\/p>\n","protected":false},"excerpt":{"rendered":"<p>A Szen\u00e1tus v\u00e9lem\u00e9nyez\u0151, javaslattev\u0151, d\u00f6nt\u00e9s-el\u0151k\u00e9sz\u00edt\u0151 \u00e9s ellen\u0151rz\u0151 feladatok ell\u00e1t\u00e1s\u00e1ra meghat\u00e1rozott id\u0151re vagy alkalmilag m\u0171k\u00f6d\u0151 bizotts\u00e1gokat hozhat l\u00e9tre, meghat\u00e1rozva a bizotts\u00e1g feladatait. A Kari Tan\u00e1cs, k\u00fcl\u00f6n\u00f6sen oktat\u00e1si, tudom\u00e1nyos kutat\u00e1si k\u00e9rd\u00e9sek megold\u00e1s\u00e1nak kidolgoz\u00e1s\u00e1ra, d\u00f6nt\u00e9sek el\u0151k\u00e9sz\u00edt\u00e9s\u00e9re, a d\u00e9k\u00e1n munk\u00e1j\u00e1nak seg\u00edt\u00e9s\u00e9re \u00e1lland\u00f3 bizotts\u00e1gokat\u00a0hozhat l\u00e9tre. A szen\u00e1tus \u00e1ltal l\u00e9trehozott \u00e9s a karon m\u0171k\u00f6d\u0151 \u00e1lland\u00f3 bizotts\u00e1gok 30\/2025. (2025. j\u00fanius 12-i) sz\u00e1m\u00fa &hellip;<\/p>\n","protected":false},"author":12,"featured_media":0,"parent":9067,"menu_order":7,"comment_status":"closed","ping_status":"closed","template":"","meta":{"_acf_changed":false,"footnotes":""},"categories":[],"tags":[],"class_list":["post-9073","page","type-page","status-publish","hentry"],"acf":[],"publishpress_future_action":{"enabled":false,"date":"1970-01-01 01:00:00","action":"","terms":[],"taxonomy":"","browser_timezone_offset":0},"_links":{"self":[{"href":"https:\/\/semmelweis.hu\/aok\/wp-json\/wp\/v2\/pages\/9073","targetHints":{"allow":["GET"]}}],"collection":[{"href":"https:\/\/semmelweis.hu\/aok\/wp-json\/wp\/v2\/pages"}],"about":[{"href":"https:\/\/semmelweis.hu\/aok\/wp-json\/wp\/v2\/types\/page"}],"author":[{"embeddable":true,"href":"https:\/\/semmelweis.hu\/aok\/wp-json\/wp\/v2\/users\/12"}],"replies":[{"embeddable":true,"href":"https:\/\/semmelweis.hu\/aok\/wp-json\/wp\/v2\/comments?post=9073"}],"version-history":[{"count":16,"href":"https:\/\/semmelweis.hu\/aok\/wp-json\/wp\/v2\/pages\/9073\/revisions"}],"predecessor-version":[{"id":34188,"href":"https:\/\/semmelweis.hu\/aok\/wp-json\/wp\/v2\/pages\/9073\/revisions\/34188"}],"up":[{"embeddable":true,"href":"https:\/\/semmelweis.hu\/aok\/wp-json\/wp\/v2\/pages\/9067"}],"wp:attachment":[{"href":"https:\/\/semmelweis.hu\/aok\/wp-json\/wp\/v2\/media?parent=9073"}],"wp:term":[{"taxonomy":"category","embeddable":true,"href":"https:\/\/semmelweis.hu\/aok\/wp-json\/wp\/v2\/categories?post=9073"},{"taxonomy":"post_tag","embeddable":true,"href":"https:\/\/semmelweis.hu\/aok\/wp-json\/wp\/v2\/tags?post=9073"}],"curies":[{"name":"wp","href":"https:\/\/api.w.org\/{rel}","templated":true}]}}