{"id":7391,"date":"2014-01-30T10:36:08","date_gmt":"2014-01-30T10:36:08","guid":{"rendered":"http:\/\/semmelweis.hu\/aok\/?page_id=7391"},"modified":"2023-09-06T15:39:07","modified_gmt":"2023-09-06T13:39:07","slug":"oktatoi-munka-hallgatoi-velemenyezese","status":"publish","type":"page","link":"https:\/\/semmelweis.hu\/aok\/oktatas\/oktatoi-munka-hallgatoi-velemenyezese\/","title":{"rendered":"Oktat\u00f3i munka hallgat\u00f3i v\u00e9lem\u00e9nyez\u00e9se"},"content":{"rendered":"<div class=\"keretes w-100\">\n<p style=\"text-align: justify\">A karon foly\u00f3 oktat\u00f3i munka hallgat\u00f3i v\u00e9lem\u00e9nyez\u00e9s\u00e9nek (tov\u00e1bbiakban OMHV) c\u00e9lja, hogy a hallgat\u00f3i v\u00e9lem\u00e9nyek megismer\u00e9s\u00e9vel emelje az oktat\u00e1s sz\u00ednvonal\u00e1t, seg\u00edtse a min\u0151s\u00e9gi k\u00f6vetelm\u00e9nyek teljes\u00edt\u00e9s\u00e9t, az oktat\u00e1s hat\u00e9konys\u00e1g\u00e1t, ezzel is hozz\u00e1j\u00e1rulva az egyetem min\u0151s\u00e9gbiztos\u00edt\u00e1si rendszer\u00e9nek folyamatos m\u0171k\u00f6d\u00e9s\u00e9t.<\/p>\n<\/div>\n<p>Lebonyol\u00edt\u00e1sa a <a href=\"https:\/\/semmelweis.hu\/oktatasmodszertan\/oktatasertekeles\/omhv\/\" target=\"_blank\" rel=\"noopener\">Oktat\u00e1sfejleszt\u00e9si, -m\u00f3dszertani \u00e9s -szervez\u00e9si K\u00f6zpont<\/a> r\u00e9szv\u00e9tel\u00e9vel, a <a href=\"https:\/\/semmelweis.hu\/jogigfoig\/dokumentumtar\/szabalyzattar\/szervezeti-es-mukodesi-szabalyzat\/\" target=\"_blank\" rel=\"noopener\">Szervezeti \u00e9s M\u0171k\u00f6d\u00e9si Szab\u00e1lyzat<\/a> (tov\u00e1bbiakban SZMSZ) alapj\u00e1n t\u00f6rt\u00e9nik, eredm\u00e9nyeit pedig <a href=\"https:\/\/seka.semmelweis.hu\/\" target=\"_blank\" rel=\"noopener noreferrer\">SeKA-hozz\u00e1f\u00e9r\u00e9s<\/a>\u00a0birtok\u00e1ban minden egyetemi polg\u00e1r megtekintheti (a tan\u00e9v f\u00fcggv\u00e9ny\u00e9ben) a\u00a0<a href=\"https:\/\/feedback.semmelweis.hu\/\" target=\"_blank\" rel=\"noopener\">https:\/\/feedback.semmelweis.hu\/<\/a>\u00a0honlapon, valamint a Moodle e-learning rendszerben (bejelentkez\u00e9s ut\u00e1n az \u201cIratkoztasson be\u201d gombra kattintva).<\/p>\n<p>Az egyetemi SZMSZ r\u00e9sz\u00e9t k\u00e9pez\u0151, 2020. janu\u00e1rban \u00e9letbe l\u00e9pett <a href=\"https:\/\/semmelweis.hu\/jogigfoig\/dokumentumtar\/szabalyzattar\/szervezeti-es-mukodesi-szabalyzat\/\" target=\"_blank\" rel=\"noopener\">OMHV-szab\u00e1lyzat<\/a> (SZMSZ &#8211; III. K\u00f6nyv &#8211; Hallgat\u00f3i K\u00f6vetelm\u00e9nyrendszer &#8211; III.8. R\u00c9SZ &#8211; AZ OKTAT\u00d3I MUNKA HALLGAT\u00d3I V\u00c9LEM\u00c9NYEZ\u00c9S\u00c9NEK RENDJE) szerint, valamennyi oktat\u00f3ra vonatkoz\u00f3 eredm\u00e9nyt &#8211; nem azonos\u00edthat\u00f3 m\u00f3don &#8211; \u00e9s az \u00f6sszes\u00edtett eredm\u00e9nyeket az Egyetem polg\u00e1rai sz\u00e1m\u00e1ra \u2013 csak \u00e1ltaluk el\u00e9rhet\u0151 m\u00f3don \u2013 hozz\u00e1f\u00e9rhet\u0151v\u00e9 kell tenni. Az int\u00e9zet vezet\u0151je teszi k\u00f6zz\u00e9 az egyes tant\u00e1rgyak eredm\u00e9nyeit \u00e9vfolyamokra bontva.\u00a0<\/p>\n<p>Tov\u00e1bbi r\u00e9szletek a Oktat\u00e1sfejleszt\u00e9si, -m\u00f3dszertani \u00e9s -szervez\u00e9si K\u00f6zpont <a href=\"https:\/\/semmelweis.hu\/oktatasmodszertan\/oktatasertekeles\/omhv\/\" target=\"_blank\" rel=\"noopener\">OMHV<\/a> oldal\u00e1n olvashat\u00f3.\u00a0 \u00a0<\/p>\n<p><a href=\"https:\/\/semmelweis.hu\/aok\/a-karrol\/dokumentumtar\/\"><strong>A Kar szab\u00e1lyzata az Oktat\u00f3i Munka Hallgat\u00f3i V\u00e9lem\u00e9nyez\u00e9s\u00e9nek Rendje a dokumentumt\u00e1rb\u00f3l \u00e9rhet\u0151 el \u2192<\/strong><\/a><\/p>\n<p>&nbsp;<\/p>\n<p><a href=\"https:\/\/semmelweis.hu\/aok\/files\/2014\/01\/20800_transform_2.jpg\"><img loading=\"lazy\" decoding=\"async\" class=\"aligncenter wp-image-9150 size-full\" src=\"https:\/\/semmelweis.hu\/aok\/files\/2014\/01\/20800_transform_2.jpg\" alt=\"20800_transform_2\" width=\"955\" height=\"632\" srcset=\"https:\/\/semmelweis.hu\/aok\/files\/2014\/01\/20800_transform_2.jpg 955w, https:\/\/semmelweis.hu\/aok\/files\/2014\/01\/20800_transform_2-300x198.jpg 300w, https:\/\/semmelweis.hu\/aok\/files\/2014\/01\/20800_transform_2-453x300.jpg 453w\" sizes=\"auto, (max-width: 955px) 100vw, 955px\" \/><\/a><\/p>\n<p>&nbsp;<\/p>\n<p>&nbsp;<\/p>\n<p>&nbsp;<\/p>\n<p>&nbsp;<\/p>\n<p>&nbsp;<\/p>\n","protected":false},"excerpt":{"rendered":"<p>A karon foly\u00f3 oktat\u00f3i munka hallgat\u00f3i v\u00e9lem\u00e9nyez\u00e9s\u00e9nek (tov\u00e1bbiakban OMHV) c\u00e9lja, hogy a hallgat\u00f3i v\u00e9lem\u00e9nyek megismer\u00e9s\u00e9vel emelje az oktat\u00e1s sz\u00ednvonal\u00e1t, seg\u00edtse a min\u0151s\u00e9gi k\u00f6vetelm\u00e9nyek teljes\u00edt\u00e9s\u00e9t, az oktat\u00e1s hat\u00e9konys\u00e1g\u00e1t, ezzel is hozz\u00e1j\u00e1rulva az egyetem min\u0151s\u00e9gbiztos\u00edt\u00e1si rendszer\u00e9nek folyamatos m\u0171k\u00f6d\u00e9s\u00e9t. Lebonyol\u00edt\u00e1sa a <a href=\"https:\/\/semmelweis.hu\/oktatasmodszertan\/oktatasertekeles\/omhv\/\" target=\"_blank\" rel=\"noopener\">Oktat\u00e1sfejleszt\u00e9si, -m\u00f3dszertani \u00e9s -szervez\u00e9si K\u00f6zpont<\/a> r\u00e9szv\u00e9tel\u00e9vel, a <a href=\"https:\/\/semmelweis.hu\/jogigfoig\/dokumentumtar\/szabalyzattar\/szervezeti-es-mukodesi-szabalyzat\/\" target=\"_blank\" rel=\"noopener\">Szervezeti \u00e9s M\u0171k\u00f6d\u00e9si Szab\u00e1lyzat<\/a> (tov\u00e1bbiakban SZMSZ) alapj\u00e1n t\u00f6rt\u00e9nik, eredm\u00e9nyeit pedig <a href=\"https:\/\/seka.semmelweis.hu\/\" target=\"_blank\" rel=\"noopener noreferrer\">SeKA-hozz\u00e1f\u00e9r\u00e9s<\/a> \u00a0birtok\u00e1ban minden egyetemi polg\u00e1r megtekintheti (a tan\u00e9v f\u00fcggv\u00e9ny\u00e9ben) a\u00a0 <a href=\"https:\/\/feedback.semmelweis.hu\/\" target=\"_blank\" rel=\"noopener\">https:\/\/feedback.semmelweis.hu\/<\/a> &hellip;<\/p>\n","protected":false},"author":158,"featured_media":0,"parent":126,"menu_order":11,"comment_status":"closed","ping_status":"closed","template":"","meta":{"_acf_changed":false,"footnotes":""},"categories":[],"tags":[],"class_list":["post-7391","page","type-page","status-publish","hentry"],"acf":[],"publishpress_future_action":{"enabled":false,"date":"1970-01-01 01:00:00","action":"","terms":[],"taxonomy":"","browser_timezone_offset":0},"_links":{"self":[{"href":"https:\/\/semmelweis.hu\/aok\/wp-json\/wp\/v2\/pages\/7391","targetHints":{"allow":["GET"]}}],"collection":[{"href":"https:\/\/semmelweis.hu\/aok\/wp-json\/wp\/v2\/pages"}],"about":[{"href":"https:\/\/semmelweis.hu\/aok\/wp-json\/wp\/v2\/types\/page"}],"author":[{"embeddable":true,"href":"https:\/\/semmelweis.hu\/aok\/wp-json\/wp\/v2\/users\/158"}],"replies":[{"embeddable":true,"href":"https:\/\/semmelweis.hu\/aok\/wp-json\/wp\/v2\/comments?post=7391"}],"version-history":[{"count":16,"href":"https:\/\/semmelweis.hu\/aok\/wp-json\/wp\/v2\/pages\/7391\/revisions"}],"predecessor-version":[{"id":29922,"href":"https:\/\/semmelweis.hu\/aok\/wp-json\/wp\/v2\/pages\/7391\/revisions\/29922"}],"up":[{"embeddable":true,"href":"https:\/\/semmelweis.hu\/aok\/wp-json\/wp\/v2\/pages\/126"}],"wp:attachment":[{"href":"https:\/\/semmelweis.hu\/aok\/wp-json\/wp\/v2\/media?parent=7391"}],"wp:term":[{"taxonomy":"category","embeddable":true,"href":"https:\/\/semmelweis.hu\/aok\/wp-json\/wp\/v2\/categories?post=7391"},{"taxonomy":"post_tag","embeddable":true,"href":"https:\/\/semmelweis.hu\/aok\/wp-json\/wp\/v2\/tags?post=7391"}],"curies":[{"name":"wp","href":"https:\/\/api.w.org\/{rel}","templated":true}]}}