{"id":706,"date":"2012-02-17T12:16:21","date_gmt":"2012-02-17T12:16:21","guid":{"rendered":"http:\/\/semmelweis-egyetem.hu\/aok\/?page_id=706"},"modified":"2026-03-06T13:27:34","modified_gmt":"2026-03-06T12:27:34","slug":"klinikak-intezetek-tanszekek","status":"publish","type":"page","link":"https:\/\/semmelweis.hu\/aok\/a-karrol\/klinikak-intezetek-tanszekek\/","title":{"rendered":"Klinik\u00e1k, int\u00e9zetek, tansz\u00e9kek"},"content":{"rendered":"<h4><span style=\"font-size: 18pt; color: #000000;\"><strong>\u00c1ltal\u00e1nos Orvostudom\u00e1nyi Kar szervezeti egys\u00e9gei<\/strong><\/span><\/h4>\n<p><span style=\"font-size: 18pt;\"><strong><a href=\"https:\/\/semmelweis.hu\/anatomia\/\" target=\"_blank\" rel=\"noopener noreferrer\">Anat\u00f3miai, Sz\u00f6vet- \u00e9s Fejl\u0151d\u00e9stani Int\u00e9zet<\/a><\/strong><\/span><br \/>\n1094 Budapest, T\u0171zolt\u00f3 u. 58.<br \/>\n+36 (1) 459-1500 \/ 53621<\/p>\n<hr \/>\n<p><a href=\"https:\/\/semmelweis.hu\/aneszteziologia\/\" target=\"_blank\" rel=\"noopener\"><span style=\"font-size: 18pt;\"><strong>Aneszteziol\u00f3giai \u00e9s Intenz\u00edv Ter\u00e1pi\u00e1s Tansz\u00e9k<\/strong><\/span><\/a><br \/>\n1082 Budapest, \u00dcll\u0151i \u00fat 78. IV. em.<br \/>\n+36 (1) 459-1500<\/p>\n<p style=\"padding-left: 40px;\"><a href=\"https:\/\/semmelweis.hu\/szimulacios-kozpont\/\" target=\"_blank\" rel=\"noopener\"><span style=\"font-size: 18pt;\">Klinikai Szimul\u00e1ci\u00f3s Tansz\u00e9ki Csoport<\/span><\/a><br \/>\n1096 Budapest, Ern\u0151 u. 7.\u00a0<br \/>\n+36 (1) 355-6565<\/p>\n<hr \/>\n<p><span style=\"font-size: 18pt;\"><strong><a href=\"http:\/\/biofiz.semmelweis.hu\/\" target=\"_blank\" rel=\"noopener noreferrer\">Biofizikai \u00e9s Sug\u00e1rbiol\u00f3giai Int\u00e9zet<\/a><\/strong><\/span><br \/>\n1094 Budapest, T\u0171zolt\u00f3 u. 37-47.<br \/>\n+36 (1) 459-1500 \/ 60200<\/p>\n<hr \/>\n<p><span style=\"font-size: 18pt;\"><strong><a href=\"https:\/\/semmelweis.hu\/bioinformatika\/\" target=\"_blank\" rel=\"noopener noreferrer\">Bioinformatika Tansz\u00e9k<\/a><\/strong><\/span><br \/>\n1094 Budapest, T\u0171zolt\u00f3 u. 7.<br \/>\n+36 (1) 459-1500\u00a0<\/p>\n<hr \/>\n<p><span style=\"font-size: 18pt;\"><strong><a href=\"https:\/\/semmelweis.hu\/bmbi\/\" target=\"_blank\" rel=\"noopener noreferrer\">Biok\u00e9mia \u00e9s Molekul\u00e1ris Biol\u00f3giai Int\u00e9zet<\/a><\/strong><\/span><br \/>\n1094 Budapest, T\u0171zolt\u00f3 u. 37-47.<br \/>\n\u00a0+36 (1) 459-1500 \/ 60100<\/p>\n<p style=\"padding-left: 40px;\"><span style=\"font-size: 18pt;\"><a href=\"https:\/\/semmelweis.hu\/biokemia\/\" target=\"_blank\" rel=\"noopener noreferrer\">Biok\u00e9miai Tansz\u00e9k<\/a><\/span><br \/>\n+36 (1) 459-1500 \/ 60100<br \/>\n+36 (20) 666-0010<\/p>\n<p style=\"padding-left: 40px;\"><a href=\"https:\/\/semmelweis.hu\/molekularis-biologia\/\" target=\"_blank\" rel=\"noopener noreferrer\"><span style=\"font-size: 18pt;\">Molekul\u00e1ris Biol\u00f3giai Tansz\u00e9k<\/span><\/a><br \/>\n+36 (1) 266-2615<\/p>\n<hr \/>\n<p><strong><span style=\"font-size: 18pt;\"><a href=\"http:\/\/csot.semmelweis.hu\/\" target=\"_blank\" rel=\"noopener noreferrer\">Csal\u00e1dorvosi Tansz\u00e9k<\/a><\/span><\/strong><br \/>\n1085 Budapest, St\u00e1hly Ign\u00e1c u. 9. V. em.<br \/>\n+36 (1) 355-8530<\/p>\n<p style=\"padding-left: 40px;\"><span style=\"font-size: 18pt;\"><a href=\"https:\/\/semmelweis.hu\/csot\/\" target=\"_blank\" rel=\"noopener\">Integrat\u00edv Medicina Tansz\u00e9ki Csoport<\/a><\/span><br \/>\n<strong>Ideiglenes c\u00edm:<\/strong> City Corner Irodah\u00e1z, 1085 Budapest, Ull\u0151i \u00fat 25. I. emelet (<em>v\u00e1rhat\u00f3an 2023.12.31-ig<\/em>)<br \/>\n1085 Budapest, St\u00e1hly Ign\u00e1c u. 9. V. em.<br \/>\n+36 (1) 355-8530<br \/>\n+36 (1) 214-0841<\/p>\n<hr \/>\n<p><strong><span style=\"font-size: 18pt;\"><a href=\"https:\/\/semmelweis.hu\/elettan\/\" target=\"_blank\" rel=\"noopener noreferrer\">\u00c9lettani Int\u00e9zet<\/a><\/span><\/strong><br \/>\n1094 Budapest, T\u0171zolt\u00f3 u. 37-47.<br \/>\n+36 (1) 459-1500 \/ 60400<\/p>\n<hr \/>\n<p><span style=\"font-size: 18pt;\"><strong><a href=\"https:\/\/semmelweis.hu\/pharmacology\/\" target=\"_blank\" rel=\"noopener noreferrer\">Farmakol\u00f3giai \u00e9s Farmakoter\u00e1pi\u00e1s Int\u00e9zet<\/a><\/strong><\/span><br \/>\n1089 Budapest, Nagyv\u00e1rad t\u00e9r 4. III.-V. em.<br \/>\n+36 (1) 210-4416<\/p>\n<hr \/>\n<p><span style=\"font-size: 18pt;\"><strong><a href=\"http:\/\/gsi.semmelweis.hu\/\" target=\"_blank\" rel=\"noopener noreferrer\">Genetikai, Sejt- \u00e9s Immunbiol\u00f3giai Int\u00e9zet<\/a><\/strong><\/span><br \/>\n1089 Budapest, Nagyv\u00e1rad t\u00e9r 4.<br \/>\n+36 (1) 210-2929<\/p>\n<hr \/>\n<p><span style=\"font-size: 18pt;\"><strong><a href=\"https:\/\/semmelweis.hu\/klinikai-korelettan\/\" target=\"_blank\" rel=\"noopener noreferrer\">Klinikai K\u00f3r\u00e9lettani Int\u00e9zet<\/a><\/strong><\/span><br \/>\n1094 Budapest, T\u0171zolt\u00f3 u. 37\u201347.<br \/>\n+36 (1) 210-0306<br \/>\n+36 (1) 459-1500 \/ 60300<\/p>\n<hr \/>\n<p><a href=\"https:\/\/semmelweis.hu\/onkologiai-tanszek\/\"><strong><span style=\"font-size: 18pt;\">Klinikai Onkol\u00f3giai Tansz\u00e9k<\/span><\/strong><\/a><br \/>\n1122 Budapest, R\u00e1th Gy\u00f6rgy u. 7-9.<br \/>\n+36 (20) 670-1044<strong>\u00a0 <\/strong><\/p>\n<hr \/>\n<p><strong><span style=\"font-size: 18pt;\">Neurotraumatol\u00f3giai Tansz\u00e9k Csoport<br \/>\n<\/span><\/strong><span style=\"font-size: 14pt;\">1081 Budapest, Fiumei \u00fat 17.<\/span><span style=\"font-size: 18pt;\"><br \/>\n<span style=\"font-size: 14pt;\">+36 (20) 825-8680<\/span><br \/>\n<span style=\"font-size: 14pt;\">+36 (1) 299-7700 \/ 2148<\/span><br \/>\n<\/span><\/p>\n<hr \/>\n<p><strong><span style=\"font-size: 18pt;\"><a href=\"https:\/\/semmelweis.hu\/mikrobiologia\/\" target=\"_blank\" rel=\"noopener noreferrer\">Orvosi Mikrobiol\u00f3giai Int\u00e9zet<\/a><\/span><\/strong><br \/>\n1089 Budapest, Nagyv\u00e1rad t\u00e9r 4. IX.-XI. em.<br \/>\n+36 (1) 459-1500 \/ 56101<\/p>\n<p style=\"padding-left: 40px;\"><span style=\"font-size: 18pt;\">&#8222;Pasteur&#8221; Tansz\u00e9ki Csoport<\/span><\/p>\n<hr \/>\n<p><a href=\"https:\/\/semmelweis.hu\/sugarterapia\/\"><strong><span style=\"font-size: 18pt;\">Sug\u00e1rter\u00e1pia Tansz\u00e9k<\/span><\/strong><\/a><br \/>\n1112 Budapest, Budapest, R\u00e1th Gy\u00f6rgy u. 7-9<br \/>\n+36 (1) 224-8690<\/p>\n<hr \/>\n<p><strong><span style=\"font-size: 18pt;\"><a href=\"https:\/\/semmelweis.hu\/transzfuziologia\/\">Transzf\u00faziol\u00f3giai Tansz\u00e9k<\/a><\/span><\/strong><br \/>\n1089 Budapest, Nagyv\u00e1rad t\u00e9r 4. XVI. em.<br \/>\n+36 (1) 459-1500 \/ 56157<\/p>\n<hr \/>\n<p><strong><span style=\"font-size: 18pt;\"><a href=\"https:\/\/semmelweis.hu\/belgyogyaszat3\/\" target=\"_blank\" rel=\"noopener noreferrer\">Belgy\u00f3gy\u00e1szati \u00e9s Hematol\u00f3giai Klinika<\/a><\/span><\/strong><br \/>\n1088 Budapest, Szentkir\u00e1lyi u. 46.<br \/>\n+36 (1) 459-1500 \/ 55570<\/p>\n<p style=\"padding-left: 40px;\"><span style=\"font-size: 18pt;\">Csontvel\u0151-transzplant\u00e1ci\u00f3s Tansz\u00e9ki Csoport<\/span><br \/>\n1097 Budapest, Albert Fl\u00f3ri\u00e1n \u00fat 5-7.<br \/>\n+36 (1) 375-4364<\/p>\n<p style=\"padding-left: 40px;\"><span style=\"font-size: 18pt;\">Infektol\u00f3giai Tansz\u00e9ki Csoport<\/span><br \/>\n1097 Budapest, Albert Fl\u00f3ri\u00e1n \u00fat 5-7.<br \/>\n+36 (1) 455-8140<\/p>\n<hr \/>\n<p><strong><span style=\"font-size: 18pt;\"><a href=\"http:\/\/www.bel1.semmelweis.hu\/\" target=\"_blank\" rel=\"noopener noreferrer\">Belgy\u00f3gy\u00e1szati \u00e9s Onkol\u00f3giai Klinika<\/a><\/span><\/strong><br \/>\n1083 Budapest, Kor\u00e1nyi S\u00e1ndor u. 2\/a.<br \/>\n+36 (1) 459-1500 \/ 51526<\/p>\n<p style=\"padding-left: 40px;\"><span style=\"font-size: 18pt;\"><a href=\"https:\/\/semmelweis.hu\/endokrinologia\/\" target=\"_blank\" rel=\"noopener noreferrer\">Endokrinol\u00f3giai Tansz\u00e9k<\/a><\/span><br \/>\n1083 Budapest, Kor\u00e1nyi S\u00e1ndor u. 2\/a.<br \/>\n+36 (1) 266-0816<\/p>\n<p style=\"padding-left: 40px;\"><a href=\"https:\/\/semmelweis.hu\/geriatria\/\" target=\"_blank\" rel=\"noopener\"><span style=\"font-size: 18pt;\">Geri\u00e1triai Tansz\u00e9ki Csoport<\/span><\/a><br \/>\n1083 Budapest, Kor\u00e1nyi S\u00e1ndor utca 2\/a.<br \/>\n+36 (1) 267-4927 \/ 55569, 55599<br \/>\n+36 (1) 459-1500 \/ 51448<\/p>\n<hr \/>\n<p><span style=\"font-size: 18pt;\"><strong><a href=\"https:\/\/semmelweis.hu\/borklinika\/\" target=\"_blank\" rel=\"noopener noreferrer\">B\u0151r-, Nemik\u00f3rtani \u00e9s B\u0151ronkol\u00f3giai Klinika<\/a><\/strong><\/span><br \/>\n1085 Budapest, M\u00e1ria u. 41.<br \/>\n+36 (1) 459-1500 \/ 55727<\/p>\n<hr \/>\n<p><span style=\"font-size: 18pt;\"><strong><a href=\"https:\/\/semmelweis.hu\/fulorrgegeszet\" target=\"_blank\" rel=\"noopener noreferrer\">F\u00fcl-Orr-G\u00e9g\u00e9szeti \u00e9s Fej-Nyakseb\u00e9szeti Klinika<\/a><\/strong><\/span><br \/>\n1083 Budapest, Szigony u. 36.<br \/>\n+36 (1) 459-1500 \/ 52310<\/p>\n<hr \/>\n<p><strong><span style=\"font-size: 18pt;\"><a href=\"https:\/\/semmelweis.hu\/genomikai-medicina\/\" target=\"_blank\" rel=\"noopener noreferrer\">Genomikai Medicina \u00e9s Ritka Betegs\u00e9gek Int\u00e9zete<\/a>\u00a0<\/span><\/strong><br \/>\n1082 Budapest, \u00dcll\u0151i \u00fat 78\/B.<br \/>\n+36 (1) 459-1483<\/p>\n<hr \/>\n<p><span style=\"font-size: 18pt;\"><strong><a href=\"https:\/\/semmelweis.hu\/bokayklinika\/\" target=\"_blank\" rel=\"noopener\">Gyermekgy\u00f3gy\u00e1szati Klinika<\/a><\/strong><\/span><br \/>\n1083 Budapest, B\u00f3kay J\u00e1nos u. 53-54.<br \/>\n+36 (1) 459-1500 \/ 52620<br \/>\n+36 (1) 334-3186<\/p>\n<p style=\"padding-left: 40px;\"><a href=\"https:\/\/semmelweis.hu\/neonatologia\/sitemap\" target=\"_blank\" rel=\"noopener\"><span style=\"font-size: 18pt;\">Neonatol\u00f3giai Tansz\u00e9k<\/span><\/a><br \/>\n1083 Budapest, B\u00f3kay J\u00e1nos u. 53-54.<br \/>\n+36 (1) 334-3186 \/ 52619, 52620<\/p>\n<p style=\"padding-left: 40px;\"><a href=\"https:\/\/semmelweis.hu\/tuzoltoklinika\/\" target=\"_blank\" rel=\"noopener\"><span style=\"font-size: 18pt;\">Gyermekgy\u00f3gy\u00e1szati Hemato-onkol\u00f3giai Tansz\u00e9k<\/span><\/a><br \/>\n1094 Budapest, T\u0171zolt\u00f3 u. 7-9.<br \/>\n+36 (1) 215-1380<\/p>\n<hr \/>\n<p><a href=\"https:\/\/semmelweis.hu\/amerikaiut\/\"><span style=\"font-size: 18pt;\"><strong>Idegseb\u00e9szeti \u00e9s Neurointervenci\u00f3s Klinika<\/strong><\/span><\/a><br \/>\n1145 Budapest, Amerikai \u00fat 57. (megk\u00f6zel\u00edt\u00e9s:1145 Budapest, Laky Adolf utca 44.)<br \/>\n+36 (1) 467-9300\u00a0<\/p>\n<p style=\"padding-left: 40px;\"><a href=\"https:\/\/semmelweis.hu\/idegsebeszet\/\"><span style=\"font-size: 18pt;\">Idegseb\u00e9szeti Tansz\u00e9k<\/span><\/a><br \/>\n1145 Budapest, Amerikai \u00fat 57.<br \/>\n+36 (1) 467-9325<\/p>\n<p style=\"padding-left: 40px;\"><a href=\"https:\/\/semmelweis.hu\/neurointervencio\/\"><span style=\"font-size: 18pt;\">Neurointervenci\u00f3 Tansz\u00e9k<\/span><\/a><br \/>\n1145 Budapest, Amerikai \u00fat 57.<br \/>\n+36 (1) 467-9357<\/p>\n<hr \/>\n<p><span style=\"font-size: 18pt;\"><strong><a href=\"https:\/\/semmelweis.hu\/laboratorium\/\" target=\"_blank\" rel=\"noopener noreferrer\">Laborat\u00f3riumi Medicina Int\u00e9zet<\/a><\/strong><\/span><br \/>\n1089 Budapest, Nagyv\u00e1rad t\u00e9r 4. XIV. em.<br \/>\n+36 (1) 210-0278 \/ 56131<br \/>\n+36 (1) 459-1500 \/ 56318<\/p>\n<hr \/>\n<p><span style=\"font-size: 18pt;\"><strong><a href=\"https:\/\/semmelweis.hu\/magtud\/\" target=\"_blank\" rel=\"noopener noreferrer\">Magatart\u00e1studom\u00e1nyi Int\u00e9zet<\/a><\/strong><\/span><br \/>\n1089 Budapest, Nagyv\u00e1rad t\u00e9r 4. XX. em.<br \/>\n+36 (1) 459-1500 \/ 56126<\/p>\n<hr \/>\n<p><strong><a href=\"https:\/\/semmelweis.hu\/nepegeszsegtan\/\" target=\"_blank\" rel=\"noopener\"><span style=\"font-size: 18pt;\">Megel\u0151z\u0151 Orvostani \u00e9s N\u00e9peg\u00e9szs\u00e9gtani Int\u00e9zet<\/span><\/a><br \/>\n<\/strong>1089 Budapest, Nagyv\u00e1rad t\u00e9r 4. XIII. em.<br \/>\n+36 (1) 210-2954\u00a0\u00a0<\/p>\n<hr \/>\n<p><a href=\"https:\/\/semmelweis.hu\/mellkassebeszet\/\" target=\"_blank\" rel=\"noopener noreferrer\"><strong><span style=\"font-size: 18pt;\">Mellkasseb\u00e9szeti Klinika<\/span><\/strong> <br \/>\n<\/a><em>Orsz\u00e1gos Onkol\u00f3giai Int\u00e9zet b\u00e1zis\u00e1n<br \/>\n<\/em>1122 Budapest, R\u00e1th Gy\u00f6rgy u. 7-9. III. \u00e9p\u00fclet IV. em.<br \/>\n+36 (1) 224-8600 \/ 3385<\/p>\n<p style=\"padding-left: 40px;\"><span style=\"font-size: 18pt;\">Mellkasseb\u00e9szeti Tansz\u00e9ki Csoport<\/span><br \/>\n1121 Budapest, Kor\u00e1nyi Frigyes \u00fat 1.<br \/>\n+36 (1) 391-3209<\/p>\n<p style=\"padding-left: 40px;\"><span style=\"font-size: 18pt;\">Tumorbiol\u00f3gia Tansz\u00e9ki Csoport<\/span><br \/>\n1129 Budapest, Pihen\u0151 \u00fat 1.<br \/>\n+36 (1) 391-3310<\/p>\n<hr \/>\n<p><span style=\"font-size: 18pt;\"><strong><a href=\"https:\/\/semmelweis.hu\/neurologia\" target=\"_blank\" rel=\"noopener noreferrer\">Neurol\u00f3giai Klinika<\/a><\/strong><\/span><br \/>\n1083 Budapest, Balassa J. u. 6.<br \/>\n+36 (1) 210-0337<\/p>\n<hr \/>\n<p><span style=\"font-size: 18pt;\"><strong><a href=\"https:\/\/semmelweis.hu\/ortopedklinika\/\" target=\"_blank\" rel=\"noopener noreferrer\">Ortop\u00e9diai Klinika<\/a><\/strong><\/span><br \/>\n1083 Budapest, Kor\u00e1nyi S\u00e1ndor u. 2.<br \/>\n+36 (1) 466-6611<\/p>\n<p style=\"padding-left: 40px;\"><span style=\"font-size: 18pt;\">Gerincgy\u00f3gy\u00e1szati Tansz\u00e9ki Csoport<br \/>\n<\/span>1126 Budapest, Kir\u00e1lyh\u00e1g\u00f3 u. 1-3.<br \/>\n+36 (1) 887-7900 \/ 5673<\/p>\n<p style=\"padding-left: 40px;\"><span style=\"font-size: 18pt;\">Mozg\u00e1sszervi Daganatok Tansz\u00e9ki Csoport<\/span><\/p>\n<hr \/>\n<p><span style=\"font-size: 18pt;\"><strong><a href=\"https:\/\/semmelweis.hu\/kepalkotas\/\" target=\"_blank\" rel=\"noopener noreferrer\">Orvosi K\u00e9palkot\u00f3 Klinika<\/a><\/strong><\/span><br \/>\n1083 Budapest, Kor\u00e1nyi S\u00e1ndor u. 2.<br \/>\n+36 (1) 459-1500 \/ 61628<\/p>\n<p style=\"padding-left: 40px;\"><span style=\"font-size: 18pt;\"><a href=\"https:\/\/semmelweis.hu\/neuroradiologia\/\" target=\"_blank\" rel=\"noopener noreferrer\">Neuroradiol\u00f3giai Tansz\u00e9k<\/a><\/span><br \/>\n1083 Budapest, Balassa J. u. 6.<br \/>\n+36 (1) 459-1500 \/ 51342<\/p>\n<p style=\"padding-left: 40px;\"><span style=\"font-size: 18pt;\"><a href=\"https:\/\/semmelweis.hu\/nuklearis-medicina\/\" target=\"_blank\" rel=\"noopener noreferrer\">Nukle\u00e1ris Medicina Tansz\u00e9k<\/a><\/span><br \/>\n1083 Budapest, Kor\u00e1nyi S\u00e1ndor u. 2.<br \/>\n+36 (1) 459-500 \/ 62134<\/p>\n<p style=\"padding-left: 40px;\"><a href=\"https:\/\/semmelweis.hu\/kepalkotas\/klinikankrol\/radiologia-tanszek\/\" target=\"_blank\" rel=\"noopener\"><span style=\"font-size: 18pt;\">Radiol\u00f3giai Tansz\u00e9k<\/span><\/a><br \/>\n1083 Budapest, Kor\u00e1nyi S\u00e1ndor u. 2.<br \/>\n+36 (20) 507-6401\u00a0<\/p>\n<p>\u00a0 \u00a0 \u00a0 \u00a0 Mozg\u00e1sszervi Radiol\u00f3giai Tansz\u00e9ki Csoport<\/p>\n<hr \/>\n<p><a href=\"https:\/\/semmelweis.hu\/pbi\/\" target=\"_blank\" rel=\"noopener\"><strong><span style=\"font-size: 18pt;\">Pankre\u00e1sz Betegs\u00e9gek Int\u00e9zete<\/span><\/strong><\/a><br \/>\n1083 Budapest, T\u00f6m\u0151 utca 25-29.<\/p>\n<hr \/>\n<p><span style=\"font-size: 18pt;\"><strong><a href=\"https:\/\/semmelweis.hu\/patologia1\/\" target=\"_blank\" rel=\"noopener noreferrer\">Patol\u00f3giai \u00e9s K\u00eds\u00e9rleti R\u00e1kkutat\u00f3 Int\u00e9zet\u00a0<\/a><\/strong><\/span><br \/>\n1085 Budapest, \u00dcll\u0151i \u00fat 26.<br \/>\n+36 (1) 317-1074<\/p>\n<hr \/>\n<p><span style=\"font-size: 18pt;\"><strong><a href=\"https:\/\/semmelweis.hu\/patologia2\/\" target=\"_blank\" rel=\"noopener noreferrer\">Patol\u00f3giai, Igazs\u00e1g\u00fcgyi \u00e9s Biztos\u00edt\u00e1si Orvostani Int\u00e9zet<\/a><\/strong><\/span><br \/>\n1091 Budapest, \u00dcll\u0151i \u00fat 93.<br \/>\n+36 (1) 459-1500 \/ 53430<\/p>\n<hr \/>\n<p><span style=\"font-size: 18pt;\"><strong><a href=\"https:\/\/semmelweis.hu\/pszichiatria\/\" target=\"_blank\" rel=\"noopener noreferrer\">Pszichi\u00e1triai \u00e9s Pszichoter\u00e1pi\u00e1s Klinika<\/a><\/strong><\/span><br \/>\n1083 Budapest, Balassa J. u. 6.<br \/>\n+36 (1) 210-0330<\/p>\n<p><span style=\"font-size: 18pt;\"><strong>\u00a0 \u00a0 \u00a0 <a href=\"https:\/\/semmelweis.hu\/klinikai-pszichologia\/\" target=\"_blank\" rel=\"noopener noreferrer\">Klinikai Pszichol\u00f3gia Tansz\u00e9k<\/a><\/strong><\/span><br \/>\n\u00a0 \u00a0 \u00a0 \u00a0 1091 Budapest, \u00dcll\u0151i \u00fat 25. I. em.<br \/>\n\u00a0 \u00a0 \u00a0 \u00a0 +36 (1) 459-1500 \/ 62360<\/p>\n<p style=\"padding-left: 40px;\"><span style=\"font-size: 18pt;\">Neuropszichol\u00f3giai Szakpszichol\u00f3giai Tansz\u00e9ki Csoport<\/span><br \/>\n1083 Budapest, Balassa J. u. 6.<br \/>\n+36 (1) 459-1500 \/ 51272<\/p>\n<hr \/>\n<p><span style=\"font-size: 18pt;\"><strong><a href=\"https:\/\/semmelweis.hu\/pulmonologia\/\" target=\"_blank\" rel=\"noopener noreferrer\">Pulmonol\u00f3giai Klinika<\/a><\/strong><\/span><br \/>\n1083 Budapest, T\u00f6m\u0151 u. 25-29.<br \/>\n+36 (1) 355-8682<\/p>\n<hr \/>\n<p><a href=\"https:\/\/semmelweis.hu\/rehabilitaciosklinika\/\"><strong><span style=\"font-size: 18pt;\">Rehabilit\u00e1ci\u00f3s Klinika<\/span><\/strong><\/a><br \/>\n1121 Budapest, Szanat\u00f3rium utca 19.<\/p>\n<p><span style=\"font-size: 18pt;\"><a href=\"https:\/\/semmelweis.hu\/rehab\/\" target=\"_blank\" rel=\"noopener noreferrer\">\u00a0 \u00a0 \u00a0 \u00a0Fizik\u00e1li<\/a><\/span><span style=\"font-size: 18pt;\"><a href=\"https:\/\/semmelweis.hu\/rehab\/\" target=\"_blank\" rel=\"noopener noreferrer\">s<\/a><\/span><span style=\"font-size: 18pt;\"><a href=\"https:\/\/semmelweis.hu\/rehab\/\" target=\"_blank\" rel=\"noopener noreferrer\"> Medicina \u00e9s Rehabilit\u00e1ci\u00f3 Tansz\u00e9k<\/a><\/span><br \/>\n\u00a0 \u00a0 \u00a0 \u00a0 1121 Budapest, Szanat\u00f3rium utca 19.<br \/>\n\u00a0 \u00a0 \u00a0 \u00a0 +36 (1) 391-1903<\/p>\n<hr \/>\n<p><strong><span style=\"font-size: 18pt;\"><a href=\"https:\/\/semmelweis.hu\/reumatologia\/\" target=\"_blank\" rel=\"noopener noreferrer\">Reumatol\u00f3giai \u00e9s Immunol\u00f3giai Klinika<\/a><\/span><\/strong><\/p>\n<p>1023 Budapest, Frankel Le\u00f3 \u00fat 25-29.<\/p>\n<p>+36 (20) 501-9768<\/p>\n<hr \/>\n<p><span style=\"font-size: 18pt;\"><strong><a href=\"https:\/\/semmelweis.hu\/sebeszet\/\" target=\"_blank\" rel=\"noopener noreferrer\">Seb\u00e9szeti, Transzplant\u00e1ci\u00f3s \u00e9s Gasztroenterol\u00f3giai Klinika<\/a><\/strong><\/span><br \/>\n1082 Budapest, \u00dcll\u0151i \u00fat 78.<br \/>\n+36 (1) 459-1500 \/ 52127, 52207<\/p>\n<p style=\"padding-left: 40px;\"><span style=\"font-size: 18pt;\">Intervenci\u00f3s Gasztroenterol\u00f3giai Tansz\u00e9k<br \/>\n<\/span>1082 Budapest, \u00dcll\u0151i \u00fat 78.<\/p>\n<p style=\"padding-left: 40px;\"><span style=\"font-size: 18pt;\">Plasztikai \u00e9s Rekonstrukt\u00edv Seb\u00e9szeti Tansz\u00e9ki Csoport<br \/>\n1082 Budapest, \u00dcll\u0151i \u00fat 78\/A.<\/span><\/p>\n<p style=\"padding-left: 40px;\"><span style=\"font-size: 18pt;\">Seb\u00e9szeti Tansz\u00e9ki Csoport<\/span><br \/>\n1096 Budapest, Nagyv\u00e1rad t\u00e9r 1.<\/p>\n<hr \/>\n<p><span style=\"font-size: 18pt;\"><strong><a href=\"https:\/\/semmelweis.hu\/surgosseg\/hu\/\" target=\"_blank\" rel=\"noopener noreferrer\">S\u00fcrg\u0151ss\u00e9gi Orvostani Klinika<\/a><\/strong><\/span><br \/>\n1082 Budapest, \u00dcll\u0151i \u00fat 78\/A.<br \/>\n+36 (1) 459-1445<\/p>\n<hr \/>\n<p><span style=\"font-size: 18pt;\"><strong><a href=\"https:\/\/semmelweis.hu\/szemeszet\/\" target=\"_blank\" rel=\"noopener noreferrer\">Szem\u00e9szeti Klinika<\/a><\/strong><\/span><br \/>\n1085 Budapest, M\u00e1ria u. 39.<br \/>\n+36 (1) 459-1500 \/ 54611<\/p>\n<hr \/>\n<p><span style=\"font-size: 18pt;\"><strong><a href=\"https:\/\/semmelweis.hu\/szuleszet2\/altalanos-informaciok\/\" target=\"_blank\" rel=\"noopener noreferrer\">Sz\u00fcl\u00e9szeti \u00e9s N\u0151gy\u00f3gy\u00e1szati Klinika<\/a><\/strong><\/span><\/p>\n<p style=\"padding-left: 40px;\"><em>I. sz. r\u00e9szleg:<\/em> <br \/>\n1088 Budapest, Baross u. 27.<br \/>\n+36 (1) 266-0473<br \/>\n<em>II. sz. r\u00e9szleg:<\/em> <br \/>\n1082 Budapest, \u00dcll\u0151i u. 78\/A.<br \/>\n+36 (1) 313-7856<\/p>\n<hr \/>\n<p><span style=\"font-size: 18pt;\"><strong><a href=\"https:\/\/semmelweis.hu\/traumatologia\/\" target=\"_blank\" rel=\"noopener noreferrer\">Traumatol\u00f3giai Klinika<\/a><\/strong><\/span><br \/>\n1083 Budapest, Kor\u00e1nyi S\u00e1ndor u. 2.<br \/>\n+36 (20) 825-8680\u00a0<\/p>\n<hr \/>\n<p><span style=\"font-size: 18pt;\"><strong><a href=\"https:\/\/semmelweis.hu\/urologia\/\" target=\"_blank\" rel=\"noopener noreferrer\">Urol\u00f3giai Klinika<\/a><\/strong><\/span><br \/>\n1082 Budapest, \u00dcll\u0151i \u00fat 78\/B.<br \/>\n+36 (1) 210-0280<br \/>\n+36 (1) 459-1500 \/ 51147, 51142<\/p>\n<hr \/>\n<p><span style=\"font-size: 18pt;\"><strong><a href=\"http:\/\/vszek.semmelweis.hu\/\" target=\"_blank\" rel=\"noopener noreferrer\">V\u00e1rosmajori Sz\u00edv- \u00e9s \u00c9rgy\u00f3gy\u00e1szati Klinika<\/a><\/strong><\/span><br \/>\n1122 Budapest, V\u00e1rosmajor u. 68.<br \/>\n+36 (1) 458-6810<\/p>\n<p style=\"padding-left: 40px;\"><span style=\"font-size: 18pt;\"><a href=\"https:\/\/semmelweis.hu\/ersebeszet\/\" target=\"_blank\" rel=\"noopener noreferrer\">\u00c9rseb\u00e9szeti \u00e9s Endovaszkul\u00e1ris Tansz\u00e9k<\/a><\/span><br \/>\n1122 Budapest, Ga\u00e1l J\u00f3zsef u. 9-11.<br \/>\n+36 (1) 458-6734<\/p>\n<p style=\"padding-left: 80px;\"><a href=\"https:\/\/semmelweis.hu\/ersebeszet\/magunkrol\/angiologiai-tanszeki-csoport\/\" target=\"_blank\" rel=\"noopener\"><em><span style=\"font-size: 18pt;\">Angiol\u00f3giai Tansz\u00e9ki Csoport<\/span><\/em><\/a><br \/>\n1115 Budapest, T\u00e9t\u00e9nyi \u00fat 12-16.<br \/>\n+36 (1) 458-6795<\/p>\n<p style=\"padding-left: 40px;\"><span style=\"font-size: 18pt;\"><a href=\"https:\/\/semmelweis.hu\/intervencios-radiologia\/\" target=\"_blank\" rel=\"noopener noreferrer\">Intervenci\u00f3s Radiol\u00f3giai Tansz\u00e9k<\/a>\u00a0<\/span><br \/>\n1122 Budapest, Hat\u00e1r\u0151r \u00fat 18.<br \/>\n+36 (1) 458-6880<\/p>\n<p style=\"padding-left: 40px;\"><span style=\"font-size: 18pt;\"><a href=\"http:\/\/vszek.semmelweis.hu\/\" target=\"_blank\" rel=\"noopener noreferrer\">Kardiol\u00f3giai Tansz\u00e9k<\/a><\/span><br \/>\n1122 Budapest, Ga\u00e1l J\u00f3zsef u. 9-11.<br \/>\n+36 (1) 458-6810<\/p>\n<p style=\"padding-left: 80px;\"><a href=\"https:\/\/semmelweis.hu\/varosmajor\/kutatas\/vascularis-neurologiai-tanszek-csoport\/\" target=\"_blank\" rel=\"noopener\"><em><span style=\"font-size: 18pt;\">Vascularis Neurol\u00f3giai Tansz\u00e9ki Csoport<\/span><\/em><\/a><br \/>\n1122 Budapest, Ga\u00e1l J\u00f3zsef u. 9-11.<br \/>\n+36 (1) 458-6810<\/p>\n<p style=\"padding-left: 80px;\"><em><span style=\"font-size: 18pt;\">Sz\u00edvseb\u00e9szeti Tansz\u00e9ki\u00a0 Csoport<\/span><\/em><br \/>\n1122 Budapest, Ga\u00e1l J\u00f3zsef u. 9-11.<br \/>\n+36 (1) 458-6700<br \/>\n+36 (1) 459-1500 \/ 56731<\/p>\n<p style=\"padding-left: 40px;\"><a href=\"https:\/\/semmelweis.hu\/mutettan\/\" target=\"_blank\" rel=\"noopener\"><span style=\"font-size: 24px;\">K\u00eds\u00e9rletes Kardiol\u00f3giai \u00e9s Seb\u00e9szeti M\u0171t\u00e9ttani Tansz\u00e9k<\/span><\/a><br \/>\n1089 Budapest, Nagyv\u00e1rad t\u00e9r 4.<br \/>\n+36 (1) 459-1500 \/ 56569<\/p>\n<p style=\"padding-left: 40px;\"><span style=\"font-size: 24px;\">Obezitol\u00f3giai Tansz\u00e9ki Csoport<\/span><\/p>\n<p style=\"padding-left: 40px;\"><span style=\"font-size: 24px;\">Rep\u00fcl\u0151- \u00e9s \u0170rorvostani Tansz\u00e9k<\/span><br \/>\n1129 Budapest, V\u00e1rosmajor u. 68.<\/p>\n<p style=\"padding-left: 40px;\"><a href=\"https:\/\/semmelweis.hu\/sportorvostan\/\" target=\"_blank\" rel=\"noopener\"><span style=\"font-size: 18pt;\">Sportorvostan Tansz\u00e9k<\/span><\/a><br \/>\n1129 Budapest, V\u00e1rosmajor u. 68.<br \/>\n+36 (1) 458-6810<\/p>\n<p style=\"padding-left: 40px;\">\u00a0<\/p>\n<p>&nbsp;<\/p>\n","protected":false},"excerpt":{"rendered":"<p>\u00c1ltal\u00e1nos Orvostudom\u00e1nyi Kar szervezeti egys\u00e9gei <a href=\"https:\/\/semmelweis.hu\/anatomia\/\" target=\"_blank\" rel=\"noopener noreferrer\">Anat\u00f3miai, Sz\u00f6vet- \u00e9s Fejl\u0151d\u00e9stani Int\u00e9zet<\/a> 1094 Budapest, T\u0171zolt\u00f3 u. 58. +36 (1) 459-1500 \/ 53621 <a href=\"https:\/\/semmelweis.hu\/aneszteziologia\/\" target=\"_blank\" rel=\"noopener\">Aneszteziol\u00f3giai \u00e9s Intenz\u00edv Ter\u00e1pi\u00e1s Tansz\u00e9k<\/a> 1082 Budapest, \u00dcll\u0151i \u00fat 78. IV. em. +36 (1) 459-1500 <a href=\"https:\/\/semmelweis.hu\/szimulacios-kozpont\/\" target=\"_blank\" rel=\"noopener\">Klinikai Szimul\u00e1ci\u00f3s Tansz\u00e9ki Csoport<\/a> 1096 Budapest, Ern\u0151 u. 7.\u00a0 +36 (1) 355-6565 <a href=\"http:\/\/biofiz.semmelweis.hu\/\" target=\"_blank\" rel=\"noopener noreferrer\">Biofizikai \u00e9s Sug\u00e1rbiol\u00f3giai Int\u00e9zet<\/a> 1094 Budapest, T\u0171zolt\u00f3 u. 37-47. +36 (1) 459-1500 \/ 60200 <a href=\"https:\/\/semmelweis.hu\/bioinformatika\/\" target=\"_blank\" rel=\"noopener noreferrer\">Bioinformatika Tansz\u00e9k<\/a> 1094 Budapest, T\u0171zolt\u00f3 u. 7. +36 (1) 459-1500\u00a0 <a href=\"https:\/\/semmelweis.hu\/bmbi\/\" target=\"_blank\" rel=\"noopener noreferrer\">Biok\u00e9mia \u00e9s Molekul\u00e1ris Biol\u00f3giai Int\u00e9zet<\/a> 1094 Budapest, T\u0171zolt\u00f3 u. &hellip;<\/p>\n","protected":false},"author":158,"featured_media":0,"parent":9067,"menu_order":3,"comment_status":"closed","ping_status":"closed","template":"","meta":{"_acf_changed":false,"footnotes":""},"categories":[],"tags":[],"class_list":["post-706","page","type-page","status-publish","hentry"],"acf":[],"publishpress_future_action":{"enabled":false,"date":"1970-01-01 01:00:00","action":"","terms":[],"taxonomy":"","browser_timezone_offset":0},"_links":{"self":[{"href":"https:\/\/semmelweis.hu\/aok\/wp-json\/wp\/v2\/pages\/706","targetHints":{"allow":["GET"]}}],"collection":[{"href":"https:\/\/semmelweis.hu\/aok\/wp-json\/wp\/v2\/pages"}],"about":[{"href":"https:\/\/semmelweis.hu\/aok\/wp-json\/wp\/v2\/types\/page"}],"author":[{"embeddable":true,"href":"https:\/\/semmelweis.hu\/aok\/wp-json\/wp\/v2\/users\/158"}],"replies":[{"embeddable":true,"href":"https:\/\/semmelweis.hu\/aok\/wp-json\/wp\/v2\/comments?post=706"}],"version-history":[{"count":18,"href":"https:\/\/semmelweis.hu\/aok\/wp-json\/wp\/v2\/pages\/706\/revisions"}],"predecessor-version":[{"id":34292,"href":"https:\/\/semmelweis.hu\/aok\/wp-json\/wp\/v2\/pages\/706\/revisions\/34292"}],"up":[{"embeddable":true,"href":"https:\/\/semmelweis.hu\/aok\/wp-json\/wp\/v2\/pages\/9067"}],"wp:attachment":[{"href":"https:\/\/semmelweis.hu\/aok\/wp-json\/wp\/v2\/media?parent=706"}],"wp:term":[{"taxonomy":"category","embeddable":true,"href":"https:\/\/semmelweis.hu\/aok\/wp-json\/wp\/v2\/categories?post=706"},{"taxonomy":"post_tag","embeddable":true,"href":"https:\/\/semmelweis.hu\/aok\/wp-json\/wp\/v2\/tags?post=706"}],"curies":[{"name":"wp","href":"https:\/\/api.w.org\/{rel}","templated":true}]}}