{"id":6996,"date":"2014-01-07T13:51:18","date_gmt":"2014-01-07T13:51:18","guid":{"rendered":"http:\/\/semmelweis.hu\/aok\/?page_id=6996"},"modified":"2019-04-01T09:59:42","modified_gmt":"2019-04-01T07:59:42","slug":"2010-februar-2-i-ules-hatarozatai","status":"publish","type":"page","link":"https:\/\/semmelweis.hu\/aok\/a-karrol\/kari-tanacs\/a-kari-tanacs-hatarozatai\/2010-februar-2-i-ules-hatarozatai\/","title":{"rendered":"2010. febru\u00e1r 2-i \u00fcl\u00e9s hat\u00e1rozatai"},"content":{"rendered":"<p><a href=\"https:\/\/semmelweis.hu\/aok\/files\/2012\/02\/Kthat_20_2009_2010.doc\">20\/2009-2010. (2010. febru\u00e1r 2-i)KT sz\u00e1m\u00fa hat\u00e1rozata a kar d\u00e9k\u00e1nhelyettes\u00e9nek 3 \u00e9vre t\u00f6rt\u00e9n\u0151 megv\u00e1laszt\u00e1s\u00e1r\u00f3l<\/a><\/p>\n<p><a href=\"https:\/\/semmelweis.hu\/aok\/files\/2012\/02\/Kthat_21_2009_2010.doc\">21\/2009-2010. (2010. febru\u00e1r 2-i) KT sz\u00e1m\u00fa hat\u00e1rozata egyetemi docensi \u00e1ll\u00e1s bet\u00f6lt\u00e9s\u00e9r\u0151l<\/a><\/p>\n<p><a href=\"https:\/\/semmelweis.hu\/aok\/files\/2012\/02\/Kthat_22_2009_2010.doc\">22\/2009-2010. (2010. febru\u00e1r 2-i) KT sz\u00e1m\u00fa hat\u00e1rozata 2010. \u00e9vi Pro Universitate d\u00edj adom\u00e1nyoz\u00e1s\u00e1r\u00f3l<\/a><\/p>\n","protected":false},"excerpt":{"rendered":"<p><a href=\"https:\/\/semmelweis.hu\/aok\/files\/2012\/02\/Kthat_20_2009_2010.doc\">20\/2009-2010. (2010. febru\u00e1r 2-i)KT sz\u00e1m\u00fa hat\u00e1rozata a kar d\u00e9k\u00e1nhelyettes\u00e9nek 3 \u00e9vre t\u00f6rt\u00e9n\u0151 megv\u00e1laszt\u00e1s\u00e1r\u00f3l<\/a><br \/>\n<a href=\"https:\/\/semmelweis.hu\/aok\/files\/2012\/02\/Kthat_21_2009_2010.doc\">21\/2009-2010. (2010. febru\u00e1r 2-i) KT sz\u00e1m\u00fa hat\u00e1rozata egyetemi docensi \u00e1ll\u00e1s bet\u00f6lt\u00e9s\u00e9r\u0151l<\/a><br \/>\n<a href=\"https:\/\/semmelweis.hu\/aok\/files\/2012\/02\/Kthat_22_2009_2010.doc\">22\/2009-2010. (2010. febru\u00e1r 2-i) KT sz\u00e1m\u00fa hat\u00e1rozata 2010. \u00e9vi Pro Universitate d\u00edj adom\u00e1nyoz\u00e1s\u00e1r\u00f3l<\/a><\/p>\n","protected":false},"author":151,"featured_media":0,"parent":1141,"menu_order":0,"comment_status":"closed","ping_status":"closed","template":"","meta":{"_acf_changed":false,"footnotes":""},"categories":[],"tags":[],"class_list":["post-6996","page","type-page","status-publish","hentry"],"acf":[],"publishpress_future_action":{"enabled":false,"date":"1970-01-01 01:00:00","action":"","terms":[],"taxonomy":"","browser_timezone_offset":0},"_links":{"self":[{"href":"https:\/\/semmelweis.hu\/aok\/wp-json\/wp\/v2\/pages\/6996","targetHints":{"allow":["GET"]}}],"collection":[{"href":"https:\/\/semmelweis.hu\/aok\/wp-json\/wp\/v2\/pages"}],"about":[{"href":"https:\/\/semmelweis.hu\/aok\/wp-json\/wp\/v2\/types\/page"}],"author":[{"embeddable":true,"href":"https:\/\/semmelweis.hu\/aok\/wp-json\/wp\/v2\/users\/151"}],"replies":[{"embeddable":true,"href":"https:\/\/semmelweis.hu\/aok\/wp-json\/wp\/v2\/comments?post=6996"}],"version-history":[{"count":3,"href":"https:\/\/semmelweis.hu\/aok\/wp-json\/wp\/v2\/pages\/6996\/revisions"}],"predecessor-version":[{"id":21418,"href":"https:\/\/semmelweis.hu\/aok\/wp-json\/wp\/v2\/pages\/6996\/revisions\/21418"}],"up":[{"embeddable":true,"href":"https:\/\/semmelweis.hu\/aok\/wp-json\/wp\/v2\/pages\/1141"}],"wp:attachment":[{"href":"https:\/\/semmelweis.hu\/aok\/wp-json\/wp\/v2\/media?parent=6996"}],"wp:term":[{"taxonomy":"category","embeddable":true,"href":"https:\/\/semmelweis.hu\/aok\/wp-json\/wp\/v2\/categories?post=6996"},{"taxonomy":"post_tag","embeddable":true,"href":"https:\/\/semmelweis.hu\/aok\/wp-json\/wp\/v2\/tags?post=6996"}],"curies":[{"name":"wp","href":"https:\/\/api.w.org\/{rel}","templated":true}]}}