{"id":6847,"date":"2014-01-06T10:25:50","date_gmt":"2014-01-06T10:25:50","guid":{"rendered":"http:\/\/semmelweis.hu\/aok\/?page_id=6847"},"modified":"2026-02-26T09:43:07","modified_gmt":"2026-02-26T08:43:07","slug":"atvetellel-kapcsolatos-informaciok","status":"publish","type":"page","link":"https:\/\/semmelweis.hu\/aok\/oktatas\/atvetellel-kapcsolatos-informaciok\/","title":{"rendered":"\u00c1tv\u00e9tellel kapcsolatos inform\u00e1ci\u00f3k"},"content":{"rendered":"<h4><span style=\"color: #ff0000\">Az oldal<strong> Friss\u00edt\u00e9se\u00a0<\/strong>folyamatban van!<\/span><\/h4>\n<h5>Let\u00f6lthet\u0151 dokumentumok:<\/h5>\n<ul>\n<li>\n<p><a href=\"https:\/\/semmelweis.hu\/aok\/files\/2025\/03\/Atveteli-tajekoztato-2025.pdf\" target=\"_blank\" rel=\"noopener\">T\u00e1j\u00e9koztat\u00f3 az \u00e1tv\u00e9teli k\u00e9relmek bead\u00e1si rendj\u00e9r\u0151l 2025<\/a>.<\/p>\n<\/li>\n<\/ul>\n<p><strong>K\u00c9RJ\u00dcK, HOGY A K\u00c9RELEMBEN T\u00dcNTESSE FEL EL\u00c9RHET\u0150S\u00c9GEIT: <br \/>\nC\u00cdM, E-MAIL C\u00cdM, TELEFONSZ\u00c1M!<\/strong><\/p>\n<ul>\n<li>\n<p><a href=\"https:\/\/semmelweis.hu\/aok\/files\/2025\/03\/Atveteli-eljarasrend-2025.pdf\" target=\"_blank\" rel=\"noopener\">T\u00e1j\u00e9koztat\u00f3 az \u00e1tv\u00e9teli k\u00e9relmek elb\u00edr\u00e1l\u00e1s\u00e1nak rendj\u00e9r\u0151l<\/a><\/p>\n<\/li>\n<li>\n<h6><a href=\"https:\/\/semmelweis.hu\/aok\/files\/2025\/03\/Befogadasi-kerelem-atvetelhez_2025.doc\" target=\"_blank\" rel=\"noopener\">Befogad\u00e1si k\u00e9relem c. nyomtatv\u00e1ny \u2013 el\u0151zetes kredit\u00e1tviteli elj\u00e1r\u00e1shoz<\/a>\u00a0<\/h6>\n<\/li>\n<li>\n<p><a href=\"https:\/\/semmelweis.hu\/aok\/files\/2025\/06\/Cimlista-targybefogadashoz-II.-evfolyamra-atveteluket-kero-hallgatoknak.pdf\">C\u00edmlista t\u00e1rgybefogad\u00e1shoz II. \u00e9vfolyamra \u00e1tv\u00e9tel\u00fcket k\u00e9r\u0151 hallgat\u00f3knak<\/a><\/p>\n<\/li>\n<li>\n<p><a href=\"https:\/\/semmelweis.hu\/aok\/files\/2025\/06\/Cimlista-targybefogadashoz-III.-evfolyamra-atveteluket-kero-hallgatoknak.pdf\">C\u00edmlista t\u00e1rgybefogad\u00e1shoz III. \u00e9vfolyamra \u00e1tv\u00e9tel\u00fcket k\u00e9r\u0151 hallgat\u00f3knak<\/a><\/p>\n<\/li>\n<li>\n<p><a href=\"https:\/\/semmelweis.hu\/aok\/files\/2025\/06\/Cimlista-targybefogadashoz-IV.-evfolyamra-atveteluket-kero-hallgatoknak.pdf\">C\u00edmlista t\u00e1rgybefogad\u00e1shoz IV. \u00e9vfolyamra \u00e1tv\u00e9tel\u00fcket k\u00e9r\u0151 hallgat\u00f3knak<\/a><\/p>\n<\/li>\n<li><a href=\"https:\/\/semmelweis.hu\/aok\/files\/2025\/06\/Cimlista-targybefogadashoz-V.-evfolyamra-atveteluket-kero-hallgatoknak.pdf\">C\u00edmlista t\u00e1rgybefogad\u00e1shoz V. \u00e9vfolyamra \u00e1tv\u00e9tel\u00fcket k\u00e9r\u0151 hallgat\u00f3knak<\/a><\/li>\n<\/ul>\n<p>&nbsp;<\/p>\n<p>&nbsp;<\/p>\n<p>&nbsp;<\/p>\n<p>&nbsp;<\/p>\n","protected":false},"excerpt":{"rendered":"<p>Az oldal Friss\u00edt\u00e9se\u00a0folyamatban van!<br \/>\nLet\u00f6lthet\u0151 dokumentumok:<\/p>\n<p><a href=\"https:\/\/semmelweis.hu\/aok\/files\/2025\/03\/Atveteli-tajekoztato-2025.pdf\" target=\"_blank\" rel=\"noopener\">T\u00e1j\u00e9koztat\u00f3 az \u00e1tv\u00e9teli k\u00e9relmek bead\u00e1si rendj\u00e9r\u0151l 2025<\/a>.<\/p>\n<p>K\u00c9RJ\u00dcK, HOGY A K\u00c9RELEMBEN T\u00dcNTESSE FEL EL\u00c9RHET\u0150S\u00c9GEIT:<br \/>\nC\u00cdM, E-MAIL C\u00cdM, TELEFONSZ\u00c1M!<\/p>\n<p><a href=\"https:\/\/semmelweis.hu\/aok\/files\/2025\/03\/Atveteli-eljarasrend-2025.pdf\" target=\"_blank\" rel=\"noopener\">T\u00e1j\u00e9koztat\u00f3 az \u00e1tv\u00e9teli k\u00e9relmek elb\u00edr\u00e1l\u00e1s\u00e1nak rendj\u00e9r\u0151l<\/a><\/p>\n<p><a href=\"https:\/\/semmelweis.hu\/aok\/files\/2025\/03\/Befogadasi-kerelem-atvetelhez_2025.doc\" target=\"_blank\" rel=\"noopener\">Befogad\u00e1si k\u00e9relem c. nyomtatv\u00e1ny \u2013 el\u0151zetes kredit\u00e1tviteli elj\u00e1r\u00e1shoz<\/a>\u00a0<\/p>\n<p><a href=\"https:\/\/semmelweis.hu\/aok\/files\/2025\/06\/Cimlista-targybefogadashoz-II.-evfolyamra-atveteluket-kero-hallgatoknak.pdf\">C\u00edmlista t\u00e1rgybefogad\u00e1shoz II. \u00e9vfolyamra \u00e1tv\u00e9tel\u00fcket k\u00e9r\u0151 hallgat\u00f3knak<\/a><\/p>\n<p><a href=\"https:\/\/semmelweis.hu\/aok\/files\/2025\/06\/Cimlista-targybefogadashoz-III.-evfolyamra-atveteluket-kero-hallgatoknak.pdf\">C\u00edmlista t\u00e1rgybefogad\u00e1shoz III. \u00e9vfolyamra \u00e1tv\u00e9tel\u00fcket k\u00e9r\u0151 hallgat\u00f3knak<\/a><\/p>\n<p><a href=\"https:\/\/semmelweis.hu\/aok\/files\/2025\/06\/Cimlista-targybefogadashoz-IV.-evfolyamra-atveteluket-kero-hallgatoknak.pdf\">C\u00edmlista t\u00e1rgybefogad\u00e1shoz IV. \u00e9vfolyamra \u00e1tv\u00e9tel\u00fcket k\u00e9r\u0151 hallgat\u00f3knak<\/a><\/p>\n<p><a href=\"https:\/\/semmelweis.hu\/aok\/files\/2025\/06\/Cimlista-targybefogadashoz-V.-evfolyamra-atveteluket-kero-hallgatoknak.pdf\">C\u00edmlista t\u00e1rgybefogad\u00e1shoz V. \u00e9vfolyamra \u00e1tv\u00e9tel\u00fcket k\u00e9r\u0151 hallgat\u00f3knak<\/a><\/p>\n<p>&nbsp;<br \/>\n&nbsp;<br \/>\n&nbsp;<br \/>\n&nbsp;<\/p>\n","protected":false},"author":158,"featured_media":0,"parent":126,"menu_order":9,"comment_status":"closed","ping_status":"closed","template":"","meta":{"_acf_changed":false,"footnotes":""},"categories":[],"tags":[],"class_list":["post-6847","page","type-page","status-publish","hentry"],"acf":[],"publishpress_future_action":{"enabled":false,"date":"1970-01-01 01:00:00","action":"","terms":[],"taxonomy":"","browser_timezone_offset":0},"_links":{"self":[{"href":"https:\/\/semmelweis.hu\/aok\/wp-json\/wp\/v2\/pages\/6847","targetHints":{"allow":["GET"]}}],"collection":[{"href":"https:\/\/semmelweis.hu\/aok\/wp-json\/wp\/v2\/pages"}],"about":[{"href":"https:\/\/semmelweis.hu\/aok\/wp-json\/wp\/v2\/types\/page"}],"author":[{"embeddable":true,"href":"https:\/\/semmelweis.hu\/aok\/wp-json\/wp\/v2\/users\/158"}],"replies":[{"embeddable":true,"href":"https:\/\/semmelweis.hu\/aok\/wp-json\/wp\/v2\/comments?post=6847"}],"version-history":[{"count":14,"href":"https:\/\/semmelweis.hu\/aok\/wp-json\/wp\/v2\/pages\/6847\/revisions"}],"predecessor-version":[{"id":34266,"href":"https:\/\/semmelweis.hu\/aok\/wp-json\/wp\/v2\/pages\/6847\/revisions\/34266"}],"up":[{"embeddable":true,"href":"https:\/\/semmelweis.hu\/aok\/wp-json\/wp\/v2\/pages\/126"}],"wp:attachment":[{"href":"https:\/\/semmelweis.hu\/aok\/wp-json\/wp\/v2\/media?parent=6847"}],"wp:term":[{"taxonomy":"category","embeddable":true,"href":"https:\/\/semmelweis.hu\/aok\/wp-json\/wp\/v2\/categories?post=6847"},{"taxonomy":"post_tag","embeddable":true,"href":"https:\/\/semmelweis.hu\/aok\/wp-json\/wp\/v2\/tags?post=6847"}],"curies":[{"name":"wp","href":"https:\/\/api.w.org\/{rel}","templated":true}]}}