{"id":6018,"date":"2013-10-28T10:05:46","date_gmt":"2013-10-28T10:05:46","guid":{"rendered":"http:\/\/semmelweis-egyetem.hu\/aok\/?page_id=6018"},"modified":"2024-09-17T16:09:44","modified_gmt":"2024-09-17T14:09:44","slug":"osztondij-palyazat","status":"publish","type":"page","link":"https:\/\/semmelweis.hu\/aok\/osztondij-palyazat\/","title":{"rendered":"\u00d6szt\u00f6nd\u00edjak, p\u00e1ly\u00e1zatok"},"content":{"rendered":"<style>\n           #page-grid .card-body > .line-clamp-box.excerpt{\n        width: inherit;\n        max-width: inherit;\n        display:flex;\n        min-height: 2.4em;\n        flex-direction: column;\n        justify-content: space-around;\n        background-color: #D6E4EA;\n        min-height: 3.4rem;\n        font-family: \"Montserrat\", sans-serif;\n    }\n\n    #page-grid a:hover .card-body > .line-clamp-box.excerpt {\n        background-color: #fff;\n        color: #313B40;\n    }\n\n    #page-grid .card-body .line-clamp-box.excerpt section{\n        max-width: inherit;\n        display: -webkit-box;\n        -webkit-line-clamp: 2;\n        -webkit-box-orient: vertical;\n        overflow: hidden;\n        text-overflow: ellipsis;\n        hyphens: auto;\n        margin: auto;\n        \n    }\n    .line-clamp-box.excerpt section, .line-clamp-box.excerpt section p{\n        font-size:0.8em;\n    }\n    \n<\/style>\n    <section id=\"page-grid\">\n        <section class=\"d-block d-md-flex title-row my-3 ml-0 ml-md-1\">\n<div class=\"section-title  mb-1 \">\n<h2>\n    Hallgat\u00f3i p\u00e1ly\u00e1zatok, \u00f6szt\u00f6nd\u00edjak\n<\/h2>\n<\/div>\n<\/section>\n        <div class=\"row row-cols-1 row-cols-md-2 row-cols-lg-4 no-gutters mx-0 \">    <div class =\"col  mb-2 card-wrapper\">\n        <a class=\"d-flex flex-fill card-link-warapper m-md-1\" href=\"https:\/\/semmelweis.hu\/aok\/osztondij-palyazat\/2026-2027-evi-budapest-osztondijprogram\/\">\n            <div class=\"card border border-secondary se-border flex-fill\">\n                <div class=\"row no-gutters mx-0 d-flex flex-nowrap flex-md-wrap align-items-center\">\n                    <div class =\"  col-5 col-md-12  d-none  d-md-none d-md-none  bg-image  card-image justify-content-center\">\n                        <img class='wp-post-image img-fluid landscape' src='https:\/\/semmelweis.hu\/aok\/wp-content\/themes\/se18\/dist\/images\/svg\/bg-image.svg' \/>\n                    <\/div>\n                    <div class=\"card-body  col flex-column  col-md-12 p-0\">\n                        <div class=\"line-clamp-box p-3\">\n                            <h5 class=\"ml-0 ml-sm-1 mt-2 align-items-center\"  >2026\/2027. \u00e9vi Budapest \u00d6szt\u00f6nd\u00edjprogram<\/h5>\n                        <\/div>\n                            <div class= \"line-clamp-box excerpt m-0 p-2 pl-3\">\n        <section>\n            Budapest F\u0151v\u00e1ros \u00d6nkorm\u00e1nyzata id\u00e9n is meghirdeti a Budapest \u00d6szt\u00f6nd\u00edjprogramot (a tov\u00e1bbiakban: Program), melynek c\u00e9lja, hogy\n\na p\u00e1ly\u00e1zatot elnyer\u0151, fels\u0151oktat\u00e1si k\u00e9pz\u00e9sben r\u00e9szt vev\u0151 \u00f6szt\u00f6nd\u00edjas betekint\u00e9st nyerjen a F\u0151v\u00e1rosi \u00d6nkorm\u00e1nyzat, az annak ir\u00e1ny\u00edt\u00e1sa al\u00e1 tartoz\u00f3 k\u00f6lts\u00e9gvet\u00e9si szervek, illetve a F\u0151v\u00e1rosi \u00d6nkorm\u00e1nyzat k\u00f6zfeladatot ell\u00e1t\u00f3, k\u00f6zszolg\u00e1ltat\u00e1st v\u00e9gz\u0151 gazdas\u00e1gi t\u00e1rsas\u00e1gai (a tov\u00e1bbiakban: fogad\u00f3 szervezetek) tev\u00e9kenys\u00e9g\u00e9be, megismerhesse a helyi k\u00f6zigazgat\u00e1s ..\n        <\/section>\n    <\/div>\n                    <\/div>\n                <\/div>\n\n            <\/div>\n        <\/a>\n    <\/div>    <div class =\"col  mb-2 card-wrapper\">\n        <a class=\"d-flex flex-fill card-link-warapper m-md-1\" href=\"https:\/\/semmelweis.hu\/aok\/osztondij-palyazat\/egyetemi-sportoloi-palyazatok\/\">\n            <div class=\"card border border-secondary se-border flex-fill\">\n                <div class=\"row no-gutters mx-0 d-flex flex-nowrap flex-md-wrap align-items-center\">\n                    <div class =\"  col-5 col-md-12  d-none  d-md-none d-md-none  bg-image  card-image justify-content-center\">\n                        <img class='wp-post-image img-fluid landscape' src='https:\/\/semmelweis.hu\/aok\/wp-content\/themes\/se18\/dist\/images\/svg\/bg-image.svg' \/>\n                    <\/div>\n                    <div class=\"card-body  col flex-column  col-md-12 p-0\">\n                        <div class=\"line-clamp-box p-3\">\n                            <h5 class=\"ml-0 ml-sm-1 mt-2 align-items-center\"  >Egyetemi sportol\u00f3i p\u00e1ly\u00e1zatok<\/h5>\n                        <\/div>\n                            <div class= \"line-clamp-box excerpt m-0 p-2 pl-3\">\n        <section>\n            Kedves Hallgat\u00f3k!\nA Semmelweis Egyetem Testnevel\u00e9si \u00e9s Sportk\u00f6zpontja sportol\u00f3i p\u00e1ly\u00e1zatokat hirdet\n\n\u201eJ\u00f3 tanul\u00f3 \u2013 J\u00f3 sportol\u00f3\u201d\u00a0kit\u00fcntet\u00e9s d\u00edjainak elnyer\u00e9s\u00e9re.\n\nA p\u00e1ly\u00e1zat el\u00e9rhet\u0151 a\u00a0 https:\/\/semmelweis.hu\/sportkozpont\/oktatas\/oktatas\/\u00a0oldalon mindh\u00e1rom nyelven.\nBeny\u00fajt\u00e1sa pap\u00edralapon t\u00f6rt\u00e9nik a Sportk\u00f6zpontban 2025. november 15-ig.\n\nDr. Sz\u00edv\u00f3s Istv\u00e1n Sportol\u00f3i \u00f6szt\u00f6nd\u00edj p\u00e1ly\u00e1zat 2025\/2026 I.\n\nMagyar, angol \u00e9s n\u00e9met nyelv\u0171 gradu\u00e1lis k\u00e9pz\u00e9sben r\u00e9szt vev\u0151 nappali ..\n        <\/section>\n    <\/div>\n                    <\/div>\n                <\/div>\n\n            <\/div>\n        <\/a>\n    <\/div>    <div class =\"col  mb-2 card-wrapper\">\n        <a class=\"d-flex flex-fill card-link-warapper m-md-1\" href=\"https:\/\/semmelweis.hu\/aok\/osztondij-palyazat\/pannonia-osztondijprogram\/\">\n            <div class=\"card border border-secondary se-border flex-fill\">\n                <div class=\"row no-gutters mx-0 d-flex flex-nowrap flex-md-wrap align-items-center\">\n                    <div class =\"  col-5 col-md-12  d-none  d-md-none d-md-none  bg-image  card-image justify-content-center\">\n                        <img class='wp-post-image img-fluid landscape' src='https:\/\/semmelweis.hu\/aok\/wp-content\/themes\/se18\/dist\/images\/svg\/bg-image.svg' \/>\n                    <\/div>\n                    <div class=\"card-body  col flex-column  col-md-12 p-0\">\n                        <div class=\"line-clamp-box p-3\">\n                            <h5 class=\"ml-0 ml-sm-1 mt-2 align-items-center\"  >Pann\u00f3nia \u00d6szt\u00f6nd\u00edjprogram<\/h5>\n                        <\/div>\n                            <div class= \"line-clamp-box excerpt m-0 p-2 pl-3\">\n        <section>\n            A Pann\u00f3nia \u00d6szt\u00f6nd\u00edjprogram c\u00e9lja\nA Pann\u00f3nia \u00d6szt\u00f6nd\u00edjprogram r\u00f6vid \u00e9s hossz\u00fa t\u00e1v\u00fa mobilit\u00e1si lehet\u0151s\u00e9geket k\u00edn\u00e1l\u00a02024. j\u00fanius 1-\u00e9t\u0151l az egyetem hallgat\u00f3i, oktat\u00f3i \u00e9s munkat\u00e1rsai sz\u00e1m\u00e1ra, hogy t\u00e1mogatott keretek k\u00f6z\u00f6tt tanuljanak, kutassanak, oktassanak vagy szakmai gyakorlatot v\u00e9gezzenek k\u00fclf\u00f6ld\u00f6n. A lehet\u0151s\u00e9gek Eur\u00f3p\u00e1n bel\u00fcl \u00e9s k\u00edv\u00fcl el\u00e9rhet\u0151ek, szinte b\u00e1rmely orsz\u00e1gban!\nA Pann\u00f3nia \u00d6szt\u00f6nd\u00edjprogram c\u00e9lja, hogy seg\u00edtse a hazai fels\u0151oktat\u00e1si int\u00e9zm\u00e9nyek ..\n        <\/section>\n    <\/div>\n                    <\/div>\n                <\/div>\n\n            <\/div>\n        <\/a>\n    <\/div>    <div class =\"col  mb-2 card-wrapper\">\n        <a class=\"d-flex flex-fill card-link-warapper m-md-1\" href=\"https:\/\/semmelweis.hu\/aok\/osztondij-palyazat\/szent-gyorgyi-hallgato-osztondij\/\">\n            <div class=\"card border border-secondary se-border flex-fill\">\n                <div class=\"row no-gutters mx-0 d-flex flex-nowrap flex-md-wrap align-items-center\">\n                    <div class =\"  col-5 col-md-12  d-none  d-md-none d-md-none  bg-image  card-image justify-content-center\">\n                        <img class='wp-post-image img-fluid landscape' src='https:\/\/semmelweis.hu\/aok\/wp-content\/themes\/se18\/dist\/images\/svg\/bg-image.svg' \/>\n                    <\/div>\n                    <div class=\"card-body  col flex-column  col-md-12 p-0\">\n                        <div class=\"line-clamp-box p-3\">\n                            <h5 class=\"ml-0 ml-sm-1 mt-2 align-items-center\"  >Szent-Gy\u00f6rgyi hallgat\u00f3 \u00f6szt\u00f6nd\u00edj<\/h5>\n                        <\/div>\n                            <div class= \"line-clamp-box excerpt m-0 p-2 pl-3\">\n        <section>\n            Nappali tagozatos, akt\u00edv st\u00e1tusz\u00fa, I-II. \u00e9ves hallgat\u00f3k sz\u00e1m\u00e1ra\n        <\/section>\n    <\/div>\n                    <\/div>\n                <\/div>\n\n            <\/div>\n        <\/a>\n    <\/div>    <div class =\"col  mb-2 card-wrapper\">\n        <a class=\"d-flex flex-fill card-link-warapper m-md-1\" href=\"https:\/\/semmelweis.hu\/aok\/osztondij-palyazat\/ujbudai-osztondij-palyazat\/\">\n            <div class=\"card border border-secondary se-border flex-fill\">\n                <div class=\"row no-gutters mx-0 d-flex flex-nowrap flex-md-wrap align-items-center\">\n                    <div class =\"  col-5 col-md-12  d-none  d-md-none d-md-none  bg-image  card-image justify-content-center\">\n                        <img class='wp-post-image img-fluid landscape' src='https:\/\/semmelweis.hu\/aok\/wp-content\/themes\/se18\/dist\/images\/svg\/bg-image.svg' \/>\n                    <\/div>\n                    <div class=\"card-body  col flex-column  col-md-12 p-0\">\n                        <div class=\"line-clamp-box p-3\">\n                            <h5 class=\"ml-0 ml-sm-1 mt-2 align-items-center\"  >\u00dajbudai \u00d6szt\u00f6nd\u00edj P\u00e1ly\u00e1zat<\/h5>\n                        <\/div>\n                            <div class= \"line-clamp-box excerpt m-0 p-2 pl-3\">\n        <section>\n            \u00dajbudai \u00d6szt\u00f6nd\u00edj P\u00e1ly\u00e1zat\n\u00dajbudai \u00d6szt\u00f6nd\u00edj P\u00e1ly\u00e1zat B) alp\u00e1ly\u00e1zata:\u00a0Az \u00d6nkorm\u00e1nyzat fenntart\u00e1s\u00e1ban m\u0171k\u00f6d\u0151 int\u00e9zm\u00e9nyekben \u00e9s az \u00d6nkorm\u00e1nyzat eg\u00e9szs\u00e9g\u00fcgyi feladat\u00e1t ell\u00e1t\u00f3 eg\u00e9szs\u00e9g\u00fcgyi szolg\u00e1ltat\u00f3kn\u00e1l dolgoz\u00f3k sz\u00e1m\u00e1ra biztos\u00edtott juttat\u00e1sokr\u00f3l sz\u00f3l\u00f3 3\/2022. (I. 25.) \u00f6nkorm\u00e1nyzati rendelet alapj\u00e1n, az abban meghat\u00e1rozott felt\u00e9telek szerint \u00dajbuda \u00d6nkorm\u00e1nyzata azon eg\u00e9szs\u00e9g\u00fcgyi tanulm\u00e1nyokat folytat\u00f3 egyetemi, vagy f\u0151iskolai hallgat\u00f3kat, k\u00edv\u00e1nja t\u00e1mogatni, akik a diploma megszerz\u00e9se ut\u00e1n v\u00e1llalj\u00e1k, hogy ..\n        <\/section>\n    <\/div>\n                    <\/div>\n                <\/div>\n\n            <\/div>\n        <\/a>\n    <\/div>    <div class =\"col  mb-2 card-wrapper\">\n        <a class=\"d-flex flex-fill card-link-warapper m-md-1\" href=\"https:\/\/semmelweis.hu\/aok\/osztondij-palyazat\/ujvari-janos-diplomadij-palyazat\/\">\n            <div class=\"card border border-secondary se-border flex-fill\">\n                <div class=\"row no-gutters mx-0 d-flex flex-nowrap flex-md-wrap align-items-center\">\n                    <div class =\"  col-5 col-md-12  d-none  d-md-none d-md-none  bg-image  card-image justify-content-center\">\n                        <img class='wp-post-image img-fluid landscape' src='https:\/\/semmelweis.hu\/aok\/wp-content\/themes\/se18\/dist\/images\/svg\/bg-image.svg' \/>\n                    <\/div>\n                    <div class=\"card-body  col flex-column  col-md-12 p-0\">\n                        <div class=\"line-clamp-box p-3\">\n                            <h5 class=\"ml-0 ml-sm-1 mt-2 align-items-center\"  >Ujv\u00e1ri J\u00e1nos diplomad\u00edj-p\u00e1ly\u00e1zat felh\u00edv\u00e1s, v\u00e9gz\u0151s hallgat\u00f3k r\u00e9sz\u00e9re<\/h5>\n                        <\/div>\n                            <div class= \"line-clamp-box excerpt m-0 p-2 pl-3\">\n        <section>\n            Ujv\u00e1ri J\u00e1nos diplomad\u00edj-p\u00e1ly\u00e1zat felh\u00edv\u00e1s\u00a0a 2025\/26 tan\u00e9v tavaszi f\u00e9l\u00e9v\u00e9ben v\u00e9gz\u0151s hallgat\u00f3k r\u00e9sz\u00e9re\u00a0 \u00a0 \u00a0 \u00a0\u00a0\nA Szellemi Tulajdon Nemzeti Hivatala \u00e1ltal ki\u00edrt Ujv\u00e1ri J\u00e1nos diplomad\u00edj-p\u00e1ly\u00e1zat c\u00e9lja seg\u00edteni a fels\u0151oktat\u00e1si tanulm\u00e1nyaik v\u00e9g\u00e9hez k\u00f6zeled\u0151 hallgat\u00f3kat, hogy diplomadolgozatuk t\u00e9m\u00e1j\u00e1t megfelel\u0151 szakmai t\u00e1mogat\u00e1s mellett szellemitulajdon-v\u00e9delmi szempontb\u00f3l is megvizsg\u00e1lj\u00e1k, \u00e9s felt\u00e9rk\u00e9pezz\u00e9k az \u00e1ltaluk v\u00e1lasztott t\u00e9ma szellemitulajdon-v\u00e9delmi vonatkoz\u00e1sait, illetve oltalmazhat\u00f3s\u00e1gi lehet\u0151s\u00e9geit.\u00a0\nA ..\n        <\/section>\n    <\/div>\n                    <\/div>\n                <\/div>\n\n            <\/div>\n        <\/a>\n    <\/div>    <div class =\"col  mb-2 card-wrapper\">\n        <a class=\"d-flex flex-fill card-link-warapper m-md-1\" href=\"https:\/\/semmelweis.hu\/aok\/osztondij-palyazat\/nemzeti-felsooktatasi-osztondij\/\">\n            <div class=\"card border border-secondary se-border flex-fill\">\n                <div class=\"row no-gutters mx-0 d-flex flex-nowrap flex-md-wrap align-items-center\">\n                    <div class =\"  col-5 col-md-12  d-none  d-md-none d-md-none  bg-image  card-image justify-content-center\">\n                        <img class='wp-post-image img-fluid landscape' src='https:\/\/semmelweis.hu\/aok\/wp-content\/themes\/se18\/dist\/images\/svg\/bg-image.svg' \/>\n                    <\/div>\n                    <div class=\"card-body  col flex-column  col-md-12 p-0\">\n                        <div class=\"line-clamp-box p-3\">\n                            <h5 class=\"ml-0 ml-sm-1 mt-2 align-items-center\"  >Nemzeti fels\u0151oktat\u00e1si \u00f6szt\u00f6nd\u00edj<\/h5>\n                        <\/div>\n                            <div class= \"line-clamp-box excerpt m-0 p-2 pl-3\">\n        <section>\n            A kimagasl\u00f3 teljes\u00edtm\u00e9nyt ny\u00fajt\u00f3 hallgat\u00f3k r\u00e9sz\u00e9re\n        <\/section>\n    <\/div>\n                    <\/div>\n                <\/div>\n\n            <\/div>\n        <\/a>\n    <\/div>    <div class =\"col  mb-2 card-wrapper\">\n        <a class=\"d-flex flex-fill card-link-warapper m-md-1\" href=\"https:\/\/semmelweis.hu\/aok\/osztondij-palyazat\/tudomanyos-osztondij\/\">\n            <div class=\"card border border-secondary se-border flex-fill\">\n                <div class=\"row no-gutters mx-0 d-flex flex-nowrap flex-md-wrap align-items-center\">\n                    <div class =\"  col-5 col-md-12  d-none  d-md-none d-md-none  bg-image  card-image justify-content-center\">\n                        <img class='wp-post-image img-fluid landscape' src='https:\/\/semmelweis.hu\/aok\/wp-content\/themes\/se18\/dist\/images\/svg\/bg-image.svg' \/>\n                    <\/div>\n                    <div class=\"card-body  col flex-column  col-md-12 p-0\">\n                        <div class=\"line-clamp-box p-3\">\n                            <h5 class=\"ml-0 ml-sm-1 mt-2 align-items-center\"  >Tudom\u00e1nyos \u00d6szt\u00f6nd\u00edj<\/h5>\n                        <\/div>\n                            <div class= \"line-clamp-box excerpt m-0 p-2 pl-3\">\n        <section>\n            Kiemelked\u0151 tudom\u00e1nyos p\u00e1lyamunk\u00e1t beny\u00fajtott hallgat\u00f3knak\n        <\/section>\n    <\/div>\n                    <\/div>\n                <\/div>\n\n            <\/div>\n        <\/a>\n    <\/div>    <div class =\"col  mb-2 card-wrapper\">\n        <a class=\"d-flex flex-fill card-link-warapper m-md-1\" href=\"https:\/\/semmelweis.hu\/aok\/osztondij-palyazat\/demonstratori-osztondij\/\">\n            <div class=\"card border border-secondary se-border flex-fill\">\n                <div class=\"row no-gutters mx-0 d-flex flex-nowrap flex-md-wrap align-items-center\">\n                    <div class =\"  col-5 col-md-12  d-none  d-md-none d-md-none  bg-image  card-image justify-content-center\">\n                        <img class='wp-post-image img-fluid landscape' src='https:\/\/semmelweis.hu\/aok\/wp-content\/themes\/se18\/dist\/images\/svg\/bg-image.svg' \/>\n                    <\/div>\n                    <div class=\"card-body  col flex-column  col-md-12 p-0\">\n                        <div class=\"line-clamp-box p-3\">\n                            <h5 class=\"ml-0 ml-sm-1 mt-2 align-items-center\"  >Demonstr\u00e1tori \u00f6szt\u00f6nd\u00edj<\/h5>\n                        <\/div>\n                            <div class= \"line-clamp-box excerpt m-0 p-2 pl-3\">\n        <section>\n            Kiemelked\u0151 aktivit\u00e1s\u00fa \u00e9s tanulm\u00e1nyi eredm\u00e9ny\u0171 hallgat\u00f3knak (II. \u00e9vt\u0151l)\n        <\/section>\n    <\/div>\n                    <\/div>\n                <\/div>\n\n            <\/div>\n        <\/a>\n    <\/div>    <div class =\"col  mb-2 card-wrapper\">\n        <a class=\"d-flex flex-fill card-link-warapper m-md-1\" href=\"https:\/\/semmelweis.hu\/aok\/osztondij-palyazat\/egyetemi-kutatoi-osztondij-program\/\">\n            <div class=\"card border border-secondary se-border flex-fill\">\n                <div class=\"row no-gutters mx-0 d-flex flex-nowrap flex-md-wrap align-items-center\">\n                    <div class =\"  col-5 col-md-12  d-none  d-md-none d-md-none  bg-image  card-image justify-content-center\">\n                        <img class='wp-post-image img-fluid landscape' src='https:\/\/semmelweis.hu\/aok\/wp-content\/themes\/se18\/dist\/images\/svg\/bg-image.svg' \/>\n                    <\/div>\n                    <div class=\"card-body  col flex-column  col-md-12 p-0\">\n                        <div class=\"line-clamp-box p-3\">\n                            <h5 class=\"ml-0 ml-sm-1 mt-2 align-items-center\"  >Egyetemi Kutat\u00f3i \u00d6szt\u00f6nd\u00edj Program (EK\u00d6P)<\/h5>\n                        <\/div>\n                            <div class= \"line-clamp-box excerpt m-0 p-2 pl-3\">\n        <section>\n            A Kultur\u00e1lis \u00e9s Innov\u00e1ci\u00f3s Miniszt\u00e9rium felh\u00edv\u00e1sa\n        <\/section>\n    <\/div>\n                    <\/div>\n                <\/div>\n\n            <\/div>\n        <\/a>\n    <\/div>    <div class =\"col  mb-2 card-wrapper\">\n        <a class=\"d-flex flex-fill card-link-warapper m-md-1\" href=\"https:\/\/semmelweis.hu\/aok\/osztondij-palyazat\/boldog-laszlo-osztondij\/\">\n            <div class=\"card border border-secondary se-border flex-fill\">\n                <div class=\"row no-gutters mx-0 d-flex flex-nowrap flex-md-wrap align-items-center\">\n                    <div class =\"  col-5 col-md-12  d-none  d-md-none d-md-none  bg-image  card-image justify-content-center\">\n                        <img class='wp-post-image img-fluid landscape' src='https:\/\/semmelweis.hu\/aok\/wp-content\/themes\/se18\/dist\/images\/svg\/bg-image.svg' \/>\n                    <\/div>\n                    <div class=\"card-body  col flex-column  col-md-12 p-0\">\n                        <div class=\"line-clamp-box p-3\">\n                            <h5 class=\"ml-0 ml-sm-1 mt-2 align-items-center\"  >Boldog L\u00e1szl\u00f3 \u00d6szt\u00f6nd\u00edj<\/h5>\n                        <\/div>\n                            <div class= \"line-clamp-box excerpt m-0 p-2 pl-3\">\n        <section>\n            A Dr. Batthy\u00e1ny L\u00e1szl\u00f3 Orvosk\u00f6r Egyes\u00fclet p\u00e1ly\u00e1zata\n        <\/section>\n    <\/div>\n                    <\/div>\n                <\/div>\n\n            <\/div>\n        <\/a>\n    <\/div>    <div class =\"col  mb-2 card-wrapper\">\n        <a class=\"d-flex flex-fill card-link-warapper m-md-1\" href=\"https:\/\/semmelweis.hu\/aok\/osztondij-palyazat\/hunyadi-janos-osztondijat-nyert-hallgatoknak-tajekoztato-a-beiratkozasrol\/\">\n            <div class=\"card border border-secondary se-border flex-fill\">\n                <div class=\"row no-gutters mx-0 d-flex flex-nowrap flex-md-wrap align-items-center\">\n                    <div class =\"  col-5 col-md-12  d-none  d-md-none d-md-none  bg-image  card-image justify-content-center\">\n                        <img class='wp-post-image img-fluid landscape' src='https:\/\/semmelweis.hu\/aok\/wp-content\/themes\/se18\/dist\/images\/svg\/bg-image.svg' \/>\n                    <\/div>\n                    <div class=\"card-body  col flex-column  col-md-12 p-0\">\n                        <div class=\"line-clamp-box p-3\">\n                            <h5 class=\"ml-0 ml-sm-1 mt-2 align-items-center\"  >Hunyadi J\u00e1nos \u00f6szt\u00f6nd\u00edj<\/h5>\n                        <\/div>\n                            <div class= \"line-clamp-box excerpt m-0 p-2 pl-3\">\n        <section>\n            Hat\u00e1ron t\u00fali magyar hallgat\u00f3k sz\u00e1m\u00e1ra\n        <\/section>\n    <\/div>\n                    <\/div>\n                <\/div>\n\n            <\/div>\n        <\/a>\n    <\/div>    <div class =\"col  mb-2 card-wrapper\">\n        <a class=\"d-flex flex-fill card-link-warapper m-md-1\" href=\"https:\/\/semmelweis.hu\/aok\/osztondij-palyazat\/egyeb-palyazatok\/\">\n            <div class=\"card border border-secondary se-border flex-fill\">\n                <div class=\"row no-gutters mx-0 d-flex flex-nowrap flex-md-wrap align-items-center\">\n                    <div class =\"  col-5 col-md-12  d-none  d-md-none d-md-none  bg-image  card-image justify-content-center\">\n                        <img class='wp-post-image img-fluid landscape' src='https:\/\/semmelweis.hu\/aok\/wp-content\/themes\/se18\/dist\/images\/svg\/bg-image.svg' \/>\n                    <\/div>\n                    <div class=\"card-body  col flex-column  col-md-12 p-0\">\n                        <div class=\"line-clamp-box p-3\">\n                            <h5 class=\"ml-0 ml-sm-1 mt-2 align-items-center\"  >Egy\u00e9b hallgat\u00f3i p\u00e1ly\u00e1zat<\/h5>\n                        <\/div>\n                            <div class= \"line-clamp-box excerpt m-0 p-2 pl-3\">\n        <section>\n            Tov\u00e1bbi p\u00e1ly\u00e1zati felh\u00edv\u00e1sok\n        <\/section>\n    <\/div>\n                    <\/div>\n                <\/div>\n\n            <\/div>\n        <\/a>\n    <\/div>        <\/div>\n    <\/section>\n<div class=\"container\">\n<div class=\"section-row row my-2 pr-1 mt-3\">\n<div class=\"col-md-auto px-md-4 section-title\">\n<h2>Oktat\u00f3i p\u00e1ly\u00e1zatok<\/h2>\n<\/div>\n<\/div>\n<\/div>\n<p>Felh\u00edv\u00e1sok, p\u00e1ly\u00e1zati ki\u00edr\u00e1sok<\/p>\n<p><a class=\"btn btn-secondary\" href=\"https:\/\/semmelweis.hu\/aok\/tag\/oktatoi-palyazat\/\" target=\"_self\" rel=\"noopener\">Tov\u00e1bb<\/a><\/p>\n","protected":false},"excerpt":{"rendered":"<p>Oktat\u00f3i p\u00e1ly\u00e1zatok<\/p>\n<p>Felh\u00edv\u00e1sok, p\u00e1ly\u00e1zati ki\u00edr\u00e1sok<br \/>\n<a class=\"btn btn-secondary\" href=\"https:\/\/semmelweis.hu\/aok\/tag\/oktatoi-palyazat\/\" target=\"_self\" rel=\"noopener\">Tov\u00e1bb<\/a><\/p>\n","protected":false},"author":158,"featured_media":0,"parent":0,"menu_order":0,"comment_status":"closed","ping_status":"closed","template":"template-fullwidth.php","meta":{"_acf_changed":false,"footnotes":""},"categories":[],"tags":[],"class_list":["post-6018","page","type-page","status-publish","hentry"],"acf":[],"publishpress_future_action":{"enabled":false,"date":"1970-01-01 01:00:00","action":"","terms":[],"taxonomy":"","browser_timezone_offset":0},"_links":{"self":[{"href":"https:\/\/semmelweis.hu\/aok\/wp-json\/wp\/v2\/pages\/6018","targetHints":{"allow":["GET"]}}],"collection":[{"href":"https:\/\/semmelweis.hu\/aok\/wp-json\/wp\/v2\/pages"}],"about":[{"href":"https:\/\/semmelweis.hu\/aok\/wp-json\/wp\/v2\/types\/page"}],"author":[{"embeddable":true,"href":"https:\/\/semmelweis.hu\/aok\/wp-json\/wp\/v2\/users\/158"}],"replies":[{"embeddable":true,"href":"https:\/\/semmelweis.hu\/aok\/wp-json\/wp\/v2\/comments?post=6018"}],"version-history":[{"count":14,"href":"https:\/\/semmelweis.hu\/aok\/wp-json\/wp\/v2\/pages\/6018\/revisions"}],"predecessor-version":[{"id":31530,"href":"https:\/\/semmelweis.hu\/aok\/wp-json\/wp\/v2\/pages\/6018\/revisions\/31530"}],"wp:attachment":[{"href":"https:\/\/semmelweis.hu\/aok\/wp-json\/wp\/v2\/media?parent=6018"}],"wp:term":[{"taxonomy":"category","embeddable":true,"href":"https:\/\/semmelweis.hu\/aok\/wp-json\/wp\/v2\/categories?post=6018"},{"taxonomy":"post_tag","embeddable":true,"href":"https:\/\/semmelweis.hu\/aok\/wp-json\/wp\/v2\/tags?post=6018"}],"curies":[{"name":"wp","href":"https:\/\/api.w.org\/{rel}","templated":true}]}}