{"id":35,"date":"2012-01-29T07:52:36","date_gmt":"2012-01-29T07:52:36","guid":{"rendered":"http:\/\/semmelweis-egyetem.hu\/aok\/?page_id=35"},"modified":"2026-01-08T10:37:35","modified_gmt":"2026-01-08T09:37:35","slug":"dekani-hivatal","status":"publish","type":"page","link":"https:\/\/semmelweis.hu\/aok\/a-karrol\/dekani-hivatal\/","title":{"rendered":"D\u00e9k\u00e1ni Hivatal"},"content":{"rendered":"<h4><strong>A D\u00e9k\u00e1ni Hivatal legfontosabb feladatai:<\/strong><\/h4>\n<p style=\"text-align: justify\">Az \u00c1ltal\u00e1nos Orvostudom\u00e1nyi D\u00e9k\u00e1ni Hivatala a d\u00e9k\u00e1n k\u00f6zvetlen ir\u00e1ny\u00edt\u00e1s\u00e1val m\u0171k\u00f6d\u0151 szervezeti egys\u00e9g. Feladata az Karon foly\u00f3 k\u00e9pz\u00e9s adminisztrat\u00edv ir\u00e1ny\u00edt\u00e1sa, m\u0171k\u00f6d\u00e9s\u00e9nek biztos\u00edt\u00e1sa.<\/p>\n<h4><strong>EL\u00c9RHET\u0150S\u00c9G:<\/strong><\/h4>\n<div class=\"keretes w-100\">\n<p><strong>C\u00edm: 1085 Budapest, \u00dcll\u0151i \u00fat 26. II. emelet 201. szoba<\/strong><br \/>\n<strong>Postac\u00edm:<\/strong> 1085 Budapest, \u00dcll\u0151i \u00fat 26.; 1428 Budapest, Pf. 2.<br \/>\n<strong>Telefon:<\/strong> +36 1 317-9057<\/p>\n<p><em><strong><span style=\"color: #ff6600\">Figyelem!<\/span> K\u00e9rj\u00fck, hogy <span style=\"color: #ff6600\">tanulm\u00e1nyi \u00fcgyekkel <\/span>kapcsolatban a <a href=\"https:\/\/semmelweis.hu\/aok\/oktatas\/tanulmanyi-osztaly\/\">Tanulm\u00e1nyi Oszt\u00e1lyn\u00e1l<\/a> \u00e9rdekl\u0151dj\u00f6n.\u00a0<\/strong><\/em><\/p>\n<\/div>\n<p>A kari vezet\u0151knek, valamint az \u00c1OK D\u00e9k\u00e1ni Hivatal r\u00e9sz\u00e9re c\u00edmzett leveleket a <strong><a href=\"mailto:titkarsag.aokdekani@semmelweis.hu\">titkarsag.aokdekani@semmelweis.hu<\/a> <\/strong>email c\u00edmre k\u00e9rj\u00fck megk\u00fcldeni.<\/p>\n<p><a class=\"button\" href=\"https:\/\/www.facebook.com\/seaokdekanihivatal\">Facebook<\/a><\/p>\n\n<!-- iframe plugin v.4.9 wordpress.org\/plugins\/iframe\/ -->\n<iframe loading=\"lazy\" src=\"https:\/\/www.google.com\/maps\/embed?pb=!1m18!1m12!1m3!1d2696.1231484794207!2d19.06714618817004!3d47.48751427801149!2m3!1f0!2f0!3f0!3m2!1i1024!2i768!4f13.1!3m3!1m2!1s0x0%3A0x2435c6b8aa0b78a!2sSemmelweis+Egyetem!5e0!3m2!1shu!2shu!4v1406874577371\" width=\"100%\" height=\"200\" scrolling=\"yes\" class=\"iframe-class\" frameborder=\"0\"><\/iframe>\n\n<h4>\u00a0<\/h4>\n<h4><strong>HIVATALvezet\u0151<\/strong><\/h4>\n<p><strong>Baranyi Anik\u00f3 Anna\u00a0<\/strong><br \/>\n+36 (1) 459-1500 \/ 55358<br \/>\n<a href=\"mailto:baranyi.aniko@semmelweis.hu\">baranyi.aniko@semmelweis.hu<\/a><\/p>\n<h4><strong>TITK\u00c1RS\u00c1GI CSOPORT<\/strong><\/h4>\n<p>Telefon: +36 (1) 317-9057<br \/>\n1085 Budapest, \u00dcll\u0151i \u00fat 26. II. emelet 201.<\/p>\n\n<table id=\"tablepress-20\" class=\"tablepress tablepress-id-20\">\n<tbody class=\"row-striping row-hover\">\n<tr class=\"row-1\">\n\t<td class=\"column-1\">D\u00f6me Vikt\u00f3ria Eszter<\/td><td class=\"column-2\">+36 (1) 459-1500\/55355<\/td><td class=\"column-3\">dome.viktoria.eszter@semmelweis.hu<\/td>\n<\/tr>\n<tr class=\"row-2\">\n\t<td class=\"column-1\">Varga-Bodon Gabriella<\/td><td class=\"column-2\">+36 (1) 459-1500\/55397<\/td><td class=\"column-3\">varga-bodon.gabriella@semmelweis.hu<\/td>\n<\/tr>\n<\/tbody>\n<\/table>\n<!-- #tablepress-20 from cache -->\n<h4><strong>KOORDIN\u00c1CI\u00d3S CSOPORT<\/strong><\/h4>\n<p>1085 Budapest, \u00dcll\u0151i \u00fat 26. II. emelet 201.<\/p>\n\n<table id=\"tablepress-21\" class=\"tablepress tablepress-id-21\">\n<tbody class=\"row-striping row-hover\">\n<tr class=\"row-1\">\n\t<td class=\"column-1\">Schweitzer Ivetta<\/td><td class=\"column-2\">+36 (1) 459-1500 \/ 55356<\/td><td class=\"column-3\">schweitzer.ivetta@semmelweis.hu<\/td>\n<\/tr>\n<\/tbody>\n<\/table>\n<!-- #tablepress-21 from cache -->\n<h4><strong>MONITORING \u00c9S COMPLIANCE CSOPORT<\/strong><\/h4>\n<p>1085 Budapest, \u00dcll\u0151i \u00fat 26. II. emelet 201.<\/p>\n\n<table id=\"tablepress-3\" class=\"tablepress tablepress-id-3\">\n<tbody class=\"row-striping\">\n<tr class=\"row-1\">\n\t<td class=\"column-1\">dr. Kajt\u00e1r Ildik\u00f3<br \/>\n<\/td><td class=\"column-2\">+36 (1) 459-1500 \/ 55379<\/td><td class=\"column-3\">kajtar.ildiko@semmelweis.hu<\/td>\n<\/tr>\n<\/tbody>\n<\/table>\n<!-- #tablepress-3 from cache -->\n<h4><strong>Tanulm\u00e1nyi Oszt\u00e1ly<\/strong><\/h4>\n<p style=\"text-align: justify\"><strong>Nagyv\u00e1rad t\u00e9ri Elm\u00e9leti T\u00f6mb (1089 Budapest, Nagyv\u00e1rad t\u00e9r 4.) I. emelet E15.<\/strong><\/p>\n<p><a href=\"https:\/\/semmelweis.hu\/aok\/oktatas\/tanulmanyi-osztaly\/\">Tov\u00e1bb a tanulm\u00e1nyi oszt\u00e1ly oldal\u00e1ra \u2192<\/a><\/p>\n<h4><strong>Nyilv\u00e1ntart\u00e1si \u00a0Oszt\u00e1ly<\/strong><\/h4>\n<p>1089 Budapest, Nagyv\u00e1rad t\u00e9r 4. I. emelet E15.\u00a0<\/p>\n\n<table id=\"tablepress-9\" class=\"tablepress tablepress-id-9\">\n<tbody class=\"row-striping\">\n<tr class=\"row-1\">\n\t<td class=\"column-1\">Bodzs\u00e1r S\u00e1ra<br \/>\r\noszt\u00e1lyvezet\u0151<br \/>\r\n<\/td><td class=\"column-2\">+36 (1) 459-1500 \/ 56595<\/td><td class=\"column-3\">bodzsar.sara@semmelweis.hu<\/td>\n<\/tr>\n<tr class=\"row-2\">\n\t<td class=\"column-1\">Simon \u00c1gota<br \/>\niratkezel\u00e9si referens<br \/>\n<\/td><td class=\"column-2\">+36 (1) 459-1500 \/ 56597<\/td><td class=\"column-3\">simon.agota2@semmelweis.hu<\/td>\n<\/tr>\n<\/tbody>\n<\/table>\n<!-- #tablepress-9 from cache -->\n<p>&nbsp;<\/p>\n<p>&nbsp;<\/p>\n","protected":false},"excerpt":{"rendered":"<p>A D\u00e9k\u00e1ni Hivatal legfontosabb feladatai: Az \u00c1ltal\u00e1nos Orvostudom\u00e1nyi D\u00e9k\u00e1ni Hivatala a d\u00e9k\u00e1n k\u00f6zvetlen ir\u00e1ny\u00edt\u00e1s\u00e1val m\u0171k\u00f6d\u0151 szervezeti egys\u00e9g. Feladata az Karon foly\u00f3 k\u00e9pz\u00e9s adminisztrat\u00edv ir\u00e1ny\u00edt\u00e1sa, m\u0171k\u00f6d\u00e9s\u00e9nek biztos\u00edt\u00e1sa. EL\u00c9RHET\u0150S\u00c9G: C\u00edm: 1085 Budapest, \u00dcll\u0151i \u00fat 26. II. emelet 201. szoba Postac\u00edm: 1085 Budapest, \u00dcll\u0151i \u00fat 26.; 1428 Budapest, Pf. 2. Telefon: +36 1 317-9057 Figyelem! K\u00e9rj\u00fck, hogy tanulm\u00e1nyi &hellip;<\/p>\n","protected":false},"author":8,"featured_media":0,"parent":9067,"menu_order":5,"comment_status":"closed","ping_status":"closed","template":"","meta":{"_acf_changed":false,"footnotes":""},"categories":[],"tags":[],"class_list":["post-35","page","type-page","status-publish","hentry"],"acf":[],"publishpress_future_action":{"enabled":false,"date":"1970-01-01 01:00:00","action":"","terms":[],"taxonomy":"","browser_timezone_offset":0},"_links":{"self":[{"href":"https:\/\/semmelweis.hu\/aok\/wp-json\/wp\/v2\/pages\/35","targetHints":{"allow":["GET"]}}],"collection":[{"href":"https:\/\/semmelweis.hu\/aok\/wp-json\/wp\/v2\/pages"}],"about":[{"href":"https:\/\/semmelweis.hu\/aok\/wp-json\/wp\/v2\/types\/page"}],"author":[{"embeddable":true,"href":"https:\/\/semmelweis.hu\/aok\/wp-json\/wp\/v2\/users\/8"}],"replies":[{"embeddable":true,"href":"https:\/\/semmelweis.hu\/aok\/wp-json\/wp\/v2\/comments?post=35"}],"version-history":[{"count":13,"href":"https:\/\/semmelweis.hu\/aok\/wp-json\/wp\/v2\/pages\/35\/revisions"}],"predecessor-version":[{"id":34097,"href":"https:\/\/semmelweis.hu\/aok\/wp-json\/wp\/v2\/pages\/35\/revisions\/34097"}],"up":[{"embeddable":true,"href":"https:\/\/semmelweis.hu\/aok\/wp-json\/wp\/v2\/pages\/9067"}],"wp:attachment":[{"href":"https:\/\/semmelweis.hu\/aok\/wp-json\/wp\/v2\/media?parent=35"}],"wp:term":[{"taxonomy":"category","embeddable":true,"href":"https:\/\/semmelweis.hu\/aok\/wp-json\/wp\/v2\/categories?post=35"},{"taxonomy":"post_tag","embeddable":true,"href":"https:\/\/semmelweis.hu\/aok\/wp-json\/wp\/v2\/tags?post=35"}],"curies":[{"name":"wp","href":"https:\/\/api.w.org\/{rel}","templated":true}]}}