{"id":34372,"date":"2026-04-16T13:11:31","date_gmt":"2026-04-16T11:11:31","guid":{"rendered":"https:\/\/semmelweis.hu\/aok\/?page_id=34372"},"modified":"2026-04-16T13:52:49","modified_gmt":"2026-04-16T11:52:49","slug":"2026-aprilis-13-i-hatarozatok","status":"publish","type":"page","link":"https:\/\/semmelweis.hu\/aok\/a-karrol\/kari-tanacs\/a-kari-tanacs-hatarozatai\/2026-aprilis-13-i-hatarozatok\/","title":{"rendered":"2026. \u00e1prilis 13-i hat\u00e1rozatok"},"content":{"rendered":"<p style=\"text-align: justify\"><a href=\"https:\/\/semmelweis.hu\/aok\/files\/2026\/04\/11_hatarozat_igazgatoi_tanszekvezetoi.pdf\" target=\"_blank\" rel=\"noopener\">11\/2026. (IV.13.) sz\u00e1m\u00fa hat\u00e1rozat az \u00c1ltal\u00e1nos Orvostudom\u00e1nyi Karon meghirdetett igazgat\u00f3i \u00e9s tansz\u00e9kvezet\u0151i \u00e1ll\u00e1sokra p\u00e1ly\u00e1z\u00f3kr\u00f3l<\/a><\/p>\n<p style=\"text-align: justify\"><a href=\"https:\/\/semmelweis.hu\/aok\/files\/2026\/04\/12_egyetemi_kituntetesek.pdf\" target=\"_blank\" rel=\"noopener\">12\/2026. (IV.13.) sz\u00e1m\u00fa hat\u00e1rozat az egyetemi kit\u00fcntet\u00e9sek \u00e9s d\u00edjak adom\u00e1nyoz\u00e1s\u00e1r\u00f3l<\/a><\/p>\n<p style=\"text-align: justify\"><a href=\"https:\/\/semmelweis.hu\/aok\/files\/2026\/04\/13_DHC.pdf\" target=\"_blank\" rel=\"noopener\">13\/2026. (IV.13.) sz\u00e1m\u00fa hat\u00e1rozat az \u00c1ltal\u00e1nos Orvostudom\u00e1nyi Karon a \u201eDoctor Honoris Causa\u201d kit\u00fcntet\u0151 c\u00edm adom\u00e1nyoz\u00e1s\u00e1ra vonatkoz\u00f3 javaslatr\u00f3l<\/a><\/p>\n<p style=\"text-align: justify\"><a href=\"https:\/\/semmelweis.hu\/aok\/files\/2026\/04\/14_professor_emeritus.pdf\" target=\"_blank\" rel=\"noopener\">14\/2026. (IV.13.) sz\u00e1m\u00fa hat\u00e1rozat a juttat\u00e1ssal j\u00e1r\u00f3 \u201eProfessor Emeritus\u201d c\u00edm adom\u00e1nyoz\u00e1s\u00e1ra vonatkoz\u00f3 javaslatokr\u00f3l<\/a><\/p>\n<p style=\"text-align: justify\"><a href=\"https:\/\/semmelweis.hu\/aok\/files\/2026\/04\/15_hatarozat_zv_bizottsagok.pdf\" target=\"_blank\" rel=\"noopener\">15\/2026. (IV.13.) sz\u00e1m\u00fa hat\u00e1rozat a 2026. \u00e9vi sz\u00f3beli z\u00e1r\u00f3vizsga-bizotts\u00e1gok eln\u00f6keire \u00e9s tagjaira vonatkoz\u00f3 javaslatr\u00f3l az \u00c1ltal\u00e1nos Orvostudom\u00e1nyi Karon<\/a><\/p>\n<p><a href=\"https:\/\/semmelweis.hu\/aok\/files\/2026\/04\/KT-ra-szobeli-zv-bizottsagi-nevsorok-2026_vegleges.xlsx\" target=\"_blank\" rel=\"noopener\">15\/2026. (IV.13.) sz\u00e1m\u00fa hat\u00e1rozat a 2026. \u00e9vi sz\u00f3beli z\u00e1r\u00f3vizsga-bizotts\u00e1gok eln\u00f6keire \u00e9s tagjaira vonatkoz\u00f3 javaslatr\u00f3l az \u00c1ltal\u00e1nos Orvostudom\u00e1nyi Karon &#8211; mell\u00e9klet<\/a><\/p>\n<p style=\"text-align: justify\"><a href=\"https:\/\/semmelweis.hu\/aok\/files\/2026\/04\/16_ugyrendek.pdf\" target=\"_blank\" rel=\"noopener\">16\/2026. (IV.13.) sz\u00e1m\u00fa hat\u00e1rozat a Kari Tan\u00e1cs \u00e1ltal l\u00e9trehozott Karon m\u0171k\u00f6d\u0151 \u00e1lland\u00f3 bizotts\u00e1gok \u00fcgyrendjeinek j\u00f3v\u00e1hagy\u00e1s\u00e1r\u00f3l (Akkredit\u00e1ci\u00f3s Bizotts\u00e1g, Oktat\u00e1si Bizotts\u00e1g, OMHV Bizotts\u00e1g, Tudom\u00e1nyos Bizotts\u00e1g)<\/a><\/p>\n<p><a href=\"https:\/\/semmelweis.hu\/aok\/files\/2026\/04\/Akkreditacios_Bizottsag_ugyrend_2026_04_13.pdf\" target=\"_blank\" rel=\"noopener\">16\/2026. (IV.13.) sz\u00e1m\u00fa hat\u00e1rozat a Kari Tan\u00e1cs \u00e1ltal l\u00e9trehozott Karon m\u0171k\u00f6d\u0151 \u00e1lland\u00f3 bizotts\u00e1gok \u00fcgyrendjeinek j\u00f3v\u00e1hagy\u00e1s\u00e1r\u00f3l (Akkredit\u00e1ci\u00f3s Bizotts\u00e1g, Oktat\u00e1si Bizotts\u00e1g, OMHV Bizotts\u00e1g, Tudom\u00e1nyos Bizotts\u00e1g) &#8211; mell\u00e9klet Akkredit\u00e1ci\u00f3s Bizotts\u00e1g \u00fcgyrendje<\/a><\/p>\n<p><a href=\"https:\/\/semmelweis.hu\/aok\/files\/2026\/04\/Oktatasi-Bizottsag_ugyrend_2026_04_13.pdf\" target=\"_blank\" rel=\"noopener\">16\/2026. (IV.13.) sz\u00e1m\u00fa hat\u00e1rozat a Kari Tan\u00e1cs \u00e1ltal l\u00e9trehozott Karon m\u0171k\u00f6d\u0151 \u00e1lland\u00f3 bizotts\u00e1gok \u00fcgyrendjeinek j\u00f3v\u00e1hagy\u00e1s\u00e1r\u00f3l (Akkredit\u00e1ci\u00f3s Bizotts\u00e1g, Oktat\u00e1si Bizotts\u00e1g, OMHV Bizotts\u00e1g, Tudom\u00e1nyos Bizotts\u00e1g) &#8211;\u00a0 mell\u00e9klet Oktat\u00e1si Bizotts\u00e1g \u00fcgyrendje<\/a><\/p>\n<p><a href=\"https:\/\/semmelweis.hu\/aok\/files\/2026\/04\/OMHV_Bizottsag_ugyrend_2026_004_13.pdf\" target=\"_blank\" rel=\"noopener\">16\/2026. (IV.13.) sz\u00e1m\u00fa hat\u00e1rozat a Kari Tan\u00e1cs \u00e1ltal l\u00e9trehozott Karon m\u0171k\u00f6d\u0151 \u00e1lland\u00f3 bizotts\u00e1gok \u00fcgyrendjeinek j\u00f3v\u00e1hagy\u00e1s\u00e1r\u00f3l (Akkredit\u00e1ci\u00f3s Bizotts\u00e1g, Oktat\u00e1si Bizotts\u00e1g, OMHV Bizotts\u00e1g, Tudom\u00e1nyos Bizotts\u00e1g) &#8211;\u00a0 mell\u00e9klet OMHV Bizotts\u00e1g \u00fcgyrendje<\/a><\/p>\n<p><a href=\"https:\/\/semmelweis.hu\/aok\/files\/2026\/04\/Tudomanyos-Bizottsag_ugyrend_2026_04_13.pdf\" target=\"_blank\" rel=\"noopener\">16\/2026. (IV.13.) sz\u00e1m\u00fa hat\u00e1rozat a Kari Tan\u00e1cs \u00e1ltal l\u00e9trehozott Karon m\u0171k\u00f6d\u0151 \u00e1lland\u00f3 bizotts\u00e1gok \u00fcgyrendjeinek j\u00f3v\u00e1hagy\u00e1s\u00e1r\u00f3l (Akkredit\u00e1ci\u00f3s Bizotts\u00e1g, Oktat\u00e1si Bizotts\u00e1g, OMHV Bizotts\u00e1g, Tudom\u00e1nyos Bizotts\u00e1g) &#8211;\u00a0 mell\u00e9klet Tudom\u00e1nyos Bizotts\u00e1g \u00fcgyrendje<\/a><\/p>\n<p style=\"text-align: justify\"><a href=\"https:\/\/semmelweis.hu\/aok\/files\/2026\/04\/17_FOK_AOK.pdf\" target=\"_blank\" rel=\"noopener\">17\/2026. (IV.13.) sz\u00e1m\u00fa hat\u00e1rozat a Fogorvostudom\u00e1nyi Karon v\u00e9gzett, az \u00c1ltal\u00e1nos Orvostudom\u00e1nyi Kar \u00e1ltal\u00e1nos orvos szak\u00e1ra felvett hallgat\u00f3k k\u00e9pz\u00e9s\u00e9re vonatkoz\u00f3, 2023\/2024-es tan\u00e9vt\u0151l bevezetett kurrikulum m\u00f3dos\u00edt\u00e1s\u00e1ra vonatkoz\u00f3 javaslatt\u00e9telr\u0151l<\/a><\/p>\n<p><a href=\"https:\/\/semmelweis.hu\/aok\/files\/2026\/04\/17_sz_melleklet_mintatanterv_2023_2024-.pdf\" target=\"_blank\" rel=\"noopener\">17\/2026. (IV.13.) sz\u00e1m\u00fa hat\u00e1rozat a Fogorvostudom\u00e1nyi Karon v\u00e9gzett, az \u00c1ltal\u00e1nos Orvostudom\u00e1nyi Kar \u00e1ltal\u00e1nos orvos szak\u00e1ra felvett hallgat\u00f3k k\u00e9pz\u00e9s\u00e9re vonatkoz\u00f3, 2023\/2024-es tan\u00e9vt\u0151l bevezetett kurrikulum m\u00f3dos\u00edt\u00e1s\u00e1ra vonatkoz\u00f3 javaslatt\u00e9telr\u0151l &#8211; mell\u00e9klet &#8211; mintatanterv 2023-2024<\/a><\/p>\n<p><a href=\"https:\/\/semmelweis.hu\/aok\/files\/2026\/04\/17_sz_melleklet_mintatanterv_2024_2025.pdf\" target=\"_blank\" rel=\"noopener\">17\/2026. (IV.13.) sz\u00e1m\u00fa hat\u00e1rozat a Fogorvostudom\u00e1nyi Karon v\u00e9gzett, az \u00c1ltal\u00e1nos Orvostudom\u00e1nyi Kar \u00e1ltal\u00e1nos orvos szak\u00e1ra felvett hallgat\u00f3k k\u00e9pz\u00e9s\u00e9re vonatkoz\u00f3, 2023\/2024-es tan\u00e9vt\u0151l bevezetett kurrikulum m\u00f3dos\u00edt\u00e1s\u00e1ra vonatkoz\u00f3 javaslatt\u00e9telr\u0151l &#8211; mell\u00e9klet &#8211; mintatanterv 2024-2025<\/a><\/p>\n<p><a href=\"https:\/\/semmelweis.hu\/aok\/files\/2026\/04\/17_sz_melleklet_mintatanterv_2025_2026.pdf\" target=\"_blank\" rel=\"noopener\">17\/2026. (IV.13.) sz\u00e1m\u00fa hat\u00e1rozat a Fogorvostudom\u00e1nyi Karon v\u00e9gzett, az \u00c1ltal\u00e1nos Orvostudom\u00e1nyi Kar \u00e1ltal\u00e1nos orvos szak\u00e1ra felvett hallgat\u00f3k k\u00e9pz\u00e9s\u00e9re vonatkoz\u00f3, 2023\/2024-es tan\u00e9vt\u0151l bevezetett kurrikulum m\u00f3dos\u00edt\u00e1s\u00e1ra vonatkoz\u00f3 javaslatt\u00e9telr\u0151l &#8211; mell\u00e9klet &#8211; mintatanterv 2025-2026<\/a><\/p>\n<p><a href=\"https:\/\/semmelweis.hu\/aok\/files\/2026\/04\/17_sz_melleklet_mintatanterv_2026-2027.pdf\">17\/2026. (IV.13.) sz\u00e1m\u00fa hat\u00e1rozat a Fogorvostudom\u00e1nyi Karon v\u00e9gzett, az \u00c1ltal\u00e1nos Orvostudom\u00e1nyi Kar \u00e1ltal\u00e1nos orvos szak\u00e1ra felvett hallgat\u00f3k k\u00e9pz\u00e9s\u00e9re vonatkoz\u00f3, 2023\/2024-es tan\u00e9vt\u0151l bevezetett kurrikulum m\u00f3dos\u00edt\u00e1s\u00e1ra vonatkoz\u00f3 javaslatt\u00e9telr\u0151l &#8211; mell\u00e9klet &#8211; mintatanterv 2026-2027<\/a><\/p>\n","protected":false},"excerpt":{"rendered":"<p><a href=\"https:\/\/semmelweis.hu\/aok\/files\/2026\/04\/11_hatarozat_igazgatoi_tanszekvezetoi.pdf\" target=\"_blank\" rel=\"noopener\">11\/2026. (IV.13.) sz\u00e1m\u00fa hat\u00e1rozat az \u00c1ltal\u00e1nos Orvostudom\u00e1nyi Karon meghirdetett igazgat\u00f3i \u00e9s tansz\u00e9kvezet\u0151i \u00e1ll\u00e1sokra p\u00e1ly\u00e1z\u00f3kr\u00f3l<\/a><br \/>\n<a href=\"https:\/\/semmelweis.hu\/aok\/files\/2026\/04\/12_egyetemi_kituntetesek.pdf\" target=\"_blank\" rel=\"noopener\">12\/2026. (IV.13.) sz\u00e1m\u00fa hat\u00e1rozat az egyetemi kit\u00fcntet\u00e9sek \u00e9s d\u00edjak adom\u00e1nyoz\u00e1s\u00e1r\u00f3l<\/a><br \/>\n<a href=\"https:\/\/semmelweis.hu\/aok\/files\/2026\/04\/13_DHC.pdf\" target=\"_blank\" rel=\"noopener\">13\/2026. (IV.13.) sz\u00e1m\u00fa hat\u00e1rozat az \u00c1ltal\u00e1nos Orvostudom\u00e1nyi Karon a \u201eDoctor Honoris Causa\u201d kit\u00fcntet\u0151 c\u00edm adom\u00e1nyoz\u00e1s\u00e1ra vonatkoz\u00f3 javaslatr\u00f3l<\/a><br \/>\n<a href=\"https:\/\/semmelweis.hu\/aok\/files\/2026\/04\/14_professor_emeritus.pdf\" target=\"_blank\" rel=\"noopener\">14\/2026. (IV.13.) sz\u00e1m\u00fa hat\u00e1rozat a juttat\u00e1ssal j\u00e1r\u00f3 \u201eProfessor Emeritus\u201d c\u00edm adom\u00e1nyoz\u00e1s\u00e1ra vonatkoz\u00f3 javaslatokr\u00f3l<\/a><br \/>\n<a href=\"https:\/\/semmelweis.hu\/aok\/files\/2026\/04\/15_hatarozat_zv_bizottsagok.pdf\" target=\"_blank\" rel=\"noopener\">15\/2026. (IV.13.) sz\u00e1m\u00fa hat\u00e1rozat a 2026. \u00e9vi sz\u00f3beli z\u00e1r\u00f3vizsga-bizotts\u00e1gok eln\u00f6keire \u00e9s tagjaira vonatkoz\u00f3 javaslatr\u00f3l az \u00c1ltal\u00e1nos Orvostudom\u00e1nyi Karon<\/a><br \/>\n<a href=\"https:\/\/semmelweis.hu\/aok\/files\/2026\/04\/KT-ra-szobeli-zv-bizottsagi-nevsorok-2026_vegleges.xlsx\" target=\"_blank\" rel=\"noopener\">15\/2026. (IV.13.) sz\u00e1m\u00fa hat\u00e1rozat a 2026. \u00e9vi sz\u00f3beli z\u00e1r\u00f3vizsga-bizotts\u00e1gok eln\u00f6keire \u00e9s tagjaira vonatkoz\u00f3 javaslatr\u00f3l az \u00c1ltal\u00e1nos Orvostudom\u00e1nyi Karon &#8211; mell\u00e9klet<\/a><br \/>\n<a href=\"https:\/\/semmelweis.hu\/aok\/files\/2026\/04\/16_ugyrendek.pdf\" target=\"_blank\" rel=\"noopener\">16\/2026. (IV.13.) sz\u00e1m\u00fa hat\u00e1rozat a Kari Tan\u00e1cs \u00e1ltal l\u00e9trehozott Karon m\u0171k\u00f6d\u0151 \u00e1lland\u00f3 bizotts\u00e1gok \u00fcgyrendjeinek j\u00f3v\u00e1hagy\u00e1s\u00e1r\u00f3l (Akkredit\u00e1ci\u00f3s Bizotts\u00e1g, Oktat\u00e1si Bizotts\u00e1g, OMHV Bizotts\u00e1g, Tudom\u00e1nyos Bizotts\u00e1g)<\/a><br \/>\n<a href=\"https:\/\/semmelweis.hu\/aok\/files\/2026\/04\/Akkreditacios_Bizottsag_ugyrend_2026_04_13.pdf\" target=\"_blank\" rel=\"noopener\">16\/2026. (IV.13.) sz\u00e1m\u00fa hat\u00e1rozat a Kari Tan\u00e1cs \u00e1ltal l\u00e9trehozott Karon m\u0171k\u00f6d\u0151 \u00e1lland\u00f3 bizotts\u00e1gok \u00fcgyrendjeinek j\u00f3v\u00e1hagy\u00e1s\u00e1r\u00f3l (Akkredit\u00e1ci\u00f3s Bizotts\u00e1g, Oktat\u00e1si Bizotts\u00e1g, OMHV Bizotts\u00e1g, Tudom\u00e1nyos Bizotts\u00e1g) &#8211; mell\u00e9klet Akkredit\u00e1ci\u00f3s Bizotts\u00e1g \u00fcgyrendje<\/a><br \/>\n<a href=\"https:\/\/semmelweis.hu\/aok\/files\/2026\/04\/Oktatasi-Bizottsag_ugyrend_2026_04_13.pdf\" target=\"_blank\" rel=\"noopener\">16\/2026. (IV.13.) sz\u00e1m\u00fa hat\u00e1rozat a Kari Tan\u00e1cs \u00e1ltal l\u00e9trehozott Karon m\u0171k\u00f6d\u0151 \u00e1lland\u00f3 bizotts\u00e1gok \u00fcgyrendjeinek j\u00f3v\u00e1hagy\u00e1s\u00e1r\u00f3l (Akkredit\u00e1ci\u00f3s Bizotts\u00e1g, Oktat\u00e1si Bizotts\u00e1g, OMHV Bizotts\u00e1g, Tudom\u00e1nyos Bizotts\u00e1g) &#8211;\u00a0 mell\u00e9klet Oktat\u00e1si Bizotts\u00e1g \u00fcgyrendje<\/a><br \/>\n<a href=\"https:\/\/semmelweis.hu\/aok\/files\/2026\/04\/OMHV_Bizottsag_ugyrend_2026_004_13.pdf\" target=\"_blank\" rel=\"noopener\">16\/2026. (IV.13.) sz\u00e1m\u00fa hat\u00e1rozat a Kari Tan\u00e1cs \u00e1ltal l\u00e9trehozott Karon m\u0171k\u00f6d\u0151 \u00e1lland\u00f3 bizotts\u00e1gok \u00fcgyrendjeinek j\u00f3v\u00e1hagy\u00e1s\u00e1r\u00f3l (Akkredit\u00e1ci\u00f3s Bizotts\u00e1g, Oktat\u00e1si Bizotts\u00e1g, OMHV Bizotts\u00e1g, Tudom\u00e1nyos Bizotts\u00e1g) &#8211;\u00a0 mell\u00e9klet OMHV Bizotts\u00e1g \u00fcgyrendje<\/a><br \/>\n<a href=\"https:\/\/semmelweis.hu\/aok\/files\/2026\/04\/Tudomanyos-Bizottsag_ugyrend_2026_04_13.pdf\" target=\"_blank\" rel=\"noopener\">16\/2026. (IV.13.) sz\u00e1m\u00fa hat\u00e1rozat a Kari Tan\u00e1cs \u00e1ltal l\u00e9trehozott Karon m\u0171k\u00f6d\u0151 \u00e1lland\u00f3 bizotts\u00e1gok \u00fcgyrendjeinek j\u00f3v\u00e1hagy\u00e1s\u00e1r\u00f3l (Akkredit\u00e1ci\u00f3s Bizotts\u00e1g, Oktat\u00e1si Bizotts\u00e1g, OMHV Bizotts\u00e1g, Tudom\u00e1nyos Bizotts\u00e1g) &#8211;\u00a0 mell\u00e9klet Tudom\u00e1nyos Bizotts\u00e1g \u00fcgyrendje<\/a><br \/>\n<a href=\"https:\/\/semmelweis.hu\/aok\/files\/2026\/04\/17_FOK_AOK.pdf\" target=\"_blank\" rel=\"noopener\">17\/2026. (IV.13.) sz\u00e1m\u00fa hat\u00e1rozat a Fogorvostudom\u00e1nyi Karon v\u00e9gzett, az \u00c1ltal\u00e1nos Orvostudom\u00e1nyi Kar \u00e1ltal\u00e1nos orvos szak\u00e1ra felvett hallgat\u00f3k k\u00e9pz\u00e9s\u00e9re vonatkoz\u00f3, 2023\/2024-es tan\u00e9vt\u0151l bevezetett kurrikulum m\u00f3dos\u00edt\u00e1s\u00e1ra vonatkoz\u00f3 javaslatt\u00e9telr\u0151l<\/a><br \/>\n<a href=\"https:\/\/semmelweis.hu\/aok\/files\/2026\/04\/17_sz_melleklet_mintatanterv_2023_2024-.pdf\" target=\"_blank\" rel=\"noopener\">17\/2026. (IV.13.) sz\u00e1m\u00fa hat\u00e1rozat a Fogorvostudom\u00e1nyi Karon v\u00e9gzett, az \u00c1ltal\u00e1nos Orvostudom\u00e1nyi Kar \u00e1ltal\u00e1nos orvos szak\u00e1ra felvett hallgat\u00f3k k\u00e9pz\u00e9s\u00e9re vonatkoz\u00f3, 2023\/2024-es tan\u00e9vt\u0151l bevezetett kurrikulum m\u00f3dos\u00edt\u00e1s\u00e1ra vonatkoz\u00f3 javaslatt\u00e9telr\u0151l &#8211; mell\u00e9klet &#8211; mintatanterv 2023-2024<\/a><br \/>\n<a href=\"https:\/\/semmelweis.hu\/aok\/files\/2026\/04\/17_sz_melleklet_mintatanterv_2024_2025.pdf\" target=\"_blank\" rel=\"noopener\">17\/2026. (IV.13.) sz\u00e1m\u00fa hat\u00e1rozat a Fogorvostudom\u00e1nyi Karon v\u00e9gzett, az \u00c1ltal\u00e1nos Orvostudom\u00e1nyi Kar \u00e1ltal\u00e1nos orvos szak\u00e1ra felvett hallgat\u00f3k k\u00e9pz\u00e9s\u00e9re vonatkoz\u00f3, 2023\/2024-es tan\u00e9vt\u0151l bevezetett kurrikulum m\u00f3dos\u00edt\u00e1s\u00e1ra vonatkoz\u00f3 javaslatt\u00e9telr\u0151l &#8211; mell\u00e9klet &#8211; mintatanterv 2024-2025<\/a><br \/>\n<a href=\"https:\/\/semmelweis.hu\/aok\/files\/2026\/04\/17_sz_melleklet_mintatanterv_2025_2026.pdf\" target=\"_blank\" rel=\"noopener\">17\/2026. (IV.13.) sz\u00e1m\u00fa hat\u00e1rozat a Fogorvostudom\u00e1nyi Karon v\u00e9gzett, az \u00c1ltal\u00e1nos Orvostudom\u00e1nyi Kar \u00e1ltal\u00e1nos orvos szak\u00e1ra felvett hallgat\u00f3k k\u00e9pz\u00e9s\u00e9re vonatkoz\u00f3, 2023\/2024-es tan\u00e9vt\u0151l bevezetett kurrikulum m\u00f3dos\u00edt\u00e1s\u00e1ra vonatkoz\u00f3 javaslatt\u00e9telr\u0151l &#8211; mell\u00e9klet &#8211; mintatanterv 2025-2026<\/a><br \/>\n<a href=\"https:\/\/semmelweis.hu\/aok\/files\/2026\/04\/17_sz_melleklet_mintatanterv_2026-2027.pdf\">17\/2026. (IV.13.) sz\u00e1m\u00fa hat\u00e1rozat a Fogorvostudom\u00e1nyi Karon v\u00e9gzett, az \u00c1ltal\u00e1nos Orvostudom\u00e1nyi Kar \u00e1ltal\u00e1nos orvos szak\u00e1ra felvett hallgat\u00f3k k\u00e9pz\u00e9s\u00e9re vonatkoz\u00f3, 2023\/2024-es tan\u00e9vt\u0151l bevezetett kurrikulum m\u00f3dos\u00edt\u00e1s\u00e1ra vonatkoz\u00f3 javaslatt\u00e9telr\u0151l &#8211; mell\u00e9klet &#8211; mintatanterv 2026-2027<\/a><\/p>\n","protected":false},"author":101862,"featured_media":0,"parent":1141,"menu_order":0,"comment_status":"closed","ping_status":"closed","template":"","meta":{"_acf_changed":false,"footnotes":""},"categories":[],"tags":[],"class_list":["post-34372","page","type-page","status-publish","hentry"],"acf":[],"publishpress_future_action":{"enabled":false,"date":"1970-01-01 01:00:00","action":"","terms":[],"taxonomy":"","browser_timezone_offset":0},"_links":{"self":[{"href":"https:\/\/semmelweis.hu\/aok\/wp-json\/wp\/v2\/pages\/34372","targetHints":{"allow":["GET"]}}],"collection":[{"href":"https:\/\/semmelweis.hu\/aok\/wp-json\/wp\/v2\/pages"}],"about":[{"href":"https:\/\/semmelweis.hu\/aok\/wp-json\/wp\/v2\/types\/page"}],"author":[{"embeddable":true,"href":"https:\/\/semmelweis.hu\/aok\/wp-json\/wp\/v2\/users\/101862"}],"replies":[{"embeddable":true,"href":"https:\/\/semmelweis.hu\/aok\/wp-json\/wp\/v2\/comments?post=34372"}],"version-history":[{"count":5,"href":"https:\/\/semmelweis.hu\/aok\/wp-json\/wp\/v2\/pages\/34372\/revisions"}],"predecessor-version":[{"id":34389,"href":"https:\/\/semmelweis.hu\/aok\/wp-json\/wp\/v2\/pages\/34372\/revisions\/34389"}],"up":[{"embeddable":true,"href":"https:\/\/semmelweis.hu\/aok\/wp-json\/wp\/v2\/pages\/1141"}],"wp:attachment":[{"href":"https:\/\/semmelweis.hu\/aok\/wp-json\/wp\/v2\/media?parent=34372"}],"wp:term":[{"taxonomy":"category","embeddable":true,"href":"https:\/\/semmelweis.hu\/aok\/wp-json\/wp\/v2\/categories?post=34372"},{"taxonomy":"post_tag","embeddable":true,"href":"https:\/\/semmelweis.hu\/aok\/wp-json\/wp\/v2\/tags?post=34372"}],"curies":[{"name":"wp","href":"https:\/\/api.w.org\/{rel}","templated":true}]}}