{"id":34318,"date":"2026-03-24T15:10:28","date_gmt":"2026-03-24T14:10:28","guid":{"rendered":"https:\/\/semmelweis.hu\/aok\/?page_id=34318"},"modified":"2026-04-16T14:02:52","modified_gmt":"2026-04-16T12:02:52","slug":"2026-marcius-23-i-hatarozatok-elektronikus-tavszavazas","status":"publish","type":"page","link":"https:\/\/semmelweis.hu\/aok\/a-karrol\/kari-tanacs\/a-kari-tanacs-hatarozatai\/2026-marcius-23-i-hatarozatok-elektronikus-tavszavazas\/","title":{"rendered":"2026. m\u00e1rcius 23-i hat\u00e1rozatok &#8211; elektronikus t\u00e1vszavaz\u00e1s"},"content":{"rendered":"<p><a href=\"https:\/\/semmelweis.hu\/aok\/files\/2026\/03\/9_pharma.pdf\" target=\"_blank\" rel=\"noopener\">9\/2026. (III.23.) sz\u00e1m\u00fa hat\u00e1rozat a Gy\u00f3gyszeripari innov\u00e1ci\u00f3 \u00e9s \u00fczleti menedzsment\/ Pharmaceutical Innovation and Business Administration mesterk\u00e9pz\u00e9si szak mintatanterv\u00e9nek m\u00f3dos\u00edt\u00e1s\u00e1r\u00f3l<\/a><\/p>\n<p><a href=\"https:\/\/semmelweis.hu\/aok\/files\/2026\/04\/PharmaMBA_mintatanterv_20260316_KT-masolata.pdf\" target=\"_blank\" rel=\"noopener\">9\/2026. (III.23.) sz\u00e1m\u00fa hat\u00e1rozat a Gy\u00f3gyszeripari innov\u00e1ci\u00f3 \u00e9s \u00fczleti menedzsment\/ Pharmaceutical Innovation and Business Administration mesterk\u00e9pz\u00e9si szak mintatanterv\u00e9nek m\u00f3dos\u00edt\u00e1s\u00e1r\u00f3l &#8211; mell\u00e9klet<\/a><\/p>\n<p><a href=\"https:\/\/semmelweis.hu\/aok\/files\/2026\/03\/10_kulso_kepzohely.pdf\" target=\"_blank\" rel=\"noopener\">10\/2026. (III.23.) sz\u00e1m\u00fa hat\u00e1rozat a Semmelweis Egyetemen k\u00edv\u00fcli eg\u00e9szs\u00e9g\u00fcgyi int\u00e9zm\u00e9nyek orvostanhallgat\u00f3k k\u00e9pz\u00e9s\u00e9be t\u00f6rt\u00e9n\u0151 bevon\u00e1s\u00e1nak rendj\u00e9r\u0151l sz\u00f3l\u00f3 szab\u00e1lyzat elfogad\u00e1s\u00e1r\u00f3l<\/a><\/p>\n<p><a href=\"https:\/\/semmelweis.hu\/aok\/files\/2026\/04\/kulso-gyakorlohelyek_uj-szabalyzat.pdf\" target=\"_blank\" rel=\"noopener\">10\/2026. (III.23.) sz\u00e1m\u00fa hat\u00e1rozat a Semmelweis Egyetemen k\u00edv\u00fcli eg\u00e9szs\u00e9g\u00fcgyi int\u00e9zm\u00e9nyek orvostanhallgat\u00f3k k\u00e9pz\u00e9s\u00e9be t\u00f6rt\u00e9n\u0151 bevon\u00e1s\u00e1nak rendj\u00e9r\u0151l sz\u00f3l\u00f3 szab\u00e1lyzat elfogad\u00e1s\u00e1r\u00f3l &#8211; mell\u00e9klet- szab\u00e1lyzat<\/a><\/p>\n","protected":false},"excerpt":{"rendered":"<p><a href=\"https:\/\/semmelweis.hu\/aok\/files\/2026\/03\/9_pharma.pdf\" target=\"_blank\" rel=\"noopener\">9\/2026. (III.23.) sz\u00e1m\u00fa hat\u00e1rozat a Gy\u00f3gyszeripari innov\u00e1ci\u00f3 \u00e9s \u00fczleti menedzsment\/ Pharmaceutical Innovation and Business Administration mesterk\u00e9pz\u00e9si szak mintatanterv\u00e9nek m\u00f3dos\u00edt\u00e1s\u00e1r\u00f3l<\/a><br \/>\n<a href=\"https:\/\/semmelweis.hu\/aok\/files\/2026\/04\/PharmaMBA_mintatanterv_20260316_KT-masolata.pdf\" target=\"_blank\" rel=\"noopener\">9\/2026. (III.23.) sz\u00e1m\u00fa hat\u00e1rozat a Gy\u00f3gyszeripari innov\u00e1ci\u00f3 \u00e9s \u00fczleti menedzsment\/ Pharmaceutical Innovation and Business Administration mesterk\u00e9pz\u00e9si szak mintatanterv\u00e9nek m\u00f3dos\u00edt\u00e1s\u00e1r\u00f3l &#8211; mell\u00e9klet<\/a><br \/>\n<a href=\"https:\/\/semmelweis.hu\/aok\/files\/2026\/03\/10_kulso_kepzohely.pdf\" target=\"_blank\" rel=\"noopener\">10\/2026. (III.23.) sz\u00e1m\u00fa hat\u00e1rozat a Semmelweis Egyetemen k\u00edv\u00fcli eg\u00e9szs\u00e9g\u00fcgyi int\u00e9zm\u00e9nyek orvostanhallgat\u00f3k k\u00e9pz\u00e9s\u00e9be t\u00f6rt\u00e9n\u0151 bevon\u00e1s\u00e1nak rendj\u00e9r\u0151l sz\u00f3l\u00f3 szab\u00e1lyzat elfogad\u00e1s\u00e1r\u00f3l<\/a><br \/>\n<a href=\"https:\/\/semmelweis.hu\/aok\/files\/2026\/04\/kulso-gyakorlohelyek_uj-szabalyzat.pdf\" target=\"_blank\" rel=\"noopener\">10\/2026. (III.23.) sz\u00e1m\u00fa hat\u00e1rozat a Semmelweis Egyetemen k\u00edv\u00fcli eg\u00e9szs\u00e9g\u00fcgyi int\u00e9zm\u00e9nyek orvostanhallgat\u00f3k k\u00e9pz\u00e9s\u00e9be t\u00f6rt\u00e9n\u0151 bevon\u00e1s\u00e1nak rendj\u00e9r\u0151l sz\u00f3l\u00f3 szab\u00e1lyzat elfogad\u00e1s\u00e1r\u00f3l &#8211; mell\u00e9klet- szab\u00e1lyzat<\/a><\/p>\n","protected":false},"author":101862,"featured_media":0,"parent":1141,"menu_order":0,"comment_status":"closed","ping_status":"closed","template":"","meta":{"_acf_changed":false,"footnotes":""},"categories":[],"tags":[],"class_list":["post-34318","page","type-page","status-publish","hentry"],"acf":[],"publishpress_future_action":{"enabled":false,"date":"1970-01-01 01:00:00","action":"","terms":[],"taxonomy":"","browser_timezone_offset":0},"_links":{"self":[{"href":"https:\/\/semmelweis.hu\/aok\/wp-json\/wp\/v2\/pages\/34318","targetHints":{"allow":["GET"]}}],"collection":[{"href":"https:\/\/semmelweis.hu\/aok\/wp-json\/wp\/v2\/pages"}],"about":[{"href":"https:\/\/semmelweis.hu\/aok\/wp-json\/wp\/v2\/types\/page"}],"author":[{"embeddable":true,"href":"https:\/\/semmelweis.hu\/aok\/wp-json\/wp\/v2\/users\/101862"}],"replies":[{"embeddable":true,"href":"https:\/\/semmelweis.hu\/aok\/wp-json\/wp\/v2\/comments?post=34318"}],"version-history":[{"count":3,"href":"https:\/\/semmelweis.hu\/aok\/wp-json\/wp\/v2\/pages\/34318\/revisions"}],"predecessor-version":[{"id":34393,"href":"https:\/\/semmelweis.hu\/aok\/wp-json\/wp\/v2\/pages\/34318\/revisions\/34393"}],"up":[{"embeddable":true,"href":"https:\/\/semmelweis.hu\/aok\/wp-json\/wp\/v2\/pages\/1141"}],"wp:attachment":[{"href":"https:\/\/semmelweis.hu\/aok\/wp-json\/wp\/v2\/media?parent=34318"}],"wp:term":[{"taxonomy":"category","embeddable":true,"href":"https:\/\/semmelweis.hu\/aok\/wp-json\/wp\/v2\/categories?post=34318"},{"taxonomy":"post_tag","embeddable":true,"href":"https:\/\/semmelweis.hu\/aok\/wp-json\/wp\/v2\/tags?post=34318"}],"curies":[{"name":"wp","href":"https:\/\/api.w.org\/{rel}","templated":true}]}}