{"id":34222,"date":"2026-02-20T10:36:15","date_gmt":"2026-02-20T09:36:15","guid":{"rendered":"https:\/\/semmelweis.hu\/aok\/?page_id=34222"},"modified":"2026-02-20T10:36:15","modified_gmt":"2026-02-20T09:36:15","slug":"2026-februar-16-i-hatarozatok-2","status":"publish","type":"page","link":"https:\/\/semmelweis.hu\/aok\/a-karrol\/kari-tanacs\/a-kari-tanacs-hatarozatai\/2026-februar-16-i-hatarozatok-2\/","title":{"rendered":"2026. febru\u00e1r 16-i hat\u00e1rozatok"},"content":{"rendered":"<p><a href=\"https:\/\/semmelweis.hu\/aok\/files\/2026\/02\/6_etanari.pdf\" target=\"_blank\" rel=\"noopener\">6\/2026. (II.16.) sz\u00e1m\u00fa hat\u00e1rozatok\u00a0az \u00c1ltal\u00e1nos Orvostudom\u00e1nyi Karon meghirdetett egyetemi tan\u00e1ri \u00e1ll\u00e1sra p\u00e1ly\u00e1z\u00f3r\u00f3l<\/a><\/p>\n","protected":false},"excerpt":{"rendered":"<p><a href=\"https:\/\/semmelweis.hu\/aok\/files\/2026\/02\/6_etanari.pdf\" target=\"_blank\" rel=\"noopener\">6\/2026. (II.16.) sz\u00e1m\u00fa hat\u00e1rozatok\u00a0az \u00c1ltal\u00e1nos Orvostudom\u00e1nyi Karon meghirdetett egyetemi tan\u00e1ri \u00e1ll\u00e1sra p\u00e1ly\u00e1z\u00f3r\u00f3l<\/a><\/p>\n","protected":false},"author":101862,"featured_media":0,"parent":1141,"menu_order":0,"comment_status":"closed","ping_status":"closed","template":"","meta":{"_acf_changed":false,"footnotes":""},"categories":[],"tags":[],"class_list":["post-34222","page","type-page","status-publish","hentry"],"acf":[],"publishpress_future_action":{"enabled":false,"date":"1970-01-01 01:00:00","action":"","terms":[],"taxonomy":"","browser_timezone_offset":0},"_links":{"self":[{"href":"https:\/\/semmelweis.hu\/aok\/wp-json\/wp\/v2\/pages\/34222","targetHints":{"allow":["GET"]}}],"collection":[{"href":"https:\/\/semmelweis.hu\/aok\/wp-json\/wp\/v2\/pages"}],"about":[{"href":"https:\/\/semmelweis.hu\/aok\/wp-json\/wp\/v2\/types\/page"}],"author":[{"embeddable":true,"href":"https:\/\/semmelweis.hu\/aok\/wp-json\/wp\/v2\/users\/101862"}],"replies":[{"embeddable":true,"href":"https:\/\/semmelweis.hu\/aok\/wp-json\/wp\/v2\/comments?post=34222"}],"version-history":[{"count":1,"href":"https:\/\/semmelweis.hu\/aok\/wp-json\/wp\/v2\/pages\/34222\/revisions"}],"predecessor-version":[{"id":34223,"href":"https:\/\/semmelweis.hu\/aok\/wp-json\/wp\/v2\/pages\/34222\/revisions\/34223"}],"up":[{"embeddable":true,"href":"https:\/\/semmelweis.hu\/aok\/wp-json\/wp\/v2\/pages\/1141"}],"wp:attachment":[{"href":"https:\/\/semmelweis.hu\/aok\/wp-json\/wp\/v2\/media?parent=34222"}],"wp:term":[{"taxonomy":"category","embeddable":true,"href":"https:\/\/semmelweis.hu\/aok\/wp-json\/wp\/v2\/categories?post=34222"},{"taxonomy":"post_tag","embeddable":true,"href":"https:\/\/semmelweis.hu\/aok\/wp-json\/wp\/v2\/tags?post=34222"}],"curies":[{"name":"wp","href":"https:\/\/api.w.org\/{rel}","templated":true}]}}