{"id":34120,"date":"2026-01-21T12:08:04","date_gmt":"2026-01-21T11:08:04","guid":{"rendered":"https:\/\/semmelweis.hu\/aok\/?page_id=34120"},"modified":"2026-01-23T10:40:20","modified_gmt":"2026-01-23T09:40:20","slug":"2026-januar-19-i-hatarozatok","status":"publish","type":"page","link":"https:\/\/semmelweis.hu\/aok\/a-karrol\/kari-tanacs\/a-kari-tanacs-hatarozatai\/2026-januar-19-i-hatarozatok\/","title":{"rendered":"2026. janu\u00e1r 19-i hat\u00e1rozatok\u00a0"},"content":{"rendered":"<p style=\"text-align: justify\"><a href=\"https:\/\/semmelweis.hu\/aok\/files\/2026\/01\/1_etanari_docensi_kutatoprofesszori.pdf\">1\/2026. (I.19.) sz\u00e1m\u00fa hat\u00e1rozat az \u00c1ltal\u00e1nos Orvostudom\u00e1nyi Karon meghirdetett egyetemi tan\u00e1ri, egyetemi docensi, valamint kutat\u00f3professzori \u00e1ll\u00e1sokra p\u00e1ly\u00e1z\u00f3kr\u00f3l<\/a><\/p>\n<p><a href=\"https:\/\/semmelweis.hu\/aok\/files\/2026\/01\/2_Taplalasterapia-a-gasztroenterologiai-korkepek-kezeleseben-klinikai-fakultacio_Endoszkopia-szerepe-a-gasztroenterologiaban_-szabadon-valaszthato-tant.pdf\" target=\"_blank\" rel=\"noopener\">2\/2026. (I.19.) sz\u00e1m\u00fa hat\u00e1rozat a \u201eT\u00e1pl\u00e1l\u00e1ster\u00e1pia a gasztroenterol\u00f3giai k\u00f3rk\u00e9pek kezel\u00e9s\u00e9ben \u2013 klinikai fakult\u00e1ci\u00f3\u201d, valamint az \u201eEndoszk\u00f3pia szerepe a gasztroenterol\u00f3gi\u00e1ban\u201d szabadon v\u00e1laszthat\u00f3 tant\u00e1rgyak tant\u00e1rgyfelel\u0151s\u00e9nek v\u00e1lt\u00e1s\u00e1r\u00f3l<\/a><\/p>\n<p style=\"text-align: justify\"><a href=\"https:\/\/semmelweis.hu\/aok\/files\/2026\/01\/3_Klinikai-belgyogyaszat-a-gyakorlatban_Klinikai-hematologia-es-hemosztazis-a-gyakorlatban_valamint_Alvasfuggo-legzeszavarok_uj_szabadon-valaszthato-targyak-bevezetese.pdf\" target=\"_blank\" rel=\"noopener\">3\/2026. (I.19.) sz\u00e1m\u00fa hat\u00e1rozat a \u201eKlinikai belgy\u00f3gy\u00e1szat a gyakorlatban\u201d, a \u201eKlinikai hematol\u00f3gia \u00e9s hemoszt\u00e1zis a gyakorlatban\u201d, valamint az &#8222;Alv\u00e1sf\u00fcgg\u0151 l\u00e9gz\u00e9szavarok&#8221; \u00faj, szabadon v\u00e1laszthat\u00f3 t\u00e1rgyak bevezet\u00e9s\u00e9r\u0151l a 2025\/2026. tan\u00e9v tavaszi f\u00e9l\u00e9v\u00e9t\u0151l<\/a><\/p>\n<p style=\"text-align: justify\"><a href=\"https:\/\/semmelweis.hu\/aok\/files\/2026\/01\/4_Gyogyszeripari-innovacio-es-uzleti-menedzsment-Pharmaceutical-Innovation-and-Business-Administration-mesterkepzesi-szak-tantargyi-kovetelmenyrendszere.pdf\" target=\"_blank\" rel=\"noopener\">4\/2026. (I.19.) sz\u00e1m\u00fa hat\u00e1rozat a Gy\u00f3gyszeripari innov\u00e1ci\u00f3 \u00e9s \u00fczleti menedzsment\/ Pharmaceutical Innovation and Business Administration mesterk\u00e9pz\u00e9si szak tant\u00e1rgyi k\u00f6vetelm\u00e9nyrendszereir\u0151l<\/a><\/p>\n<p style=\"text-align: justify\"><a href=\"https:\/\/semmelweis.hu\/aok\/files\/2026\/01\/5_Surgossegi-Orvostan-Oxiologia-Tanszeki-Csoport-Surgossegi-Orvostani-Klinikaba-valo-beolvadassal-torteno-megszunteteserol.pdf\" target=\"_blank\" rel=\"noopener\">5\/2026. (I.19.) sz\u00e1m\u00fa hat\u00e1rozat a S\u00fcrg\u0151ss\u00e9gi Orvostan-Oxiol\u00f3gia Tansz\u00e9ki Csoport S\u00fcrg\u0151ss\u00e9gi Orvostani Klinik\u00e1ba val\u00f3 beolvad\u00e1ssal t\u00f6rt\u00e9n\u0151 megsz\u0171ntet\u00e9s\u00e9r\u0151l<\/a><\/p>\n","protected":false},"excerpt":{"rendered":"<p><a href=\"https:\/\/semmelweis.hu\/aok\/files\/2026\/01\/1_etanari_docensi_kutatoprofesszori.pdf\">1\/2026. (I.19.) sz\u00e1m\u00fa hat\u00e1rozat az \u00c1ltal\u00e1nos Orvostudom\u00e1nyi Karon meghirdetett egyetemi tan\u00e1ri, egyetemi docensi, valamint kutat\u00f3professzori \u00e1ll\u00e1sokra p\u00e1ly\u00e1z\u00f3kr\u00f3l<\/a><br \/>\n<a href=\"https:\/\/semmelweis.hu\/aok\/files\/2026\/01\/2_Taplalasterapia-a-gasztroenterologiai-korkepek-kezeleseben-klinikai-fakultacio_Endoszkopia-szerepe-a-gasztroenterologiaban_-szabadon-valaszthato-tant.pdf\" target=\"_blank\" rel=\"noopener\">2\/2026. (I.19.) sz\u00e1m\u00fa hat\u00e1rozat a \u201eT\u00e1pl\u00e1l\u00e1ster\u00e1pia a gasztroenterol\u00f3giai k\u00f3rk\u00e9pek kezel\u00e9s\u00e9ben \u2013 klinikai fakult\u00e1ci\u00f3\u201d, valamint az \u201eEndoszk\u00f3pia szerepe a gasztroenterol\u00f3gi\u00e1ban\u201d szabadon v\u00e1laszthat\u00f3 tant\u00e1rgyak tant\u00e1rgyfelel\u0151s\u00e9nek v\u00e1lt\u00e1s\u00e1r\u00f3l<\/a><br \/>\n<a href=\"https:\/\/semmelweis.hu\/aok\/files\/2026\/01\/3_Klinikai-belgyogyaszat-a-gyakorlatban_Klinikai-hematologia-es-hemosztazis-a-gyakorlatban_valamint_Alvasfuggo-legzeszavarok_uj_szabadon-valaszthato-targyak-bevezetese.pdf\" target=\"_blank\" rel=\"noopener\">3\/2026. (I.19.) sz\u00e1m\u00fa hat\u00e1rozat a \u201eKlinikai belgy\u00f3gy\u00e1szat a gyakorlatban\u201d, a \u201eKlinikai hematol\u00f3gia \u00e9s hemoszt\u00e1zis a gyakorlatban\u201d, valamint az &#8222;Alv\u00e1sf\u00fcgg\u0151 l\u00e9gz\u00e9szavarok&#8221; \u00faj, szabadon v\u00e1laszthat\u00f3 t\u00e1rgyak bevezet\u00e9s\u00e9r\u0151l a 2025\/2026. tan\u00e9v tavaszi f\u00e9l\u00e9v\u00e9t\u0151l<\/a><br \/>\n<a href=\"https:\/\/semmelweis.hu\/aok\/files\/2026\/01\/4_Gyogyszeripari-innovacio-es-uzleti-menedzsment-Pharmaceutical-Innovation-and-Business-Administration-mesterkepzesi-szak-tantargyi-kovetelmenyrendszere.pdf\" target=\"_blank\" rel=\"noopener\">4\/2026. (I.19.) sz\u00e1m\u00fa hat\u00e1rozat a Gy\u00f3gyszeripari innov\u00e1ci\u00f3 \u00e9s \u00fczleti menedzsment\/ Pharmaceutical Innovation and Business Administration mesterk\u00e9pz\u00e9si szak tant\u00e1rgyi k\u00f6vetelm\u00e9nyrendszereir\u0151l<\/a><br \/>\n<a href=\"https:\/\/semmelweis.hu\/aok\/files\/2026\/01\/5_Surgossegi-Orvostan-Oxiologia-Tanszeki-Csoport-Surgossegi-Orvostani-Klinikaba-valo-beolvadassal-torteno-megszunteteserol.pdf\" target=\"_blank\" rel=\"noopener\">5\/2026. (I.19.) sz\u00e1m\u00fa hat\u00e1rozat a S\u00fcrg\u0151ss\u00e9gi Orvostan-Oxiol\u00f3gia Tansz\u00e9ki Csoport S\u00fcrg\u0151ss\u00e9gi Orvostani Klinik\u00e1ba val\u00f3 beolvad\u00e1ssal t\u00f6rt\u00e9n\u0151 megsz\u0171ntet\u00e9s\u00e9r\u0151l<\/a><\/p>\n","protected":false},"author":101862,"featured_media":0,"parent":1141,"menu_order":0,"comment_status":"closed","ping_status":"closed","template":"","meta":{"_acf_changed":false,"footnotes":""},"categories":[],"tags":[],"class_list":["post-34120","page","type-page","status-publish","hentry"],"acf":[],"publishpress_future_action":{"enabled":false,"date":"1970-01-01 01:00:00","action":"","terms":[],"taxonomy":"","browser_timezone_offset":0},"_links":{"self":[{"href":"https:\/\/semmelweis.hu\/aok\/wp-json\/wp\/v2\/pages\/34120","targetHints":{"allow":["GET"]}}],"collection":[{"href":"https:\/\/semmelweis.hu\/aok\/wp-json\/wp\/v2\/pages"}],"about":[{"href":"https:\/\/semmelweis.hu\/aok\/wp-json\/wp\/v2\/types\/page"}],"author":[{"embeddable":true,"href":"https:\/\/semmelweis.hu\/aok\/wp-json\/wp\/v2\/users\/101862"}],"replies":[{"embeddable":true,"href":"https:\/\/semmelweis.hu\/aok\/wp-json\/wp\/v2\/comments?post=34120"}],"version-history":[{"count":4,"href":"https:\/\/semmelweis.hu\/aok\/wp-json\/wp\/v2\/pages\/34120\/revisions"}],"predecessor-version":[{"id":34134,"href":"https:\/\/semmelweis.hu\/aok\/wp-json\/wp\/v2\/pages\/34120\/revisions\/34134"}],"up":[{"embeddable":true,"href":"https:\/\/semmelweis.hu\/aok\/wp-json\/wp\/v2\/pages\/1141"}],"wp:attachment":[{"href":"https:\/\/semmelweis.hu\/aok\/wp-json\/wp\/v2\/media?parent=34120"}],"wp:term":[{"taxonomy":"category","embeddable":true,"href":"https:\/\/semmelweis.hu\/aok\/wp-json\/wp\/v2\/categories?post=34120"},{"taxonomy":"post_tag","embeddable":true,"href":"https:\/\/semmelweis.hu\/aok\/wp-json\/wp\/v2\/tags?post=34120"}],"curies":[{"name":"wp","href":"https:\/\/api.w.org\/{rel}","templated":true}]}}