{"id":33971,"date":"2025-11-10T08:50:04","date_gmt":"2025-11-10T07:50:04","guid":{"rendered":"https:\/\/semmelweis.hu\/aok\/?page_id=33971"},"modified":"2026-01-23T10:34:59","modified_gmt":"2026-01-23T09:34:59","slug":"egeszsegugyi-neuropszichologia-msc","status":"publish","type":"page","link":"https:\/\/semmelweis.hu\/aok\/oktatas\/szakiranyu-tovabbkepzesek\/egeszsegugyi-neuropszichologia-msc\/","title":{"rendered":"Eg\u00e9szs\u00e9g\u00fcgyi neuropszichol\u00f3gia MSc"},"content":{"rendered":"<h2>Eg\u00e9szs\u00e9g\u00fcgyi Neuropszichol\u00f3gia k\u00e9pz\u00e9s alapadatai:<\/h2>\n<ul>\n<li>K\u00e9pz\u00e9s neve Eg\u00e9szs\u00e9g\u00fcgyi Neuropszichol\u00f3gia<\/li>\n<li>K\u00e9pz\u00e9si szint: Mesterk\u00e9pz\u00e9s, MSc<\/li>\n<li>Munkarend: Nappali<\/li>\n<li>K\u00e9pz\u00e9s nyelve: Magyar<\/li>\n<li>K\u00e9pz\u00e9si id\u0151: 4 f\u00e9l\u00e9v<\/li>\n<li>K\u00e9pz\u00e9si ter\u00fclet: Orvos- \u00e9s eg\u00e9szs\u00e9gtudom\u00e1ny k\u00e9pz\u00e9si ter\u00fclet<\/li>\n<li>Finansz\u00edroz\u00e1si forma: \u00c1llami: 15 f\u0151 \u00e9s \u00f6nk\u00f6lts\u00e9ges: 5 f\u0151<\/li>\n<li>\u00d6nk\u00f6lts\u00e9g \u00f6sszege: 750 000 Ft<\/li>\n<li>A szakon v\u00e9gzettek a k\u00e9pz\u00e9s elv\u00e9gz\u00e9s\u00e9t k\u00f6vet\u0151en okleveles eg\u00e9szs\u00e9g\u00fcgyi neuropszichol\u00f3gus v\u00e9gzetts\u00e9get szereznek<\/li>\n<\/ul>\n<h2>A k\u00e9pz\u00e9s r\u00f6vid le\u00edr\u00e1sa:<\/h2>\n<p>A <strong>Neuropszichol\u00f3gia MSc<\/strong> k\u00e9pz\u00e9s c\u00e9lja olyan magasan k\u00e9pzett szakemberek k\u00e9pz\u00e9se, akik \u00e1tfog\u00f3 ismeretekkel rendelkeznek az idegrendszer m\u0171k\u00f6d\u00e9se \u00e9s a kognit\u00edv, \u00e9rzelmi \u00e9s viselked\u00e9ses folyamatok k\u00f6z\u00f6tti \u00f6sszef\u00fcgg\u00e9sekr\u0151l. A k\u00e9pz\u00e9s integr\u00e1lja a pszichol\u00f3gia, az idegtudom\u00e1ny \u00e9s a klinikai gyakorlat eredm\u00e9nyeit, k\u00fcl\u00f6n\u00f6s hangs\u00falyt fektetve az agyi m\u0171k\u00f6d\u00e9s zavaraihoz kapcsol\u00f3d\u00f3 kognit\u00edv \u00e9s viselked\u00e9ses elt\u00e9r\u00e9sek meg\u00e9rt\u00e9s\u00e9re, m\u00e9r\u00e9s\u00e9re \u00e9s \u00e9rtelmez\u00e9s\u00e9re.<br \/>\nA hallgat\u00f3k elm\u00e9ly\u00fclt tud\u00e1st szereznek t\u00f6bbek k\u00f6z\u00f6tt az agyi strukt\u00far\u00e1k \u00e9s funkci\u00f3k, a kognit\u00edv folyamatok neurobiol\u00f3giai alapjai, a neuropszichol\u00f3giai diagnosztika, valamint a klinikai \u00e9s rehabilit\u00e1ci\u00f3s neuropszichol\u00f3gia ter\u00fclet\u00e9n. A k\u00e9pz\u00e9s sor\u00e1n kiemelt szerepet kapnak a standardiz\u00e1lt vizsg\u00e1lati m\u00f3dszerek, tesztelj\u00e1r\u00e1sok, valamint az etikai \u00e9s szakmai ir\u00e1nyelvek.<br \/>\nA gyakorlatorient\u00e1lt k\u00e9pz\u00e9s lehet\u0151s\u00e9get biztos\u00edt a hallgat\u00f3knak arra, hogy ellen\u0151rz\u00f6tt szakmai k\u00f6rnyezetben fejlessz\u00e9k vizsg\u00e1lati, \u00e9rt\u00e9kel\u00e9si \u00e9s szakmai kommunik\u00e1ci\u00f3s kompetenci\u00e1ikat. A k\u00e9pz\u00e9s kutat\u00e1sm\u00f3dszertani felk\u00e9sz\u00edt\u00e9st is ny\u00fajt, megalapozva a tudom\u00e1nyos p\u00e1ly\u00e1n val\u00f3 tov\u00e1bb l\u00e9p\u00e9st vagy doktori k\u00e9pz\u00e9sbe val\u00f3 bekapcsol\u00f3d\u00e1st.<\/p>\n<h6>Kimeneti kompetenci\u00e1k:<\/h6>\n<p>A k\u00e9pz\u00e9s megfelel\u0151 alapot ny\u00fajt a klinikai vagy kutat\u00f3i p\u00e1ly\u00e1ra k\u00e9sz\u00fcl\u0151k sz\u00e1m\u00e1ra. A v\u00e9gzettek elhelyezkedhetnek eg\u00e9szs\u00e9g\u00fcgyi, szakszolg\u00e1lati \u00e9s pedag\u00f3gia ter\u00fcleteken a jogszab\u00e1lyban meghat\u00e1rozott feladatok ell\u00e1t\u00e1s\u00e1ra. Bemeneti felt\u00e9telk\u00e9nt megfelel\u0151 v\u00e9gzetts\u00e9get kapnak a doktori \u00e9s a szakpszichol\u00f3gusi k\u00e9pz\u00e9sekhez.<\/p>\n<h6>K\u00e9pess\u00e9gek:<\/h6>\n<p>A v\u00e9gzettek k\u00e9pesek lesznek \u00e9s jogosults\u00e1got szereznek kompetencialist\u00e1ban meghat\u00e1rozott neuropszichol\u00f3giai vizsg\u00e1lati m\u00f3dszerek \u00e9s tesztek alkalmaz\u00e1s\u00e1ra, vizsg\u00e1lati eredm\u00e9nyek elemz\u00e9s\u00e9re, valamint neuropszichol\u00f3giai esetek vezet\u00e9s\u00e9re szakpszichol\u00f3gusi fel\u00fcgyelet mellett, valamint multidiszciplin\u00e1ris csapatban val\u00f3 egy\u00fcttm\u0171k\u00f6d\u00e9sre (orvosokkal, terapeut\u00e1kkal, pedag\u00f3gusokkal), \u00e9s kutat\u00e1sokban val\u00f3 r\u00e9szv\u00e9telre<\/p>\n<h2>Felv\u00e9teli felt\u00e9telek \u00e9s pontsz\u00e1m\u00edt\u00e1s<\/h2>\n<ul>\n<li>Oklev\u00e9l megfelel\u0151s\u00e9ge<\/li>\n<\/ul>\n<p>A mesterk\u00e9pz\u00e9si szakra a meghat\u00e1rozott bemeneti felt\u00e9telekkel lehet felv\u00e9telt nyerni:<\/p>\n<p>\u2013 3 \u00e9ves pszichol\u00f3gia alapk\u00e9pz\u00e9s (BA) vagy<\/p>\n<p>\u2013 5 \u00e9ves osztatlan pszichol\u00f3gus k\u00e9pz\u00e9s<\/p>\n<ul>\n<li>Jelentkezni a<strong> felvi.hu<\/strong> honlapon kereszt\u00fcl lehet <strong>2026. febru\u00e1r 15-ig<\/strong>.<\/li>\n<li>Pontsz\u00e1m\u00edt\u00e1s m\u00f3dja: \u00cdr\u00e1sbeli vizsga, motiv\u00e1ci\u00f3s lev\u00e9l \u00e9s \u00f6n\u00e9letrajz, valamint sz\u00f3beli elbesz\u00e9lget\u00e9s alapj\u00e1n.<\/li>\n<\/ul>\n<p>Mesterk\u00e9pz\u00e9s eset\u00e9n a jelentkez\u0151 teljes\u00edtm\u00e9ny\u00e9t 100 pontos rendszerben kell \u00e9rt\u00e9kelni, amely tartalmazza a t\u00f6bbletpontokat is.<\/p>\n<p>A jelentkez\u00e9s a FELVI fel\u00fclet\u00e9n zajlik.<\/p>\n<h3>Pontsz\u00e1m\u00edt\u00e1s m\u00f3dja:<\/h3>\n<p><strong>A neuropszichol\u00f3gia mesterk\u00e9pz\u00e9si szakra jelentkez\u0151k \u00edr\u00e1sbeli \u00e9s sz\u00f3beli vizsg\u00e1n vesznek r\u00e9szt<\/strong> (\u00edr\u00e1sbeli vizsga, motiv\u00e1ci\u00f3s lev\u00e9l \u00e9s \u00f6n\u00e9letrajz, sz\u00f3beli elbesz\u00e9lget\u00e9s).<\/p>\n<h3>Felv\u00e9teli pontok:<\/h3>\n<p>&#8211; \u00edr\u00e1sbeli vizsga (feleletv\u00e1laszt\u00f3s teszt \u00e9s essz\u00e9): 30 pont <br \/>\n&#8211; motiv\u00e1ci\u00f3s lev\u00e9l \u00e9s \u00f6n\u00e9letrajz: 20 pont<br \/>\n&#8211; besz\u00e9lget\u00e9s \u00e9s szakmai ismeretek: 40 pont<br \/>\n&#8211; t\u00f6bbletpontok: maximum 10 pont<\/p>\n<h3>\u00cdr\u00e1sbeli vizsga a megadott szakirodalom alapj\u00e1n:<\/h3>\n<p>Bevezet\u00e9s a Neuropszichol\u00f3gi\u00e1ba<br \/>\nMedicina 2008.<br \/>\nSzerk.: K\u00e1llai J\u00e1nos, Bende Istv\u00e1n, Kar\u00e1di K\u00e1zm\u00e9r, Racsm\u00e1ny Mih\u00e1ly<\/p>\n<p>Az \u00edr\u00e1sbeli teszt feleletv\u00e1laszt\u00f3s \u00e9s nyitott k\u00e9rd\u00e9seket is tartalmaz a megadott irodalom alapj\u00e1n.<\/p>\n<h3>Sz\u00f3beli vizsga:<\/h3>\n<p>A sz\u00f3beli vizsg\u00e1n a jel\u00f6ltek r\u00f6viden bemutatj\u00e1k az elk\u00f6telez\u0151d\u00e9s\u00fcket a neuropszichol\u00f3gia ir\u00e1ny\u00e1ba, valamint olyan szitu\u00e1ci\u00f3s feladatokat is megoldanak, melyekben a kommunik\u00e1ci\u00f3s \u00e9s szoci\u00e1lis k\u00e9szs\u00e9g\u00fckre lesz sz\u00fcks\u00e9g. A besz\u00e9lget\u00e9s sor\u00e1n el\u0151fordulhatnak m\u00e9g a szakmai \u00f6n\u00e9letrajz, kor\u00e1bbi tanulm\u00e1nyok tud\u00e1sanyag\u00e1ra, valamint a munkahelyek \u00e9s a motiv\u00e1ci\u00f3s lev\u00e9l t\u00e9m\u00e1ira vonatkoz\u00f3 k\u00e9rd\u00e9sek is.<\/p>\n<h3>A motiv\u00e1ci\u00f3s lev\u00e9l \u00e9s a szakmai \u00f6n\u00e9letrajz ki\u00e9rt\u00e9kel\u00e9s\u00e9nek szempontjai:<\/h3>\n<p>A sz\u00f3beli vizsg\u00e1ra a felv\u00e9teliz\u0151nek egy \u201emotiv\u00e1ci\u00f3s levelet\u201d kell k\u00e9sz\u00edtenie, ebben bemutatni szakmai alkalmass\u00e1g\u00e1t, r\u00e1termetts\u00e9g\u00e9t, \u00e9s azt, hogy mi\u00e9rt az adott szakra szeretne jelentkezni. A hallgat\u00f3nak meg kell indokolnia jelentkez\u00e9s\u00e9t, a neuropszichol\u00f3giai k\u00e9pz\u00e9ssel kapcsolatos motiv\u00e1ci\u00f3j\u00e1t, c\u00e9lj\u00e1t. Sz\u00fcks\u00e9ges a tanulm\u00e1nyokon k\u00edv\u00fcli igazolt \u00f6nk\u00e9ntes munka, seg\u00edt\u0151 tev\u00e9kenys\u00e9g, k\u00f6z\u00f6ss\u00e9gi aktivit\u00e1s, f\u0151bb \u00e9rdekl\u0151d\u00e9si ter\u00fcletek bemutat\u00e1sa, melyek seg\u00edtett\u00e9k, hogy ezt az ir\u00e1nyt v\u00e1lassza. Fontos a kompetenci\u00e1inak, szakmai r\u00e1termetts\u00e9g\u00e9nek ismertet\u00e9se, valamint annak szeml\u00e9ltet\u00e9se, hogy milyen j\u00f6v\u0151beli c\u00e9lok hat\u00e1rozz\u00e1k meg jelen d\u00f6nt\u00e9s\u00e9t. K\u00e9rj\u00fck referenci\u00e1k bek\u00fcld\u00e9s\u00e9t is.<\/p>\n<p>A motiv\u00e1ci\u00f3s lev\u00e9l 1 db. A\/4 oldal terjedelm\u0171.<\/p>\n<p><strong>A szakmai \u00f6n\u00e9letrajz tartalmazza a k\u00f6vetkez\u0151ket:<\/strong><\/p>\n<p>1. Szem\u00e9lyes adatok \u00e9s el\u00e9rhet\u0151s\u00e9gek<br \/>\n2. V\u00e9gzetts\u00e9gek kronol\u00f3giai sorrendben<br \/>\n3. Szakmai tapasztalatok( ha van ) kronol\u00f3giai sorrendben<br \/>\n4. Publik\u00e1ci\u00f3k( ha van ) kronol\u00f3giai sorrendben<br \/>\n5. Egy\u00e9b k\u00e9szs\u00e9gek ( nyelvismeret, szakmai k\u00e9szs\u00e9gek stb.)<br \/>\n6. Olyan nem szakmai k\u00e9szs\u00e9gek, amelyeket sz\u00edvesen megosztana \u00e9s relev\u00e1ns a tanulm\u00e1nyokra val\u00f3 jelentkez\u00e9shez \u2013 nem k\u00f6telez\u0151<br \/>\n7. Aj\u00e1nl\u00e1sok, referenci\u00e1k ( ha van )- nem k\u00f6telez\u0151<\/p>\n<h5>Motiv\u00e1ci\u00f3s lev\u00e9l \u00e9s szakmai \u00f6n\u00e9letrajz n\u00e9lk\u00fcl\u00f6zhetetlen a sz\u00f3beli vizsga \u00e9rt\u00e9kel\u00e9s\u00e9hez!<\/h5>\n<p><strong>Felv\u00e9teli besz\u00e9lget\u00e9s<\/strong> sor\u00e1n a megfelel\u0151 attit\u0171dr\u0151l, etikus \u00e9s kritikai gondolkod\u00e1sr\u00f3l, valamint a folyamatos szakmai fejl\u0151d\u00e9s ig\u00e9ny\u00e9r\u0151l tan\u00fas\u00edtott elk\u00f6telez\u0151d\u00e9sr\u0151l sz\u00fcks\u00e9ges nyilatkozni.<\/p>\n<h3>Csatoland\u00f3 dokumentumok:<\/h3>\n<ul>\n<li>bizony\u00edtv\u00e1nyok m\u00e1solata<\/li>\n<li>motiv\u00e1ci\u00f3s lev\u00e9l<\/li>\n<li>\u00f6n\u00e9letrajz<\/li>\n<li>igazol\u00e1sok t\u00f6bbletpont jogc\u00edmekr\u0151l<\/li>\n<\/ul>\n<p>A Semmelweis Egyetemen indul\u00f3 \u00faj pszichol\u00f3gus mesterk\u00e9pz\u00e9sekr\u0151l az al\u00e1bbi cikkben t\u00e1j\u00e9koz\u00f3dhatnak:<br \/>\n<a href=\"https:\/\/semmelweis.hu\/hirek\/2025\/11\/18\/pszichologiai-mesterkepzeseket-indit-a-semmelweis-egyetem\/\" target=\"_blank\" rel=\"noopener\">https:\/\/semmelweis.hu\/hirek\/2025\/11\/18\/pszichologiai-mesterkepzeseket-indit-a-semmelweis-egyetem\/<\/a><\/p>\n<p>&nbsp;<\/p>\n<p>&nbsp;<\/p>\n<p>&nbsp;<\/p>\n","protected":false},"excerpt":{"rendered":"<p>Eg\u00e9szs\u00e9g\u00fcgyi Neuropszichol\u00f3gia k\u00e9pz\u00e9s alapadatai: K\u00e9pz\u00e9s neve Eg\u00e9szs\u00e9g\u00fcgyi Neuropszichol\u00f3gia K\u00e9pz\u00e9si szint: Mesterk\u00e9pz\u00e9s, MSc Munkarend: Nappali K\u00e9pz\u00e9s nyelve: Magyar K\u00e9pz\u00e9si id\u0151: 4 f\u00e9l\u00e9v K\u00e9pz\u00e9si ter\u00fclet: Orvos- \u00e9s eg\u00e9szs\u00e9gtudom\u00e1ny k\u00e9pz\u00e9si ter\u00fclet Finansz\u00edroz\u00e1si forma: \u00c1llami: 15 f\u0151 \u00e9s \u00f6nk\u00f6lts\u00e9ges: 5 f\u0151 \u00d6nk\u00f6lts\u00e9g \u00f6sszege: 750 000 Ft A szakon v\u00e9gzettek a k\u00e9pz\u00e9s elv\u00e9gz\u00e9s\u00e9t k\u00f6vet\u0151en okleveles eg\u00e9szs\u00e9g\u00fcgyi neuropszichol\u00f3gus v\u00e9gzetts\u00e9get szereznek A &hellip;<\/p>\n","protected":false},"author":101542,"featured_media":0,"parent":32836,"menu_order":7,"comment_status":"closed","ping_status":"closed","template":"","meta":{"_acf_changed":false,"footnotes":""},"categories":[],"tags":[],"class_list":["post-33971","page","type-page","status-publish","hentry"],"acf":[],"publishpress_future_action":{"enabled":false,"date":"1970-01-01 01:00:00","action":"","terms":[],"taxonomy":"","browser_timezone_offset":0},"_links":{"self":[{"href":"https:\/\/semmelweis.hu\/aok\/wp-json\/wp\/v2\/pages\/33971","targetHints":{"allow":["GET"]}}],"collection":[{"href":"https:\/\/semmelweis.hu\/aok\/wp-json\/wp\/v2\/pages"}],"about":[{"href":"https:\/\/semmelweis.hu\/aok\/wp-json\/wp\/v2\/types\/page"}],"author":[{"embeddable":true,"href":"https:\/\/semmelweis.hu\/aok\/wp-json\/wp\/v2\/users\/101542"}],"replies":[{"embeddable":true,"href":"https:\/\/semmelweis.hu\/aok\/wp-json\/wp\/v2\/comments?post=33971"}],"version-history":[{"count":6,"href":"https:\/\/semmelweis.hu\/aok\/wp-json\/wp\/v2\/pages\/33971\/revisions"}],"predecessor-version":[{"id":34130,"href":"https:\/\/semmelweis.hu\/aok\/wp-json\/wp\/v2\/pages\/33971\/revisions\/34130"}],"up":[{"embeddable":true,"href":"https:\/\/semmelweis.hu\/aok\/wp-json\/wp\/v2\/pages\/32836"}],"wp:attachment":[{"href":"https:\/\/semmelweis.hu\/aok\/wp-json\/wp\/v2\/media?parent=33971"}],"wp:term":[{"taxonomy":"category","embeddable":true,"href":"https:\/\/semmelweis.hu\/aok\/wp-json\/wp\/v2\/categories?post=33971"},{"taxonomy":"post_tag","embeddable":true,"href":"https:\/\/semmelweis.hu\/aok\/wp-json\/wp\/v2\/tags?post=33971"}],"curies":[{"name":"wp","href":"https:\/\/api.w.org\/{rel}","templated":true}]}}