{"id":33961,"date":"2025-11-05T14:15:19","date_gmt":"2025-11-05T13:15:19","guid":{"rendered":"https:\/\/semmelweis.hu\/aok\/?page_id=33961"},"modified":"2025-11-10T08:43:43","modified_gmt":"2025-11-10T07:43:43","slug":"gyogyszeripari-innovacio-es-uzleti-menedzsment-msc","status":"publish","type":"page","link":"https:\/\/semmelweis.hu\/aok\/oktatas\/szakiranyu-tovabbkepzesek\/gyogyszeripari-innovacio-es-uzleti-menedzsment-msc\/","title":{"rendered":"Gy\u00f3gyszeripari innov\u00e1ci\u00f3 \u00e9s \u00fczleti menedzsment mesterk\u00e9pz\u00e9si szak"},"content":{"rendered":"<p>A k\u00e9pz\u00e9s c\u00e9lja, hogy olyan szakembereket k\u00e9pezzen, akik a gy\u00f3gyszeripar, a biotechnol\u00f3gia \u00e9s az orvostechnol\u00f3gia ter\u00fclet\u00e9n k\u00e9pesek lesznek az innov\u00e1ci\u00f3 \u00e9s az \u00fczleti menedzsment komplex kih\u00edv\u00e1sainak kezel\u00e9s\u00e9re.<\/p>\n<p>A Pharmaceutical Innovation and Business Administration MSc k\u00e9pz\u00e9s \u00e1tfog\u00f3 ismereteket ny\u00fajt a gy\u00f3gyszeripar \u00e9s az eg\u00e9szs\u00e9g\u00fcgyi innov\u00e1ci\u00f3 teljes \u00e9rt\u00e9kl\u00e1nc\u00e1r\u00f3l \u2013 a kutat\u00e1st\u00f3l eg\u00e9szen a piacra l\u00e9p\u00e9sig. A hallgat\u00f3k megismerkednek a gy\u00f3gyszerfejleszt\u00e9s \u00e9s a preklinikai kutat\u00e1sok alapelveivel, valamint a klinikai vizsg\u00e1latok menedzsmentj\u00e9nek folyamat\u00e1val, amely a modern ter\u00e1pi\u00e1k bevezet\u00e9s\u00e9nek kulcsl\u00e9p\u00e9se.<\/p>\n<p>A program kiemelt figyelmet ford\u00edt az orvostechnikai eszk\u00f6z\u00f6k fejleszt\u00e9s\u00e9re, valamint az enged\u00e9lyez\u00e9si \u00e9s piaci hozz\u00e1f\u00e9r\u00e9si strat\u00e9gi\u00e1kra, amelyek elengedhetetlenek az eg\u00e9szs\u00e9gipari innov\u00e1ci\u00f3k sikeres megval\u00f3s\u00edt\u00e1s\u00e1hoz. A hallgat\u00f3k betekint\u00e9st nyernek az innov\u00e1ci\u00f3menedzsment \u00e9s a v\u00e1llalkoz\u00e1sfejleszt\u00e9s vil\u00e1g\u00e1ba is, ahol megtanulj\u00e1k, mik\u00e9nt lehet egy \u00faj \u00f6tletb\u0151l \u00e9letk\u00e9pes \u00fczleti modellt form\u00e1lni. A k\u00e9pz\u00e9s r\u00e9sze a szellemi tulajdon v\u00e9delm\u00e9nek, a marketingstrat\u00e9gi\u00e1k kialak\u00edt\u00e1s\u00e1nak \u00e9s a vezet\u0151i k\u00e9szs\u00e9gek fejleszt\u00e9s\u00e9nek elsaj\u00e1t\u00edt\u00e1sa is, hogy a v\u00e9gzettek komplex, strat\u00e9giai szeml\u00e9lettel rendelkez\u0151 szakemberekk\u00e9 v\u00e1ljanak. A program gyakorlatorient\u00e1lts\u00e1g\u00e1t er\u0151s\u00edti, hogy a hallgat\u00f3k ipari partnerekn\u00e9l t\u00f6lthetnek szakmai gyakorlatot, ahol val\u00f3s v\u00e1llalati k\u00f6rnyezetben alkalmazhatj\u00e1k a megszerzett tud\u00e1st, \u00e9s k\u00f6zvetlen tapasztalatot szerezhetnek a gy\u00f3gyszeripari \u00e9s biotechnol\u00f3giai innov\u00e1ci\u00f3 m\u0171k\u00f6d\u00e9s\u00e9r\u0151l.<\/p>\n<p>A felv\u00e9telivel, jelentkez\u00e9ssel \u00e9s a k\u00e9pz\u00e9ssel kapcsolatos tov\u00e1bbi inform\u00e1ci\u00f3kr\u00f3l <a href=\"https:\/\/semmelweis.hu\/pharmamaster\/\" target=\"_blank\" rel=\"noopener\">itt t\u00e1j\u00e9koz\u00f3dhat<\/a>.<\/p>\n","protected":false},"excerpt":{"rendered":"<p>A k\u00e9pz\u00e9s c\u00e9lja, hogy olyan szakembereket k\u00e9pezzen, akik a gy\u00f3gyszeripar, a biotechnol\u00f3gia \u00e9s az orvostechnol\u00f3gia ter\u00fclet\u00e9n k\u00e9pesek lesznek az innov\u00e1ci\u00f3 \u00e9s az \u00fczleti menedzsment komplex kih\u00edv\u00e1sainak kezel\u00e9s\u00e9re. A Pharmaceutical Innovation and Business Administration MSc k\u00e9pz\u00e9s \u00e1tfog\u00f3 ismereteket ny\u00fajt a gy\u00f3gyszeripar \u00e9s az eg\u00e9szs\u00e9g\u00fcgyi innov\u00e1ci\u00f3 teljes \u00e9rt\u00e9kl\u00e1nc\u00e1r\u00f3l \u2013 a kutat\u00e1st\u00f3l eg\u00e9szen a piacra l\u00e9p\u00e9sig. A hallgat\u00f3k &hellip;<\/p>\n","protected":false},"author":101542,"featured_media":0,"parent":32836,"menu_order":5,"comment_status":"closed","ping_status":"closed","template":"","meta":{"_acf_changed":false,"footnotes":""},"categories":[],"tags":[],"class_list":["post-33961","page","type-page","status-publish","hentry"],"acf":[],"publishpress_future_action":{"enabled":false,"date":"1970-01-01 01:00:00","action":"","terms":[],"taxonomy":"","browser_timezone_offset":0},"_links":{"self":[{"href":"https:\/\/semmelweis.hu\/aok\/wp-json\/wp\/v2\/pages\/33961","targetHints":{"allow":["GET"]}}],"collection":[{"href":"https:\/\/semmelweis.hu\/aok\/wp-json\/wp\/v2\/pages"}],"about":[{"href":"https:\/\/semmelweis.hu\/aok\/wp-json\/wp\/v2\/types\/page"}],"author":[{"embeddable":true,"href":"https:\/\/semmelweis.hu\/aok\/wp-json\/wp\/v2\/users\/101542"}],"replies":[{"embeddable":true,"href":"https:\/\/semmelweis.hu\/aok\/wp-json\/wp\/v2\/comments?post=33961"}],"version-history":[{"count":3,"href":"https:\/\/semmelweis.hu\/aok\/wp-json\/wp\/v2\/pages\/33961\/revisions"}],"predecessor-version":[{"id":33966,"href":"https:\/\/semmelweis.hu\/aok\/wp-json\/wp\/v2\/pages\/33961\/revisions\/33966"}],"up":[{"embeddable":true,"href":"https:\/\/semmelweis.hu\/aok\/wp-json\/wp\/v2\/pages\/32836"}],"wp:attachment":[{"href":"https:\/\/semmelweis.hu\/aok\/wp-json\/wp\/v2\/media?parent=33961"}],"wp:term":[{"taxonomy":"category","embeddable":true,"href":"https:\/\/semmelweis.hu\/aok\/wp-json\/wp\/v2\/categories?post=33961"},{"taxonomy":"post_tag","embeddable":true,"href":"https:\/\/semmelweis.hu\/aok\/wp-json\/wp\/v2\/tags?post=33961"}],"curies":[{"name":"wp","href":"https:\/\/api.w.org\/{rel}","templated":true}]}}