{"id":33957,"date":"2025-11-05T13:56:59","date_gmt":"2025-11-05T12:56:59","guid":{"rendered":"https:\/\/semmelweis.hu\/aok\/?page_id=33957"},"modified":"2025-11-05T14:00:16","modified_gmt":"2025-11-05T13:00:16","slug":"klinikai-transzlacios-medicina-msc","status":"publish","type":"page","link":"https:\/\/semmelweis.hu\/aok\/oktatas\/szakiranyu-tovabbkepzesek\/klinikai-transzlacios-medicina-msc\/","title":{"rendered":"Klinikai Transzl\u00e1ci\u00f3s Medicina MSc"},"content":{"rendered":"<p>A klinikai transzl\u00e1ci\u00f3s orvosl\u00e1s (CTM) f\u0151 c\u00e9lja, hogy a tudom\u00e1nyos felfedez\u00e9seket k\u00f6zvetlen\u00fcl a betegell\u00e1t\u00e1sba vigye. Ez az\u00e9rt kulcsfontoss\u00e1g\u00fa, mert a tudom\u00e1nyos eredm\u00e9nyeket jelenleg nem haszn\u00e1lj\u00e1k ki kell\u0151k\u00e9ppen a mindennapi orvosi gyakorlatban, ami korl\u00e1tozza az \u00e9letment\u0151 potenci\u00e1ljukat. A transzl\u00e1ci\u00f3s orvosl\u00e1s (TM) ciklusa \u00faj tudom\u00e1nyos ismeretek gener\u00e1l\u00e1s\u00e1ra, azok hozz\u00e1f\u00e9rhet\u0151v\u00e9 t\u00e9tel\u00e9re az eg\u00e9szs\u00e9g\u00fcgyi szolg\u00e1ltat\u00f3k sz\u00e1m\u00e1ra, valamint a sz\u00e9lesebb nyilv\u00e1noss\u00e1g sz\u00e1m\u00e1ra t\u00f6rt\u00e9n\u0151 hat\u00e9kony kommunik\u00e1ci\u00f3j\u00e1ra \u00f6sszpontos\u00edt. Ez a megk\u00f6zel\u00edt\u00e9s a hat\u00e9konyabb \u00e9s k\u00f6lts\u00e9ghat\u00e9konyabb eg\u00e9szs\u00e9g\u00fcgyi ell\u00e1t\u00e1st c\u00e9lozza.<\/p>\n<p>A Transzl\u00e1ci\u00f3s Medicina MSc programban a r\u00e9sztvev\u0151k gyakorlati tapasztalatot szerezhetnek a TM ciklussal kapcsolatban, \u00e9s megtanulhatj\u00e1k, hogyan alkalmazz\u00e1k a legmodernebb kutat\u00e1sokat k\u00f6zvetlen\u00fcl a betegell\u00e1t\u00e1sban. A hallgat\u00f3k nemzetk\u00f6zi szak\u00e9rt\u0151kkel egy\u00fcttm\u0171k\u00f6dve b\u0151v\u00edtik szakmai kapcsolataikat, \u00e9s hozz\u00e1j\u00e1rulnak a glob\u00e1lis eg\u00e9szs\u00e9g\u00fcgyi innov\u00e1ci\u00f3 j\u00f6v\u0151j\u00e9hez.\u00a0<\/p>\n<p>A felv\u00e9telivel, jelentkez\u00e9ssel \u00e9s a k\u00e9pz\u00e9ssel kapcsolatos tov\u00e1bbi inform\u00e1ci\u00f3kr\u00f3l <a href=\"https:\/\/semmelweis.hu\/admission\/programs\/clinical-translational-medicine-msc\/\" target=\"_blank\" rel=\"noopener\">itt t\u00e1j\u00e9koz\u00f3dhat<\/a>.\u00a0\u00a0<\/p>\n","protected":false},"excerpt":{"rendered":"<p>A klinikai transzl\u00e1ci\u00f3s orvosl\u00e1s (CTM) f\u0151 c\u00e9lja, hogy a tudom\u00e1nyos felfedez\u00e9seket k\u00f6zvetlen\u00fcl a betegell\u00e1t\u00e1sba vigye. Ez az\u00e9rt kulcsfontoss\u00e1g\u00fa, mert a tudom\u00e1nyos eredm\u00e9nyeket jelenleg nem haszn\u00e1lj\u00e1k ki kell\u0151k\u00e9ppen a mindennapi orvosi gyakorlatban, ami korl\u00e1tozza az \u00e9letment\u0151 potenci\u00e1ljukat. A transzl\u00e1ci\u00f3s orvosl\u00e1s (TM) ciklusa \u00faj tudom\u00e1nyos ismeretek gener\u00e1l\u00e1s\u00e1ra, azok hozz\u00e1f\u00e9rhet\u0151v\u00e9 t\u00e9tel\u00e9re az eg\u00e9szs\u00e9g\u00fcgyi szolg\u00e1ltat\u00f3k sz\u00e1m\u00e1ra, valamint a sz\u00e9lesebb &hellip;<\/p>\n","protected":false},"author":101542,"featured_media":0,"parent":32836,"menu_order":4,"comment_status":"closed","ping_status":"closed","template":"","meta":{"_acf_changed":false,"footnotes":""},"categories":[],"tags":[],"class_list":["post-33957","page","type-page","status-publish","hentry"],"acf":[],"publishpress_future_action":{"enabled":false,"date":"1970-01-01 01:00:00","action":"","terms":[],"taxonomy":"","browser_timezone_offset":0},"_links":{"self":[{"href":"https:\/\/semmelweis.hu\/aok\/wp-json\/wp\/v2\/pages\/33957","targetHints":{"allow":["GET"]}}],"collection":[{"href":"https:\/\/semmelweis.hu\/aok\/wp-json\/wp\/v2\/pages"}],"about":[{"href":"https:\/\/semmelweis.hu\/aok\/wp-json\/wp\/v2\/types\/page"}],"author":[{"embeddable":true,"href":"https:\/\/semmelweis.hu\/aok\/wp-json\/wp\/v2\/users\/101542"}],"replies":[{"embeddable":true,"href":"https:\/\/semmelweis.hu\/aok\/wp-json\/wp\/v2\/comments?post=33957"}],"version-history":[{"count":2,"href":"https:\/\/semmelweis.hu\/aok\/wp-json\/wp\/v2\/pages\/33957\/revisions"}],"predecessor-version":[{"id":33959,"href":"https:\/\/semmelweis.hu\/aok\/wp-json\/wp\/v2\/pages\/33957\/revisions\/33959"}],"up":[{"embeddable":true,"href":"https:\/\/semmelweis.hu\/aok\/wp-json\/wp\/v2\/pages\/32836"}],"wp:attachment":[{"href":"https:\/\/semmelweis.hu\/aok\/wp-json\/wp\/v2\/media?parent=33957"}],"wp:term":[{"taxonomy":"category","embeddable":true,"href":"https:\/\/semmelweis.hu\/aok\/wp-json\/wp\/v2\/categories?post=33957"},{"taxonomy":"post_tag","embeddable":true,"href":"https:\/\/semmelweis.hu\/aok\/wp-json\/wp\/v2\/tags?post=33957"}],"curies":[{"name":"wp","href":"https:\/\/api.w.org\/{rel}","templated":true}]}}