{"id":33916,"date":"2025-10-30T14:46:59","date_gmt":"2025-10-30T13:46:59","guid":{"rendered":"https:\/\/semmelweis.hu\/aok\/?page_id=33916"},"modified":"2025-10-30T14:46:59","modified_gmt":"2025-10-30T13:46:59","slug":"2025-oktober-27-i-hatarozatai","status":"publish","type":"page","link":"https:\/\/semmelweis.hu\/aok\/a-karrol\/kari-tanacs\/a-kari-tanacs-hatarozatai\/2025-oktober-27-i-hatarozatai\/","title":{"rendered":"2025. okt\u00f3ber 27-i hat\u00e1rozatai"},"content":{"rendered":"<p style=\"text-align: justify\"><a href=\"https:\/\/semmelweis.hu\/aok\/files\/2025\/10\/41_hatarozat_igazgatoi_tanszekvezetoi.pdf\">41\/2025 (2025. okt\u00f3ber 27-i) sz\u00e1m\u00fa hat\u00e1rozata az \u00c1ltal\u00e1nos Orvostudom\u00e1nyi Karon meghirdetett igazgat\u00f3i \u00e9s tansz\u00e9kvezet\u0151i \u00e1ll\u00e1sokra p\u00e1ly\u00e1z\u00f3kr\u00f3l<\/a><\/p>\n<p style=\"text-align: justify\"><a href=\"https:\/\/semmelweis.hu\/aok\/files\/2025\/10\/42_hatarozat_igtudomanyos_tanacsado.pdf\">42\/2025 (2025. okt\u00f3ber 27-i) sz\u00e1m\u00fa hat\u00e1rozata az \u00c1ltal\u00e1nos Orvostudom\u00e1nyi Karon meghirdetett tudom\u00e1nyos tan\u00e1csad\u00f3i \u00e1ll\u00e1sokra p\u00e1ly\u00e1z\u00f3kr\u00f3l<\/a><\/p>\n<p style=\"text-align: justify\"><a href=\"https:\/\/semmelweis.hu\/aok\/files\/2025\/10\/43_ACH_tantargyfelelos.pdf\">43\/2025 (2025. okt\u00f3ber 27-i) sz\u00e1m\u00fa hat\u00e1rozata az Asklepios Campus Hamburgon meghirdetett, a Belgy\u00f3gy\u00e1szati \u00e9s Hematol\u00f3giai Klinika \u00e1ltal oktatott Infektol\u00f3gia t\u00e1rgy tant\u00e1rgyfelel\u0151si p\u00e1ly\u00e1zatr\u00f3l<\/a><\/p>\n<p style=\"text-align: justify\"><a href=\"https:\/\/semmelweis.hu\/aok\/files\/2025\/10\/44_hatarozat_Haynal_Beznak_emlekerem-es-jutalomdij_adomanyozasa.pdf\">44\/2025 (2025. okt\u00f3ber 27-i) sz\u00e1m\u00fa hat\u00e1rozata a 2024\/2025-\u00f6s tan\u00e9vben meghirdetett Dr. Haynal Imre \u00e9s Dr. Bezn\u00e1k Alad\u00e1r Eml\u00e9k\u00e9rem \u00e9s Jutalomd\u00edjra be\u00e9rkezett p\u00e1lyamunk\u00e1k b\u00edr\u00e1lat\u00e1nak elfogad\u00e1s\u00e1r\u00f3l<\/a><\/p>\n<p style=\"text-align: justify\"><a href=\"https:\/\/semmelweis.hu\/aok\/files\/2025\/10\/45_oraado_oktatok.pdf\">45\/2025 (2025. okt\u00f3ber 27-i) sz\u00e1m\u00fa hat\u00e1rozata a Semmelweis Egyetem \u00e1ltal adom\u00e1nyozhat\u00f3 \u00f3raad\u00f3 oktat\u00f3i c\u00edmre t\u00f6rt\u00e9n\u0151 javaslatt\u00e9tel elfogad\u00e1s\u00e1r\u00f3l<\/a><\/p>\n<p style=\"text-align: justify\"><a href=\"https:\/\/semmelweis.hu\/aok\/files\/2025\/10\/46_ugyrendek.pdf\">46\/2025 (2025. okt\u00f3ber 27-i) sz\u00e1m\u00fa hat\u00e1rozata a Szen\u00e1tus \u00e1ltal l\u00e9trehozott Karon m\u0171k\u00f6d\u0151 \u00e1lland\u00f3 bizotts\u00e1gok \u00fcgyrendjeinek j\u00f3v\u00e1hagy\u00e1s\u00e1r\u00f3l (Etikai \u00e9s Fegyelmi Bizotts\u00e1g, Kredit\u00e1tviteli Bizotts\u00e1g, Tanulm\u00e1nyi \u00e9s Vizsgabizotts\u00e1g)<\/a><\/p>\n<p style=\"text-align: justify\"><a href=\"https:\/\/semmelweis.hu\/aok\/files\/2025\/10\/47_onkoltseg.pdf\">47\/2025 (2025. okt\u00f3ber 27-i) sz\u00e1m\u00fa hat\u00e1rozata az \u00e1ltal\u00e1nos orvosk\u00e9pz\u00e9s k\u00f6lts\u00e9gt\u00e9r\u00edt\u00e9si d\u00edj \u00f6sszeg\u00e9nek 1 350 000 Ft-r\u00f3l 1 950 000 Ft-ra t\u00f6rt\u00e9n\u0151 felemel\u00e9s\u00e9r\u0151l sz\u00f3l\u00f3 javaslatt\u00e9telr\u0151l<\/a><\/p>\n<p><a href=\"https:\/\/semmelweis.hu\/aok\/files\/2025\/10\/48_-Westpfalz-Klinikum-GmbH.pdf\">48\/2025 (2025. okt\u00f3ber 27-i) sz\u00e1m\u00fa hat\u00e1rozata a Westpfalz-Klinikum GmbH-val egy\u00fcttm\u0171k\u00f6d\u00e9s keret\u00e9ben a ,,Medical School Kaiserslautern &#8211; Semmelweis Universit\u00e4t&#8221; l\u00e9trehoz\u00e1s\u00e1r\u00f3l<\/a><\/p>\n<p style=\"text-align: justify\">\u00a0<\/p>\n","protected":false},"excerpt":{"rendered":"<p><a href=\"https:\/\/semmelweis.hu\/aok\/files\/2025\/10\/41_hatarozat_igazgatoi_tanszekvezetoi.pdf\">41\/2025 (2025. okt\u00f3ber 27-i) sz\u00e1m\u00fa hat\u00e1rozata az \u00c1ltal\u00e1nos Orvostudom\u00e1nyi Karon meghirdetett igazgat\u00f3i \u00e9s tansz\u00e9kvezet\u0151i \u00e1ll\u00e1sokra p\u00e1ly\u00e1z\u00f3kr\u00f3l<\/a><br \/>\n<a href=\"https:\/\/semmelweis.hu\/aok\/files\/2025\/10\/42_hatarozat_igtudomanyos_tanacsado.pdf\">42\/2025 (2025. okt\u00f3ber 27-i) sz\u00e1m\u00fa hat\u00e1rozata az \u00c1ltal\u00e1nos Orvostudom\u00e1nyi Karon meghirdetett tudom\u00e1nyos tan\u00e1csad\u00f3i \u00e1ll\u00e1sokra p\u00e1ly\u00e1z\u00f3kr\u00f3l<\/a><br \/>\n<a href=\"https:\/\/semmelweis.hu\/aok\/files\/2025\/10\/43_ACH_tantargyfelelos.pdf\">43\/2025 (2025. okt\u00f3ber 27-i) sz\u00e1m\u00fa hat\u00e1rozata az Asklepios Campus Hamburgon meghirdetett, a Belgy\u00f3gy\u00e1szati \u00e9s Hematol\u00f3giai Klinika \u00e1ltal oktatott Infektol\u00f3gia t\u00e1rgy tant\u00e1rgyfelel\u0151si p\u00e1ly\u00e1zatr\u00f3l<\/a><br \/>\n<a href=\"https:\/\/semmelweis.hu\/aok\/files\/2025\/10\/44_hatarozat_Haynal_Beznak_emlekerem-es-jutalomdij_adomanyozasa.pdf\">44\/2025 (2025. okt\u00f3ber 27-i) sz\u00e1m\u00fa hat\u00e1rozata a 2024\/2025-\u00f6s tan\u00e9vben meghirdetett Dr. Haynal Imre \u00e9s Dr. Bezn\u00e1k Alad\u00e1r Eml\u00e9k\u00e9rem \u00e9s Jutalomd\u00edjra be\u00e9rkezett p\u00e1lyamunk\u00e1k b\u00edr\u00e1lat\u00e1nak elfogad\u00e1s\u00e1r\u00f3l<\/a><br \/>\n<a href=\"https:\/\/semmelweis.hu\/aok\/files\/2025\/10\/45_oraado_oktatok.pdf\">45\/2025 (2025. okt\u00f3ber 27-i) sz\u00e1m\u00fa hat\u00e1rozata a Semmelweis Egyetem \u00e1ltal adom\u00e1nyozhat\u00f3 \u00f3raad\u00f3 oktat\u00f3i c\u00edmre t\u00f6rt\u00e9n\u0151 javaslatt\u00e9tel elfogad\u00e1s\u00e1r\u00f3l<\/a><br \/>\n<a href=\"https:\/\/semmelweis.hu\/aok\/files\/2025\/10\/46_ugyrendek.pdf\">46\/2025 (2025. okt\u00f3ber 27-i) sz\u00e1m\u00fa hat\u00e1rozata a Szen\u00e1tus \u00e1ltal l\u00e9trehozott Karon m\u0171k\u00f6d\u0151 \u00e1lland\u00f3 bizotts\u00e1gok \u00fcgyrendjeinek j\u00f3v\u00e1hagy\u00e1s\u00e1r\u00f3l (Etikai \u00e9s Fegyelmi Bizotts\u00e1g, Kredit\u00e1tviteli Bizotts\u00e1g, Tanulm\u00e1nyi \u00e9s Vizsgabizotts\u00e1g)<\/a><br \/>\n<a href=\"https:\/\/semmelweis.hu\/aok\/files\/2025\/10\/47_onkoltseg.pdf\">47\/2025 (2025. okt\u00f3ber 27-i) sz\u00e1m\u00fa hat\u00e1rozata az \u00e1ltal\u00e1nos orvosk\u00e9pz\u00e9s k\u00f6lts\u00e9gt\u00e9r\u00edt\u00e9si d\u00edj \u00f6sszeg\u00e9nek 1 350 000 Ft-r\u00f3l 1 950 000 Ft-ra t\u00f6rt\u00e9n\u0151 felemel\u00e9s\u00e9r\u0151l sz\u00f3l\u00f3 javaslatt\u00e9telr\u0151l<\/a><br \/>\n<a href=\"https:\/\/semmelweis.hu\/aok\/files\/2025\/10\/48_-Westpfalz-Klinikum-GmbH.pdf\">48\/2025 (2025. okt\u00f3ber 27-i) sz\u00e1m\u00fa hat\u00e1rozata a Westpfalz-Klinikum GmbH-val egy\u00fcttm\u0171k\u00f6d\u00e9s keret\u00e9ben a ,,Medical School Kaiserslautern &#8211; Semmelweis Universit\u00e4t&#8221; l\u00e9trehoz\u00e1s\u00e1r\u00f3l<\/a><br \/>\n\u00a0<\/p>\n","protected":false},"author":101862,"featured_media":0,"parent":1141,"menu_order":0,"comment_status":"closed","ping_status":"closed","template":"","meta":{"_acf_changed":false,"footnotes":""},"categories":[],"tags":[],"class_list":["post-33916","page","type-page","status-publish","hentry"],"acf":[],"publishpress_future_action":{"enabled":false,"date":"1970-01-01 01:00:00","action":"","terms":[],"taxonomy":"","browser_timezone_offset":0},"_links":{"self":[{"href":"https:\/\/semmelweis.hu\/aok\/wp-json\/wp\/v2\/pages\/33916","targetHints":{"allow":["GET"]}}],"collection":[{"href":"https:\/\/semmelweis.hu\/aok\/wp-json\/wp\/v2\/pages"}],"about":[{"href":"https:\/\/semmelweis.hu\/aok\/wp-json\/wp\/v2\/types\/page"}],"author":[{"embeddable":true,"href":"https:\/\/semmelweis.hu\/aok\/wp-json\/wp\/v2\/users\/101862"}],"replies":[{"embeddable":true,"href":"https:\/\/semmelweis.hu\/aok\/wp-json\/wp\/v2\/comments?post=33916"}],"version-history":[{"count":1,"href":"https:\/\/semmelweis.hu\/aok\/wp-json\/wp\/v2\/pages\/33916\/revisions"}],"predecessor-version":[{"id":33925,"href":"https:\/\/semmelweis.hu\/aok\/wp-json\/wp\/v2\/pages\/33916\/revisions\/33925"}],"up":[{"embeddable":true,"href":"https:\/\/semmelweis.hu\/aok\/wp-json\/wp\/v2\/pages\/1141"}],"wp:attachment":[{"href":"https:\/\/semmelweis.hu\/aok\/wp-json\/wp\/v2\/media?parent=33916"}],"wp:term":[{"taxonomy":"category","embeddable":true,"href":"https:\/\/semmelweis.hu\/aok\/wp-json\/wp\/v2\/categories?post=33916"},{"taxonomy":"post_tag","embeddable":true,"href":"https:\/\/semmelweis.hu\/aok\/wp-json\/wp\/v2\/tags?post=33916"}],"curies":[{"name":"wp","href":"https:\/\/api.w.org\/{rel}","templated":true}]}}