{"id":33897,"date":"2025-10-16T13:06:11","date_gmt":"2025-10-16T11:06:11","guid":{"rendered":"https:\/\/semmelweis.hu\/aok\/?page_id=33897"},"modified":"2026-03-13T13:40:33","modified_gmt":"2026-03-13T12:40:33","slug":"ujbudai-osztondij-palyazat","status":"publish","type":"page","link":"https:\/\/semmelweis.hu\/aok\/osztondij-palyazat\/ujbudai-osztondij-palyazat\/","title":{"rendered":"\u00dajbudai \u00d6szt\u00f6nd\u00edj P\u00e1ly\u00e1zat"},"content":{"rendered":"<h1>\u00dajbudai \u00d6szt\u00f6nd\u00edj P\u00e1ly\u00e1zat<\/h1>\n<div><strong>\u00dajbudai \u00d6szt\u00f6nd\u00edj P\u00e1ly\u00e1zat B<\/strong><strong>) alp\u00e1ly\u00e1zata:<\/strong>\u00a0Az \u00d6nkorm\u00e1nyzat fenntart\u00e1s\u00e1ban m\u0171k\u00f6d\u0151 int\u00e9zm\u00e9nyekben \u00e9s az \u00d6nkorm\u00e1nyzat eg\u00e9szs\u00e9g\u00fcgyi feladat\u00e1t ell\u00e1t\u00f3 eg\u00e9szs\u00e9g\u00fcgyi szolg\u00e1ltat\u00f3kn\u00e1l dolgoz\u00f3k sz\u00e1m\u00e1ra biztos\u00edtott juttat\u00e1sokr\u00f3l sz\u00f3l\u00f3 3\/2022. (I. 25.) \u00f6nkorm\u00e1nyzati rendelet alapj\u00e1n, az abban meghat\u00e1rozott felt\u00e9telek szerint \u00dajbuda \u00d6nkorm\u00e1nyzata azon eg\u00e9szs\u00e9g\u00fcgyi tanulm\u00e1nyokat folytat\u00f3 egyetemi, vagy f\u0151iskolai hallgat\u00f3kat, k\u00edv\u00e1nja t\u00e1mogatni, akik a diploma megszerz\u00e9se ut\u00e1n v\u00e1llalj\u00e1k, hogy az \u00dajbuda \u00d6nkorm\u00e1nyzata tulajdon\u00e1ban l\u00e9v\u0151, vagy \u00e1ltala fenntartott int\u00e9zm\u00e9nyben, illetve az \u00d6nkorm\u00e1nyzattal jogviszonyban l\u00e9v\u0151 eg\u00e9szs\u00e9g\u00fcgyi szolg\u00e1ltat\u00f3n\u00e1l, h\u00e1ziorvosi szolg\u00e1ltat\u00f3n\u00e1l foglalkoztat\u00e1sra ir\u00e1nyul\u00f3 jogviszonyt l\u00e9tes\u00edtenek \u00e9s ezt legal\u00e1bb a t\u00e1mogat\u00e1s id\u0151tartam\u00e1val azonos id\u0151tartamig fenntartj\u00e1k. \u00dajbuda \u00d6nkorm\u00e1nyzata t\u00e1mogatni k\u00edv\u00e1nja tov\u00e1bb\u00e1, a m\u00e1r \u00e1ltal\u00e1nos orvosi diplom\u00e1val rendelkez\u0151 szakk\u00e9pz\u00e9si rendszerben l\u00e9v\u0151ket, akik a h\u00e1ziorvosi, h\u00e1zi gyermekorvosi \u00e9s fogorvosi tev\u00e9kenys\u00e9gr\u0151l sz\u00f3l\u00f3 4\/2000 (II.25.) E\u00fcM rendelet 11. \u00a7 (1) bekezd\u00e9s a) pontja, valamint a (3) \u00e9s (4) bekezd\u00e9sekben felsorolt szakorvosi k\u00e9pz\u00e9sekben vesznek r\u00e9szt, melynek befejez\u00e9s\u00e9t k\u00f6vet\u0151en az \u00d6nkorm\u00e1nyzattal feladat-ell\u00e1t\u00e1si szerz\u0151d\u00e9st k\u00f6tnek feln\u0151tt h\u00e1ziorvosi, vagy h\u00e1zi gyermekorvosi k\u00f6rzetek ell\u00e1t\u00e1s\u00e1ra. Az \u00d6nkorm\u00e1nyzat az \u00d6szt\u00f6nd\u00edjat a hallgat\u00f3i\/szakk\u00e9pz\u00e9si jogviszony id\u0151tartama alatt, akt\u00edv st\u00e1tusszal rendelkez\u0151 hallgat\u00f3knak\/szakorvos jel\u00f6lteknek biztos\u00edtja.\u00a0<\/p>\n<\/div>\n<div><strong>Az \u00dajbudai \u00d6szt\u00f6nd\u00edj P\u00e1ly\u00e1zat beny\u00fajt\u00e1si hat\u00e1rideje: 2026. \u00e1prilis 30.<\/strong><\/div>\n<div>\u00a0<\/div>\n<div>\n<p>Az \u00f6szt\u00f6nd\u00edjas p\u00e1ly\u00e1zati ki\u00edr\u00e1s (B alp\u00e1ly\u00e1zat- eg\u00e9szs\u00e9g\u00fcgyi ter\u00fclet) az al\u00e1bbi linken \u00e9rhet\u0151 el:<\/p>\n<p><a href=\"https:\/\/kozigazgatas.ujbuda.hu\/esemeny\/tamogatasi-palyazatok\/ujbudai-osztondij-palyazat-2026\">\u00dajbudai \u00d6szt\u00f6nd\u00edj p\u00e1ly\u00e1zat 2026 | K\u00f6zigazgat\u00e1s<\/a><\/p>\n<\/div>\n","protected":false},"excerpt":{"rendered":"<p>\u00dajbudai \u00d6szt\u00f6nd\u00edj P\u00e1ly\u00e1zat \u00dajbudai \u00d6szt\u00f6nd\u00edj P\u00e1ly\u00e1zat B) alp\u00e1ly\u00e1zata:\u00a0Az \u00d6nkorm\u00e1nyzat fenntart\u00e1s\u00e1ban m\u0171k\u00f6d\u0151 int\u00e9zm\u00e9nyekben \u00e9s az \u00d6nkorm\u00e1nyzat eg\u00e9szs\u00e9g\u00fcgyi feladat\u00e1t ell\u00e1t\u00f3 eg\u00e9szs\u00e9g\u00fcgyi szolg\u00e1ltat\u00f3kn\u00e1l dolgoz\u00f3k sz\u00e1m\u00e1ra biztos\u00edtott juttat\u00e1sokr\u00f3l sz\u00f3l\u00f3 3\/2022. (I. 25.) \u00f6nkorm\u00e1nyzati rendelet alapj\u00e1n, az abban meghat\u00e1rozott felt\u00e9telek szerint \u00dajbuda \u00d6nkorm\u00e1nyzata azon eg\u00e9szs\u00e9g\u00fcgyi tanulm\u00e1nyokat folytat\u00f3 egyetemi, vagy f\u0151iskolai hallgat\u00f3kat, k\u00edv\u00e1nja t\u00e1mogatni, akik a diploma megszerz\u00e9se ut\u00e1n v\u00e1llalj\u00e1k, hogy &hellip;<\/p>\n","protected":false},"author":101542,"featured_media":0,"parent":6018,"menu_order":0,"comment_status":"closed","ping_status":"closed","template":"","meta":{"_acf_changed":false,"footnotes":""},"categories":[31],"tags":[],"class_list":["post-33897","page","type-page","status-publish","hentry","category-palyazatok-osztondijak"],"acf":[],"publishpress_future_action":{"enabled":false,"date":"1970-01-01 01:00:00","action":"","terms":[],"taxonomy":"","browser_timezone_offset":0},"_links":{"self":[{"href":"https:\/\/semmelweis.hu\/aok\/wp-json\/wp\/v2\/pages\/33897","targetHints":{"allow":["GET"]}}],"collection":[{"href":"https:\/\/semmelweis.hu\/aok\/wp-json\/wp\/v2\/pages"}],"about":[{"href":"https:\/\/semmelweis.hu\/aok\/wp-json\/wp\/v2\/types\/page"}],"author":[{"embeddable":true,"href":"https:\/\/semmelweis.hu\/aok\/wp-json\/wp\/v2\/users\/101542"}],"replies":[{"embeddable":true,"href":"https:\/\/semmelweis.hu\/aok\/wp-json\/wp\/v2\/comments?post=33897"}],"version-history":[{"count":3,"href":"https:\/\/semmelweis.hu\/aok\/wp-json\/wp\/v2\/pages\/33897\/revisions"}],"predecessor-version":[{"id":34312,"href":"https:\/\/semmelweis.hu\/aok\/wp-json\/wp\/v2\/pages\/33897\/revisions\/34312"}],"up":[{"embeddable":true,"href":"https:\/\/semmelweis.hu\/aok\/wp-json\/wp\/v2\/pages\/6018"}],"wp:attachment":[{"href":"https:\/\/semmelweis.hu\/aok\/wp-json\/wp\/v2\/media?parent=33897"}],"wp:term":[{"taxonomy":"category","embeddable":true,"href":"https:\/\/semmelweis.hu\/aok\/wp-json\/wp\/v2\/categories?post=33897"},{"taxonomy":"post_tag","embeddable":true,"href":"https:\/\/semmelweis.hu\/aok\/wp-json\/wp\/v2\/tags?post=33897"}],"curies":[{"name":"wp","href":"https:\/\/api.w.org\/{rel}","templated":true}]}}