{"id":33807,"date":"2025-09-19T10:08:51","date_gmt":"2025-09-19T08:08:51","guid":{"rendered":"https:\/\/semmelweis.hu\/aok\/?page_id=33807"},"modified":"2025-09-19T10:14:16","modified_gmt":"2025-09-19T08:14:16","slug":"egyetemi-sportoloi-palyazatok","status":"publish","type":"page","link":"https:\/\/semmelweis.hu\/aok\/osztondij-palyazat\/egyetemi-sportoloi-palyazatok\/","title":{"rendered":"Egyetemi sportol\u00f3i p\u00e1ly\u00e1zatok"},"content":{"rendered":"<p>Kedves Hallgat\u00f3k!<\/p>\n<p>A Semmelweis Egyetem Testnevel\u00e9si \u00e9s Sportk\u00f6zpontja sportol\u00f3i p\u00e1ly\u00e1zatokat hirdet<\/p>\n<ul>\n<li><strong>\u201e<em>J\u00f3 tanul\u00f3 \u2013 J\u00f3 sportol\u00f3\u201d<\/em>\u00a0kit\u00fcntet\u00e9s<\/strong> d\u00edjainak elnyer\u00e9s\u00e9re.<\/li>\n<\/ul>\n<p>A p\u00e1ly\u00e1zat el\u00e9rhet\u0151 a\u00a0 <a href=\"https:\/\/semmelweis.hu\/sportkozpont\/oktatas\/oktatas\/jo-tanulo-jo-sportolo-palyazat\/\">https:\/\/semmelweis.hu\/sportkozpont\/oktatas\/oktatas\/<\/a>\u00a0oldalon mindh\u00e1rom nyelven.<\/p>\n<p><strong><u>Beny\u00fajt\u00e1sa<\/u><\/strong> <strong>pap\u00edralapon t\u00f6rt\u00e9nik a<\/strong> <strong>Sportk\u00f6zpontban <u>2025. november 15-ig.<\/u><\/strong><\/p>\n<ul>\n<li><strong>Dr. Sz\u00edv\u00f3s Istv\u00e1n Sportol\u00f3i \u00f6szt\u00f6nd\u00edj p\u00e1ly\u00e1zat 2025\/2026 I.<\/strong><\/li>\n<\/ul>\n<p>Magyar, angol \u00e9s n\u00e9met nyelv\u0171 gradu\u00e1lis k\u00e9pz\u00e9sben r\u00e9szt vev\u0151 nappali tagozatos hallgat\u00f3k sz\u00e1m\u00e1ra (AOK, EKK, ETK, FOK, GYTK, PAK)<\/p>\n<p>Magyar link: <a href=\"https:\/\/semmelweis.hu\/sportkozpont\/oktatas\/oktatas\/dr-szivos-istvan-sportoloi-osztondij-palyazat\/\">https:\/\/semmelweis.hu\/sportkozpont\/oktatas\/oktatas\/dr-szivos-istvan-sportoloi-osztondij-palyazat\/<\/a><\/p>\n<p><strong><u>Beny\u00fajt\u00e1sa<\/u><\/strong><strong> a Neptun rendszeren kereszt\u00fcl <u>2025.09.20. 12:00 \u00f3r\u00e1t\u00f3l 2025.10.04. 18:00 \u00f3r\u00e1ig<\/u>.<\/strong><\/p>\n<ul>\n<li><strong style=\"font-size: 1rem\">Cs\u00edk Ferenc Sport\u00f6szt\u00f6nd\u00edj p\u00e1ly\u00e1zat 2025\/2026 tan\u00e9v<\/strong><\/li>\n<\/ul>\n<p>Magyar, angol \u00e9s n\u00e9met nyelv\u0171 gradu\u00e1lis k\u00e9pz\u00e9sben r\u00e9szt vev\u0151 nappali tagozatos hallgat\u00f3k sz\u00e1m\u00e1ra (AOK, EKK, ETK, FOK, GYTK, PAK) (csak\u00a0 a &#8222;B&#8221; sportszervez\u0151i kateg\u00f3ria ker\u00fcl ki\u00edr\u00e1sra)<\/p>\n<p>Magyar link: <a href=\"https:\/\/semmelweis.hu\/sportkozpont\/oktatas\/oktatas\/semmelweis-egyetem-csik-ferenc-sportosztondija-palyazati-kiiras\/\">https:\/\/semmelweis.hu\/sportkozpont\/oktatas\/oktatas\/semmelweis-egyetem-csik-ferenc-sportosztondija-palyazati-kiiras\/<\/a>\u00a0\u00a0<\/p>\n<p><strong><u>Beny\u00fajt\u00e1sa <\/u><\/strong><strong>a Neptun rendszeren kereszt\u00fcl <u>2025.09.20. 12:00 \u00f3r\u00e1t\u00f3l 2025.10.04. 18:00 \u00f3r\u00e1ig<\/u>.<\/strong><\/p>\n","protected":false},"excerpt":{"rendered":"<p>Kedves Hallgat\u00f3k! A Semmelweis Egyetem Testnevel\u00e9si \u00e9s Sportk\u00f6zpontja sportol\u00f3i p\u00e1ly\u00e1zatokat hirdet \u201eJ\u00f3 tanul\u00f3 \u2013 J\u00f3 sportol\u00f3\u201d\u00a0kit\u00fcntet\u00e9s d\u00edjainak elnyer\u00e9s\u00e9re. A p\u00e1ly\u00e1zat el\u00e9rhet\u0151 a\u00a0 <a href=\"https:\/\/semmelweis.hu\/sportkozpont\/oktatas\/oktatas\/jo-tanulo-jo-sportolo-palyazat\/\">https:\/\/semmelweis.hu\/sportkozpont\/oktatas\/oktatas\/<\/a> \u00a0oldalon mindh\u00e1rom nyelven. Beny\u00fajt\u00e1sa pap\u00edralapon t\u00f6rt\u00e9nik a Sportk\u00f6zpontban 2025. november 15-ig. Dr. Sz\u00edv\u00f3s Istv\u00e1n Sportol\u00f3i \u00f6szt\u00f6nd\u00edj p\u00e1ly\u00e1zat 2025\/2026 I. Magyar, angol \u00e9s n\u00e9met nyelv\u0171 gradu\u00e1lis k\u00e9pz\u00e9sben r\u00e9szt vev\u0151 nappali tagozatos hallgat\u00f3k sz\u00e1m\u00e1ra (AOK, &hellip;<\/p>\n","protected":false},"author":101542,"featured_media":0,"parent":6018,"menu_order":0,"comment_status":"closed","ping_status":"closed","template":"","meta":{"_acf_changed":false,"footnotes":""},"categories":[31],"tags":[],"class_list":["post-33807","page","type-page","status-publish","hentry","category-palyazatok-osztondijak"],"acf":[],"publishpress_future_action":{"enabled":false,"date":"1970-01-01 01:00:00","action":"","terms":[],"taxonomy":"","browser_timezone_offset":0},"_links":{"self":[{"href":"https:\/\/semmelweis.hu\/aok\/wp-json\/wp\/v2\/pages\/33807","targetHints":{"allow":["GET"]}}],"collection":[{"href":"https:\/\/semmelweis.hu\/aok\/wp-json\/wp\/v2\/pages"}],"about":[{"href":"https:\/\/semmelweis.hu\/aok\/wp-json\/wp\/v2\/types\/page"}],"author":[{"embeddable":true,"href":"https:\/\/semmelweis.hu\/aok\/wp-json\/wp\/v2\/users\/101542"}],"replies":[{"embeddable":true,"href":"https:\/\/semmelweis.hu\/aok\/wp-json\/wp\/v2\/comments?post=33807"}],"version-history":[{"count":2,"href":"https:\/\/semmelweis.hu\/aok\/wp-json\/wp\/v2\/pages\/33807\/revisions"}],"predecessor-version":[{"id":33809,"href":"https:\/\/semmelweis.hu\/aok\/wp-json\/wp\/v2\/pages\/33807\/revisions\/33809"}],"up":[{"embeddable":true,"href":"https:\/\/semmelweis.hu\/aok\/wp-json\/wp\/v2\/pages\/6018"}],"wp:attachment":[{"href":"https:\/\/semmelweis.hu\/aok\/wp-json\/wp\/v2\/media?parent=33807"}],"wp:term":[{"taxonomy":"category","embeddable":true,"href":"https:\/\/semmelweis.hu\/aok\/wp-json\/wp\/v2\/categories?post=33807"},{"taxonomy":"post_tag","embeddable":true,"href":"https:\/\/semmelweis.hu\/aok\/wp-json\/wp\/v2\/tags?post=33807"}],"curies":[{"name":"wp","href":"https:\/\/api.w.org\/{rel}","templated":true}]}}