{"id":33744,"date":"2025-09-11T13:17:39","date_gmt":"2025-09-11T11:17:39","guid":{"rendered":"https:\/\/semmelweis.hu\/aok\/?page_id=33744"},"modified":"2025-09-11T13:17:39","modified_gmt":"2025-09-11T11:17:39","slug":"2025-oktober-27-i-hatarozatok","status":"publish","type":"page","link":"https:\/\/semmelweis.hu\/aok\/a-karrol\/kari-tanacs\/a-kari-tanacs-hatarozatai\/2025-oktober-27-i-hatarozatok\/","title":{"rendered":"2025. okt\u00f3ber 27-i hat\u00e1rozatok"},"content":{"rendered":"<p><a href=\"https:\/\/semmelweis.hu\/aok\/files\/2025\/09\/40_hatarozat_pszichologia-MSc_jogeros-1.pdf\">41\/2025 (X.27.) sz\u00e1m\u00fa hat\u00e1rozat az \u00c1ltal\u00e1nos Orvostudom\u00e1nyi Karon meghirdetett igazgat\u00f3i, tansz\u00e9kvezet\u0151i \u00e1ll\u00e1sokra p\u00e1ly\u00e1z\u00f3kr\u00f3l <\/a><\/p>\n<p><strong>\u00a0<\/strong><\/p>\n","protected":false},"excerpt":{"rendered":"<p><a href=\"https:\/\/semmelweis.hu\/aok\/files\/2025\/09\/40_hatarozat_pszichologia-MSc_jogeros-1.pdf\">41\/2025 (X.27.) sz\u00e1m\u00fa hat\u00e1rozat az \u00c1ltal\u00e1nos Orvostudom\u00e1nyi Karon meghirdetett igazgat\u00f3i, tansz\u00e9kvezet\u0151i \u00e1ll\u00e1sokra p\u00e1ly\u00e1z\u00f3kr\u00f3l <\/a><br \/>\n\u00a0<\/p>\n","protected":false},"author":101862,"featured_media":0,"parent":1141,"menu_order":0,"comment_status":"closed","ping_status":"closed","template":"","meta":{"_acf_changed":false,"footnotes":""},"categories":[],"tags":[],"class_list":["post-33744","page","type-page","status-publish","hentry"],"acf":[],"publishpress_future_action":{"enabled":false,"date":"1970-01-01 01:00:00","action":"","terms":[],"taxonomy":"","browser_timezone_offset":0},"_links":{"self":[{"href":"https:\/\/semmelweis.hu\/aok\/wp-json\/wp\/v2\/pages\/33744","targetHints":{"allow":["GET"]}}],"collection":[{"href":"https:\/\/semmelweis.hu\/aok\/wp-json\/wp\/v2\/pages"}],"about":[{"href":"https:\/\/semmelweis.hu\/aok\/wp-json\/wp\/v2\/types\/page"}],"author":[{"embeddable":true,"href":"https:\/\/semmelweis.hu\/aok\/wp-json\/wp\/v2\/users\/101862"}],"replies":[{"embeddable":true,"href":"https:\/\/semmelweis.hu\/aok\/wp-json\/wp\/v2\/comments?post=33744"}],"version-history":[{"count":2,"href":"https:\/\/semmelweis.hu\/aok\/wp-json\/wp\/v2\/pages\/33744\/revisions"}],"predecessor-version":[{"id":33746,"href":"https:\/\/semmelweis.hu\/aok\/wp-json\/wp\/v2\/pages\/33744\/revisions\/33746"}],"up":[{"embeddable":true,"href":"https:\/\/semmelweis.hu\/aok\/wp-json\/wp\/v2\/pages\/1141"}],"wp:attachment":[{"href":"https:\/\/semmelweis.hu\/aok\/wp-json\/wp\/v2\/media?parent=33744"}],"wp:term":[{"taxonomy":"category","embeddable":true,"href":"https:\/\/semmelweis.hu\/aok\/wp-json\/wp\/v2\/categories?post=33744"},{"taxonomy":"post_tag","embeddable":true,"href":"https:\/\/semmelweis.hu\/aok\/wp-json\/wp\/v2\/tags?post=33744"}],"curies":[{"name":"wp","href":"https:\/\/api.w.org\/{rel}","templated":true}]}}