{"id":33721,"date":"2025-09-11T09:32:03","date_gmt":"2025-09-11T07:32:03","guid":{"rendered":"https:\/\/semmelweis.hu\/aok\/?page_id=33721"},"modified":"2025-09-11T09:32:03","modified_gmt":"2025-09-11T07:32:03","slug":"2025-augusztus-29-i-hatarozatok-elektronikus-szavazas","status":"publish","type":"page","link":"https:\/\/semmelweis.hu\/aok\/a-karrol\/kari-tanacs\/a-kari-tanacs-hatarozatai\/2025-augusztus-29-i-hatarozatok-elektronikus-szavazas\/","title":{"rendered":"2025. augusztus 29-i hat\u00e1rozatok &#8211; elektronikus szavaz\u00e1s"},"content":{"rendered":"<p><a href=\"https:\/\/https:\/\/semmelweis.hu\/aok\/rehabilitacios-klinika\/a-kari-tanacs-hatarozatai\/URL c\u00edmsemmelweis.hu\/aok\/files\/2025\/09\/40_hatarozat_pszichologia-MSc_jogeros-1.pdf\" target=\"_blank\" rel=\"noopener\">40\/2025 (2025. augusztus 29-i) sz\u00e1m\u00fa hat\u00e1rozat az orvos- \u00e9s eg\u00e9szs\u00e9gtudom\u00e1ny k\u00e9pz\u00e9si ter\u00fcleten \u00faj pszichol\u00f3gus mesterk\u00e9pz\u00e9si szakok (bizony\u00edt\u00e9kokon alapul\u00f3 \u00e1ltal\u00e1nos orvosi \u00e9s klinikai pszichol\u00f3gia MSc, eg\u00e9szs\u00e9g\u00fcgyi neuropszichol\u00f3gia MSc, pszichobiol\u00f3gia MSc l\u00e9tes\u00edt\u00e9s\u00e9r\u0151l \u00e9s ind\u00edt\u00e1s\u00e1r\u00f3l<\/a><\/p>\n<p>&nbsp;<\/p>\n<p>&nbsp;<\/p>\n","protected":false},"excerpt":{"rendered":"<p><a href=\"https:\/\/https:\/\/semmelweis.hu\/aok\/rehabilitacios-klinika\/a-kari-tanacs-hatarozatai\/URL c\u00edmsemmelweis.hu\/aok\/files\/2025\/09\/40_hatarozat_pszichologia-MSc_jogeros-1.pdf\" target=\"_blank\" rel=\"noopener\">40\/2025 (2025. augusztus 29-i) sz\u00e1m\u00fa hat\u00e1rozat az orvos- \u00e9s eg\u00e9szs\u00e9gtudom\u00e1ny k\u00e9pz\u00e9si ter\u00fcleten \u00faj pszichol\u00f3gus mesterk\u00e9pz\u00e9si szakok (bizony\u00edt\u00e9kokon alapul\u00f3 \u00e1ltal\u00e1nos orvosi \u00e9s klinikai pszichol\u00f3gia MSc, eg\u00e9szs\u00e9g\u00fcgyi neuropszichol\u00f3gia MSc, pszichobiol\u00f3gia MSc l\u00e9tes\u00edt\u00e9s\u00e9r\u0151l \u00e9s ind\u00edt\u00e1s\u00e1r\u00f3l<\/a><br \/>\n&nbsp;<br \/>\n&nbsp;<\/p>\n","protected":false},"author":101862,"featured_media":0,"parent":1141,"menu_order":0,"comment_status":"closed","ping_status":"closed","template":"","meta":{"_acf_changed":false,"footnotes":""},"categories":[],"tags":[],"class_list":["post-33721","page","type-page","status-publish","hentry"],"acf":[],"publishpress_future_action":{"enabled":false,"date":"1970-01-01 01:00:00","action":"","terms":[],"taxonomy":"","browser_timezone_offset":0},"_links":{"self":[{"href":"https:\/\/semmelweis.hu\/aok\/wp-json\/wp\/v2\/pages\/33721","targetHints":{"allow":["GET"]}}],"collection":[{"href":"https:\/\/semmelweis.hu\/aok\/wp-json\/wp\/v2\/pages"}],"about":[{"href":"https:\/\/semmelweis.hu\/aok\/wp-json\/wp\/v2\/types\/page"}],"author":[{"embeddable":true,"href":"https:\/\/semmelweis.hu\/aok\/wp-json\/wp\/v2\/users\/101862"}],"replies":[{"embeddable":true,"href":"https:\/\/semmelweis.hu\/aok\/wp-json\/wp\/v2\/comments?post=33721"}],"version-history":[{"count":2,"href":"https:\/\/semmelweis.hu\/aok\/wp-json\/wp\/v2\/pages\/33721\/revisions"}],"predecessor-version":[{"id":33726,"href":"https:\/\/semmelweis.hu\/aok\/wp-json\/wp\/v2\/pages\/33721\/revisions\/33726"}],"up":[{"embeddable":true,"href":"https:\/\/semmelweis.hu\/aok\/wp-json\/wp\/v2\/pages\/1141"}],"wp:attachment":[{"href":"https:\/\/semmelweis.hu\/aok\/wp-json\/wp\/v2\/media?parent=33721"}],"wp:term":[{"taxonomy":"category","embeddable":true,"href":"https:\/\/semmelweis.hu\/aok\/wp-json\/wp\/v2\/categories?post=33721"},{"taxonomy":"post_tag","embeddable":true,"href":"https:\/\/semmelweis.hu\/aok\/wp-json\/wp\/v2\/tags?post=33721"}],"curies":[{"name":"wp","href":"https:\/\/api.w.org\/{rel}","templated":true}]}}