{"id":33647,"date":"2025-08-26T10:56:06","date_gmt":"2025-08-26T08:56:06","guid":{"rendered":"https:\/\/semmelweis.hu\/aok\/?page_id=33647"},"modified":"2025-10-29T11:08:56","modified_gmt":"2025-10-29T10:08:56","slug":"2025-augusztus-25-i-hatarozatok-elektronikus-szavazas","status":"publish","type":"page","link":"https:\/\/semmelweis.hu\/aok\/a-karrol\/kari-tanacs\/a-kari-tanacs-hatarozatai\/2025-augusztus-25-i-hatarozatok-elektronikus-szavazas\/","title":{"rendered":"2025. augusztus 25-i hat\u00e1rozatok \u2013 elektronikus szavaz\u00e1s"},"content":{"rendered":"<p><a href=\"https:\/\/semmelweis.hu\/aok\/files\/2025\/08\/35_2025_08_25_KT_hatarozat_az-orvoskepzes-curriculumanak-modositasa.pdf\" target=\"_blank\" rel=\"noopener\">35\/2025 (2025. augusztus 25-i) Kari Tan\u00e1cs hat\u00e1rozat az orvosk\u00e9pz\u00e9s curriculum\u00e1nak m\u00f3dos\u00edt\u00e1s\u00e1r\u00f3l az \u00c1ltal\u00e1nos Orvostudom\u00e1nyi Karon<\/a><\/p>\n<p style=\"text-align: justify\"><a href=\"https:\/\/semmelweis.hu\/aok\/files\/2025\/08\/35_2025_08_25_KT_hatarozat_melleklet.pdf\" target=\"_blank\" rel=\"noopener\">35\/2025 (2025. augusztus 25-i) Kari Tan\u00e1cs hat\u00e1rozat az orvosk\u00e9pz\u00e9s curriculum\u00e1nak m\u00f3dos\u00edt\u00e1s\u00e1r\u00f3l az \u00c1ltal\u00e1nos Orvostudom\u00e1nyi Karon &#8211; 2. sz\u00e1m\u00fa mell\u00e9klet<\/a><\/p>\n<p style=\"text-align: justify\"><a href=\"https:\/\/semmelweis.hu\/aok\/files\/2025\/08\/36_2025_08_25_KT_hatarozat_kovetelmenyrendszer.pdf\" target=\"_blank\" rel=\"noopener\">36\/2025 (2025. augusztus 25-i) Kari Tan\u00e1cs hat\u00e1rozat a 2025\/2026-os tan\u00e9vben az \u00c1ltal\u00e1nos Orvostudom\u00e1nyi Karon beny\u00fajtott tant\u00e1rgyi k\u00f6vetelm\u00e9nyrendszerekr\u0151l<\/a><\/p>\n<p style=\"text-align: justify\"><a href=\"https:\/\/semmelweis.hu\/aok\/files\/2025\/08\/36_2025_08_25_KT_hatarozat_2_melleklet.pdf\" target=\"_blank\" rel=\"noopener\">36\/2025 (2025. augusztus 25-i) Kari Tan\u00e1cs hat\u00e1rozat a 2025\/2026-os tan\u00e9vben az \u00c1ltal\u00e1nos Orvostudom\u00e1nyi Karon beny\u00fajtott tant\u00e1rgyi k\u00f6vetelm\u00e9nyrendszerekr\u0151l &#8211; 2. sz\u00e1m\u00fa mell\u00e9klet<\/a><\/p>\n<p style=\"text-align: justify\"><a href=\"https:\/\/semmelweis.hu\/aok\/files\/2025\/08\/36_2025_08_25_KT_hatarozat_3_melleklet.pdf\" target=\"_blank\" rel=\"noopener\">36\/2025 )2025. augusztus 25-i) Kari Tan\u00e1cs hat\u00e1rozat a 2025\/2026-os tan\u00e9vben az \u00c1ltal\u00e1nos Orvostudom\u00e1nyi Karon beny\u00fajtott tant\u00e1rgyi k\u00f6vetelm\u00e9nyrendszerekr\u0151l &#8211; 3. sz\u00e1m\u00fa mell\u00e9klet<\/a><\/p>\n<p style=\"text-align: justify\"><a href=\"https:\/\/semmelweis.hu\/aok\/files\/2025\/08\/37_2025_08_25_KT_hatarozat_ACH_kovetelmenyrendszer.pdf\" target=\"_blank\" rel=\"noopener\">37\/2025 (2025. augusztus 25-i) Kari Tan\u00e1cs hat\u00e1rozat a 2025\/2026-os tan\u00e9vt\u0151l az Asklepios Campus Hamburg (ACH) \u00e1ltal bevezet\u00e9sre javasolt k\u00f6telez\u0151en v\u00e1laszthat\u00f3 t\u00e1rgyak tant\u00e1rgyi k\u00f6vetelm\u00e9nyrendszereir\u0151l<\/a><\/p>\n<p style=\"text-align: justify\"><a href=\"https:\/\/semmelweis.hu\/aok\/files\/2025\/08\/37_2025_08_25_KT_hatarozat_melleklet.pdf\" target=\"_blank\" rel=\"noopener\">37\/2025 (2025. augusztus 25-i) Kari Tan\u00e1cs hat\u00e1rozat a 2025\/2026-os tan\u00e9vt\u0151l az Asklepios Campus Hamburg (ACH) \u00e1ltal bevezet\u00e9sre javasolt k\u00f6telez\u0151en v\u00e1laszthat\u00f3 t\u00e1rgyak tant\u00e1rgyi k\u00f6vetelm\u00e9nyrendszereir\u0151l &#8211; 1. sz\u00e1m\u00fa mell\u00e9klet<\/a><\/p>\n<p style=\"text-align: justify\"><a href=\"https:\/\/semmelweis.hu\/aok\/files\/2025\/08\/38_2025_08_25_KT_hatarozat_Pharmaceutical-Innovation-and-Business-Administration-mesterkepzesi-szak-tantargyi-kovetelmenyrendszerei.pdf\" target=\"_blank\" rel=\"noopener\">38\/2025 (2025. augusztus 25-i) Kari Tan\u00e1cs hat\u00e1rozat a Gy\u00f3gyszeripari innov\u00e1ci\u00f3 \u00e9s \u00fczleti menedzsment\/ Pharmaceutical Innovation and Business Administration mesterk\u00e9pz\u00e9si szak tant\u00e1rgyi k\u00f6vetelm\u00e9nyrendszereir\u0151l<\/a><\/p>\n<p style=\"text-align: justify\"><a href=\"https:\/\/semmelweis.hu\/aok\/files\/2025\/08\/38_2025_08_25_KT_hatarozat_melleklet.pdf\" target=\"_blank\" rel=\"noopener\">38\/2025 (2025. augusztus 25-i) Kari Tan\u00e1cs hat\u00e1rozat a Gy\u00f3gyszeripari innov\u00e1ci\u00f3 \u00e9s \u00fczleti menedzsment\/ Pharmaceutical Innovation and Business Administration mesterk\u00e9pz\u00e9si szak tant\u00e1rgyi k\u00f6vetelm\u00e9nyrendszereir\u0151l &#8211; 2. sz\u00e1m\u00fa mell\u00e9klet<\/a><\/p>\n<p><a href=\"https:\/\/semmelweis.hu\/aok\/files\/2025\/10\/39_hatarozat_OMHV_szabalyzat.pdf\">39\/2025 (2025. augusztus 25-i) Kari Tan\u00e1cs hat\u00e1rozat az Oktat\u00f3i Munka Hallgat\u00f3i V\u00e9lem\u00e9nyez\u00e9s\u00e9nek Rendj\u00e9r\u0151l sz\u00f3l\u00f3 szab\u00e1lyzat m\u00f3dos\u00edt\u00e1s\u00e1r\u00f3<\/a>l<\/p>\n<p>&nbsp;<\/p>\n<p><strong>\u00a0<\/strong><\/p>\n","protected":false},"excerpt":{"rendered":"<p><a href=\"https:\/\/semmelweis.hu\/aok\/files\/2025\/08\/35_2025_08_25_KT_hatarozat_az-orvoskepzes-curriculumanak-modositasa.pdf\" target=\"_blank\" rel=\"noopener\">35\/2025 (2025. augusztus 25-i) Kari Tan\u00e1cs hat\u00e1rozat az orvosk\u00e9pz\u00e9s curriculum\u00e1nak m\u00f3dos\u00edt\u00e1s\u00e1r\u00f3l az \u00c1ltal\u00e1nos Orvostudom\u00e1nyi Karon<\/a><br \/>\n<a href=\"https:\/\/semmelweis.hu\/aok\/files\/2025\/08\/35_2025_08_25_KT_hatarozat_melleklet.pdf\" target=\"_blank\" rel=\"noopener\">35\/2025 (2025. augusztus 25-i) Kari Tan\u00e1cs hat\u00e1rozat az orvosk\u00e9pz\u00e9s curriculum\u00e1nak m\u00f3dos\u00edt\u00e1s\u00e1r\u00f3l az \u00c1ltal\u00e1nos Orvostudom\u00e1nyi Karon &#8211; 2. sz\u00e1m\u00fa mell\u00e9klet<\/a><br \/>\n<a href=\"https:\/\/semmelweis.hu\/aok\/files\/2025\/08\/36_2025_08_25_KT_hatarozat_kovetelmenyrendszer.pdf\" target=\"_blank\" rel=\"noopener\">36\/2025 (2025. augusztus 25-i) Kari Tan\u00e1cs hat\u00e1rozat a 2025\/2026-os tan\u00e9vben az \u00c1ltal\u00e1nos Orvostudom\u00e1nyi Karon beny\u00fajtott tant\u00e1rgyi k\u00f6vetelm\u00e9nyrendszerekr\u0151l<\/a><br \/>\n<a href=\"https:\/\/semmelweis.hu\/aok\/files\/2025\/08\/36_2025_08_25_KT_hatarozat_2_melleklet.pdf\" target=\"_blank\" rel=\"noopener\">36\/2025 (2025. augusztus 25-i) Kari Tan\u00e1cs hat\u00e1rozat a 2025\/2026-os tan\u00e9vben az \u00c1ltal\u00e1nos Orvostudom\u00e1nyi Karon beny\u00fajtott tant\u00e1rgyi k\u00f6vetelm\u00e9nyrendszerekr\u0151l &#8211; 2. sz\u00e1m\u00fa mell\u00e9klet<\/a><br \/>\n<a href=\"https:\/\/semmelweis.hu\/aok\/files\/2025\/08\/36_2025_08_25_KT_hatarozat_3_melleklet.pdf\" target=\"_blank\" rel=\"noopener\">36\/2025 )2025. augusztus 25-i) Kari Tan\u00e1cs hat\u00e1rozat a 2025\/2026-os tan\u00e9vben az \u00c1ltal\u00e1nos Orvostudom\u00e1nyi Karon beny\u00fajtott tant\u00e1rgyi k\u00f6vetelm\u00e9nyrendszerekr\u0151l &#8211; 3. sz\u00e1m\u00fa mell\u00e9klet<\/a><br \/>\n<a href=\"https:\/\/semmelweis.hu\/aok\/files\/2025\/08\/37_2025_08_25_KT_hatarozat_ACH_kovetelmenyrendszer.pdf\" target=\"_blank\" rel=\"noopener\">37\/2025 (2025. augusztus 25-i) Kari Tan\u00e1cs hat\u00e1rozat a 2025\/2026-os tan\u00e9vt\u0151l az Asklepios Campus Hamburg (ACH) \u00e1ltal bevezet\u00e9sre javasolt k\u00f6telez\u0151en v\u00e1laszthat\u00f3 t\u00e1rgyak tant\u00e1rgyi k\u00f6vetelm\u00e9nyrendszereir\u0151l<\/a><br \/>\n<a href=\"https:\/\/semmelweis.hu\/aok\/files\/2025\/08\/37_2025_08_25_KT_hatarozat_melleklet.pdf\" target=\"_blank\" rel=\"noopener\">37\/2025 (2025. augusztus 25-i) Kari Tan\u00e1cs hat\u00e1rozat a 2025\/2026-os tan\u00e9vt\u0151l az Asklepios Campus Hamburg (ACH) \u00e1ltal bevezet\u00e9sre javasolt k\u00f6telez\u0151en v\u00e1laszthat\u00f3 t\u00e1rgyak tant\u00e1rgyi k\u00f6vetelm\u00e9nyrendszereir\u0151l &#8211; 1. sz\u00e1m\u00fa mell\u00e9klet<\/a><br \/>\n<a href=\"https:\/\/semmelweis.hu\/aok\/files\/2025\/08\/38_2025_08_25_KT_hatarozat_Pharmaceutical-Innovation-and-Business-Administration-mesterkepzesi-szak-tantargyi-kovetelmenyrendszerei.pdf\" target=\"_blank\" rel=\"noopener\">38\/2025 (2025. augusztus 25-i) Kari Tan\u00e1cs hat\u00e1rozat a Gy\u00f3gyszeripari innov\u00e1ci\u00f3 \u00e9s \u00fczleti menedzsment\/ Pharmaceutical Innovation and Business Administration mesterk\u00e9pz\u00e9si szak tant\u00e1rgyi k\u00f6vetelm\u00e9nyrendszereir\u0151l<\/a><br \/>\n<a href=\"https:\/\/semmelweis.hu\/aok\/files\/2025\/08\/38_2025_08_25_KT_hatarozat_melleklet.pdf\" target=\"_blank\" rel=\"noopener\">38\/2025 (2025. augusztus 25-i) Kari Tan\u00e1cs hat\u00e1rozat a Gy\u00f3gyszeripari innov\u00e1ci\u00f3 \u00e9s \u00fczleti menedzsment\/ Pharmaceutical Innovation and Business Administration mesterk\u00e9pz\u00e9si szak tant\u00e1rgyi k\u00f6vetelm\u00e9nyrendszereir\u0151l &#8211; 2. sz\u00e1m\u00fa mell\u00e9klet<\/a><br \/>\n<a href=\"https:\/\/semmelweis.hu\/aok\/files\/2025\/10\/39_hatarozat_OMHV_szabalyzat.pdf\">39\/2025 (2025. augusztus 25-i) Kari Tan\u00e1cs hat\u00e1rozat az Oktat\u00f3i Munka Hallgat\u00f3i V\u00e9lem\u00e9nyez\u00e9s\u00e9nek Rendj\u00e9r\u0151l sz\u00f3l\u00f3 szab\u00e1lyzat m\u00f3dos\u00edt\u00e1s\u00e1r\u00f3<\/a>l<br \/>\n&nbsp;<br \/>\n\u00a0<\/p>\n","protected":false},"author":101862,"featured_media":0,"parent":1141,"menu_order":0,"comment_status":"closed","ping_status":"closed","template":"","meta":{"_acf_changed":false,"footnotes":""},"categories":[],"tags":[],"class_list":["post-33647","page","type-page","status-publish","hentry"],"acf":[],"publishpress_future_action":{"enabled":false,"date":"1970-01-01 01:00:00","action":"","terms":[],"taxonomy":"","browser_timezone_offset":0},"_links":{"self":[{"href":"https:\/\/semmelweis.hu\/aok\/wp-json\/wp\/v2\/pages\/33647","targetHints":{"allow":["GET"]}}],"collection":[{"href":"https:\/\/semmelweis.hu\/aok\/wp-json\/wp\/v2\/pages"}],"about":[{"href":"https:\/\/semmelweis.hu\/aok\/wp-json\/wp\/v2\/types\/page"}],"author":[{"embeddable":true,"href":"https:\/\/semmelweis.hu\/aok\/wp-json\/wp\/v2\/users\/101862"}],"replies":[{"embeddable":true,"href":"https:\/\/semmelweis.hu\/aok\/wp-json\/wp\/v2\/comments?post=33647"}],"version-history":[{"count":5,"href":"https:\/\/semmelweis.hu\/aok\/wp-json\/wp\/v2\/pages\/33647\/revisions"}],"predecessor-version":[{"id":33915,"href":"https:\/\/semmelweis.hu\/aok\/wp-json\/wp\/v2\/pages\/33647\/revisions\/33915"}],"up":[{"embeddable":true,"href":"https:\/\/semmelweis.hu\/aok\/wp-json\/wp\/v2\/pages\/1141"}],"wp:attachment":[{"href":"https:\/\/semmelweis.hu\/aok\/wp-json\/wp\/v2\/media?parent=33647"}],"wp:term":[{"taxonomy":"category","embeddable":true,"href":"https:\/\/semmelweis.hu\/aok\/wp-json\/wp\/v2\/categories?post=33647"},{"taxonomy":"post_tag","embeddable":true,"href":"https:\/\/semmelweis.hu\/aok\/wp-json\/wp\/v2\/tags?post=33647"}],"curies":[{"name":"wp","href":"https:\/\/api.w.org\/{rel}","templated":true}]}}