{"id":33507,"date":"2025-06-18T10:23:49","date_gmt":"2025-06-18T08:23:49","guid":{"rendered":"https:\/\/semmelweis.hu\/aok\/?page_id=33507"},"modified":"2025-06-19T16:17:11","modified_gmt":"2025-06-19T14:17:11","slug":"2025-junius-12-i-hatarozatok","status":"publish","type":"page","link":"https:\/\/semmelweis.hu\/aok\/a-karrol\/kari-tanacs\/a-kari-tanacs-hatarozatai\/2025-junius-12-i-hatarozatok\/","title":{"rendered":"2025. j\u00fanius 12-i hat\u00e1rozatok\u00a0"},"content":{"rendered":"<p><a href=\"https:\/\/semmelweis.hu\/aok\/files\/2025\/06\/25_docensi_tud_fomunkatarsi-2.pdf\" target=\"_blank\" rel=\"noopener\">25\/2025 (2025. j\u00fanius 12-i) sz\u00e1m\u00fa hat\u00e1rozata az \u00c1ltal\u00e1nos Orvostudom\u00e1nyi Karon meghirdetett egyetemi docensi, valamint tudom\u00e1nyos f\u0151munkat\u00e1rsi \u00e1ll\u00e1sokra p\u00e1ly\u00e1z\u00f3kr\u00f3l<\/a><\/p>\n<p><a href=\"https:\/\/semmelweis.hu\/aok\/files\/2025\/06\/26_allami_miniszteri_kituntetesek-1.pdf\" target=\"_blank\" rel=\"noopener\">26\/2025 (2025. j\u00fanius 12-i) sz\u00e1m\u00fa hat\u00e1rozata az \u00e1llami \u00e9s miniszteri szint\u0171 kit\u00fcntet\u00e9sek 2026. \u00e9vi adom\u00e1nyoz\u00e1s\u00e1ra t\u00f6rt\u00e9n\u0151 javaslatt\u00e9telr\u0151l<\/a><\/p>\n<p><a href=\"https:\/\/semmelweis.hu\/aok\/files\/2025\/06\/27_DHC-1.pdf\" target=\"_blank\" rel=\"noopener\">27\/2025 (2025. j\u00fanius 12-i) sz\u00e1m\u00fa hat\u00e1rozata az \u00c1ltal\u00e1nos Orvostudom\u00e1nyi Karon a \u201eDoctor Honoris Causa\u201d kit\u00fcntet\u0151 c\u00edm adom\u00e1nyoz\u00e1s\u00e1ra vonatkoz\u00f3 javaslatr\u00f3l<\/a><\/p>\n<p><a href=\"https:\/\/semmelweis.hu\/aok\/files\/2025\/06\/28_oraado_oktatok-1.pdf\" target=\"_blank\" rel=\"noopener\">28\/2025 (2025. j\u00fanius 12-i) sz\u00e1m\u00fa hat\u00e1rozata a Semmelweis Egyetem \u00e1ltal adom\u00e1nyozhat\u00f3 \u00f3raad\u00f3 oktat\u00f3i c\u00edmekre t\u00f6rt\u00e9n\u0151 javaslatt\u00e9tel elfogad\u00e1s\u00e1r\u00f3l<\/a><\/p>\n<p><a href=\"https:\/\/semmelweis.hu\/aok\/files\/2025\/06\/29_Jubi-1.pdf\" target=\"_blank\" rel=\"noopener\">29\/2025 (2025. j\u00fanius 12-i) sz\u00e1m\u00fa hat\u00e1rozata a jubileumi d\u00edszoklevelek adom\u00e1nyoz\u00e1s\u00e1ra vonatkoz\u00f3 javaslatr\u00f3l az \u00c1ltal\u00e1nos Orvostudom\u00e1nyi Karon<\/a><\/p>\n<p><a href=\"https:\/\/semmelweis.hu\/aok\/files\/2025\/06\/30_bizottsag-1.pdf\" target=\"_blank\" rel=\"noopener\">30\/2025 (2025. j\u00fanius 12-i) sz\u00e1m\u00fa hat\u00e1rozata a Szen\u00e1tus \u00e1ltal l\u00e9trehozott Karon m\u0171k\u00f6d\u0151 bizotts\u00e1gok, valamint a Kari Tan\u00e1cs \u00e1ltal l\u00e9trehozott Karon m\u0171k\u00f6d\u0151 bizotts\u00e1gok szem\u00e9lyi \u00f6sszet\u00e9tel\u00e9nek megv\u00e1laszt\u00e1s\u00e1ra vonatkoz\u00f3 javaslatr\u00f3l<\/a><\/p>\n<p><a href=\"https:\/\/semmelweis.hu\/aok\/files\/2025\/06\/31_hatarozat_hagyomanyos_kinai-1.pdf\" target=\"_blank\" rel=\"noopener\">31\/2025 (2025. j\u00fanius 12-i) sz\u00e1m\u00fa hat\u00e1rozata a Hagyom\u00e1nyos k\u00ednai orvos szakir\u00e1ny\u00fa tov\u00e1bbk\u00e9pz\u00e9si szak l\u00e9tes\u00edt\u00e9s\u00e9r\u0151l \u00e9s ind\u00edt\u00e1s\u00e1r\u00f3l<\/a><\/p>\n<p><a href=\"https:\/\/semmelweis.hu\/aok\/files\/2025\/06\/32_hatarozat_reumatologia-2.pdf\" target=\"_blank\" rel=\"noopener\">32\/2025 (2025. j\u00fanius 12-i) sz\u00e1m\u00fa hat\u00e1rozata a Reumatol\u00f3giai \u00e9s Mozg\u00e1sszervi Prevenci\u00f3s Tansz\u00e9ki Csoport Reumatol\u00f3giai \u00e9s Immunol\u00f3giai Klinik\u00e1ba beolvad\u00e1ssal t\u00f6rt\u00e9n\u0151 megsz\u00fcntet\u00e9s\u00e9r\u0151l<\/a><\/p>\n<p><a href=\"https:\/\/semmelweis.hu\/aok\/files\/2025\/06\/33_hatarozat_diplomaatlag-1.pdf\" target=\"_blank\" rel=\"noopener\">33\/2025 (2025. j\u00fanius 12-i) sz\u00e1m\u00fa hat\u00e1rozata a diploma\u00e1tlagba besz\u00e1m\u00edthat\u00f3 t\u00e1rgyak k\u00f6r\u00e9nek b\u0151v\u00edt\u00e9s\u00e9r\u0151l<\/a><\/p>\n<p><a href=\"https:\/\/semmelweis.hu\/aok\/files\/2025\/06\/34_bizottsagi_beszamolo-1.pdf\" target=\"_blank\" rel=\"noopener\">34\/2025 (2025. j\u00fanius 12-i) sz\u00e1m\u00fa hat\u00e1rozata a Kari Tan\u00e1cs \u00e1ltal l\u00e9trehozott karon m\u0171k\u00f6d\u0151 \u00e1lland\u00f3 bizotts\u00e1gok munk\u00e1j\u00e1r\u00f3l sz\u00f3l\u00f3 besz\u00e1mol\u00f3 elfogad\u00e1s\u00e1r\u00f3l<\/a><\/p>\n<p>&nbsp;<\/p>\n","protected":false},"excerpt":{"rendered":"<p><a href=\"https:\/\/semmelweis.hu\/aok\/files\/2025\/06\/25_docensi_tud_fomunkatarsi-2.pdf\" target=\"_blank\" rel=\"noopener\">25\/2025 (2025. j\u00fanius 12-i) sz\u00e1m\u00fa hat\u00e1rozata az \u00c1ltal\u00e1nos Orvostudom\u00e1nyi Karon meghirdetett egyetemi docensi, valamint tudom\u00e1nyos f\u0151munkat\u00e1rsi \u00e1ll\u00e1sokra p\u00e1ly\u00e1z\u00f3kr\u00f3l<\/a><br \/>\n<a href=\"https:\/\/semmelweis.hu\/aok\/files\/2025\/06\/26_allami_miniszteri_kituntetesek-1.pdf\" target=\"_blank\" rel=\"noopener\">26\/2025 (2025. j\u00fanius 12-i) sz\u00e1m\u00fa hat\u00e1rozata az \u00e1llami \u00e9s miniszteri szint\u0171 kit\u00fcntet\u00e9sek 2026. \u00e9vi adom\u00e1nyoz\u00e1s\u00e1ra t\u00f6rt\u00e9n\u0151 javaslatt\u00e9telr\u0151l<\/a><br \/>\n<a href=\"https:\/\/semmelweis.hu\/aok\/files\/2025\/06\/27_DHC-1.pdf\" target=\"_blank\" rel=\"noopener\">27\/2025 (2025. j\u00fanius 12-i) sz\u00e1m\u00fa hat\u00e1rozata az \u00c1ltal\u00e1nos Orvostudom\u00e1nyi Karon a \u201eDoctor Honoris Causa\u201d kit\u00fcntet\u0151 c\u00edm adom\u00e1nyoz\u00e1s\u00e1ra vonatkoz\u00f3 javaslatr\u00f3l<\/a><br \/>\n<a href=\"https:\/\/semmelweis.hu\/aok\/files\/2025\/06\/28_oraado_oktatok-1.pdf\" target=\"_blank\" rel=\"noopener\">28\/2025 (2025. j\u00fanius 12-i) sz\u00e1m\u00fa hat\u00e1rozata a Semmelweis Egyetem \u00e1ltal adom\u00e1nyozhat\u00f3 \u00f3raad\u00f3 oktat\u00f3i c\u00edmekre t\u00f6rt\u00e9n\u0151 javaslatt\u00e9tel elfogad\u00e1s\u00e1r\u00f3l<\/a><br \/>\n<a href=\"https:\/\/semmelweis.hu\/aok\/files\/2025\/06\/29_Jubi-1.pdf\" target=\"_blank\" rel=\"noopener\">29\/2025 (2025. j\u00fanius 12-i) sz\u00e1m\u00fa hat\u00e1rozata a jubileumi d\u00edszoklevelek adom\u00e1nyoz\u00e1s\u00e1ra vonatkoz\u00f3 javaslatr\u00f3l az \u00c1ltal\u00e1nos Orvostudom\u00e1nyi Karon<\/a><br \/>\n<a href=\"https:\/\/semmelweis.hu\/aok\/files\/2025\/06\/30_bizottsag-1.pdf\" target=\"_blank\" rel=\"noopener\">30\/2025 (2025. j\u00fanius 12-i) sz\u00e1m\u00fa hat\u00e1rozata a Szen\u00e1tus \u00e1ltal l\u00e9trehozott Karon m\u0171k\u00f6d\u0151 bizotts\u00e1gok, valamint a Kari Tan\u00e1cs \u00e1ltal l\u00e9trehozott Karon m\u0171k\u00f6d\u0151 bizotts\u00e1gok szem\u00e9lyi \u00f6sszet\u00e9tel\u00e9nek megv\u00e1laszt\u00e1s\u00e1ra vonatkoz\u00f3 javaslatr\u00f3l<\/a><br \/>\n<a href=\"https:\/\/semmelweis.hu\/aok\/files\/2025\/06\/31_hatarozat_hagyomanyos_kinai-1.pdf\" target=\"_blank\" rel=\"noopener\">31\/2025 (2025. j\u00fanius 12-i) sz\u00e1m\u00fa hat\u00e1rozata a Hagyom\u00e1nyos k\u00ednai orvos szakir\u00e1ny\u00fa tov\u00e1bbk\u00e9pz\u00e9si szak l\u00e9tes\u00edt\u00e9s\u00e9r\u0151l \u00e9s ind\u00edt\u00e1s\u00e1r\u00f3l<\/a><br \/>\n<a href=\"https:\/\/semmelweis.hu\/aok\/files\/2025\/06\/32_hatarozat_reumatologia-2.pdf\" target=\"_blank\" rel=\"noopener\">32\/2025 (2025. j\u00fanius 12-i) sz\u00e1m\u00fa hat\u00e1rozata a Reumatol\u00f3giai \u00e9s Mozg\u00e1sszervi Prevenci\u00f3s Tansz\u00e9ki Csoport Reumatol\u00f3giai \u00e9s Immunol\u00f3giai Klinik\u00e1ba beolvad\u00e1ssal t\u00f6rt\u00e9n\u0151 megsz\u00fcntet\u00e9s\u00e9r\u0151l<\/a><br \/>\n<a href=\"https:\/\/semmelweis.hu\/aok\/files\/2025\/06\/33_hatarozat_diplomaatlag-1.pdf\" target=\"_blank\" rel=\"noopener\">33\/2025 (2025. j\u00fanius 12-i) sz\u00e1m\u00fa hat\u00e1rozata a diploma\u00e1tlagba besz\u00e1m\u00edthat\u00f3 t\u00e1rgyak k\u00f6r\u00e9nek b\u0151v\u00edt\u00e9s\u00e9r\u0151l<\/a><br \/>\n<a href=\"https:\/\/semmelweis.hu\/aok\/files\/2025\/06\/34_bizottsagi_beszamolo-1.pdf\" target=\"_blank\" rel=\"noopener\">34\/2025 (2025. j\u00fanius 12-i) sz\u00e1m\u00fa hat\u00e1rozata a Kari Tan\u00e1cs \u00e1ltal l\u00e9trehozott karon m\u0171k\u00f6d\u0151 \u00e1lland\u00f3 bizotts\u00e1gok munk\u00e1j\u00e1r\u00f3l sz\u00f3l\u00f3 besz\u00e1mol\u00f3 elfogad\u00e1s\u00e1r\u00f3l<\/a><br \/>\n&nbsp;<\/p>\n","protected":false},"author":101862,"featured_media":0,"parent":1141,"menu_order":0,"comment_status":"closed","ping_status":"closed","template":"","meta":{"_acf_changed":false,"footnotes":""},"categories":[],"tags":[],"class_list":["post-33507","page","type-page","status-publish","hentry"],"acf":[],"publishpress_future_action":{"enabled":false,"date":"1970-01-01 01:00:00","action":"","terms":[],"taxonomy":"","browser_timezone_offset":0},"_links":{"self":[{"href":"https:\/\/semmelweis.hu\/aok\/wp-json\/wp\/v2\/pages\/33507","targetHints":{"allow":["GET"]}}],"collection":[{"href":"https:\/\/semmelweis.hu\/aok\/wp-json\/wp\/v2\/pages"}],"about":[{"href":"https:\/\/semmelweis.hu\/aok\/wp-json\/wp\/v2\/types\/page"}],"author":[{"embeddable":true,"href":"https:\/\/semmelweis.hu\/aok\/wp-json\/wp\/v2\/users\/101862"}],"replies":[{"embeddable":true,"href":"https:\/\/semmelweis.hu\/aok\/wp-json\/wp\/v2\/comments?post=33507"}],"version-history":[{"count":5,"href":"https:\/\/semmelweis.hu\/aok\/wp-json\/wp\/v2\/pages\/33507\/revisions"}],"predecessor-version":[{"id":33543,"href":"https:\/\/semmelweis.hu\/aok\/wp-json\/wp\/v2\/pages\/33507\/revisions\/33543"}],"up":[{"embeddable":true,"href":"https:\/\/semmelweis.hu\/aok\/wp-json\/wp\/v2\/pages\/1141"}],"wp:attachment":[{"href":"https:\/\/semmelweis.hu\/aok\/wp-json\/wp\/v2\/media?parent=33507"}],"wp:term":[{"taxonomy":"category","embeddable":true,"href":"https:\/\/semmelweis.hu\/aok\/wp-json\/wp\/v2\/categories?post=33507"},{"taxonomy":"post_tag","embeddable":true,"href":"https:\/\/semmelweis.hu\/aok\/wp-json\/wp\/v2\/tags?post=33507"}],"curies":[{"name":"wp","href":"https:\/\/api.w.org\/{rel}","templated":true}]}}