{"id":33325,"date":"2025-04-17T10:47:18","date_gmt":"2025-04-17T08:47:18","guid":{"rendered":"https:\/\/semmelweis.hu\/aok\/?page_id=33325"},"modified":"2025-04-17T10:47:18","modified_gmt":"2025-04-17T08:47:18","slug":"2025-aprilis-14-i-hatarozatok","status":"publish","type":"page","link":"https:\/\/semmelweis.hu\/aok\/a-karrol\/kari-tanacs\/a-kari-tanacs-hatarozatai\/2025-aprilis-14-i-hatarozatok\/","title":{"rendered":"2025. \u00e1prilis 14-i hat\u00e1rozatok"},"content":{"rendered":"<p><a href=\"https:\/\/semmelweis.hu\/aok\/files\/2025\/04\/16_hatarozat_igazgatoi_tanszekvezetoi.pdf\" target=\"_blank\" rel=\"noopener\">16\/2025 (2025. \u00e1prilis 14-i) sz\u00e1m\u00fa hat\u00e1rozat<\/a> az \u00c1ltal\u00e1nos Orvostudom\u00e1nyi Karon meghirdetett igazgat\u00f3i \u00e9s tansz\u00e9kvezet\u0151i \u00e1ll\u00e1sokra p\u00e1ly\u00e1z\u00f3kr\u00f3l \u00a0<\/p>\n<p><a href=\"https:\/\/semmelweis.hu\/aok\/files\/2025\/04\/17_ACH_tantargyfelelos.pdf\" target=\"_blank\" rel=\"noopener\">17\/2025 (2025. \u00e1prilis 14-i) sz\u00e1m\u00fa hat\u00e1rozat<\/a> az Asklepios Campus Hamburgon meghirdetett tant\u00e1rgyfelel\u0151si p\u00e1ly\u00e1zatr\u00f3l<\/p>\n<p><a href=\"https:\/\/semmelweis.hu\/aok\/files\/2025\/04\/18_professor_emeritus.pdf\" target=\"_blank\" rel=\"noopener\">18\/2025 (2025. \u00e1prilis 14-i) sz\u00e1m\u00fa hat\u00e1rozat<\/a><a href=\"https:\/\/semmelweis.hu\/aok\/files\/2025\/04\/19_hatarozat_curriculum.pdf\" target=\"_blank\" rel=\"noopener\"> a juttat\u00e1ssal j\u00e1r\u00f3 \u201eProfessor Emeritus\u201d c\u00edm adom\u00e1nyoz\u00e1s\u00e1ra vonatkoz\u00f3 javaslatokr\u00f3l<\/a><\/p>\n<p><a href=\"https:\/\/semmelweis.hu\/aok\/files\/2025\/04\/19_hatarozat_curriculum.pdf\" target=\"_blank\" rel=\"noopener\">19\/2025 (2025. \u00e1prilis 14-i) sz\u00e1m\u00fa hat\u00e1rozat<\/a> az idegennyelvi k\u00f6vetelm\u00e9nyek pontos\u00edt\u00e1s\u00e1r\u00f3l az \u00e1ltal\u00e1nos orvosk\u00e9pz\u00e9s, valamint a Fogorvostudom\u00e1nyi Karon v\u00e9gzett, az \u00c1ltal\u00e1nos Orvostudom\u00e1nyi Kar \u00e1ltal\u00e1nos orvos szak\u00e1ra felvett hallgat\u00f3k k\u00e9pz\u00e9s\u00e9re vonatkoz\u00f3 mintatanterveiben<\/p>\n<p><span style=\"font-size: 1rem\"><a href=\"https:\/\/semmelweis.hu\/aok\/files\/2025\/04\/20_hatarozat_reumatologia.pdf\" target=\"_blank\" rel=\"noopener\">20\/2025 (2025. \u00e1prilis 14-i) sz\u00e1m\u00fa hat\u00e1rozat<\/a> a <\/span><span style=\"font-size: 1rem\">Reumatol\u00f3giai \u00e9s Klinikai Immunol\u00f3giai Tansz\u00e9k Reumatol\u00f3giai \u00e9s Immunol\u00f3giai Klinik\u00e1ba beolvad\u00e1ssal t\u00f6rt\u00e9n\u0151 megsz\u0171ntet\u00e9s\u00e9r\u0151l<\/span><span style=\"font-size: 1rem\">\u00a0 <b>\u00a0<\/b><\/span><\/p>\n<p><a href=\"https:\/\/semmelweis.hu\/aok\/files\/2025\/04\/21_hatarozat_plasztika.pdf\" target=\"_blank\" rel=\"noopener\">21\/2025 (2025. \u00e1prilis 14-i) sz\u00e1m\u00fa hat\u00e1rozat<\/a> a Plasztikai Seb\u00e9szeti Tansz\u00e9ki Csoport, Plasztikai \u00e9s Rekonstrukt\u00edv Seb\u00e9szeti Tansz\u00e9kk\u00e9 alakul\u00e1s\u00e1r\u00f3l a Seb\u00e9szeti, Transzplant\u00e1ci\u00f3s \u00e9s Gasztroenterol\u00f3giai Klinik\u00e1hoz rendelten<\/p>\n<p><a href=\"https:\/\/semmelweis.hu\/aok\/files\/2025\/04\/22_hatarozat_zv_bizottsagok.pdf\" target=\"_blank\" rel=\"noopener\">22\/2025 (2025. \u00e1prilis 14-i) sz\u00e1m\u00fa hat\u00e1rozat<\/a> a 2025. \u00e9vi sz\u00f3beli z\u00e1r\u00f3vizsga-bizotts\u00e1gok eln\u00f6keire \u00e9s tagjaira vonatkoz\u00f3 javaslatr\u00f3l az \u00c1ltal\u00e1nos Orvostudom\u00e1nyi Karon<\/p>\n<p><b>\u00a0<\/b><\/p>\n","protected":false},"excerpt":{"rendered":"<p><a href=\"https:\/\/semmelweis.hu\/aok\/files\/2025\/04\/16_hatarozat_igazgatoi_tanszekvezetoi.pdf\" target=\"_blank\" rel=\"noopener\">16\/2025 (2025. \u00e1prilis 14-i) sz\u00e1m\u00fa hat\u00e1rozat<\/a> az \u00c1ltal\u00e1nos Orvostudom\u00e1nyi Karon meghirdetett igazgat\u00f3i \u00e9s tansz\u00e9kvezet\u0151i \u00e1ll\u00e1sokra p\u00e1ly\u00e1z\u00f3kr\u00f3l \u00a0 <a href=\"https:\/\/semmelweis.hu\/aok\/files\/2025\/04\/17_ACH_tantargyfelelos.pdf\" target=\"_blank\" rel=\"noopener\">17\/2025 (2025. \u00e1prilis 14-i) sz\u00e1m\u00fa hat\u00e1rozat<\/a> az Asklepios Campus Hamburgon meghirdetett tant\u00e1rgyfelel\u0151si p\u00e1ly\u00e1zatr\u00f3l <a href=\"https:\/\/semmelweis.hu\/aok\/files\/2025\/04\/18_professor_emeritus.pdf\" target=\"_blank\" rel=\"noopener\">18\/2025 (2025. \u00e1prilis 14-i) sz\u00e1m\u00fa hat\u00e1rozat<\/a> <a href=\"https:\/\/semmelweis.hu\/aok\/files\/2025\/04\/19_hatarozat_curriculum.pdf\" target=\"_blank\" rel=\"noopener\"> a juttat\u00e1ssal j\u00e1r\u00f3 \u201eProfessor Emeritus\u201d c\u00edm adom\u00e1nyoz\u00e1s\u00e1ra vonatkoz\u00f3 javaslatokr\u00f3l<\/a> <a href=\"https:\/\/semmelweis.hu\/aok\/files\/2025\/04\/19_hatarozat_curriculum.pdf\" target=\"_blank\" rel=\"noopener\">19\/2025 (2025. \u00e1prilis 14-i) sz\u00e1m\u00fa hat\u00e1rozat<\/a> az idegennyelvi k\u00f6vetelm\u00e9nyek pontos\u00edt\u00e1s\u00e1r\u00f3l az \u00e1ltal\u00e1nos orvosk\u00e9pz\u00e9s, valamint a Fogorvostudom\u00e1nyi Karon v\u00e9gzett, az \u00c1ltal\u00e1nos Orvostudom\u00e1nyi Kar \u00e1ltal\u00e1nos orvos szak\u00e1ra felvett hallgat\u00f3k k\u00e9pz\u00e9s\u00e9re vonatkoz\u00f3 mintatanterveiben <a href=\"https:\/\/semmelweis.hu\/aok\/files\/2025\/04\/20_hatarozat_reumatologia.pdf\" target=\"_blank\" rel=\"noopener\">20\/2025 (2025. \u00e1prilis 14-i) sz\u00e1m\u00fa hat\u00e1rozat<\/a> a Reumatol\u00f3giai \u00e9s Klinikai Immunol\u00f3giai Tansz\u00e9k Reumatol\u00f3giai \u00e9s Immunol\u00f3giai Klinik\u00e1ba beolvad\u00e1ssal t\u00f6rt\u00e9n\u0151 megsz\u0171ntet\u00e9s\u00e9r\u0151l\u00a0 &hellip;<\/p>\n","protected":false},"author":101862,"featured_media":0,"parent":1141,"menu_order":0,"comment_status":"closed","ping_status":"closed","template":"","meta":{"_acf_changed":false,"footnotes":""},"categories":[],"tags":[],"class_list":["post-33325","page","type-page","status-publish","hentry"],"acf":[],"publishpress_future_action":{"enabled":false,"date":"1970-01-01 01:00:00","action":"","terms":[],"taxonomy":"","browser_timezone_offset":0},"_links":{"self":[{"href":"https:\/\/semmelweis.hu\/aok\/wp-json\/wp\/v2\/pages\/33325","targetHints":{"allow":["GET"]}}],"collection":[{"href":"https:\/\/semmelweis.hu\/aok\/wp-json\/wp\/v2\/pages"}],"about":[{"href":"https:\/\/semmelweis.hu\/aok\/wp-json\/wp\/v2\/types\/page"}],"author":[{"embeddable":true,"href":"https:\/\/semmelweis.hu\/aok\/wp-json\/wp\/v2\/users\/101862"}],"replies":[{"embeddable":true,"href":"https:\/\/semmelweis.hu\/aok\/wp-json\/wp\/v2\/comments?post=33325"}],"version-history":[{"count":6,"href":"https:\/\/semmelweis.hu\/aok\/wp-json\/wp\/v2\/pages\/33325\/revisions"}],"predecessor-version":[{"id":33339,"href":"https:\/\/semmelweis.hu\/aok\/wp-json\/wp\/v2\/pages\/33325\/revisions\/33339"}],"up":[{"embeddable":true,"href":"https:\/\/semmelweis.hu\/aok\/wp-json\/wp\/v2\/pages\/1141"}],"wp:attachment":[{"href":"https:\/\/semmelweis.hu\/aok\/wp-json\/wp\/v2\/media?parent=33325"}],"wp:term":[{"taxonomy":"category","embeddable":true,"href":"https:\/\/semmelweis.hu\/aok\/wp-json\/wp\/v2\/categories?post=33325"},{"taxonomy":"post_tag","embeddable":true,"href":"https:\/\/semmelweis.hu\/aok\/wp-json\/wp\/v2\/tags?post=33325"}],"curies":[{"name":"wp","href":"https:\/\/api.w.org\/{rel}","templated":true}]}}