{"id":33200,"date":"2025-02-21T13:13:51","date_gmt":"2025-02-21T12:13:51","guid":{"rendered":"https:\/\/semmelweis.hu\/aok\/?page_id=33200"},"modified":"2025-02-21T13:13:51","modified_gmt":"2025-02-21T12:13:51","slug":"2025-februar-17-i-hatarozatok","status":"publish","type":"page","link":"https:\/\/semmelweis.hu\/aok\/a-karrol\/kari-tanacs\/a-kari-tanacs-hatarozatai\/2025-februar-17-i-hatarozatok\/","title":{"rendered":"2025. febru\u00e1r 17-i hat\u00e1rozatok"},"content":{"rendered":"<p style=\"text-align: justify\"><a href=\"https:\/\/semmelweis.hu\/aok\/files\/2025\/02\/10_hatarozat_igazgatoi-1.pdf\" target=\"_blank\" rel=\"noopener\">10\/2025 (2025. febru\u00e1r 17-i) sz\u00e1m\u00fa hat\u00e1rozat<\/a> az \u00c1ltal\u00e1nos Orvostudom\u00e1nyi Karon meghirdetett igazgat\u00f3i \u00e1ll\u00e1sra p\u00e1ly\u00e1z\u00f3r\u00f3l<\/p>\n<p style=\"text-align: justify\"><a href=\"https:\/\/semmelweis.hu\/aok\/files\/2025\/02\/11_etanari_docensi_kutatoprofesszori_tud_tanacsadoi.pdf\" target=\"_blank\" rel=\"noopener\">11\/2025 (2025. febru\u00e1r 17-i) sz\u00e1m\u00fa hat\u00e1rozat<\/a> az \u00c1ltal\u00e1nos Orvostudom\u00e1nyi Karon meghirdetett egyetemi tan\u00e1ri, egyetemi docensi, kutat\u00f3professzori, valamint tudom\u00e1nyos tan\u00e1csad\u00f3i \u00e1ll\u00e1sokra p\u00e1ly\u00e1z\u00f3kr\u00f3l<\/p>\n<p><a href=\"https:\/\/semmelweis.hu\/aok\/files\/2025\/02\/12_hatarozat_diplomaatlag.pdf\" target=\"_blank\" rel=\"noopener\">12\/2025 (2025. febru\u00e1r 17-i) sz\u00e1m\u00fa hat\u00e1rozat<\/a> a diploma\u00e1tlagba besz\u00e1m\u00edthat\u00f3 t\u00e1rgyak k\u00f6r\u00e9nek b\u0151v\u00edt\u00e9s\u00e9r\u0151l<\/p>\n<p style=\"text-align: justify\"><a href=\"https:\/\/semmelweis.hu\/aok\/files\/2025\/02\/13_hatarozat_onkologia.pdf\" target=\"_blank\" rel=\"noopener\">13\/2025 (2025. febru\u00e1r 17-i) sz\u00e1m\u00fa hat\u00e1rozat\u00a0<\/a>az Onkol\u00f3giai Tansz\u00e9k jogut\u00f3ddal t\u00f6rt\u00e9n\u0151 megsz\u00fcntet\u00e9s\u00e9r\u0151l \u00e9s a Klinikai Onkol\u00f3giai Tansz\u00e9k l\u00e9trehoz\u00e1s\u00e1r\u00f3l az \u00c1ltal\u00e1nos Orvostudom\u00e1nyi Karhoz rendelten<\/p>\n<p><a href=\"https:\/\/semmelweis.hu\/aok\/files\/2025\/02\/14_egyetemi_kituntetesek.pdf\" target=\"_blank\" rel=\"noopener\">14\/2025 (2025. febru\u00e1r 17-i) sz\u00e1m\u00fa hat\u00e1rozat\u00a0<\/a>az egyetemi kit\u00fcntet\u00e9sek \u00e9s d\u00edjak adom\u00e1nyoz\u00e1s\u00e1r\u00f3l<\/p>\n<p><a href=\"https:\/\/semmelweis.hu\/aok\/files\/2025\/02\/15_hatarozat_mentorprogram.pdf\" target=\"_blank\" rel=\"noopener\">15\/2025 (2025. febru\u00e1r 17-i) sz\u00e1m\u00fa hat\u00e1rozat\u00a0<\/a>a Mentorprogram \u00d6szt\u00f6nd\u00edj alap\u00edt\u00e1s\u00e1r\u00f3l<\/p>\n","protected":false},"excerpt":{"rendered":"<p><a href=\"https:\/\/semmelweis.hu\/aok\/files\/2025\/02\/10_hatarozat_igazgatoi-1.pdf\" target=\"_blank\" rel=\"noopener\">10\/2025 (2025. febru\u00e1r 17-i) sz\u00e1m\u00fa hat\u00e1rozat<\/a> az \u00c1ltal\u00e1nos Orvostudom\u00e1nyi Karon meghirdetett igazgat\u00f3i \u00e1ll\u00e1sra p\u00e1ly\u00e1z\u00f3r\u00f3l <a href=\"https:\/\/semmelweis.hu\/aok\/files\/2025\/02\/11_etanari_docensi_kutatoprofesszori_tud_tanacsadoi.pdf\" target=\"_blank\" rel=\"noopener\">11\/2025 (2025. febru\u00e1r 17-i) sz\u00e1m\u00fa hat\u00e1rozat<\/a> az \u00c1ltal\u00e1nos Orvostudom\u00e1nyi Karon meghirdetett egyetemi tan\u00e1ri, egyetemi docensi, kutat\u00f3professzori, valamint tudom\u00e1nyos tan\u00e1csad\u00f3i \u00e1ll\u00e1sokra p\u00e1ly\u00e1z\u00f3kr\u00f3l <a href=\"https:\/\/semmelweis.hu\/aok\/files\/2025\/02\/12_hatarozat_diplomaatlag.pdf\" target=\"_blank\" rel=\"noopener\">12\/2025 (2025. febru\u00e1r 17-i) sz\u00e1m\u00fa hat\u00e1rozat<\/a> a diploma\u00e1tlagba besz\u00e1m\u00edthat\u00f3 t\u00e1rgyak k\u00f6r\u00e9nek b\u0151v\u00edt\u00e9s\u00e9r\u0151l <a href=\"https:\/\/semmelweis.hu\/aok\/files\/2025\/02\/13_hatarozat_onkologia.pdf\" target=\"_blank\" rel=\"noopener\">13\/2025 (2025. febru\u00e1r 17-i) sz\u00e1m\u00fa hat\u00e1rozat\u00a0<\/a> az Onkol\u00f3giai Tansz\u00e9k jogut\u00f3ddal t\u00f6rt\u00e9n\u0151 megsz\u00fcntet\u00e9s\u00e9r\u0151l \u00e9s a Klinikai Onkol\u00f3giai Tansz\u00e9k l\u00e9trehoz\u00e1s\u00e1r\u00f3l az \u00c1ltal\u00e1nos Orvostudom\u00e1nyi Karhoz rendelten <a href=\"https:\/\/semmelweis.hu\/aok\/files\/2025\/02\/14_egyetemi_kituntetesek.pdf\" target=\"_blank\" rel=\"noopener\">14\/2025 (2025. febru\u00e1r 17-i) sz\u00e1m\u00fa hat\u00e1rozat\u00a0<\/a> az egyetemi kit\u00fcntet\u00e9sek \u00e9s d\u00edjak adom\u00e1nyoz\u00e1s\u00e1r\u00f3l <a href=\"https:\/\/semmelweis.hu\/aok\/files\/2025\/02\/15_hatarozat_mentorprogram.pdf\" target=\"_blank\" rel=\"noopener\">15\/2025 (2025. febru\u00e1r 17-i) sz\u00e1m\u00fa hat\u00e1rozat\u00a0<\/a> a Mentorprogram \u00d6szt\u00f6nd\u00edj &hellip;<\/p>\n","protected":false},"author":102032,"featured_media":0,"parent":1141,"menu_order":0,"comment_status":"closed","ping_status":"closed","template":"","meta":{"_acf_changed":false,"footnotes":""},"categories":[],"tags":[],"class_list":["post-33200","page","type-page","status-publish","hentry"],"acf":[],"publishpress_future_action":{"enabled":false,"date":"1970-01-01 01:00:00","action":"","terms":[],"taxonomy":"","browser_timezone_offset":0},"_links":{"self":[{"href":"https:\/\/semmelweis.hu\/aok\/wp-json\/wp\/v2\/pages\/33200","targetHints":{"allow":["GET"]}}],"collection":[{"href":"https:\/\/semmelweis.hu\/aok\/wp-json\/wp\/v2\/pages"}],"about":[{"href":"https:\/\/semmelweis.hu\/aok\/wp-json\/wp\/v2\/types\/page"}],"author":[{"embeddable":true,"href":"https:\/\/semmelweis.hu\/aok\/wp-json\/wp\/v2\/users\/102032"}],"replies":[{"embeddable":true,"href":"https:\/\/semmelweis.hu\/aok\/wp-json\/wp\/v2\/comments?post=33200"}],"version-history":[{"count":7,"href":"https:\/\/semmelweis.hu\/aok\/wp-json\/wp\/v2\/pages\/33200\/revisions"}],"predecessor-version":[{"id":33215,"href":"https:\/\/semmelweis.hu\/aok\/wp-json\/wp\/v2\/pages\/33200\/revisions\/33215"}],"up":[{"embeddable":true,"href":"https:\/\/semmelweis.hu\/aok\/wp-json\/wp\/v2\/pages\/1141"}],"wp:attachment":[{"href":"https:\/\/semmelweis.hu\/aok\/wp-json\/wp\/v2\/media?parent=33200"}],"wp:term":[{"taxonomy":"category","embeddable":true,"href":"https:\/\/semmelweis.hu\/aok\/wp-json\/wp\/v2\/categories?post=33200"},{"taxonomy":"post_tag","embeddable":true,"href":"https:\/\/semmelweis.hu\/aok\/wp-json\/wp\/v2\/tags?post=33200"}],"curies":[{"name":"wp","href":"https:\/\/api.w.org\/{rel}","templated":true}]}}