{"id":32871,"date":"2025-01-22T09:46:17","date_gmt":"2025-01-22T08:46:17","guid":{"rendered":"https:\/\/semmelweis.hu\/aok\/?page_id=32871"},"modified":"2025-01-22T13:58:49","modified_gmt":"2025-01-22T12:58:49","slug":"2025-januar-21-i-hatarozat-elektronikus-szavazas","status":"publish","type":"page","link":"https:\/\/semmelweis.hu\/aok\/a-karrol\/kari-tanacs\/a-kari-tanacs-hatarozatai\/2025-januar-21-i-hatarozat-elektronikus-szavazas\/","title":{"rendered":"2025. janu\u00e1r 21-i hat\u00e1rozat &#8211; elektronikus szavaz\u00e1s"},"content":{"rendered":"<p style=\"text-align: justify\"><a href=\"https:\/\/semmelweis.hu\/aok\/files\/2025\/01\/9_hatarozat_KULTkredit_melleklettel.pdf\" target=\"_blank\" rel=\"noopener\">9\/2025 (2025. janu\u00e1r 21-i) sz\u00e1m\u00fa hat\u00e1rozat<\/a> a \u201eKULTKredit\u201d c\u00edm\u0171 szabadon v\u00e1laszthat\u00f3 egyetemi tant\u00e1rgy meghirdet\u00e9s\u00e9r\u0151l<\/p>\n<p><strong>English version:<\/strong><\/p>\n<p><a href=\"https:\/\/semmelweis.hu\/aok\/files\/2025\/01\/Decision_no_9_KULTcredit.pdf\" target=\"_blank\" rel=\"noopener\">Decision No 9\/2025 (21 January 2025)<\/a> on the announcement of the elective university course &#8222;KULTKredit&#8221;<\/p>\n<p>&nbsp;<\/p>\n","protected":false},"excerpt":{"rendered":"<p><a href=\"https:\/\/semmelweis.hu\/aok\/files\/2025\/01\/9_hatarozat_KULTkredit_melleklettel.pdf\" target=\"_blank\" rel=\"noopener\">9\/2025 (2025. janu\u00e1r 21-i) sz\u00e1m\u00fa hat\u00e1rozat<\/a> a \u201eKULTKredit\u201d c\u00edm\u0171 szabadon v\u00e1laszthat\u00f3 egyetemi tant\u00e1rgy meghirdet\u00e9s\u00e9r\u0151l<br \/>\nEnglish version:<br \/>\n<a href=\"https:\/\/semmelweis.hu\/aok\/files\/2025\/01\/Decision_no_9_KULTcredit.pdf\" target=\"_blank\" rel=\"noopener\">Decision No 9\/2025 (21 January 2025)<\/a> on the announcement of the elective university course &#8222;KULTKredit&#8221;<br \/>\n&nbsp;<\/p>\n","protected":false},"author":102032,"featured_media":0,"parent":1141,"menu_order":0,"comment_status":"closed","ping_status":"closed","template":"","meta":{"_acf_changed":false,"footnotes":""},"categories":[],"tags":[],"class_list":["post-32871","page","type-page","status-publish","hentry"],"acf":[],"publishpress_future_action":{"enabled":false,"date":"1970-01-01 01:00:00","action":"","terms":[],"taxonomy":"","browser_timezone_offset":0},"_links":{"self":[{"href":"https:\/\/semmelweis.hu\/aok\/wp-json\/wp\/v2\/pages\/32871","targetHints":{"allow":["GET"]}}],"collection":[{"href":"https:\/\/semmelweis.hu\/aok\/wp-json\/wp\/v2\/pages"}],"about":[{"href":"https:\/\/semmelweis.hu\/aok\/wp-json\/wp\/v2\/types\/page"}],"author":[{"embeddable":true,"href":"https:\/\/semmelweis.hu\/aok\/wp-json\/wp\/v2\/users\/102032"}],"replies":[{"embeddable":true,"href":"https:\/\/semmelweis.hu\/aok\/wp-json\/wp\/v2\/comments?post=32871"}],"version-history":[{"count":5,"href":"https:\/\/semmelweis.hu\/aok\/wp-json\/wp\/v2\/pages\/32871\/revisions"}],"predecessor-version":[{"id":32880,"href":"https:\/\/semmelweis.hu\/aok\/wp-json\/wp\/v2\/pages\/32871\/revisions\/32880"}],"up":[{"embeddable":true,"href":"https:\/\/semmelweis.hu\/aok\/wp-json\/wp\/v2\/pages\/1141"}],"wp:attachment":[{"href":"https:\/\/semmelweis.hu\/aok\/wp-json\/wp\/v2\/media?parent=32871"}],"wp:term":[{"taxonomy":"category","embeddable":true,"href":"https:\/\/semmelweis.hu\/aok\/wp-json\/wp\/v2\/categories?post=32871"},{"taxonomy":"post_tag","embeddable":true,"href":"https:\/\/semmelweis.hu\/aok\/wp-json\/wp\/v2\/tags?post=32871"}],"curies":[{"name":"wp","href":"https:\/\/api.w.org\/{rel}","templated":true}]}}