{"id":32773,"date":"2024-12-16T11:27:36","date_gmt":"2024-12-16T10:27:36","guid":{"rendered":"https:\/\/semmelweis.hu\/aok\/?page_id=32773"},"modified":"2024-12-16T11:38:30","modified_gmt":"2024-12-16T10:38:30","slug":"pannonia-osztondijprogram","status":"publish","type":"page","link":"https:\/\/semmelweis.hu\/aok\/osztondij-palyazat\/pannonia-osztondijprogram\/","title":{"rendered":"Pann\u00f3nia \u00d6szt\u00f6nd\u00edjprogram"},"content":{"rendered":"<h1><strong>A Pann\u00f3nia \u00d6szt\u00f6nd\u00edjprogram c\u00e9lja<\/strong><\/h1>\n<p>A Pann\u00f3nia \u00d6szt\u00f6nd\u00edjprogram r\u00f6vid \u00e9s hossz\u00fa t\u00e1v\u00fa mobilit\u00e1si lehet\u0151s\u00e9geket k\u00edn\u00e1l\u00a0<strong>2024. j\u00fanius 1<\/strong>-\u00e9t\u0151l az egyetem hallgat\u00f3i, oktat\u00f3i \u00e9s munkat\u00e1rsai sz\u00e1m\u00e1ra, hogy t\u00e1mogatott keretek k\u00f6z\u00f6tt tanuljanak, kutassanak, oktassanak vagy szakmai gyakorlatot v\u00e9gezzenek k\u00fclf\u00f6ld\u00f6n. A lehet\u0151s\u00e9gek Eur\u00f3p\u00e1n bel\u00fcl \u00e9s k\u00edv\u00fcl el\u00e9rhet\u0151ek, szinte b\u00e1rmely orsz\u00e1gban!<\/p>\n<p>A Pann\u00f3nia \u00d6szt\u00f6nd\u00edjprogram c\u00e9lja, hogy seg\u00edtse a hazai fels\u0151oktat\u00e1si int\u00e9zm\u00e9nyek nemzetk\u00f6zies\u00edt\u00e9si er\u0151fesz\u00edt\u00e9seit, valamint el\u0151seg\u00edtse a min\u0151s\u00e9gi mobilit\u00e1si tev\u00e9kenys\u00e9geket. Ez\u00e1ltal a magyar fels\u0151oktat\u00e1s meg\u0151rizheti versenyk\u00e9pess\u00e9g\u00e9t, \u00e9s a vil\u00e1g szinte b\u00e1rmely orsz\u00e1g\u00e1ba ny\u00edlik lehet\u0151s\u00e9g az egyetemek hallgat\u00f3i, oktat\u00f3i \u00e9s munkat\u00e1rsai sz\u00e1m\u00e1ra.\u00a0<\/p>\n<p>Tov\u00e1bbi inform\u00e1ci\u00f3kat a <a href=\"https:\/\/semmelweis.hu\/erasmus\/pannonia-osztondijprogram\/\" target=\"_blank\" rel=\"noopener\">Nemzetk\u00f6zi Mobilit\u00e1si Iroda<\/a> honlapj\u00e1n tal\u00e1lnak.\u00a0<\/p>\n","protected":false},"excerpt":{"rendered":"<p>A Pann\u00f3nia \u00d6szt\u00f6nd\u00edjprogram c\u00e9lja A Pann\u00f3nia \u00d6szt\u00f6nd\u00edjprogram r\u00f6vid \u00e9s hossz\u00fa t\u00e1v\u00fa mobilit\u00e1si lehet\u0151s\u00e9geket k\u00edn\u00e1l\u00a02024. j\u00fanius 1-\u00e9t\u0151l az egyetem hallgat\u00f3i, oktat\u00f3i \u00e9s munkat\u00e1rsai sz\u00e1m\u00e1ra, hogy t\u00e1mogatott keretek k\u00f6z\u00f6tt tanuljanak, kutassanak, oktassanak vagy szakmai gyakorlatot v\u00e9gezzenek k\u00fclf\u00f6ld\u00f6n. A lehet\u0151s\u00e9gek Eur\u00f3p\u00e1n bel\u00fcl \u00e9s k\u00edv\u00fcl el\u00e9rhet\u0151ek, szinte b\u00e1rmely orsz\u00e1gban! A Pann\u00f3nia \u00d6szt\u00f6nd\u00edjprogram c\u00e9lja, hogy seg\u00edtse a hazai fels\u0151oktat\u00e1si int\u00e9zm\u00e9nyek &hellip;<\/p>\n","protected":false},"author":101542,"featured_media":0,"parent":6018,"menu_order":0,"comment_status":"closed","ping_status":"closed","template":"","meta":{"_acf_changed":false,"footnotes":""},"categories":[30,31],"tags":[],"class_list":["post-32773","page","type-page","status-publish","hentry","category-hirek","category-palyazatok-osztondijak"],"acf":[],"publishpress_future_action":{"enabled":false,"date":"1970-01-01 01:00:00","action":"","terms":[],"taxonomy":"","browser_timezone_offset":0},"_links":{"self":[{"href":"https:\/\/semmelweis.hu\/aok\/wp-json\/wp\/v2\/pages\/32773","targetHints":{"allow":["GET"]}}],"collection":[{"href":"https:\/\/semmelweis.hu\/aok\/wp-json\/wp\/v2\/pages"}],"about":[{"href":"https:\/\/semmelweis.hu\/aok\/wp-json\/wp\/v2\/types\/page"}],"author":[{"embeddable":true,"href":"https:\/\/semmelweis.hu\/aok\/wp-json\/wp\/v2\/users\/101542"}],"replies":[{"embeddable":true,"href":"https:\/\/semmelweis.hu\/aok\/wp-json\/wp\/v2\/comments?post=32773"}],"version-history":[{"count":2,"href":"https:\/\/semmelweis.hu\/aok\/wp-json\/wp\/v2\/pages\/32773\/revisions"}],"predecessor-version":[{"id":32775,"href":"https:\/\/semmelweis.hu\/aok\/wp-json\/wp\/v2\/pages\/32773\/revisions\/32775"}],"up":[{"embeddable":true,"href":"https:\/\/semmelweis.hu\/aok\/wp-json\/wp\/v2\/pages\/6018"}],"wp:attachment":[{"href":"https:\/\/semmelweis.hu\/aok\/wp-json\/wp\/v2\/media?parent=32773"}],"wp:term":[{"taxonomy":"category","embeddable":true,"href":"https:\/\/semmelweis.hu\/aok\/wp-json\/wp\/v2\/categories?post=32773"},{"taxonomy":"post_tag","embeddable":true,"href":"https:\/\/semmelweis.hu\/aok\/wp-json\/wp\/v2\/tags?post=32773"}],"curies":[{"name":"wp","href":"https:\/\/api.w.org\/{rel}","templated":true}]}}